{"id":11277,"date":"2025-12-02T16:31:46","date_gmt":"2025-12-02T16:31:46","guid":{"rendered":"https:\/\/www.excursionaldesierto.com\/desde-casablanca\/"},"modified":"2025-12-02T16:48:43","modified_gmt":"2025-12-02T16:48:43","slug":"tours-from-casablanca","status":"publish","type":"page","link":"https:\/\/www.excursionaldesierto.com\/en\/tours-from-casablanca\/","title":{"rendered":"Tour From Casablanca"},"content":{"rendered":"\t\t<div data-elementor-type=\"wp-page\" data-elementor-id=\"11277\" class=\"elementor elementor-11277 elementor-11267\" data-elementor-post-type=\"page\">\n\t\t\t\t<div class=\"elementor-element elementor-element-d2502b9 e-flex e-con-boxed e-con e-parent\" data-id=\"d2502b9\" data-element_type=\"container\">\n\t\t\t\t\t<div class=\"e-con-inner\">\n\t\t\t\t<div class=\"elementor-element elementor-element-fceb950 elementor-widget elementor-widget-text-editor\" data-id=\"fceb950\" data-element_type=\"widget\" data-widget_type=\"text-editor.default\">\n\t\t\t\t\t\t\t\t\t<p><strong>Tour From Casablanca<\/strong>, we offer a wide variety of tours and circuits designed to provide you with unforgettable experiences. From Casablanca, you can explore unique destinations with expert guides who guarantee a safe and enriching adventure.<\/p><p>Discover the best options for seeing breathtaking landscapes, vibrant culture, and authentic traditions on every tour and circuit we offer from Casablanca.<\/p>\t\t\t\t\t\t\t\t<\/div>\n\t\t\t\t\t<\/div>\n\t\t\t\t<\/div>\n\t\t<div class=\"elementor-element elementor-element-7cba4d0 e-flex e-con-boxed e-con e-parent\" data-id=\"7cba4d0\" data-element_type=\"container\">\n\t\t\t\t\t<div class=\"e-con-inner\">\n\t\t\t\t<div class=\"elementor-element elementor-element-fb26f8e elementor-widget elementor-widget-ovabrw_product_list\" data-id=\"fb26f8e\" data-element_type=\"widget\" data-widget_type=\"ovabrw_product_list.default\">\n\t\t\t\t<div class=\"elementor-widget-container\">\n\t\t\t\t\t\n\t\t\t\t\t<div class=\"ova-product-list ova-product-list-template1 column3\">\n\t\t\t\t\t\t\t\t\t\n<div class=\"ova-product product type-product post-10235 status-publish first instock product_cat-tour-from-casablanca product_cat-tours-circuits has-post-thumbnail shipping-taxable product-type-ovabrw_car_rental\">\n\t\n<div class=\"ova_head_product\">\n\t\t\t\t<div class=\"ova-product-wishlist\">\n\t\t\t<div class=\"yith-add-to-wishlist-button-block\" data-product-id=\"10235\" data-attributes=\"{&quot;kind&quot;:&quot;button&quot;}\"><\/div>\t\t<\/div>\n\t\t\t\t<a href=\"https:\/\/www.excursionaldesierto.com\/en\/tour\/6-days-from-casablanca-to-marrakech-via-the-sahara-desert\/\" class=\"ova-product-thumbnail\">\n\t\t\t<img fetchpriority=\"high\" decoding=\"async\" width=\"636\" height=\"426\" src=\"https:\/\/www.excursionaldesierto.com\/wp-content\/uploads\/2025\/09\/47-636x426.webp\" class=\"attachment-tripgo_product_slider size-tripgo_product_slider\" alt=\"6 days from Casablanca to Marrakech via the Sahara Desert\" srcset=\"https:\/\/www.excursionaldesierto.com\/wp-content\/uploads\/2025\/09\/47-636x426.webp 636w, https:\/\/www.excursionaldesierto.com\/wp-content\/uploads\/2025\/09\/47-416x280.webp 416w\" sizes=\"(max-width: 636px) 100vw, 636px\" \/>\t\t<\/a>\n\t<\/div>\n<div class=\"ova_foot_product\">\n\t<div class=\"ova-product-day-title-location\">\n\n\t\t\t\t\t<h3 class=\"ova-product-title\">\n\t\t\t\t<a href=\"https:\/\/www.excursionaldesierto.com\/en\/tour\/6-days-from-casablanca-to-marrakech-via-the-sahara-desert\/\">\n\t\t\t        6 days from Casablanca to Marrakech via the Sahara Desert\t\t\t    <\/a>\n\t\t\t<\/h3>\n\t\t\n\t\t\t        <div class=\"ova-product-location\">\n\t            <i aria-hidden=\"true\" class=\"icomoon icomoon-location\"><\/i>\n\t            <span class=\"location\">\n\t                Casablanca, Merzouga\t            <\/span>\n\t        <\/div>\n\t    \t<\/div>\n    <div class=\"ova-product-review-and-price\">\n    \t\t\t<div class=\"ova-product-wrapper-price\">\n\t\t\t\t\t\t<div class=\"ova-tour-day\">\n\t\t\t\t<i aria-hidden=\"true\" class=\"icomoon icomoon-clock\"><\/i>\n\t\t\t\t\t\t\t\t\t\t\t\t\t\t\t6 days\t\t\t\t\t\t\t\t\t\t\t\t\t\n\t\t\t<\/div>\n\t\t\t\t\t\n\t\t\t\t\t\t\t<a href=\"https:\/\/www.excursionaldesierto.com\/en\/tour\/6-days-from-casablanca-to-marrakech-via-the-sahara-desert\/\" class=\"btn product-btn-book-now\">\n\t\t\t\t\t<span>Explore<\/span>\n\t\t\t\t<\/a>\n\t\t\t\t\t<\/div>\n    <\/div>\n<\/div><\/div>\t\t\t\t\t\t\t\t\t\n<div class=\"ova-product product type-product post-10230 status-publish instock product_cat-tour-from-casablanca product_cat-tours-circuits has-post-thumbnail shipping-taxable product-type-ovabrw_car_rental\">\n\t\n<div class=\"ova_head_product\">\n\t\t\t\t<div class=\"ova-product-wishlist\">\n\t\t\t<div class=\"yith-add-to-wishlist-button-block\" data-product-id=\"10230\" data-attributes=\"{&quot;kind&quot;:&quot;button&quot;}\"><\/div>\t\t<\/div>\n\t\t\t\t<a href=\"https:\/\/www.excursionaldesierto.com\/en\/tour\/7-days-from-casablanca-to-marrakech-via-the-sahara-desert\/\" class=\"ova-product-thumbnail\">\n\t\t\t<img decoding=\"async\" width=\"636\" height=\"426\" src=\"https:\/\/www.excursionaldesierto.com\/wp-content\/uploads\/2025\/09\/28-1-636x426.webp\" class=\"attachment-tripgo_product_slider size-tripgo_product_slider\" alt=\"7 days from Casablanca to Marrakech via the Sahara Desert\" srcset=\"https:\/\/www.excursionaldesierto.com\/wp-content\/uploads\/2025\/09\/28-1-636x426.webp 636w, https:\/\/www.excursionaldesierto.com\/wp-content\/uploads\/2025\/09\/28-1-416x280.webp 416w\" sizes=\"(max-width: 636px) 100vw, 636px\" \/>\t\t<\/a>\n\t<\/div>\n<div class=\"ova_foot_product\">\n\t<div class=\"ova-product-day-title-location\">\n\n\t\t\t\t\t<h3 class=\"ova-product-title\">\n\t\t\t\t<a href=\"https:\/\/www.excursionaldesierto.com\/en\/tour\/7-days-from-casablanca-to-marrakech-via-the-sahara-desert\/\">\n\t\t\t        7 days from Casablanca to Marrakech via the Sahara Desert\t\t\t    <\/a>\n\t\t\t<\/h3>\n\t\t\n\t\t\t        <div class=\"ova-product-location\">\n\t            <i aria-hidden=\"true\" class=\"icomoon icomoon-location\"><\/i>\n\t            <span class=\"location\">\n\t                Casablanca, Marrakech\t            <\/span>\n\t        <\/div>\n\t    \t<\/div>\n    <div class=\"ova-product-review-and-price\">\n    \t\t\t<div class=\"ova-product-wrapper-price\">\n\t\t\t\t\t\t<div class=\"ova-tour-day\">\n\t\t\t\t<i aria-hidden=\"true\" class=\"icomoon icomoon-clock\"><\/i>\n\t\t\t\t\t\t\t\t\t\t\t\t\t\t\t7 days\t\t\t\t\t\t\t\t\t\t\t\t\t\n\t\t\t<\/div>\n\t\t\t\t\t\n\t\t\t\t\t\t\t<a href=\"https:\/\/www.excursionaldesierto.com\/en\/tour\/7-days-from-casablanca-to-marrakech-via-the-sahara-desert\/\" class=\"btn product-btn-book-now\">\n\t\t\t\t\t<span>Explore<\/span>\n\t\t\t\t<\/a>\n\t\t\t\t\t<\/div>\n    <\/div>\n<\/div><\/div>\t\t\t\t\t\t\t\t\t\n<div class=\"ova-product product type-product post-10220 status-publish last instock product_cat-tour-from-casablanca product_cat-tours-circuits has-post-thumbnail shipping-taxable product-type-ovabrw_car_rental\">\n\t\n<div class=\"ova_head_product\">\n\t\t\t\t<div class=\"ova-product-wishlist\">\n\t\t\t<div class=\"yith-add-to-wishlist-button-block\" data-product-id=\"10220\" data-attributes=\"{&quot;kind&quot;:&quot;button&quot;}\"><\/div>\t\t<\/div>\n\t\t\t\t<a href=\"https:\/\/www.excursionaldesierto.com\/en\/tour\/9-days-from-casablanca-to-marrakech-via-the-sahara-desert\/\" class=\"ova-product-thumbnail\">\n\t\t\t<img decoding=\"async\" width=\"636\" height=\"426\" src=\"https:\/\/www.excursionaldesierto.com\/wp-content\/uploads\/2025\/09\/48-636x426.webp\" class=\"attachment-tripgo_product_slider size-tripgo_product_slider\" alt=\"9 days from Casablanca to Marrakech via the Sahara Desert\" srcset=\"https:\/\/www.excursionaldesierto.com\/wp-content\/uploads\/2025\/09\/48-636x426.webp 636w, https:\/\/www.excursionaldesierto.com\/wp-content\/uploads\/2025\/09\/48-416x280.webp 416w\" sizes=\"(max-width: 636px) 100vw, 636px\" \/>\t\t<\/a>\n\t<\/div>\n<div class=\"ova_foot_product\">\n\t<div class=\"ova-product-day-title-location\">\n\n\t\t\t\t\t<h3 class=\"ova-product-title\">\n\t\t\t\t<a href=\"https:\/\/www.excursionaldesierto.com\/en\/tour\/9-days-from-casablanca-to-marrakech-via-the-sahara-desert\/\">\n\t\t\t        9 days from Casablanca to Marrakech via the Sahara Desert\t\t\t    <\/a>\n\t\t\t<\/h3>\n\t\t\n\t\t\t        <div class=\"ova-product-location\">\n\t            <i aria-hidden=\"true\" class=\"icomoon icomoon-location\"><\/i>\n\t            <span class=\"location\">\n\t                Casablanca, Marrakech\t            <\/span>\n\t        <\/div>\n\t    \t<\/div>\n    <div class=\"ova-product-review-and-price\">\n    \t\t\t<div class=\"ova-product-wrapper-price\">\n\t\t\t\t\t\t<div class=\"ova-tour-day\">\n\t\t\t\t<i aria-hidden=\"true\" class=\"icomoon icomoon-clock\"><\/i>\n\t\t\t\t\t\t\t\t\t\t\t\t\t\t\t9 days\t\t\t\t\t\t\t\t\t\t\t\t\t\n\t\t\t<\/div>\n\t\t\t\t\t\n\t\t\t\t\t\t\t<a href=\"https:\/\/www.excursionaldesierto.com\/en\/tour\/9-days-from-casablanca-to-marrakech-via-the-sahara-desert\/\" class=\"btn product-btn-book-now\">\n\t\t\t\t\t<span>Explore<\/span>\n\t\t\t\t<\/a>\n\t\t\t\t\t<\/div>\n    <\/div>\n<\/div><\/div>\t\t\t\t\t\t\t\t\t\n<div class=\"ova-product product type-product post-10209 status-publish first instock product_cat-tour-from-casablanca product_cat-tours-circuits has-post-thumbnail shipping-taxable product-type-ovabrw_car_rental\">\n\t\n<div class=\"ova_head_product\">\n\t\t\t\t<div class=\"ova-product-wishlist\">\n\t\t\t<div class=\"yith-add-to-wishlist-button-block\" data-product-id=\"10209\" data-attributes=\"{&quot;kind&quot;:&quot;button&quot;}\"><\/div>\t\t<\/div>\n\t\t\t\t<a href=\"https:\/\/www.excursionaldesierto.com\/en\/tour\/10-days-from-casablanca-to-the-sahara-desert-and-the-atlantic-coast-of-morocco\/\" class=\"ova-product-thumbnail\">\n\t\t\t<img loading=\"lazy\" decoding=\"async\" width=\"636\" height=\"426\" src=\"https:\/\/www.excursionaldesierto.com\/wp-content\/uploads\/2025\/09\/44-1-636x426.webp\" class=\"attachment-tripgo_product_slider size-tripgo_product_slider\" alt=\"10 days from Casablanca to the Sahara Desert and the Atlantic coast of Morocco\" srcset=\"https:\/\/www.excursionaldesierto.com\/wp-content\/uploads\/2025\/09\/44-1-636x426.webp 636w, https:\/\/www.excursionaldesierto.com\/wp-content\/uploads\/2025\/09\/44-1-416x280.webp 416w\" sizes=\"(max-width: 636px) 100vw, 636px\" \/>\t\t<\/a>\n\t<\/div>\n<div class=\"ova_foot_product\">\n\t<div class=\"ova-product-day-title-location\">\n\n\t\t\t\t\t<h3 class=\"ova-product-title\">\n\t\t\t\t<a href=\"https:\/\/www.excursionaldesierto.com\/en\/tour\/10-days-from-casablanca-to-the-sahara-desert-and-the-atlantic-coast-of-morocco\/\">\n\t\t\t        10 days from Casablanca to the Sahara Desert and the Atlantic coast of Morocco\t\t\t    <\/a>\n\t\t\t<\/h3>\n\t\t\n\t\t\t        <div class=\"ova-product-location\">\n\t            <i aria-hidden=\"true\" class=\"icomoon icomoon-location\"><\/i>\n\t            <span class=\"location\">\n\t                Casablanca, Marrakech\t            <\/span>\n\t        <\/div>\n\t    \t<\/div>\n    <div class=\"ova-product-review-and-price\">\n    \t\t\t<div class=\"ova-product-wrapper-price\">\n\t\t\t\t\t\t<div class=\"ova-tour-day\">\n\t\t\t\t<i aria-hidden=\"true\" class=\"icomoon icomoon-clock\"><\/i>\n\t\t\t\t\t\t\t\t\t\t\t\t\t\t\t10 days\t\t\t\t\t\t\t\t\t\t\t\t\t\n\t\t\t<\/div>\n\t\t\t\t\t\n\t\t\t\t\t\t\t<a href=\"https:\/\/www.excursionaldesierto.com\/en\/tour\/10-days-from-casablanca-to-the-sahara-desert-and-the-atlantic-coast-of-morocco\/\" class=\"btn product-btn-book-now\">\n\t\t\t\t\t<span>Explore<\/span>\n\t\t\t\t<\/a>\n\t\t\t\t\t<\/div>\n    <\/div>\n<\/div><\/div>\t\t\t\t\t\t\t<\/div>\n\n\t\t\n\t\t\t\t\t\t<\/div>\n\t\t\t\t<\/div>\n\t\t\t\t\t<\/div>\n\t\t\t\t<\/div>\n\t\t\t\t<\/div>\n\t\t","protected":false},"excerpt":{"rendered":"<p>Desde Casablanca, ofrecemos una amplia variedad de tours y circuitos dise\u00f1ados para brindarte experiencias inolvidables. Desde Casablanca, podr\u00e1s explorar destinos \u00fanicos con gu\u00edas expertos que garantizan una aventura segura y enriquecedora. Descubre desde Casablanca las mejores opciones para conocer paisajes impresionantes, cultura vibrante y tradiciones aut\u00e9nticas en cada tour y circuito que ofrecemos. 10 d\u00edas [&hellip;]<\/p>\n","protected":false},"author":1,"featured_media":0,"parent":0,"menu_order":0,"comment_status":"closed","ping_status":"closed","template":"","meta":{"_joinchat":[],"footnotes":""},"class_list":["post-11277","page","type-page","status-publish","hentry"],"yoast_head":"<!-- This site is optimized with the Yoast SEO Premium plugin v26.0 (Yoast SEO v26.0) - https:\/\/yoast.com\/wordpress\/plugins\/seo\/ -->\n<title>Tours and Excursions from Casablanca - Unforgettable Adventures<\/title>\n<meta name=\"description\" content=\"Discover tours and excursions from Casablanca with expert guides. Explore unique destinations and book unforgettable experiences today.\" \/>\n<meta name=\"robots\" content=\"index, follow, max-snippet:-1, max-image-preview:large, max-video-preview:-1\" \/>\n<link rel=\"canonical\" href=\"https:\/\/www.excursionaldesierto.com\/en\/tours-from-casablanca\/\" \/>\n<meta property=\"og:locale\" content=\"en_US\" \/>\n<meta property=\"og:type\" content=\"article\" \/>\n<meta property=\"og:title\" content=\"Tour From Casablanca\" \/>\n<meta property=\"og:description\" content=\"Discover tours and excursions from Casablanca with expert guides. Explore unique destinations and book unforgettable experiences today.\" \/>\n<meta property=\"og:url\" content=\"https:\/\/www.excursionaldesierto.com\/en\/tours-from-casablanca\/\" \/>\n<meta property=\"og:site_name\" content=\"Excursion al desierto\" \/>\n<meta property=\"article:modified_time\" content=\"2025-12-02T16:48:43+00:00\" \/>\n<meta property=\"og:image\" content=\"https:\/\/www.excursionaldesierto.com\/wp-content\/uploads\/2025\/09\/44-1-636x426.webp\" \/>\n<meta name=\"twitter:card\" content=\"summary_large_image\" \/>\n<meta name=\"twitter:label1\" content=\"Est. reading time\" \/>\n\t<meta name=\"twitter:data1\" content=\"2 minutes\" \/>\n<script type=\"application\/ld+json\" class=\"yoast-schema-graph\">{\"@context\":\"https:\/\/schema.org\",\"@graph\":[{\"@type\":\"WebPage\",\"@id\":\"https:\/\/www.excursionaldesierto.com\/en\/tours-from-casablanca\/\",\"url\":\"https:\/\/www.excursionaldesierto.com\/en\/tours-from-casablanca\/\",\"name\":\"Tours and Excursions from Casablanca - Unforgettable Adventures\",\"isPartOf\":{\"@id\":\"https:\/\/www.excursionaldesierto.com\/en\/#website\"},\"primaryImageOfPage\":{\"@id\":\"https:\/\/www.excursionaldesierto.com\/en\/tours-from-casablanca\/#primaryimage\"},\"image\":{\"@id\":\"https:\/\/www.excursionaldesierto.com\/en\/tours-from-casablanca\/#primaryimage\"},\"thumbnailUrl\":\"https:\/\/www.excursionaldesierto.com\/wp-content\/uploads\/2025\/09\/44-1-636x426.webp\",\"datePublished\":\"2025-12-02T16:31:46+00:00\",\"dateModified\":\"2025-12-02T16:48:43+00:00\",\"description\":\"Discover tours and excursions from Casablanca with expert guides. Explore unique destinations and book unforgettable experiences today.\",\"breadcrumb\":{\"@id\":\"https:\/\/www.excursionaldesierto.com\/en\/tours-from-casablanca\/#breadcrumb\"},\"inLanguage\":\"en-US\",\"potentialAction\":[{\"@type\":\"ReadAction\",\"target\":[\"https:\/\/www.excursionaldesierto.com\/en\/tours-from-casablanca\/\"]}]},{\"@type\":\"ImageObject\",\"inLanguage\":\"en-US\",\"@id\":\"https:\/\/www.excursionaldesierto.com\/en\/tours-from-casablanca\/#primaryimage\",\"url\":\"https:\/\/www.excursionaldesierto.com\/wp-content\/uploads\/2025\/09\/44-1-636x426.webp\",\"contentUrl\":\"https:\/\/www.excursionaldesierto.com\/wp-content\/uploads\/2025\/09\/44-1-636x426.webp\"},{\"@type\":\"BreadcrumbList\",\"@id\":\"https:\/\/www.excursionaldesierto.com\/en\/tours-from-casablanca\/#breadcrumb\",\"itemListElement\":[{\"@type\":\"ListItem\",\"position\":1,\"name\":\"Home\",\"item\":\"https:\/\/www.excursionaldesierto.com\/en\/\"},{\"@type\":\"ListItem\",\"position\":2,\"name\":\"Tour From Casablanca\"}]},{\"@type\":\"WebSite\",\"@id\":\"https:\/\/www.excursionaldesierto.com\/en\/#website\",\"url\":\"https:\/\/www.excursionaldesierto.com\/en\/\",\"name\":\"Excursion al desierto\",\"description\":\"\",\"potentialAction\":[{\"@type\":\"SearchAction\",\"target\":{\"@type\":\"EntryPoint\",\"urlTemplate\":\"https:\/\/www.excursionaldesierto.com\/en\/?s={search_term_string}\"},\"query-input\":{\"@type\":\"PropertyValueSpecification\",\"valueRequired\":true,\"valueName\":\"search_term_string\"}}],\"inLanguage\":\"en-US\"}]}<\/script>\n<!-- \/ Yoast SEO Premium plugin. -->","yoast_head_json":{"title":"Tours and Excursions from Casablanca - Unforgettable Adventures","description":"Discover tours and excursions from Casablanca with expert guides. Explore unique destinations and book unforgettable experiences today.","robots":{"index":"index","follow":"follow","max-snippet":"max-snippet:-1","max-image-preview":"max-image-preview:large","max-video-preview":"max-video-preview:-1"},"canonical":"https:\/\/www.excursionaldesierto.com\/en\/tours-from-casablanca\/","og_locale":"en_US","og_type":"article","og_title":"Tour From Casablanca","og_description":"Discover tours and excursions from Casablanca with expert guides. Explore unique destinations and book unforgettable experiences today.","og_url":"https:\/\/www.excursionaldesierto.com\/en\/tours-from-casablanca\/","og_site_name":"Excursion al desierto","article_modified_time":"2025-12-02T16:48:43+00:00","og_image":[{"url":"https:\/\/www.excursionaldesierto.com\/wp-content\/uploads\/2025\/09\/44-1-636x426.webp","type":"","width":"","height":""}],"twitter_card":"summary_large_image","twitter_misc":{"Est. reading time":"2 minutes"},"schema":{"@context":"https:\/\/schema.org","@graph":[{"@type":"WebPage","@id":"https:\/\/www.excursionaldesierto.com\/en\/tours-from-casablanca\/","url":"https:\/\/www.excursionaldesierto.com\/en\/tours-from-casablanca\/","name":"Tours and Excursions from Casablanca - Unforgettable Adventures","isPartOf":{"@id":"https:\/\/www.excursionaldesierto.com\/en\/#website"},"primaryImageOfPage":{"@id":"https:\/\/www.excursionaldesierto.com\/en\/tours-from-casablanca\/#primaryimage"},"image":{"@id":"https:\/\/www.excursionaldesierto.com\/en\/tours-from-casablanca\/#primaryimage"},"thumbnailUrl":"https:\/\/www.excursionaldesierto.com\/wp-content\/uploads\/2025\/09\/44-1-636x426.webp","datePublished":"2025-12-02T16:31:46+00:00","dateModified":"2025-12-02T16:48:43+00:00","description":"Discover tours and excursions from Casablanca with expert guides. Explore unique destinations and book unforgettable experiences today.","breadcrumb":{"@id":"https:\/\/www.excursionaldesierto.com\/en\/tours-from-casablanca\/#breadcrumb"},"inLanguage":"en-US","potentialAction":[{"@type":"ReadAction","target":["https:\/\/www.excursionaldesierto.com\/en\/tours-from-casablanca\/"]}]},{"@type":"ImageObject","inLanguage":"en-US","@id":"https:\/\/www.excursionaldesierto.com\/en\/tours-from-casablanca\/#primaryimage","url":"https:\/\/www.excursionaldesierto.com\/wp-content\/uploads\/2025\/09\/44-1-636x426.webp","contentUrl":"https:\/\/www.excursionaldesierto.com\/wp-content\/uploads\/2025\/09\/44-1-636x426.webp"},{"@type":"BreadcrumbList","@id":"https:\/\/www.excursionaldesierto.com\/en\/tours-from-casablanca\/#breadcrumb","itemListElement":[{"@type":"ListItem","position":1,"name":"Home","item":"https:\/\/www.excursionaldesierto.com\/en\/"},{"@type":"ListItem","position":2,"name":"Tour From Casablanca"}]},{"@type":"WebSite","@id":"https:\/\/www.excursionaldesierto.com\/en\/#website","url":"https:\/\/www.excursionaldesierto.com\/en\/","name":"Excursion al desierto","description":"","potentialAction":[{"@type":"SearchAction","target":{"@type":"EntryPoint","urlTemplate":"https:\/\/www.excursionaldesierto.com\/en\/?s={search_term_string}"},"query-input":{"@type":"PropertyValueSpecification","valueRequired":true,"valueName":"search_term_string"}}],"inLanguage":"en-US"}]}},"_links":{"self":[{"href":"https:\/\/www.excursionaldesierto.com\/en\/wp-json\/wp\/v2\/pages\/11277","targetHints":{"allow":["GET"]}}],"collection":[{"href":"https:\/\/www.excursionaldesierto.com\/en\/wp-json\/wp\/v2\/pages"}],"about":[{"href":"https:\/\/www.excursionaldesierto.com\/en\/wp-json\/wp\/v2\/types\/page"}],"author":[{"embeddable":true,"href":"https:\/\/www.excursionaldesierto.com\/en\/wp-json\/wp\/v2\/users\/1"}],"replies":[{"embeddable":true,"href":"https:\/\/www.excursionaldesierto.com\/en\/wp-json\/wp\/v2\/comments?post=11277"}],"version-history":[{"count":5,"href":"https:\/\/www.excursionaldesierto.com\/en\/wp-json\/wp\/v2\/pages\/11277\/revisions"}],"predecessor-version":[{"id":11282,"href":"https:\/\/www.excursionaldesierto.com\/en\/wp-json\/wp\/v2\/pages\/11277\/revisions\/11282"}],"wp:attachment":[{"href":"https:\/\/www.excursionaldesierto.com\/en\/wp-json\/wp\/v2\/media?parent=11277"}],"curies":[{"name":"wp","href":"https:\/\/api.w.org\/{rel}","templated":true}]}}