{"id":11235,"date":"2025-12-02T15:49:36","date_gmt":"2025-12-02T15:49:36","guid":{"rendered":"https:\/\/www.excursionaldesierto.com\/tours-circuitos\/"},"modified":"2025-12-02T18:56:30","modified_gmt":"2025-12-02T18:56:30","slug":"visites-et-circuits","status":"publish","type":"page","link":"https:\/\/www.excursionaldesierto.com\/fr\/visites-et-circuits\/","title":{"rendered":"Visites et circuits"},"content":{"rendered":"\t\t<div data-elementor-type=\"wp-page\" data-elementor-id=\"11235\" class=\"elementor elementor-11235 elementor-11197\" data-elementor-post-type=\"page\">\n\t\t\t\t<div class=\"elementor-element elementor-element-d2502b9 e-flex e-con-boxed e-con e-parent\" data-id=\"d2502b9\" data-element_type=\"container\">\n\t\t\t\t\t<div class=\"e-con-inner\">\n\t\t\t\t<div class=\"elementor-element elementor-element-fceb950 elementor-widget elementor-widget-text-editor\" data-id=\"fceb950\" data-element_type=\"widget\" data-widget_type=\"text-editor.default\">\n\t\t\t\t\t\t\t\t\t<p>Explorez notre passionnante cat\u00e9gorie de Tours &amp; Circuits, o\u00f9 vous attendent des exp\u00e9riences de voyage inoubliables. D\u00e9couvrez une vari\u00e9t\u00e9 de circuits guid\u00e9s soigneusement con\u00e7us qui mettent en valeur les meilleures destinations, les attractions culturelles et les merveilles naturelles. Que vous recherchiez l\u2019aventure, la d\u00e9tente ou une immersion culturelle, notre s\u00e9lection offre des options pour tous les voyageurs. Profitez de guides locaux exp\u00e9riment\u00e9s, d\u2019itin\u00e9raires sans souci et d\u2019un service exceptionnel.<\/p><p>Chaque tour et circuit propose des rencontres authentiques et enrichissantes qui cr\u00e9eront des souvenirs inoubliables. R\u00e9servez votre prochaine aventure avec nous et profitez de forfaits exclusifs adapt\u00e9s \u00e0 vos int\u00e9r\u00eats et \u00e0 votre emploi du temps. Optimisez vos projets de voyage avec des circuits de confiance garantissant qualit\u00e9, s\u00e9curit\u00e9 et satisfaction. Commencez \u00e0 explorer d\u00e8s aujourd\u2019hui et d\u00e9couvrez le monde comme jamais auparavant.<\/p>\t\t\t\t\t\t\t\t<\/div>\n\t\t\t\t\t<\/div>\n\t\t\t\t<\/div>\n\t\t<div class=\"elementor-element elementor-element-e2e6e58 e-flex e-con-boxed e-con e-parent\" data-id=\"e2e6e58\" data-element_type=\"container\">\n\t\t\t\t\t<div class=\"e-con-inner\">\n\t\t\t\t<div class=\"elementor-element elementor-element-513a4cf elementor-widget elementor-widget-ovabrw_product_category_ajax\" data-id=\"513a4cf\" data-element_type=\"widget\" data-widget_type=\"ovabrw_product_category_ajax.default\">\n\t\t\t\t<div class=\"elementor-widget-container\">\n\t\t\t\t\t\n<div class=\"ovabrw-category-ajax\">\n\t<ul class=\"ovabrw-category-list\">\n\t\t\t\t\t\t\t\t\t<li class=\"category-item active\" data-term-id=\"56\">\n\t\t\t\t\tTours &amp; Circuitos\t\t\t\t<\/li>\n\t\t\t\t\t\t<\/ul>\n\t<div class=\"ovabrw-category-products\"><\/div>\n\t<!-- Load more -->\n\t<div class=\"wrap-load-more\">\n\t\t<svg class=\"loader\" width=\"50\" height=\"50\">\n\t\t\t<circle cx=\"25\" cy=\"25\" r=\"10\" \/>\n\t\t\t<circle cx=\"25\" cy=\"25\" r=\"20\" \/>\n\t\t<\/svg>\n\t<\/div>\n\t<input\n\t\ttype=\"hidden\"\n\t\tname=\"category-ajax-input\"\n\t\tdata-posts-per-page=\"6\"\n\t\tdata-paged=\"1\"\n\t\tdata-order=\"ASC\"\n\t\tdata-orderby=\"date\"\n\t\tdata-layout=\"grid\"\n\t\tdata-grid_template=\"template_1\"\n\t\tdata-column=\"column3\"\n\t\tdata-thumbnail-type=\"image\"\n\t\tdata-pagination=\"yes\"\n\t\/>\n<\/div>\t\t\t\t<\/div>\n\t\t\t\t<\/div>\n\t\t\t\t\t<\/div>\n\t\t\t\t<\/div>\n\t\t\t\t<\/div>\n\t\t","protected":false},"excerpt":{"rendered":"<p>Explorez notre passionnante cat\u00e9gorie de Tours &amp; Circuits, o\u00f9 vous attendent des exp\u00e9riences de voyage inoubliables. D\u00e9couvrez une vari\u00e9t\u00e9 de circuits guid\u00e9s soigneusement con\u00e7us qui mettent en valeur les meilleures destinations, les attractions culturelles et les merveilles naturelles. Que vous recherchiez l\u2019aventure, la d\u00e9tente ou une immersion culturelle, notre s\u00e9lection offre des options pour tous [&hellip;]<\/p>\n","protected":false},"author":1,"featured_media":0,"parent":0,"menu_order":0,"comment_status":"closed","ping_status":"closed","template":"","meta":{"_joinchat":[],"footnotes":""},"class_list":["post-11235","page","type-page","status-publish","hentry"],"yoast_head":"<!-- This site is optimized with the Yoast SEO Premium plugin v26.0 (Yoast SEO v26.0) - https:\/\/yoast.com\/wordpress\/plugins\/seo\/ -->\n<title>Circuits et excursions - Aventures et exp\u00e9riences inoubliables<\/title>\n<meta name=\"description\" content=\"D\u00e9couvrez les meilleurs circuits et visites guid\u00e9es avec des guides experts. Vivez des aventures uniques, explorez des destinations incroyables et r\u00e9servez d\u00e8s aujourd&#039;hui votre prochaine exp\u00e9rience.\" \/>\n<meta name=\"robots\" content=\"index, follow, max-snippet:-1, max-image-preview:large, max-video-preview:-1\" \/>\n<link rel=\"canonical\" href=\"https:\/\/www.excursionaldesierto.com\/fr\/visites-et-circuits\/\" \/>\n<meta property=\"og:locale\" content=\"fr_FR\" \/>\n<meta property=\"og:type\" content=\"article\" \/>\n<meta property=\"og:title\" content=\"Visites et circuits\" \/>\n<meta property=\"og:description\" content=\"D\u00e9couvrez les meilleurs circuits et visites guid\u00e9es avec des guides experts. Vivez des aventures uniques, explorez des destinations incroyables et r\u00e9servez d\u00e8s aujourd&#039;hui votre prochaine exp\u00e9rience.\" \/>\n<meta property=\"og:url\" content=\"https:\/\/www.excursionaldesierto.com\/fr\/visites-et-circuits\/\" \/>\n<meta property=\"og:site_name\" content=\"Excursion al desierto\" \/>\n<meta property=\"article:modified_time\" content=\"2025-12-02T18:56:30+00:00\" \/>\n<meta name=\"twitter:card\" content=\"summary_large_image\" \/>\n<meta name=\"twitter:label1\" content=\"Dur\u00e9e de lecture estim\u00e9e\" \/>\n\t<meta name=\"twitter:data1\" content=\"2 minutes\" \/>\n<script type=\"application\/ld+json\" class=\"yoast-schema-graph\">{\"@context\":\"https:\/\/schema.org\",\"@graph\":[{\"@type\":\"WebPage\",\"@id\":\"https:\/\/www.excursionaldesierto.com\/fr\/visites-et-circuits\/\",\"url\":\"https:\/\/www.excursionaldesierto.com\/fr\/visites-et-circuits\/\",\"name\":\"Circuits et excursions - Aventures et exp\u00e9riences inoubliables\",\"isPartOf\":{\"@id\":\"https:\/\/www.excursionaldesierto.com\/fr\/#website\"},\"datePublished\":\"2025-12-02T15:49:36+00:00\",\"dateModified\":\"2025-12-02T18:56:30+00:00\",\"description\":\"D\u00e9couvrez les meilleurs circuits et visites guid\u00e9es avec des guides experts. Vivez des aventures uniques, explorez des destinations incroyables et r\u00e9servez d\u00e8s aujourd'hui votre prochaine exp\u00e9rience.\",\"breadcrumb\":{\"@id\":\"https:\/\/www.excursionaldesierto.com\/fr\/visites-et-circuits\/#breadcrumb\"},\"inLanguage\":\"fr-FR\",\"potentialAction\":[{\"@type\":\"ReadAction\",\"target\":[\"https:\/\/www.excursionaldesierto.com\/fr\/visites-et-circuits\/\"]}]},{\"@type\":\"BreadcrumbList\",\"@id\":\"https:\/\/www.excursionaldesierto.com\/fr\/visites-et-circuits\/#breadcrumb\",\"itemListElement\":[{\"@type\":\"ListItem\",\"position\":1,\"name\":\"Home\",\"item\":\"https:\/\/www.excursionaldesierto.com\/fr\/\"},{\"@type\":\"ListItem\",\"position\":2,\"name\":\"Visites et circuits\"}]},{\"@type\":\"WebSite\",\"@id\":\"https:\/\/www.excursionaldesierto.com\/fr\/#website\",\"url\":\"https:\/\/www.excursionaldesierto.com\/fr\/\",\"name\":\"Excursion al desierto\",\"description\":\"\",\"potentialAction\":[{\"@type\":\"SearchAction\",\"target\":{\"@type\":\"EntryPoint\",\"urlTemplate\":\"https:\/\/www.excursionaldesierto.com\/fr\/?s={search_term_string}\"},\"query-input\":{\"@type\":\"PropertyValueSpecification\",\"valueRequired\":true,\"valueName\":\"search_term_string\"}}],\"inLanguage\":\"fr-FR\"}]}<\/script>\n<!-- \/ Yoast SEO Premium plugin. -->","yoast_head_json":{"title":"Circuits et excursions - Aventures et exp\u00e9riences inoubliables","description":"D\u00e9couvrez les meilleurs circuits et visites guid\u00e9es avec des guides experts. Vivez des aventures uniques, explorez des destinations incroyables et r\u00e9servez d\u00e8s aujourd'hui votre prochaine exp\u00e9rience.","robots":{"index":"index","follow":"follow","max-snippet":"max-snippet:-1","max-image-preview":"max-image-preview:large","max-video-preview":"max-video-preview:-1"},"canonical":"https:\/\/www.excursionaldesierto.com\/fr\/visites-et-circuits\/","og_locale":"fr_FR","og_type":"article","og_title":"Visites et circuits","og_description":"D\u00e9couvrez les meilleurs circuits et visites guid\u00e9es avec des guides experts. Vivez des aventures uniques, explorez des destinations incroyables et r\u00e9servez d\u00e8s aujourd'hui votre prochaine exp\u00e9rience.","og_url":"https:\/\/www.excursionaldesierto.com\/fr\/visites-et-circuits\/","og_site_name":"Excursion al desierto","article_modified_time":"2025-12-02T18:56:30+00:00","twitter_card":"summary_large_image","twitter_misc":{"Dur\u00e9e de lecture estim\u00e9e":"2 minutes"},"schema":{"@context":"https:\/\/schema.org","@graph":[{"@type":"WebPage","@id":"https:\/\/www.excursionaldesierto.com\/fr\/visites-et-circuits\/","url":"https:\/\/www.excursionaldesierto.com\/fr\/visites-et-circuits\/","name":"Circuits et excursions - Aventures et exp\u00e9riences inoubliables","isPartOf":{"@id":"https:\/\/www.excursionaldesierto.com\/fr\/#website"},"datePublished":"2025-12-02T15:49:36+00:00","dateModified":"2025-12-02T18:56:30+00:00","description":"D\u00e9couvrez les meilleurs circuits et visites guid\u00e9es avec des guides experts. Vivez des aventures uniques, explorez des destinations incroyables et r\u00e9servez d\u00e8s aujourd'hui votre prochaine exp\u00e9rience.","breadcrumb":{"@id":"https:\/\/www.excursionaldesierto.com\/fr\/visites-et-circuits\/#breadcrumb"},"inLanguage":"fr-FR","potentialAction":[{"@type":"ReadAction","target":["https:\/\/www.excursionaldesierto.com\/fr\/visites-et-circuits\/"]}]},{"@type":"BreadcrumbList","@id":"https:\/\/www.excursionaldesierto.com\/fr\/visites-et-circuits\/#breadcrumb","itemListElement":[{"@type":"ListItem","position":1,"name":"Home","item":"https:\/\/www.excursionaldesierto.com\/fr\/"},{"@type":"ListItem","position":2,"name":"Visites et circuits"}]},{"@type":"WebSite","@id":"https:\/\/www.excursionaldesierto.com\/fr\/#website","url":"https:\/\/www.excursionaldesierto.com\/fr\/","name":"Excursion al desierto","description":"","potentialAction":[{"@type":"SearchAction","target":{"@type":"EntryPoint","urlTemplate":"https:\/\/www.excursionaldesierto.com\/fr\/?s={search_term_string}"},"query-input":{"@type":"PropertyValueSpecification","valueRequired":true,"valueName":"search_term_string"}}],"inLanguage":"fr-FR"}]}},"_links":{"self":[{"href":"https:\/\/www.excursionaldesierto.com\/fr\/wp-json\/wp\/v2\/pages\/11235","targetHints":{"allow":["GET"]}}],"collection":[{"href":"https:\/\/www.excursionaldesierto.com\/fr\/wp-json\/wp\/v2\/pages"}],"about":[{"href":"https:\/\/www.excursionaldesierto.com\/fr\/wp-json\/wp\/v2\/types\/page"}],"author":[{"embeddable":true,"href":"https:\/\/www.excursionaldesierto.com\/fr\/wp-json\/wp\/v2\/users\/1"}],"replies":[{"embeddable":true,"href":"https:\/\/www.excursionaldesierto.com\/fr\/wp-json\/wp\/v2\/comments?post=11235"}],"version-history":[{"count":7,"href":"https:\/\/www.excursionaldesierto.com\/fr\/wp-json\/wp\/v2\/pages\/11235\/revisions"}],"predecessor-version":[{"id":11309,"href":"https:\/\/www.excursionaldesierto.com\/fr\/wp-json\/wp\/v2\/pages\/11235\/revisions\/11309"}],"wp:attachment":[{"href":"https:\/\/www.excursionaldesierto.com\/fr\/wp-json\/wp\/v2\/media?parent=11235"}],"curies":[{"name":"wp","href":"https:\/\/api.w.org\/{rel}","templated":true}]}}