{"id":11283,"date":"2025-12-02T16:31:46","date_gmt":"2025-12-02T16:31:46","guid":{"rendered":"https:\/\/www.excursionaldesierto.com\/desde-casablanca\/"},"modified":"2025-12-02T17:05:27","modified_gmt":"2025-12-02T17:05:27","slug":"circuit-au-depart-de-casablanca","status":"publish","type":"page","link":"https:\/\/www.excursionaldesierto.com\/fr\/circuit-au-depart-de-casablanca\/","title":{"rendered":"Circuit au d\u00e9part de Casablanca"},"content":{"rendered":"\t\t<div data-elementor-type=\"wp-page\" data-elementor-id=\"11283\" class=\"elementor elementor-11283 elementor-11267\" data-elementor-post-type=\"page\">\n\t\t\t\t<div class=\"elementor-element elementor-element-d2502b9 e-flex e-con-boxed e-con e-parent\" data-id=\"d2502b9\" data-element_type=\"container\">\n\t\t\t\t\t<div class=\"e-con-inner\">\n\t\t\t\t<div class=\"elementor-element elementor-element-fceb950 elementor-widget elementor-widget-text-editor\" data-id=\"fceb950\" data-element_type=\"widget\" data-widget_type=\"text-editor.default\">\n\t\t\t\t\t\t\t\t\t<p>Depuis Casablanca, nous proposons une grande vari\u00e9t\u00e9 de circuits et d&rsquo;excursions con\u00e7us pour vous offrir des exp\u00e9riences inoubliables. Depuis Casablanca, vous pourrez explorer des destinations uniques avec des guides experts qui vous garantissent une aventure s\u00fbre et enrichissante.<\/p><p>D\u00e9couvrez depuis Casablanca les meilleures options pour d\u00e9couvrir des paysages impressionnants, une culture vibrante et des traditions authentiques dans chaque circuit et excursion que nous proposons.<\/p>\t\t\t\t\t\t\t\t<\/div>\n\t\t\t\t\t<\/div>\n\t\t\t\t<\/div>\n\t\t<div class=\"elementor-element elementor-element-7cba4d0 e-flex e-con-boxed e-con e-parent\" data-id=\"7cba4d0\" data-element_type=\"container\">\n\t\t\t\t\t<div class=\"e-con-inner\">\n\t\t\t\t<div class=\"elementor-element elementor-element-fb26f8e elementor-widget elementor-widget-ovabrw_product_list\" data-id=\"fb26f8e\" data-element_type=\"widget\" data-widget_type=\"ovabrw_product_list.default\">\n\t\t\t\t<div class=\"elementor-widget-container\">\n\t\t\t\t\t\n\t\t\t\t\t<div class=\"ova-product-list ova-product-list-template1 column3\">\n\t\t\t\t\t\t\t\t\t\n<div class=\"ova-product product type-product post-10595 status-publish first instock product_cat-circuit-au-depart-de-casablanca product_cat-visites-et-circuits has-post-thumbnail shipping-taxable product-type-ovabrw_car_rental\">\n\t\n<div class=\"ova_head_product\">\n\t\t\t\t<div class=\"ova-product-wishlist\">\n\t\t\t<div class=\"yith-add-to-wishlist-button-block\" data-product-id=\"10595\" data-attributes=\"{&quot;kind&quot;:&quot;button&quot;}\"><\/div>\t\t<\/div>\n\t\t\t\t<a href=\"https:\/\/www.excursionaldesierto.com\/fr\/tour\/6-jours-de-casablanca-a-marrakech-en-passant-par-le-desert-du-sahara\/\" class=\"ova-product-thumbnail\">\n\t\t\t<img fetchpriority=\"high\" decoding=\"async\" width=\"636\" height=\"426\" src=\"https:\/\/www.excursionaldesierto.com\/wp-content\/uploads\/2025\/09\/47-636x426.webp\" class=\"attachment-tripgo_product_slider size-tripgo_product_slider\" alt=\"6 jours de Casablanca \u00e0 Marrakech en passant par le d\u00e9sert du Sahara\" srcset=\"https:\/\/www.excursionaldesierto.com\/wp-content\/uploads\/2025\/09\/47-636x426.webp 636w, https:\/\/www.excursionaldesierto.com\/wp-content\/uploads\/2025\/09\/47-416x280.webp 416w\" sizes=\"(max-width: 636px) 100vw, 636px\" \/>\t\t<\/a>\n\t<\/div>\n<div class=\"ova_foot_product\">\n\t<div class=\"ova-product-day-title-location\">\n\n\t\t\t\t\t<h3 class=\"ova-product-title\">\n\t\t\t\t<a href=\"https:\/\/www.excursionaldesierto.com\/fr\/tour\/6-jours-de-casablanca-a-marrakech-en-passant-par-le-desert-du-sahara\/\">\n\t\t\t        6 jours de Casablanca \u00e0 Marrakech en passant par le d\u00e9sert du Sahara\t\t\t    <\/a>\n\t\t\t<\/h3>\n\t\t\n\t\t\t        <div class=\"ova-product-location\">\n\t            <i aria-hidden=\"true\" class=\"icomoon icomoon-location\"><\/i>\n\t            <span class=\"location\">\n\t                Casablanca, Merzouga\t            <\/span>\n\t        <\/div>\n\t    \t<\/div>\n    <div class=\"ova-product-review-and-price\">\n    \t\t\t<div class=\"ova-product-wrapper-price\">\n\t\t\t\t\t\t<div class=\"ova-tour-day\">\n\t\t\t\t<i aria-hidden=\"true\" class=\"icomoon icomoon-clock\"><\/i>\n\t\t\t\t\t\t\t\t\t\t\t\t\t\t\t6 jours\t\t\t\t\t\t\t\t\t\t\t\t\t\n\t\t\t<\/div>\n\t\t\t\t\t\n\t\t\t\t\t\t\t<a href=\"https:\/\/www.excursionaldesierto.com\/fr\/tour\/6-jours-de-casablanca-a-marrakech-en-passant-par-le-desert-du-sahara\/\" class=\"btn product-btn-book-now\">\n\t\t\t\t\t<span>Explorer<\/span>\n\t\t\t\t<\/a>\n\t\t\t\t\t<\/div>\n    <\/div>\n<\/div><\/div>\t\t\t\t\t\t\t\t\t\n<div class=\"ova-product product type-product post-10592 status-publish instock product_cat-circuit-au-depart-de-casablanca product_cat-visites-et-circuits has-post-thumbnail shipping-taxable product-type-ovabrw_car_rental\">\n\t\n<div class=\"ova_head_product\">\n\t\t\t\t<div class=\"ova-product-wishlist\">\n\t\t\t<div class=\"yith-add-to-wishlist-button-block\" data-product-id=\"10592\" data-attributes=\"{&quot;kind&quot;:&quot;button&quot;}\"><\/div>\t\t<\/div>\n\t\t\t\t<a href=\"https:\/\/www.excursionaldesierto.com\/fr\/tour\/7-jours-de-casablanca-a-marrakech-en-passant-par-le-desert-du-sahara\/\" class=\"ova-product-thumbnail\">\n\t\t\t<img decoding=\"async\" width=\"636\" height=\"426\" src=\"https:\/\/www.excursionaldesierto.com\/wp-content\/uploads\/2025\/09\/28-1-636x426.webp\" class=\"attachment-tripgo_product_slider size-tripgo_product_slider\" alt=\"7 jours de Casablanca \u00e0 Marrakech en passant par le d\u00e9sert du Sahara\" srcset=\"https:\/\/www.excursionaldesierto.com\/wp-content\/uploads\/2025\/09\/28-1-636x426.webp 636w, https:\/\/www.excursionaldesierto.com\/wp-content\/uploads\/2025\/09\/28-1-416x280.webp 416w\" sizes=\"(max-width: 636px) 100vw, 636px\" \/>\t\t<\/a>\n\t<\/div>\n<div class=\"ova_foot_product\">\n\t<div class=\"ova-product-day-title-location\">\n\n\t\t\t\t\t<h3 class=\"ova-product-title\">\n\t\t\t\t<a href=\"https:\/\/www.excursionaldesierto.com\/fr\/tour\/7-jours-de-casablanca-a-marrakech-en-passant-par-le-desert-du-sahara\/\">\n\t\t\t        7 jours de Casablanca \u00e0 Marrakech en passant par le d\u00e9sert du Sahara\t\t\t    <\/a>\n\t\t\t<\/h3>\n\t\t\n\t\t\t        <div class=\"ova-product-location\">\n\t            <i aria-hidden=\"true\" class=\"icomoon icomoon-location\"><\/i>\n\t            <span class=\"location\">\n\t                Casablanca, Marrakech\t            <\/span>\n\t        <\/div>\n\t    \t<\/div>\n    <div class=\"ova-product-review-and-price\">\n    \t\t\t<div class=\"ova-product-wrapper-price\">\n\t\t\t\t\t\t<div class=\"ova-tour-day\">\n\t\t\t\t<i aria-hidden=\"true\" class=\"icomoon icomoon-clock\"><\/i>\n\t\t\t\t\t\t\t\t\t\t\t\t\t\t\t7 jours\t\t\t\t\t\t\t\t\t\t\t\t\t\n\t\t\t<\/div>\n\t\t\t\t\t\n\t\t\t\t\t\t\t<a href=\"https:\/\/www.excursionaldesierto.com\/fr\/tour\/7-jours-de-casablanca-a-marrakech-en-passant-par-le-desert-du-sahara\/\" class=\"btn product-btn-book-now\">\n\t\t\t\t\t<span>Explorer<\/span>\n\t\t\t\t<\/a>\n\t\t\t\t\t<\/div>\n    <\/div>\n<\/div><\/div>\t\t\t\t\t\t\t\t\t\n<div class=\"ova-product product type-product post-10584 status-publish last instock product_cat-circuit-au-depart-de-casablanca product_cat-visites-et-circuits has-post-thumbnail shipping-taxable product-type-ovabrw_car_rental\">\n\t\n<div class=\"ova_head_product\">\n\t\t\t\t<div class=\"ova-product-wishlist\">\n\t\t\t<div class=\"yith-add-to-wishlist-button-block\" data-product-id=\"10584\" data-attributes=\"{&quot;kind&quot;:&quot;button&quot;}\"><\/div>\t\t<\/div>\n\t\t\t\t<a href=\"https:\/\/www.excursionaldesierto.com\/fr\/tour\/9-jours-de-casablanca-a-marrakech-en-passant-par-le-desert-du-sahara\/\" class=\"ova-product-thumbnail\">\n\t\t\t<img decoding=\"async\" width=\"636\" height=\"426\" src=\"https:\/\/www.excursionaldesierto.com\/wp-content\/uploads\/2025\/09\/48-636x426.webp\" class=\"attachment-tripgo_product_slider size-tripgo_product_slider\" alt=\"9 jours de Casablanca \u00e0 Marrakech en passant par le d\u00e9sert du Sahara\" srcset=\"https:\/\/www.excursionaldesierto.com\/wp-content\/uploads\/2025\/09\/48-636x426.webp 636w, https:\/\/www.excursionaldesierto.com\/wp-content\/uploads\/2025\/09\/48-416x280.webp 416w\" sizes=\"(max-width: 636px) 100vw, 636px\" \/>\t\t<\/a>\n\t<\/div>\n<div class=\"ova_foot_product\">\n\t<div class=\"ova-product-day-title-location\">\n\n\t\t\t\t\t<h3 class=\"ova-product-title\">\n\t\t\t\t<a href=\"https:\/\/www.excursionaldesierto.com\/fr\/tour\/9-jours-de-casablanca-a-marrakech-en-passant-par-le-desert-du-sahara\/\">\n\t\t\t        9 jours de Casablanca \u00e0 Marrakech en passant par le d\u00e9sert du Sahara\t\t\t    <\/a>\n\t\t\t<\/h3>\n\t\t\n\t\t\t        <div class=\"ova-product-location\">\n\t            <i aria-hidden=\"true\" class=\"icomoon icomoon-location\"><\/i>\n\t            <span class=\"location\">\n\t                Casablanca, Marrakech\t            <\/span>\n\t        <\/div>\n\t    \t<\/div>\n    <div class=\"ova-product-review-and-price\">\n    \t\t\t<div class=\"ova-product-wrapper-price\">\n\t\t\t\t\t\t<div class=\"ova-tour-day\">\n\t\t\t\t<i aria-hidden=\"true\" class=\"icomoon icomoon-clock\"><\/i>\n\t\t\t\t\t\t\t\t\t\t\t\t\t\t\t9 jours\t\t\t\t\t\t\t\t\t\t\t\t\t\n\t\t\t<\/div>\n\t\t\t\t\t\n\t\t\t\t\t\t\t<a href=\"https:\/\/www.excursionaldesierto.com\/fr\/tour\/9-jours-de-casablanca-a-marrakech-en-passant-par-le-desert-du-sahara\/\" class=\"btn product-btn-book-now\">\n\t\t\t\t\t<span>Explorer<\/span>\n\t\t\t\t<\/a>\n\t\t\t\t\t<\/div>\n    <\/div>\n<\/div><\/div>\t\t\t\t\t\t\t\t\t\n<div class=\"ova-product product type-product post-10576 status-publish first instock product_cat-circuit-au-depart-de-casablanca product_cat-visites-et-circuits has-post-thumbnail shipping-taxable product-type-ovabrw_car_rental\">\n\t\n<div class=\"ova_head_product\">\n\t\t\t\t<div class=\"ova-product-wishlist\">\n\t\t\t<div class=\"yith-add-to-wishlist-button-block\" data-product-id=\"10576\" data-attributes=\"{&quot;kind&quot;:&quot;button&quot;}\"><\/div>\t\t<\/div>\n\t\t\t\t<a href=\"https:\/\/www.excursionaldesierto.com\/fr\/tour\/10-jours-de-casablanca-au-desert-du-sahara-et-a-la-cote-atlantique-du-maroc\/\" class=\"ova-product-thumbnail\">\n\t\t\t<img loading=\"lazy\" decoding=\"async\" width=\"636\" height=\"426\" src=\"https:\/\/www.excursionaldesierto.com\/wp-content\/uploads\/2025\/09\/44-1-636x426.webp\" class=\"attachment-tripgo_product_slider size-tripgo_product_slider\" alt=\"10 jours de Casablanca au d\u00e9sert du Sahara et \u00e0 la c\u00f4te atlantique du Maroc\" srcset=\"https:\/\/www.excursionaldesierto.com\/wp-content\/uploads\/2025\/09\/44-1-636x426.webp 636w, https:\/\/www.excursionaldesierto.com\/wp-content\/uploads\/2025\/09\/44-1-416x280.webp 416w\" sizes=\"(max-width: 636px) 100vw, 636px\" \/>\t\t<\/a>\n\t<\/div>\n<div class=\"ova_foot_product\">\n\t<div class=\"ova-product-day-title-location\">\n\n\t\t\t\t\t<h3 class=\"ova-product-title\">\n\t\t\t\t<a href=\"https:\/\/www.excursionaldesierto.com\/fr\/tour\/10-jours-de-casablanca-au-desert-du-sahara-et-a-la-cote-atlantique-du-maroc\/\">\n\t\t\t        10 jours de Casablanca au d\u00e9sert du Sahara et \u00e0 la c\u00f4te atlantique du Maroc\t\t\t    <\/a>\n\t\t\t<\/h3>\n\t\t\n\t\t\t        <div class=\"ova-product-location\">\n\t            <i aria-hidden=\"true\" class=\"icomoon icomoon-location\"><\/i>\n\t            <span class=\"location\">\n\t                Casablanca, Marrakech\t            <\/span>\n\t        <\/div>\n\t    \t<\/div>\n    <div class=\"ova-product-review-and-price\">\n    \t\t\t<div class=\"ova-product-wrapper-price\">\n\t\t\t\t\t\t<div class=\"ova-tour-day\">\n\t\t\t\t<i aria-hidden=\"true\" class=\"icomoon icomoon-clock\"><\/i>\n\t\t\t\t\t\t\t\t\t\t\t\t\t\t\t10 jours\t\t\t\t\t\t\t\t\t\t\t\t\t\n\t\t\t<\/div>\n\t\t\t\t\t\n\t\t\t\t\t\t\t<a href=\"https:\/\/www.excursionaldesierto.com\/fr\/tour\/10-jours-de-casablanca-au-desert-du-sahara-et-a-la-cote-atlantique-du-maroc\/\" class=\"btn product-btn-book-now\">\n\t\t\t\t\t<span>Explorer<\/span>\n\t\t\t\t<\/a>\n\t\t\t\t\t<\/div>\n    <\/div>\n<\/div><\/div>\t\t\t\t\t\t\t<\/div>\n\n\t\t\n\t\t\t\t\t\t<\/div>\n\t\t\t\t<\/div>\n\t\t\t\t\t<\/div>\n\t\t\t\t<\/div>\n\t\t\t\t<\/div>\n\t\t","protected":false},"excerpt":{"rendered":"<p>Depuis Casablanca, nous proposons une grande vari\u00e9t\u00e9 de circuits et d&rsquo;excursions con\u00e7us pour vous offrir des exp\u00e9riences inoubliables. Depuis Casablanca, vous pourrez explorer des destinations uniques avec des guides experts qui vous garantissent une aventure s\u00fbre et enrichissante. D\u00e9couvrez depuis Casablanca les meilleures options pour d\u00e9couvrir des paysages impressionnants, une culture vibrante et des traditions [&hellip;]<\/p>\n","protected":false},"author":1,"featured_media":0,"parent":0,"menu_order":0,"comment_status":"closed","ping_status":"closed","template":"","meta":{"_joinchat":[],"footnotes":""},"class_list":["post-11283","page","type-page","status-publish","hentry"],"yoast_head":"<!-- This site is optimized with the Yoast SEO Premium plugin v26.0 (Yoast SEO v26.0) - https:\/\/yoast.com\/wordpress\/plugins\/seo\/ -->\n<title>Circuit au d\u00e9part de Casablanca \u2013 Villes imp\u00e9riales et d\u00e9sert<\/title>\n<meta name=\"description\" content=\"Explorez les villes imp\u00e9riales et le d\u00e9sert du Maroc au d\u00e9part de Casablanca. Circuit unique alliant culture, histoire et paysages grandioses.\" \/>\n<meta name=\"robots\" content=\"index, follow, max-snippet:-1, max-image-preview:large, max-video-preview:-1\" \/>\n<link rel=\"canonical\" href=\"https:\/\/www.excursionaldesierto.com\/fr\/circuit-au-depart-de-casablanca\/\" \/>\n<meta property=\"og:locale\" content=\"fr_FR\" \/>\n<meta property=\"og:type\" content=\"article\" \/>\n<meta property=\"og:title\" content=\"Circuit au d\u00e9part de Casablanca\" \/>\n<meta property=\"og:description\" content=\"Explorez les villes imp\u00e9riales et le d\u00e9sert du Maroc au d\u00e9part de Casablanca. Circuit unique alliant culture, histoire et paysages grandioses.\" \/>\n<meta property=\"og:url\" content=\"https:\/\/www.excursionaldesierto.com\/fr\/circuit-au-depart-de-casablanca\/\" \/>\n<meta property=\"og:site_name\" content=\"Excursion al desierto\" \/>\n<meta property=\"article:modified_time\" content=\"2025-12-02T17:05:27+00:00\" \/>\n<meta property=\"og:image\" content=\"https:\/\/www.excursionaldesierto.com\/wp-content\/uploads\/2025\/09\/47-636x426.webp\" \/>\n<meta name=\"twitter:card\" content=\"summary_large_image\" \/>\n<meta name=\"twitter:label1\" content=\"Dur\u00e9e de lecture estim\u00e9e\" \/>\n\t<meta name=\"twitter:data1\" content=\"2 minutes\" \/>\n<script type=\"application\/ld+json\" class=\"yoast-schema-graph\">{\"@context\":\"https:\/\/schema.org\",\"@graph\":[{\"@type\":\"WebPage\",\"@id\":\"https:\/\/www.excursionaldesierto.com\/fr\/circuit-au-depart-de-casablanca\/\",\"url\":\"https:\/\/www.excursionaldesierto.com\/fr\/circuit-au-depart-de-casablanca\/\",\"name\":\"Circuit au d\u00e9part de Casablanca \u2013 Villes imp\u00e9riales et d\u00e9sert\",\"isPartOf\":{\"@id\":\"https:\/\/www.excursionaldesierto.com\/fr\/#website\"},\"primaryImageOfPage\":{\"@id\":\"https:\/\/www.excursionaldesierto.com\/fr\/circuit-au-depart-de-casablanca\/#primaryimage\"},\"image\":{\"@id\":\"https:\/\/www.excursionaldesierto.com\/fr\/circuit-au-depart-de-casablanca\/#primaryimage\"},\"thumbnailUrl\":\"https:\/\/www.excursionaldesierto.com\/wp-content\/uploads\/2025\/09\/47-636x426.webp\",\"datePublished\":\"2025-12-02T16:31:46+00:00\",\"dateModified\":\"2025-12-02T17:05:27+00:00\",\"description\":\"Explorez les villes imp\u00e9riales et le d\u00e9sert du Maroc au d\u00e9part de Casablanca. Circuit unique alliant culture, histoire et paysages grandioses.\",\"breadcrumb\":{\"@id\":\"https:\/\/www.excursionaldesierto.com\/fr\/circuit-au-depart-de-casablanca\/#breadcrumb\"},\"inLanguage\":\"fr-FR\",\"potentialAction\":[{\"@type\":\"ReadAction\",\"target\":[\"https:\/\/www.excursionaldesierto.com\/fr\/circuit-au-depart-de-casablanca\/\"]}]},{\"@type\":\"ImageObject\",\"inLanguage\":\"fr-FR\",\"@id\":\"https:\/\/www.excursionaldesierto.com\/fr\/circuit-au-depart-de-casablanca\/#primaryimage\",\"url\":\"https:\/\/www.excursionaldesierto.com\/wp-content\/uploads\/2025\/09\/47-636x426.webp\",\"contentUrl\":\"https:\/\/www.excursionaldesierto.com\/wp-content\/uploads\/2025\/09\/47-636x426.webp\"},{\"@type\":\"BreadcrumbList\",\"@id\":\"https:\/\/www.excursionaldesierto.com\/fr\/circuit-au-depart-de-casablanca\/#breadcrumb\",\"itemListElement\":[{\"@type\":\"ListItem\",\"position\":1,\"name\":\"Home\",\"item\":\"https:\/\/www.excursionaldesierto.com\/fr\/\"},{\"@type\":\"ListItem\",\"position\":2,\"name\":\"Circuit au d\u00e9part de Casablanca\"}]},{\"@type\":\"WebSite\",\"@id\":\"https:\/\/www.excursionaldesierto.com\/fr\/#website\",\"url\":\"https:\/\/www.excursionaldesierto.com\/fr\/\",\"name\":\"Excursion al desierto\",\"description\":\"\",\"potentialAction\":[{\"@type\":\"SearchAction\",\"target\":{\"@type\":\"EntryPoint\",\"urlTemplate\":\"https:\/\/www.excursionaldesierto.com\/fr\/?s={search_term_string}\"},\"query-input\":{\"@type\":\"PropertyValueSpecification\",\"valueRequired\":true,\"valueName\":\"search_term_string\"}}],\"inLanguage\":\"fr-FR\"}]}<\/script>\n<!-- \/ Yoast SEO Premium plugin. -->","yoast_head_json":{"title":"Circuit au d\u00e9part de Casablanca \u2013 Villes imp\u00e9riales et d\u00e9sert","description":"Explorez les villes imp\u00e9riales et le d\u00e9sert du Maroc au d\u00e9part de Casablanca. Circuit unique alliant culture, histoire et paysages grandioses.","robots":{"index":"index","follow":"follow","max-snippet":"max-snippet:-1","max-image-preview":"max-image-preview:large","max-video-preview":"max-video-preview:-1"},"canonical":"https:\/\/www.excursionaldesierto.com\/fr\/circuit-au-depart-de-casablanca\/","og_locale":"fr_FR","og_type":"article","og_title":"Circuit au d\u00e9part de Casablanca","og_description":"Explorez les villes imp\u00e9riales et le d\u00e9sert du Maroc au d\u00e9part de Casablanca. Circuit unique alliant culture, histoire et paysages grandioses.","og_url":"https:\/\/www.excursionaldesierto.com\/fr\/circuit-au-depart-de-casablanca\/","og_site_name":"Excursion al desierto","article_modified_time":"2025-12-02T17:05:27+00:00","og_image":[{"url":"https:\/\/www.excursionaldesierto.com\/wp-content\/uploads\/2025\/09\/47-636x426.webp","type":"","width":"","height":""}],"twitter_card":"summary_large_image","twitter_misc":{"Dur\u00e9e de lecture estim\u00e9e":"2 minutes"},"schema":{"@context":"https:\/\/schema.org","@graph":[{"@type":"WebPage","@id":"https:\/\/www.excursionaldesierto.com\/fr\/circuit-au-depart-de-casablanca\/","url":"https:\/\/www.excursionaldesierto.com\/fr\/circuit-au-depart-de-casablanca\/","name":"Circuit au d\u00e9part de Casablanca \u2013 Villes imp\u00e9riales et d\u00e9sert","isPartOf":{"@id":"https:\/\/www.excursionaldesierto.com\/fr\/#website"},"primaryImageOfPage":{"@id":"https:\/\/www.excursionaldesierto.com\/fr\/circuit-au-depart-de-casablanca\/#primaryimage"},"image":{"@id":"https:\/\/www.excursionaldesierto.com\/fr\/circuit-au-depart-de-casablanca\/#primaryimage"},"thumbnailUrl":"https:\/\/www.excursionaldesierto.com\/wp-content\/uploads\/2025\/09\/47-636x426.webp","datePublished":"2025-12-02T16:31:46+00:00","dateModified":"2025-12-02T17:05:27+00:00","description":"Explorez les villes imp\u00e9riales et le d\u00e9sert du Maroc au d\u00e9part de Casablanca. Circuit unique alliant culture, histoire et paysages grandioses.","breadcrumb":{"@id":"https:\/\/www.excursionaldesierto.com\/fr\/circuit-au-depart-de-casablanca\/#breadcrumb"},"inLanguage":"fr-FR","potentialAction":[{"@type":"ReadAction","target":["https:\/\/www.excursionaldesierto.com\/fr\/circuit-au-depart-de-casablanca\/"]}]},{"@type":"ImageObject","inLanguage":"fr-FR","@id":"https:\/\/www.excursionaldesierto.com\/fr\/circuit-au-depart-de-casablanca\/#primaryimage","url":"https:\/\/www.excursionaldesierto.com\/wp-content\/uploads\/2025\/09\/47-636x426.webp","contentUrl":"https:\/\/www.excursionaldesierto.com\/wp-content\/uploads\/2025\/09\/47-636x426.webp"},{"@type":"BreadcrumbList","@id":"https:\/\/www.excursionaldesierto.com\/fr\/circuit-au-depart-de-casablanca\/#breadcrumb","itemListElement":[{"@type":"ListItem","position":1,"name":"Home","item":"https:\/\/www.excursionaldesierto.com\/fr\/"},{"@type":"ListItem","position":2,"name":"Circuit au d\u00e9part de Casablanca"}]},{"@type":"WebSite","@id":"https:\/\/www.excursionaldesierto.com\/fr\/#website","url":"https:\/\/www.excursionaldesierto.com\/fr\/","name":"Excursion al desierto","description":"","potentialAction":[{"@type":"SearchAction","target":{"@type":"EntryPoint","urlTemplate":"https:\/\/www.excursionaldesierto.com\/fr\/?s={search_term_string}"},"query-input":{"@type":"PropertyValueSpecification","valueRequired":true,"valueName":"search_term_string"}}],"inLanguage":"fr-FR"}]}},"_links":{"self":[{"href":"https:\/\/www.excursionaldesierto.com\/fr\/wp-json\/wp\/v2\/pages\/11283","targetHints":{"allow":["GET"]}}],"collection":[{"href":"https:\/\/www.excursionaldesierto.com\/fr\/wp-json\/wp\/v2\/pages"}],"about":[{"href":"https:\/\/www.excursionaldesierto.com\/fr\/wp-json\/wp\/v2\/types\/page"}],"author":[{"embeddable":true,"href":"https:\/\/www.excursionaldesierto.com\/fr\/wp-json\/wp\/v2\/users\/1"}],"replies":[{"embeddable":true,"href":"https:\/\/www.excursionaldesierto.com\/fr\/wp-json\/wp\/v2\/comments?post=11283"}],"version-history":[{"count":4,"href":"https:\/\/www.excursionaldesierto.com\/fr\/wp-json\/wp\/v2\/pages\/11283\/revisions"}],"predecessor-version":[{"id":11295,"href":"https:\/\/www.excursionaldesierto.com\/fr\/wp-json\/wp\/v2\/pages\/11283\/revisions\/11295"}],"wp:attachment":[{"href":"https:\/\/www.excursionaldesierto.com\/fr\/wp-json\/wp\/v2\/media?parent=11283"}],"curies":[{"name":"wp","href":"https:\/\/api.w.org\/{rel}","templated":true}]}}