{"id":11370,"date":"2025-12-02T19:34:28","date_gmt":"2025-12-02T19:34:28","guid":{"rendered":"https:\/\/www.excursionaldesierto.com\/ofertas-especiales\/"},"modified":"2025-12-02T22:49:59","modified_gmt":"2025-12-02T22:49:59","slug":"offres-speciales","status":"publish","type":"page","link":"https:\/\/www.excursionaldesierto.com\/fr\/offres-speciales\/","title":{"rendered":"Offres sp\u00e9ciales"},"content":{"rendered":"\t\t<div data-elementor-type=\"wp-page\" data-elementor-id=\"11370\" class=\"elementor elementor-11370 elementor-11343\" data-elementor-post-type=\"page\">\n\t\t\t\t<div class=\"elementor-element elementor-element-d2502b9 e-flex e-con-boxed e-con e-parent\" data-id=\"d2502b9\" data-element_type=\"container\">\n\t\t\t\t\t<div class=\"e-con-inner\">\n\t\t\t\t<div class=\"elementor-element elementor-element-fceb950 elementor-widget elementor-widget-text-editor\" data-id=\"fceb950\" data-element_type=\"widget\" data-widget_type=\"text-editor.default\">\n\t\t\t\t\t\t\t\t\t<p>D\u00e9couvrez nos offres incroyables sur les circuits, les voyages organis\u00e9s et les excursions au Maroc. Profitez de r\u00e9ductions exclusives et de promotions sp\u00e9ciales pour vivre des exp\u00e9riences uniques au meilleur prix.<\/p><p>Que vous recherchiez des aventures dans le d\u00e9sert, des visites culturelles ou des escapades courtes, nos offres s&rsquo;adaptent \u00e0 tous les go\u00fbts et \u00e0 tous les budgets. Ne manquez pas l&rsquo;occasion de r\u00e9server votre prochaine aventure \u00e0 des prix irr\u00e9sistibles et profitez de la meilleure qualit\u00e9 et du meilleur service.<\/p>\t\t\t\t\t\t\t\t<\/div>\n\t\t\t\t\t<\/div>\n\t\t\t\t<\/div>\n\t\t<div class=\"elementor-element elementor-element-1d38088 e-flex e-con-boxed e-con e-parent\" data-id=\"1d38088\" data-element_type=\"container\">\n\t\t\t\t\t<div class=\"e-con-inner\">\n\t\t\t\t<div class=\"elementor-element elementor-element-e4b01c8 elementor-widget elementor-widget-ovabrw_product_category_ajax\" data-id=\"e4b01c8\" data-element_type=\"widget\" data-widget_type=\"ovabrw_product_category_ajax.default\">\n\t\t\t\t<div class=\"elementor-widget-container\">\n\t\t\t\t\t\n<div class=\"ovabrw-category-ajax\">\n\t<ul class=\"ovabrw-category-list\">\n\t\t\t\t\t\t\t\t\t<li class=\"category-item active\" data-term-id=\"96\">\n\t\t\t\t\tOffres sp\u00e9ciales\t\t\t\t<\/li>\n\t\t\t\t\t\t<\/ul>\n\t<div class=\"ovabrw-category-products\"><\/div>\n\t<!-- Load more -->\n\t<div class=\"wrap-load-more\">\n\t\t<svg class=\"loader\" width=\"50\" height=\"50\">\n\t\t\t<circle cx=\"25\" cy=\"25\" r=\"10\" \/>\n\t\t\t<circle cx=\"25\" cy=\"25\" r=\"20\" \/>\n\t\t<\/svg>\n\t<\/div>\n\t<input\n\t\ttype=\"hidden\"\n\t\tname=\"category-ajax-input\"\n\t\tdata-posts-per-page=\"6\"\n\t\tdata-paged=\"1\"\n\t\tdata-order=\"ASC\"\n\t\tdata-orderby=\"date\"\n\t\tdata-layout=\"grid\"\n\t\tdata-grid_template=\"template_1\"\n\t\tdata-column=\"column3\"\n\t\tdata-thumbnail-type=\"image\"\n\t\tdata-pagination=\"yes\"\n\t\/>\n<\/div>\t\t\t\t<\/div>\n\t\t\t\t<\/div>\n\t\t\t\t\t<\/div>\n\t\t\t\t<\/div>\n\t\t\t\t<\/div>\n\t\t","protected":false},"excerpt":{"rendered":"<p>D\u00e9couvrez nos offres incroyables sur les circuits, les voyages organis\u00e9s et les excursions au Maroc. Profitez de r\u00e9ductions exclusives et de promotions sp\u00e9ciales pour vivre des exp\u00e9riences uniques au meilleur prix. Que vous recherchiez des aventures dans le d\u00e9sert, des visites culturelles ou des escapades courtes, nos offres s&rsquo;adaptent \u00e0 tous les go\u00fbts et \u00e0 [&hellip;]<\/p>\n","protected":false},"author":1,"featured_media":0,"parent":0,"menu_order":0,"comment_status":"closed","ping_status":"closed","template":"","meta":{"_joinchat":[],"footnotes":""},"class_list":["post-11370","page","type-page","status-publish","hentry"],"yoast_head":"<!-- This site is optimized with the Yoast SEO Premium plugin v26.0 (Yoast SEO v26.0) - https:\/\/yoast.com\/wordpress\/plugins\/seo\/ -->\n<title>Offres sp\u00e9ciales Maroc : Promotions exclusives tourisme<\/title>\n<meta name=\"description\" content=\"D\u00e9couvrez nos offres sp\u00e9ciales au Maroc : r\u00e9ductions sur circuits d\u00e9sert, excursions quad et s\u00e9jours inoubliables. R\u00e9servez maintenant vos promotions limit\u00e9es !\u200b\" \/>\n<meta name=\"robots\" content=\"index, follow, max-snippet:-1, max-image-preview:large, max-video-preview:-1\" \/>\n<link rel=\"canonical\" href=\"https:\/\/www.excursionaldesierto.com\/fr\/offres-speciales\/\" \/>\n<meta property=\"og:locale\" content=\"fr_FR\" \/>\n<meta property=\"og:type\" content=\"article\" \/>\n<meta property=\"og:title\" content=\"Offres sp\u00e9ciales\" \/>\n<meta property=\"og:description\" content=\"D\u00e9couvrez nos offres sp\u00e9ciales au Maroc : r\u00e9ductions sur circuits d\u00e9sert, excursions quad et s\u00e9jours inoubliables. R\u00e9servez maintenant vos promotions limit\u00e9es !\u200b\" \/>\n<meta property=\"og:url\" content=\"https:\/\/www.excursionaldesierto.com\/fr\/offres-speciales\/\" \/>\n<meta property=\"og:site_name\" content=\"Excursion al desierto\" \/>\n<meta property=\"article:modified_time\" content=\"2025-12-02T22:49:59+00:00\" \/>\n<meta name=\"twitter:card\" content=\"summary_large_image\" \/>\n<meta name=\"twitter:label1\" content=\"Dur\u00e9e de lecture estim\u00e9e\" \/>\n\t<meta name=\"twitter:data1\" content=\"1 minute\" \/>\n<script type=\"application\/ld+json\" class=\"yoast-schema-graph\">{\"@context\":\"https:\/\/schema.org\",\"@graph\":[{\"@type\":\"WebPage\",\"@id\":\"https:\/\/www.excursionaldesierto.com\/fr\/offres-speciales\/\",\"url\":\"https:\/\/www.excursionaldesierto.com\/fr\/offres-speciales\/\",\"name\":\"Offres sp\u00e9ciales Maroc : Promotions exclusives tourisme\",\"isPartOf\":{\"@id\":\"https:\/\/www.excursionaldesierto.com\/fr\/#website\"},\"datePublished\":\"2025-12-02T19:34:28+00:00\",\"dateModified\":\"2025-12-02T22:49:59+00:00\",\"description\":\"D\u00e9couvrez nos offres sp\u00e9ciales au Maroc : r\u00e9ductions sur circuits d\u00e9sert, excursions quad et s\u00e9jours inoubliables. R\u00e9servez maintenant vos promotions limit\u00e9es !\u200b\",\"breadcrumb\":{\"@id\":\"https:\/\/www.excursionaldesierto.com\/fr\/offres-speciales\/#breadcrumb\"},\"inLanguage\":\"fr-FR\",\"potentialAction\":[{\"@type\":\"ReadAction\",\"target\":[\"https:\/\/www.excursionaldesierto.com\/fr\/offres-speciales\/\"]}]},{\"@type\":\"BreadcrumbList\",\"@id\":\"https:\/\/www.excursionaldesierto.com\/fr\/offres-speciales\/#breadcrumb\",\"itemListElement\":[{\"@type\":\"ListItem\",\"position\":1,\"name\":\"Home\",\"item\":\"https:\/\/www.excursionaldesierto.com\/fr\/\"},{\"@type\":\"ListItem\",\"position\":2,\"name\":\"Offres sp\u00e9ciales\"}]},{\"@type\":\"WebSite\",\"@id\":\"https:\/\/www.excursionaldesierto.com\/fr\/#website\",\"url\":\"https:\/\/www.excursionaldesierto.com\/fr\/\",\"name\":\"Excursion al desierto\",\"description\":\"\",\"potentialAction\":[{\"@type\":\"SearchAction\",\"target\":{\"@type\":\"EntryPoint\",\"urlTemplate\":\"https:\/\/www.excursionaldesierto.com\/fr\/?s={search_term_string}\"},\"query-input\":{\"@type\":\"PropertyValueSpecification\",\"valueRequired\":true,\"valueName\":\"search_term_string\"}}],\"inLanguage\":\"fr-FR\"}]}<\/script>\n<!-- \/ Yoast SEO Premium plugin. -->","yoast_head_json":{"title":"Offres sp\u00e9ciales Maroc : Promotions exclusives tourisme","description":"D\u00e9couvrez nos offres sp\u00e9ciales au Maroc : r\u00e9ductions sur circuits d\u00e9sert, excursions quad et s\u00e9jours inoubliables. R\u00e9servez maintenant vos promotions limit\u00e9es !\u200b","robots":{"index":"index","follow":"follow","max-snippet":"max-snippet:-1","max-image-preview":"max-image-preview:large","max-video-preview":"max-video-preview:-1"},"canonical":"https:\/\/www.excursionaldesierto.com\/fr\/offres-speciales\/","og_locale":"fr_FR","og_type":"article","og_title":"Offres sp\u00e9ciales","og_description":"D\u00e9couvrez nos offres sp\u00e9ciales au Maroc : r\u00e9ductions sur circuits d\u00e9sert, excursions quad et s\u00e9jours inoubliables. R\u00e9servez maintenant vos promotions limit\u00e9es !\u200b","og_url":"https:\/\/www.excursionaldesierto.com\/fr\/offres-speciales\/","og_site_name":"Excursion al desierto","article_modified_time":"2025-12-02T22:49:59+00:00","twitter_card":"summary_large_image","twitter_misc":{"Dur\u00e9e de lecture estim\u00e9e":"1 minute"},"schema":{"@context":"https:\/\/schema.org","@graph":[{"@type":"WebPage","@id":"https:\/\/www.excursionaldesierto.com\/fr\/offres-speciales\/","url":"https:\/\/www.excursionaldesierto.com\/fr\/offres-speciales\/","name":"Offres sp\u00e9ciales Maroc : Promotions exclusives tourisme","isPartOf":{"@id":"https:\/\/www.excursionaldesierto.com\/fr\/#website"},"datePublished":"2025-12-02T19:34:28+00:00","dateModified":"2025-12-02T22:49:59+00:00","description":"D\u00e9couvrez nos offres sp\u00e9ciales au Maroc : r\u00e9ductions sur circuits d\u00e9sert, excursions quad et s\u00e9jours inoubliables. R\u00e9servez maintenant vos promotions limit\u00e9es !\u200b","breadcrumb":{"@id":"https:\/\/www.excursionaldesierto.com\/fr\/offres-speciales\/#breadcrumb"},"inLanguage":"fr-FR","potentialAction":[{"@type":"ReadAction","target":["https:\/\/www.excursionaldesierto.com\/fr\/offres-speciales\/"]}]},{"@type":"BreadcrumbList","@id":"https:\/\/www.excursionaldesierto.com\/fr\/offres-speciales\/#breadcrumb","itemListElement":[{"@type":"ListItem","position":1,"name":"Home","item":"https:\/\/www.excursionaldesierto.com\/fr\/"},{"@type":"ListItem","position":2,"name":"Offres sp\u00e9ciales"}]},{"@type":"WebSite","@id":"https:\/\/www.excursionaldesierto.com\/fr\/#website","url":"https:\/\/www.excursionaldesierto.com\/fr\/","name":"Excursion al desierto","description":"","potentialAction":[{"@type":"SearchAction","target":{"@type":"EntryPoint","urlTemplate":"https:\/\/www.excursionaldesierto.com\/fr\/?s={search_term_string}"},"query-input":{"@type":"PropertyValueSpecification","valueRequired":true,"valueName":"search_term_string"}}],"inLanguage":"fr-FR"}]}},"_links":{"self":[{"href":"https:\/\/www.excursionaldesierto.com\/fr\/wp-json\/wp\/v2\/pages\/11370","targetHints":{"allow":["GET"]}}],"collection":[{"href":"https:\/\/www.excursionaldesierto.com\/fr\/wp-json\/wp\/v2\/pages"}],"about":[{"href":"https:\/\/www.excursionaldesierto.com\/fr\/wp-json\/wp\/v2\/types\/page"}],"author":[{"embeddable":true,"href":"https:\/\/www.excursionaldesierto.com\/fr\/wp-json\/wp\/v2\/users\/1"}],"replies":[{"embeddable":true,"href":"https:\/\/www.excursionaldesierto.com\/fr\/wp-json\/wp\/v2\/comments?post=11370"}],"version-history":[{"count":8,"href":"https:\/\/www.excursionaldesierto.com\/fr\/wp-json\/wp\/v2\/pages\/11370\/revisions"}],"predecessor-version":[{"id":11468,"href":"https:\/\/www.excursionaldesierto.com\/fr\/wp-json\/wp\/v2\/pages\/11370\/revisions\/11468"}],"wp:attachment":[{"href":"https:\/\/www.excursionaldesierto.com\/fr\/wp-json\/wp\/v2\/media?parent=11370"}],"curies":[{"name":"wp","href":"https:\/\/api.w.org\/{rel}","templated":true}]}}