{"id":11426,"date":"2025-12-02T19:24:30","date_gmt":"2025-12-02T19:24:30","guid":{"rendered":"https:\/\/www.excursionaldesierto.com\/tour-desde-fez\/"},"modified":"2025-12-02T21:06:02","modified_gmt":"2025-12-02T21:06:02","slug":"circuit-au-depart-de-fes","status":"publish","type":"page","link":"https:\/\/www.excursionaldesierto.com\/fr\/circuit-au-depart-de-fes\/","title":{"rendered":"Circuit au d\u00e9part de F\u00e8s"},"content":{"rendered":"\t\t<div data-elementor-type=\"wp-page\" data-elementor-id=\"11426\" class=\"elementor elementor-11426 elementor-11328\" data-elementor-post-type=\"page\">\n\t\t\t\t<div class=\"elementor-element elementor-element-d2502b9 e-flex e-con-boxed e-con e-parent\" data-id=\"d2502b9\" data-element_type=\"container\">\n\t\t\t\t\t<div class=\"e-con-inner\">\n\t\t\t\t<div class=\"elementor-element elementor-element-fceb950 elementor-widget elementor-widget-text-editor\" data-id=\"fceb950\" data-element_type=\"widget\" data-widget_type=\"text-editor.default\">\n\t\t\t\t\t\t\t\t\t<p>Au d\u00e9part de F\u00e8s, nous proposons des circuits et des excursions qui vous permettront de d\u00e9couvrir le riche patrimoine culturel et historique du Maroc.<\/p><p><strong>Depuis F\u00e8s<\/strong>, explorez des destinations proches telles que Mekn\u00e8s, Volubilis et le d\u00e9sert, accompagn\u00e9s de guides experts qui vous garantissent des exp\u00e9riences authentiques et en toute s\u00e9curit\u00e9. D\u00e9couvrez, depuis F\u00e8s, la porte d&rsquo;entr\u00e9e vers des aventures inoubliables qui allient tradition, nature et culture dans chaque circuit con\u00e7u sur mesure.<\/p>\t\t\t\t\t\t\t\t<\/div>\n\t\t\t\t\t<\/div>\n\t\t\t\t<\/div>\n\t\t<div class=\"elementor-element elementor-element-1d38088 e-flex e-con-boxed e-con e-parent\" data-id=\"1d38088\" data-element_type=\"container\">\n\t\t\t\t\t<div class=\"e-con-inner\">\n\t\t\t\t<div class=\"elementor-element elementor-element-e4b01c8 elementor-widget elementor-widget-ovabrw_product_category_ajax\" data-id=\"e4b01c8\" data-element_type=\"widget\" data-widget_type=\"ovabrw_product_category_ajax.default\">\n\t\t\t\t<div class=\"elementor-widget-container\">\n\t\t\t\t\t\n<div class=\"ovabrw-category-ajax\">\n\t<ul class=\"ovabrw-category-list\">\n\t\t\t\t\t\t\t\t\t<li class=\"category-item active\" data-term-id=\"98\">\n\t\t\t\t\tCircuit au d\u00e9part de F\u00e8s\t\t\t\t<\/li>\n\t\t\t\t\t\t<\/ul>\n\t<div class=\"ovabrw-category-products\"><\/div>\n\t<!-- Load more -->\n\t<div class=\"wrap-load-more\">\n\t\t<svg class=\"loader\" width=\"50\" height=\"50\">\n\t\t\t<circle cx=\"25\" cy=\"25\" r=\"10\" \/>\n\t\t\t<circle cx=\"25\" cy=\"25\" r=\"20\" \/>\n\t\t<\/svg>\n\t<\/div>\n\t<input\n\t\ttype=\"hidden\"\n\t\tname=\"category-ajax-input\"\n\t\tdata-posts-per-page=\"6\"\n\t\tdata-paged=\"1\"\n\t\tdata-order=\"ASC\"\n\t\tdata-orderby=\"date\"\n\t\tdata-layout=\"grid\"\n\t\tdata-grid_template=\"template_1\"\n\t\tdata-column=\"column3\"\n\t\tdata-thumbnail-type=\"image\"\n\t\tdata-pagination=\"yes\"\n\t\/>\n<\/div>\t\t\t\t<\/div>\n\t\t\t\t<\/div>\n\t\t\t\t\t<\/div>\n\t\t\t\t<\/div>\n\t\t\t\t<\/div>\n\t\t","protected":false},"excerpt":{"rendered":"<p>Au d\u00e9part de F\u00e8s, nous proposons des circuits et des excursions qui vous permettront de d\u00e9couvrir le riche patrimoine culturel et historique du Maroc. Depuis F\u00e8s, explorez des destinations proches telles que Mekn\u00e8s, Volubilis et le d\u00e9sert, accompagn\u00e9s de guides experts qui vous garantissent des exp\u00e9riences authentiques et en toute s\u00e9curit\u00e9. D\u00e9couvrez, depuis F\u00e8s, la [&hellip;]<\/p>\n","protected":false},"author":1,"featured_media":0,"parent":0,"menu_order":0,"comment_status":"closed","ping_status":"closed","template":"","meta":{"_joinchat":[],"footnotes":""},"class_list":["post-11426","page","type-page","status-publish","hentry"],"yoast_head":"<!-- This site is optimized with the Yoast SEO Premium plugin v26.0 (Yoast SEO v26.0) - https:\/\/yoast.com\/wordpress\/plugins\/seo\/ -->\n<title>Circuits et excursions au d\u00e9part de F\u00e8s - D\u00e9couvrez le Maroc authentique<\/title>\n<meta name=\"description\" content=\"R\u00e9servez vos visites et excursions au d\u00e9part de F\u00e8s. Vivez des exp\u00e9riences uniques avec des guides experts et explorez d\u00e8s aujourd&#039;hui des sites historiques et naturels exceptionnels.\" \/>\n<meta name=\"robots\" content=\"index, follow, max-snippet:-1, max-image-preview:large, max-video-preview:-1\" \/>\n<link rel=\"canonical\" href=\"https:\/\/www.excursionaldesierto.com\/fr\/circuit-au-depart-de-fes\/\" \/>\n<meta property=\"og:locale\" content=\"fr_FR\" \/>\n<meta property=\"og:type\" content=\"article\" \/>\n<meta property=\"og:title\" content=\"Circuit au d\u00e9part de F\u00e8s\" \/>\n<meta property=\"og:description\" content=\"R\u00e9servez vos visites et excursions au d\u00e9part de F\u00e8s. Vivez des exp\u00e9riences uniques avec des guides experts et explorez d\u00e8s aujourd&#039;hui des sites historiques et naturels exceptionnels.\" \/>\n<meta property=\"og:url\" content=\"https:\/\/www.excursionaldesierto.com\/fr\/circuit-au-depart-de-fes\/\" \/>\n<meta property=\"og:site_name\" content=\"Excursion al desierto\" \/>\n<meta property=\"article:modified_time\" content=\"2025-12-02T21:06:02+00:00\" \/>\n<meta name=\"twitter:card\" content=\"summary_large_image\" \/>\n<meta name=\"twitter:label1\" content=\"Dur\u00e9e de lecture estim\u00e9e\" \/>\n\t<meta name=\"twitter:data1\" content=\"1 minute\" \/>\n<script type=\"application\/ld+json\" class=\"yoast-schema-graph\">{\"@context\":\"https:\/\/schema.org\",\"@graph\":[{\"@type\":\"WebPage\",\"@id\":\"https:\/\/www.excursionaldesierto.com\/fr\/circuit-au-depart-de-fes\/\",\"url\":\"https:\/\/www.excursionaldesierto.com\/fr\/circuit-au-depart-de-fes\/\",\"name\":\"Circuits et excursions au d\u00e9part de F\u00e8s - D\u00e9couvrez le Maroc authentique\",\"isPartOf\":{\"@id\":\"https:\/\/www.excursionaldesierto.com\/fr\/#website\"},\"datePublished\":\"2025-12-02T19:24:30+00:00\",\"dateModified\":\"2025-12-02T21:06:02+00:00\",\"description\":\"R\u00e9servez vos visites et excursions au d\u00e9part de F\u00e8s. Vivez des exp\u00e9riences uniques avec des guides experts et explorez d\u00e8s aujourd'hui des sites historiques et naturels exceptionnels.\",\"breadcrumb\":{\"@id\":\"https:\/\/www.excursionaldesierto.com\/fr\/circuit-au-depart-de-fes\/#breadcrumb\"},\"inLanguage\":\"fr-FR\",\"potentialAction\":[{\"@type\":\"ReadAction\",\"target\":[\"https:\/\/www.excursionaldesierto.com\/fr\/circuit-au-depart-de-fes\/\"]}]},{\"@type\":\"BreadcrumbList\",\"@id\":\"https:\/\/www.excursionaldesierto.com\/fr\/circuit-au-depart-de-fes\/#breadcrumb\",\"itemListElement\":[{\"@type\":\"ListItem\",\"position\":1,\"name\":\"Home\",\"item\":\"https:\/\/www.excursionaldesierto.com\/fr\/\"},{\"@type\":\"ListItem\",\"position\":2,\"name\":\"Circuit au d\u00e9part de F\u00e8s\"}]},{\"@type\":\"WebSite\",\"@id\":\"https:\/\/www.excursionaldesierto.com\/fr\/#website\",\"url\":\"https:\/\/www.excursionaldesierto.com\/fr\/\",\"name\":\"Excursion al desierto\",\"description\":\"\",\"potentialAction\":[{\"@type\":\"SearchAction\",\"target\":{\"@type\":\"EntryPoint\",\"urlTemplate\":\"https:\/\/www.excursionaldesierto.com\/fr\/?s={search_term_string}\"},\"query-input\":{\"@type\":\"PropertyValueSpecification\",\"valueRequired\":true,\"valueName\":\"search_term_string\"}}],\"inLanguage\":\"fr-FR\"}]}<\/script>\n<!-- \/ Yoast SEO Premium plugin. -->","yoast_head_json":{"title":"Circuits et excursions au d\u00e9part de F\u00e8s - D\u00e9couvrez le Maroc authentique","description":"R\u00e9servez vos visites et excursions au d\u00e9part de F\u00e8s. Vivez des exp\u00e9riences uniques avec des guides experts et explorez d\u00e8s aujourd'hui des sites historiques et naturels exceptionnels.","robots":{"index":"index","follow":"follow","max-snippet":"max-snippet:-1","max-image-preview":"max-image-preview:large","max-video-preview":"max-video-preview:-1"},"canonical":"https:\/\/www.excursionaldesierto.com\/fr\/circuit-au-depart-de-fes\/","og_locale":"fr_FR","og_type":"article","og_title":"Circuit au d\u00e9part de F\u00e8s","og_description":"R\u00e9servez vos visites et excursions au d\u00e9part de F\u00e8s. Vivez des exp\u00e9riences uniques avec des guides experts et explorez d\u00e8s aujourd'hui des sites historiques et naturels exceptionnels.","og_url":"https:\/\/www.excursionaldesierto.com\/fr\/circuit-au-depart-de-fes\/","og_site_name":"Excursion al desierto","article_modified_time":"2025-12-02T21:06:02+00:00","twitter_card":"summary_large_image","twitter_misc":{"Dur\u00e9e de lecture estim\u00e9e":"1 minute"},"schema":{"@context":"https:\/\/schema.org","@graph":[{"@type":"WebPage","@id":"https:\/\/www.excursionaldesierto.com\/fr\/circuit-au-depart-de-fes\/","url":"https:\/\/www.excursionaldesierto.com\/fr\/circuit-au-depart-de-fes\/","name":"Circuits et excursions au d\u00e9part de F\u00e8s - D\u00e9couvrez le Maroc authentique","isPartOf":{"@id":"https:\/\/www.excursionaldesierto.com\/fr\/#website"},"datePublished":"2025-12-02T19:24:30+00:00","dateModified":"2025-12-02T21:06:02+00:00","description":"R\u00e9servez vos visites et excursions au d\u00e9part de F\u00e8s. Vivez des exp\u00e9riences uniques avec des guides experts et explorez d\u00e8s aujourd'hui des sites historiques et naturels exceptionnels.","breadcrumb":{"@id":"https:\/\/www.excursionaldesierto.com\/fr\/circuit-au-depart-de-fes\/#breadcrumb"},"inLanguage":"fr-FR","potentialAction":[{"@type":"ReadAction","target":["https:\/\/www.excursionaldesierto.com\/fr\/circuit-au-depart-de-fes\/"]}]},{"@type":"BreadcrumbList","@id":"https:\/\/www.excursionaldesierto.com\/fr\/circuit-au-depart-de-fes\/#breadcrumb","itemListElement":[{"@type":"ListItem","position":1,"name":"Home","item":"https:\/\/www.excursionaldesierto.com\/fr\/"},{"@type":"ListItem","position":2,"name":"Circuit au d\u00e9part de F\u00e8s"}]},{"@type":"WebSite","@id":"https:\/\/www.excursionaldesierto.com\/fr\/#website","url":"https:\/\/www.excursionaldesierto.com\/fr\/","name":"Excursion al desierto","description":"","potentialAction":[{"@type":"SearchAction","target":{"@type":"EntryPoint","urlTemplate":"https:\/\/www.excursionaldesierto.com\/fr\/?s={search_term_string}"},"query-input":{"@type":"PropertyValueSpecification","valueRequired":true,"valueName":"search_term_string"}}],"inLanguage":"fr-FR"}]}},"_links":{"self":[{"href":"https:\/\/www.excursionaldesierto.com\/fr\/wp-json\/wp\/v2\/pages\/11426","targetHints":{"allow":["GET"]}}],"collection":[{"href":"https:\/\/www.excursionaldesierto.com\/fr\/wp-json\/wp\/v2\/pages"}],"about":[{"href":"https:\/\/www.excursionaldesierto.com\/fr\/wp-json\/wp\/v2\/types\/page"}],"author":[{"embeddable":true,"href":"https:\/\/www.excursionaldesierto.com\/fr\/wp-json\/wp\/v2\/users\/1"}],"replies":[{"embeddable":true,"href":"https:\/\/www.excursionaldesierto.com\/fr\/wp-json\/wp\/v2\/comments?post=11426"}],"version-history":[{"count":4,"href":"https:\/\/www.excursionaldesierto.com\/fr\/wp-json\/wp\/v2\/pages\/11426\/revisions"}],"predecessor-version":[{"id":11431,"href":"https:\/\/www.excursionaldesierto.com\/fr\/wp-json\/wp\/v2\/pages\/11426\/revisions\/11431"}],"wp:attachment":[{"href":"https:\/\/www.excursionaldesierto.com\/fr\/wp-json\/wp\/v2\/media?parent=11426"}],"curies":[{"name":"wp","href":"https:\/\/api.w.org\/{rel}","templated":true}]}}