{"id":11460,"date":"2025-12-02T19:30:58","date_gmt":"2025-12-02T19:30:58","guid":{"rendered":"https:\/\/www.excursionaldesierto.com\/excursions\/"},"modified":"2025-12-02T22:41:46","modified_gmt":"2025-12-02T22:41:46","slug":"excursions","status":"publish","type":"page","link":"https:\/\/www.excursionaldesierto.com\/fr\/excursions\/","title":{"rendered":"Excursions"},"content":{"rendered":"\t\t<div data-elementor-type=\"wp-page\" data-elementor-id=\"11460\" class=\"elementor elementor-11460 elementor-11338\" data-elementor-post-type=\"page\">\n\t\t\t\t<div class=\"elementor-element elementor-element-d2502b9 e-flex e-con-boxed e-con e-parent\" data-id=\"d2502b9\" data-element_type=\"container\">\n\t\t\t\t\t<div class=\"e-con-inner\">\n\t\t\t\t<div class=\"elementor-element elementor-element-fceb950 elementor-widget elementor-widget-text-editor\" data-id=\"fceb950\" data-element_type=\"widget\" data-widget_type=\"text-editor.default\">\n\t\t\t\t\t\t\t\t\t<p class=\"my-2 [&amp;+p]:mt-4 [&amp;_strong:has(+br)]:inline-block [&amp;_strong:has(+br)]:pb-2\"><span class=\"group\/language-learning cursor-pointer\"><span class=\"group-hover\/language-learning:border-foreground border-subtle cursor-pointer hyphens-auto break-words border-b-2 border-dotted outline-none transition-colors duration-200 ease-out font-sans text-base font-medium text-foreground selection:bg-super\/50 selection:text-foreground dark:selection:bg-super\/10 dark:selection:text-super\">Explorez notre large s\u00e9lection d\u2019excursions au Maroc, con\u00e7ues pour vous offrir des exp\u00e9riences authentiques et m\u00e9morables.<\/span><\/span><\/p><p class=\"my-2 [&amp;+p]:mt-4 [&amp;_strong:has(+br)]:inline-block [&amp;_strong:has(+br)]:pb-2\"><span class=\"group\/language-learning cursor-pointer\"><span class=\"group-hover\/language-learning:border-foreground border-subtle cursor-pointer hyphens-auto break-words border-b-2 border-dotted outline-none transition-colors duration-200 ease-out font-sans text-base font-medium text-foreground selection:bg-super\/50 selection:text-foreground dark:selection:bg-super\/10 dark:selection:text-super\"><br \/>Des paysages d\u00e9sertiques aux villes historiques, nos excursions vous permettent de d\u00e9couvrir la diversit\u00e9 culturelle et naturelle du pays avec des guides experts. Profitez d\u2019itin\u00e9raires personnalis\u00e9s et d\u2019activit\u00e9s uniques qui font de chaque excursion au Maroc une aventure inoubliable.<\/span><\/span><\/p><p class=\"my-2 [&amp;+p]:mt-4 [&amp;_strong:has(+br)]:inline-block [&amp;_strong:has(+br)]:pb-2\"><span class=\"group\/language-learning cursor-pointer\"><span class=\"group-hover\/language-learning:border-foreground border-subtle cursor-pointer hyphens-auto break-words border-b-2 border-dotted outline-none transition-colors duration-200 ease-out font-sans text-base font-medium text-foreground selection:bg-super\/50 selection:text-foreground dark:selection:bg-super\/10 dark:selection:text-super\"> R\u00e9servez d\u00e8s aujourd\u2019hui et commencez votre voyage \u00e0 travers le fascinant monde marocain.<\/span><\/span><\/p>\t\t\t\t\t\t\t\t<\/div>\n\t\t\t\t\t<\/div>\n\t\t\t\t<\/div>\n\t\t<div class=\"elementor-element elementor-element-1d38088 e-flex e-con-boxed e-con e-parent\" data-id=\"1d38088\" data-element_type=\"container\">\n\t\t\t\t\t<div class=\"e-con-inner\">\n\t\t\t\t<div class=\"elementor-element elementor-element-e4b01c8 elementor-widget elementor-widget-ovabrw_product_category_ajax\" data-id=\"e4b01c8\" data-element_type=\"widget\" data-widget_type=\"ovabrw_product_category_ajax.default\">\n\t\t\t\t<div class=\"elementor-widget-container\">\n\t\t\t\t\t\n<div class=\"ovabrw-category-ajax\">\n\t<ul class=\"ovabrw-category-list\">\n\t\t\t\t\t\t\t\t\t<li class=\"category-item active\" data-term-id=\"54\">\n\t\t\t\t\tExcursiones\t\t\t\t<\/li>\n\t\t\t\t\t\t<\/ul>\n\t<div class=\"ovabrw-category-products\"><\/div>\n\t<!-- Load more -->\n\t<div class=\"wrap-load-more\">\n\t\t<svg class=\"loader\" width=\"50\" height=\"50\">\n\t\t\t<circle cx=\"25\" cy=\"25\" r=\"10\" \/>\n\t\t\t<circle cx=\"25\" cy=\"25\" r=\"20\" \/>\n\t\t<\/svg>\n\t<\/div>\n\t<input\n\t\ttype=\"hidden\"\n\t\tname=\"category-ajax-input\"\n\t\tdata-posts-per-page=\"6\"\n\t\tdata-paged=\"1\"\n\t\tdata-order=\"ASC\"\n\t\tdata-orderby=\"date\"\n\t\tdata-layout=\"grid\"\n\t\tdata-grid_template=\"template_1\"\n\t\tdata-column=\"column3\"\n\t\tdata-thumbnail-type=\"image\"\n\t\tdata-pagination=\"yes\"\n\t\/>\n<\/div>\t\t\t\t<\/div>\n\t\t\t\t<\/div>\n\t\t\t\t\t<\/div>\n\t\t\t\t<\/div>\n\t\t\t\t<\/div>\n\t\t","protected":false},"excerpt":{"rendered":"<p>Explorez notre large s\u00e9lection d\u2019excursions au Maroc, con\u00e7ues pour vous offrir des exp\u00e9riences authentiques et m\u00e9morables. Des paysages d\u00e9sertiques aux villes historiques, nos excursions vous permettent de d\u00e9couvrir la diversit\u00e9 culturelle et naturelle du pays avec des guides experts. Profitez d\u2019itin\u00e9raires personnalis\u00e9s et d\u2019activit\u00e9s uniques qui font de chaque excursion au Maroc une aventure inoubliable. [&hellip;]<\/p>\n","protected":false},"author":1,"featured_media":0,"parent":0,"menu_order":0,"comment_status":"closed","ping_status":"closed","template":"","meta":{"_joinchat":[],"footnotes":""},"class_list":["post-11460","page","type-page","status-publish","hentry"],"yoast_head":"<!-- This site is optimized with the Yoast SEO Premium plugin v26.0 (Yoast SEO v26.0) - https:\/\/yoast.com\/wordpress\/plugins\/seo\/ -->\n<title>Excursions au Maroc - Aventures et culture authentique<\/title>\n<meta name=\"description\" content=\"D\u00e9couvrez les meilleures excursions au Maroc avec des guides experts. Explorez des paysages, une culture et des traditions uniques lors d&#039;exp\u00e9riences inoubliables. R\u00e9servez d\u00e8s maintenant.\" \/>\n<meta name=\"robots\" content=\"index, follow, max-snippet:-1, max-image-preview:large, max-video-preview:-1\" \/>\n<link rel=\"canonical\" href=\"https:\/\/www.excursionaldesierto.com\/fr\/excursions\/\" \/>\n<meta property=\"og:locale\" content=\"fr_FR\" \/>\n<meta property=\"og:type\" content=\"article\" \/>\n<meta property=\"og:title\" content=\"Excursions\" \/>\n<meta property=\"og:description\" content=\"D\u00e9couvrez les meilleures excursions au Maroc avec des guides experts. Explorez des paysages, une culture et des traditions uniques lors d&#039;exp\u00e9riences inoubliables. R\u00e9servez d\u00e8s maintenant.\" \/>\n<meta property=\"og:url\" content=\"https:\/\/www.excursionaldesierto.com\/fr\/excursions\/\" \/>\n<meta property=\"og:site_name\" content=\"Excursion al desierto\" \/>\n<meta property=\"article:modified_time\" content=\"2025-12-02T22:41:46+00:00\" \/>\n<meta name=\"twitter:card\" content=\"summary_large_image\" \/>\n<meta name=\"twitter:label1\" content=\"Dur\u00e9e de lecture estim\u00e9e\" \/>\n\t<meta name=\"twitter:data1\" content=\"2 minutes\" \/>\n<script type=\"application\/ld+json\" class=\"yoast-schema-graph\">{\"@context\":\"https:\/\/schema.org\",\"@graph\":[{\"@type\":\"WebPage\",\"@id\":\"https:\/\/www.excursionaldesierto.com\/fr\/excursions\/\",\"url\":\"https:\/\/www.excursionaldesierto.com\/fr\/excursions\/\",\"name\":\"Excursions au Maroc - Aventures et culture authentique\",\"isPartOf\":{\"@id\":\"https:\/\/www.excursionaldesierto.com\/fr\/#website\"},\"datePublished\":\"2025-12-02T19:30:58+00:00\",\"dateModified\":\"2025-12-02T22:41:46+00:00\",\"description\":\"D\u00e9couvrez les meilleures excursions au Maroc avec des guides experts. Explorez des paysages, une culture et des traditions uniques lors d'exp\u00e9riences inoubliables. R\u00e9servez d\u00e8s maintenant.\",\"breadcrumb\":{\"@id\":\"https:\/\/www.excursionaldesierto.com\/fr\/excursions\/#breadcrumb\"},\"inLanguage\":\"fr-FR\",\"potentialAction\":[{\"@type\":\"ReadAction\",\"target\":[\"https:\/\/www.excursionaldesierto.com\/fr\/excursions\/\"]}]},{\"@type\":\"BreadcrumbList\",\"@id\":\"https:\/\/www.excursionaldesierto.com\/fr\/excursions\/#breadcrumb\",\"itemListElement\":[{\"@type\":\"ListItem\",\"position\":1,\"name\":\"Home\",\"item\":\"https:\/\/www.excursionaldesierto.com\/fr\/\"},{\"@type\":\"ListItem\",\"position\":2,\"name\":\"Excursions\"}]},{\"@type\":\"WebSite\",\"@id\":\"https:\/\/www.excursionaldesierto.com\/fr\/#website\",\"url\":\"https:\/\/www.excursionaldesierto.com\/fr\/\",\"name\":\"Excursion al desierto\",\"description\":\"\",\"potentialAction\":[{\"@type\":\"SearchAction\",\"target\":{\"@type\":\"EntryPoint\",\"urlTemplate\":\"https:\/\/www.excursionaldesierto.com\/fr\/?s={search_term_string}\"},\"query-input\":{\"@type\":\"PropertyValueSpecification\",\"valueRequired\":true,\"valueName\":\"search_term_string\"}}],\"inLanguage\":\"fr-FR\"}]}<\/script>\n<!-- \/ Yoast SEO Premium plugin. -->","yoast_head_json":{"title":"Excursions au Maroc - Aventures et culture authentique","description":"D\u00e9couvrez les meilleures excursions au Maroc avec des guides experts. Explorez des paysages, une culture et des traditions uniques lors d'exp\u00e9riences inoubliables. R\u00e9servez d\u00e8s maintenant.","robots":{"index":"index","follow":"follow","max-snippet":"max-snippet:-1","max-image-preview":"max-image-preview:large","max-video-preview":"max-video-preview:-1"},"canonical":"https:\/\/www.excursionaldesierto.com\/fr\/excursions\/","og_locale":"fr_FR","og_type":"article","og_title":"Excursions","og_description":"D\u00e9couvrez les meilleures excursions au Maroc avec des guides experts. Explorez des paysages, une culture et des traditions uniques lors d'exp\u00e9riences inoubliables. R\u00e9servez d\u00e8s maintenant.","og_url":"https:\/\/www.excursionaldesierto.com\/fr\/excursions\/","og_site_name":"Excursion al desierto","article_modified_time":"2025-12-02T22:41:46+00:00","twitter_card":"summary_large_image","twitter_misc":{"Dur\u00e9e de lecture estim\u00e9e":"2 minutes"},"schema":{"@context":"https:\/\/schema.org","@graph":[{"@type":"WebPage","@id":"https:\/\/www.excursionaldesierto.com\/fr\/excursions\/","url":"https:\/\/www.excursionaldesierto.com\/fr\/excursions\/","name":"Excursions au Maroc - Aventures et culture authentique","isPartOf":{"@id":"https:\/\/www.excursionaldesierto.com\/fr\/#website"},"datePublished":"2025-12-02T19:30:58+00:00","dateModified":"2025-12-02T22:41:46+00:00","description":"D\u00e9couvrez les meilleures excursions au Maroc avec des guides experts. Explorez des paysages, une culture et des traditions uniques lors d'exp\u00e9riences inoubliables. R\u00e9servez d\u00e8s maintenant.","breadcrumb":{"@id":"https:\/\/www.excursionaldesierto.com\/fr\/excursions\/#breadcrumb"},"inLanguage":"fr-FR","potentialAction":[{"@type":"ReadAction","target":["https:\/\/www.excursionaldesierto.com\/fr\/excursions\/"]}]},{"@type":"BreadcrumbList","@id":"https:\/\/www.excursionaldesierto.com\/fr\/excursions\/#breadcrumb","itemListElement":[{"@type":"ListItem","position":1,"name":"Home","item":"https:\/\/www.excursionaldesierto.com\/fr\/"},{"@type":"ListItem","position":2,"name":"Excursions"}]},{"@type":"WebSite","@id":"https:\/\/www.excursionaldesierto.com\/fr\/#website","url":"https:\/\/www.excursionaldesierto.com\/fr\/","name":"Excursion al desierto","description":"","potentialAction":[{"@type":"SearchAction","target":{"@type":"EntryPoint","urlTemplate":"https:\/\/www.excursionaldesierto.com\/fr\/?s={search_term_string}"},"query-input":{"@type":"PropertyValueSpecification","valueRequired":true,"valueName":"search_term_string"}}],"inLanguage":"fr-FR"}]}},"_links":{"self":[{"href":"https:\/\/www.excursionaldesierto.com\/fr\/wp-json\/wp\/v2\/pages\/11460","targetHints":{"allow":["GET"]}}],"collection":[{"href":"https:\/\/www.excursionaldesierto.com\/fr\/wp-json\/wp\/v2\/pages"}],"about":[{"href":"https:\/\/www.excursionaldesierto.com\/fr\/wp-json\/wp\/v2\/types\/page"}],"author":[{"embeddable":true,"href":"https:\/\/www.excursionaldesierto.com\/fr\/wp-json\/wp\/v2\/users\/1"}],"replies":[{"embeddable":true,"href":"https:\/\/www.excursionaldesierto.com\/fr\/wp-json\/wp\/v2\/comments?post=11460"}],"version-history":[{"count":4,"href":"https:\/\/www.excursionaldesierto.com\/fr\/wp-json\/wp\/v2\/pages\/11460\/revisions"}],"predecessor-version":[{"id":11464,"href":"https:\/\/www.excursionaldesierto.com\/fr\/wp-json\/wp\/v2\/pages\/11460\/revisions\/11464"}],"wp:attachment":[{"href":"https:\/\/www.excursionaldesierto.com\/fr\/wp-json\/wp\/v2\/media?parent=11460"}],"curies":[{"name":"wp","href":"https:\/\/api.w.org\/{rel}","templated":true}]}}