{"id":10471,"date":"2025-09-28T21:45:41","date_gmt":"2025-09-28T21:45:41","guid":{"rendered":"https:\/\/www.excursionaldesierto.com\/tour\/summer-trip-marrakech-desert-essaouira\/"},"modified":"2025-12-02T22:53:40","modified_gmt":"2025-12-02T22:53:40","slug":"voyage-dete-marrakech-desert-essaouira","status":"publish","type":"product","link":"https:\/\/www.excursionaldesierto.com\/fr\/tour\/voyage-dete-marrakech-desert-essaouira\/","title":{"rendered":"Voyage d&rsquo;\u00e9t\u00e9 Marrakech D\u00e9sert Essaouira"},"content":{"rendered":"<h2>Aper\u00e7u:<\/h2>\n<p>Ce voyage d&rsquo;\u00e9t\u00e9 \u00e0 Marrakech, dans le d\u00e9sert et \u00e0 Essaouira d\u00e9bute par votre arriv\u00e9e \u00e0 Marrakech, o\u00f9 vous profiterez de temps libre pour explorer la ville et sa place anim\u00e9e. Vous partirez ensuite \u00e0 la d\u00e9couverte du Haut Atlas, visitant une coop\u00e9rative d&rsquo;huile d&rsquo;argan, la kasbah historique d&rsquo;A\u00eft-Ben-Haddou et Ouarzazate. Le circuit se poursuit vers la vall\u00e9e du Dad\u00e8s et les gorges du Todra avant d&rsquo;atteindre les majestueuses dunes de Merzouga. Au programme\u00a0: balade en dromadaire, musique berb\u00e8re et nuit\u00e9e dans des ha\u00efmas traditionnels.<\/p>\n<p>Les jours suivants seront consacr\u00e9s \u00e0 des excursions en 4&#215;4, la visite de villages comme Khamlia et Taouz, des rencontres culturelles avec des familles berb\u00e8res, la d\u00e9couverte des mines de Baritina et des oasis de Bourika et Ramlia. Enfin, le voyage de retour vers Marrakech se fera par la vall\u00e9e du Dr\u00e2a et l&rsquo;Anti-Atlas. Le voyage culmine avec une excursion d&rsquo;une journ\u00e9e sur la c\u00f4te atlantique \u00e0 Essaouira, o\u00f9 vous pourrez profiter de son port historique, de ses remparts, de son artisanat local et de la tranquillit\u00e9 de la mer avant le transfert final \u00e0 l&rsquo;a\u00e9roport, compl\u00e9tant ainsi une exp\u00e9rience unique de culture, d&rsquo;aventure et de paysages naturels au Maroc.<\/p>\n","protected":false},"excerpt":{"rendered":"<p>Aper\u00e7u: Ce voyage d&rsquo;\u00e9t\u00e9 \u00e0 Marrakech, dans le d\u00e9sert et \u00e0 Essaouira d\u00e9bute par votre arriv\u00e9e \u00e0 Marrakech, o\u00f9 vous profiterez de temps libre pour explorer la ville et sa place anim\u00e9e. Vous partirez ensuite \u00e0 la d\u00e9couverte du Haut Atlas, visitant une coop\u00e9rative d&rsquo;huile d&rsquo;argan, la kasbah historique d&rsquo;A\u00eft-Ben-Haddou et Ouarzazate. Le circuit se [&hellip;]<\/p>\n","protected":false},"featured_media":10918,"comment_status":"open","ping_status":"closed","template":"","meta":{"_joinchat":[]},"product_brand":[],"product_cat":[96],"product_tag":[],"class_list":{"0":"post-10471","1":"product","2":"type-product","3":"status-publish","4":"has-post-thumbnail","6":"product_cat-offres-speciales","8":"first","9":"instock","10":"shipping-taxable","11":"product-type-ovabrw_car_rental"},"yoast_head":"<!-- This site is optimized with the Yoast SEO Premium plugin v26.0 (Yoast SEO v26.0) - https:\/\/yoast.com\/wordpress\/plugins\/seo\/ -->\n<title>Voyage d&#039;\u00e9t\u00e9 Marrakech D\u00e9sert Essaouira - Excursion al desierto<\/title>\n<meta name=\"robots\" content=\"index, follow, max-snippet:-1, max-image-preview:large, max-video-preview:-1\" \/>\n<link rel=\"canonical\" href=\"https:\/\/www.excursionaldesierto.com\/fr\/tour\/voyage-dete-marrakech-desert-essaouira\/\" \/>\n<meta property=\"og:locale\" content=\"fr_FR\" \/>\n<meta property=\"og:type\" content=\"article\" \/>\n<meta property=\"og:title\" content=\"Voyage d&#039;\u00e9t\u00e9 Marrakech D\u00e9sert Essaouira\" \/>\n<meta property=\"og:description\" content=\"Aper\u00e7u: Ce voyage d&rsquo;\u00e9t\u00e9 \u00e0 Marrakech, dans le d\u00e9sert et \u00e0 Essaouira d\u00e9bute par votre arriv\u00e9e \u00e0 Marrakech, o\u00f9 vous profiterez de temps libre pour explorer la ville et sa place anim\u00e9e. Vous partirez ensuite \u00e0 la d\u00e9couverte du Haut Atlas, visitant une coop\u00e9rative d&rsquo;huile d&rsquo;argan, la kasbah historique d&rsquo;A\u00eft-Ben-Haddou et Ouarzazate. Le circuit se [&hellip;]\" \/>\n<meta property=\"og:url\" content=\"https:\/\/www.excursionaldesierto.com\/fr\/tour\/voyage-dete-marrakech-desert-essaouira\/\" \/>\n<meta property=\"og:site_name\" content=\"Excursion al desierto\" \/>\n<meta property=\"article:modified_time\" content=\"2025-12-02T22:53:40+00:00\" \/>\n<meta property=\"og:image\" content=\"https:\/\/www.excursionaldesierto.com\/wp-content\/uploads\/2025\/09\/10-1.webp\" \/>\n\t<meta property=\"og:image:width\" content=\"800\" \/>\n\t<meta property=\"og:image:height\" content=\"450\" \/>\n\t<meta property=\"og:image:type\" content=\"image\/webp\" \/>\n<meta name=\"twitter:card\" content=\"summary_large_image\" \/>\n<meta name=\"twitter:label1\" content=\"Dur\u00e9e de lecture estim\u00e9e\" \/>\n\t<meta name=\"twitter:data1\" content=\"1 minute\" \/>\n<script type=\"application\/ld+json\" class=\"yoast-schema-graph\">{\"@context\":\"https:\/\/schema.org\",\"@graph\":[{\"@type\":\"WebPage\",\"@id\":\"https:\/\/www.excursionaldesierto.com\/fr\/tour\/voyage-dete-marrakech-desert-essaouira\/\",\"url\":\"https:\/\/www.excursionaldesierto.com\/fr\/tour\/voyage-dete-marrakech-desert-essaouira\/\",\"name\":\"Voyage d'\u00e9t\u00e9 Marrakech D\u00e9sert Essaouira - Excursion al desierto\",\"isPartOf\":{\"@id\":\"https:\/\/www.excursionaldesierto.com\/fr\/#website\"},\"primaryImageOfPage\":{\"@id\":\"https:\/\/www.excursionaldesierto.com\/fr\/tour\/voyage-dete-marrakech-desert-essaouira\/#primaryimage\"},\"image\":{\"@id\":\"https:\/\/www.excursionaldesierto.com\/fr\/tour\/voyage-dete-marrakech-desert-essaouira\/#primaryimage\"},\"thumbnailUrl\":\"https:\/\/www.excursionaldesierto.com\/wp-content\/uploads\/2025\/09\/10-1.webp\",\"datePublished\":\"2025-09-28T21:45:41+00:00\",\"dateModified\":\"2025-12-02T22:53:40+00:00\",\"breadcrumb\":{\"@id\":\"https:\/\/www.excursionaldesierto.com\/fr\/tour\/voyage-dete-marrakech-desert-essaouira\/#breadcrumb\"},\"inLanguage\":\"fr-FR\",\"potentialAction\":[{\"@type\":\"ReadAction\",\"target\":[\"https:\/\/www.excursionaldesierto.com\/fr\/tour\/voyage-dete-marrakech-desert-essaouira\/\"]}]},{\"@type\":\"ImageObject\",\"inLanguage\":\"fr-FR\",\"@id\":\"https:\/\/www.excursionaldesierto.com\/fr\/tour\/voyage-dete-marrakech-desert-essaouira\/#primaryimage\",\"url\":\"https:\/\/www.excursionaldesierto.com\/wp-content\/uploads\/2025\/09\/10-1.webp\",\"contentUrl\":\"https:\/\/www.excursionaldesierto.com\/wp-content\/uploads\/2025\/09\/10-1.webp\",\"width\":800,\"height\":450},{\"@type\":\"BreadcrumbList\",\"@id\":\"https:\/\/www.excursionaldesierto.com\/fr\/tour\/voyage-dete-marrakech-desert-essaouira\/#breadcrumb\",\"itemListElement\":[{\"@type\":\"ListItem\",\"position\":1,\"name\":\"Home\",\"item\":\"https:\/\/www.excursionaldesierto.com\/fr\/\"},{\"@type\":\"ListItem\",\"position\":2,\"name\":\"Tienda\",\"item\":\"https:\/\/www.excursionaldesierto.com\/tienda\/\"},{\"@type\":\"ListItem\",\"position\":3,\"name\":\"Voyage d&#8217;\u00e9t\u00e9 Marrakech D\u00e9sert Essaouira\"}]},{\"@type\":\"WebSite\",\"@id\":\"https:\/\/www.excursionaldesierto.com\/fr\/#website\",\"url\":\"https:\/\/www.excursionaldesierto.com\/fr\/\",\"name\":\"Excursion al desierto\",\"description\":\"\",\"potentialAction\":[{\"@type\":\"SearchAction\",\"target\":{\"@type\":\"EntryPoint\",\"urlTemplate\":\"https:\/\/www.excursionaldesierto.com\/fr\/?s={search_term_string}\"},\"query-input\":{\"@type\":\"PropertyValueSpecification\",\"valueRequired\":true,\"valueName\":\"search_term_string\"}}],\"inLanguage\":\"fr-FR\"}]}<\/script>\n<!-- \/ Yoast SEO Premium plugin. -->","yoast_head_json":{"title":"Voyage d'\u00e9t\u00e9 Marrakech D\u00e9sert Essaouira - Excursion al desierto","robots":{"index":"index","follow":"follow","max-snippet":"max-snippet:-1","max-image-preview":"max-image-preview:large","max-video-preview":"max-video-preview:-1"},"canonical":"https:\/\/www.excursionaldesierto.com\/fr\/tour\/voyage-dete-marrakech-desert-essaouira\/","og_locale":"fr_FR","og_type":"article","og_title":"Voyage d'\u00e9t\u00e9 Marrakech D\u00e9sert Essaouira","og_description":"Aper\u00e7u: Ce voyage d&rsquo;\u00e9t\u00e9 \u00e0 Marrakech, dans le d\u00e9sert et \u00e0 Essaouira d\u00e9bute par votre arriv\u00e9e \u00e0 Marrakech, o\u00f9 vous profiterez de temps libre pour explorer la ville et sa place anim\u00e9e. Vous partirez ensuite \u00e0 la d\u00e9couverte du Haut Atlas, visitant une coop\u00e9rative d&rsquo;huile d&rsquo;argan, la kasbah historique d&rsquo;A\u00eft-Ben-Haddou et Ouarzazate. Le circuit se [&hellip;]","og_url":"https:\/\/www.excursionaldesierto.com\/fr\/tour\/voyage-dete-marrakech-desert-essaouira\/","og_site_name":"Excursion al desierto","article_modified_time":"2025-12-02T22:53:40+00:00","og_image":[{"width":800,"height":450,"url":"https:\/\/www.excursionaldesierto.com\/wp-content\/uploads\/2025\/09\/10-1.webp","type":"image\/webp"}],"twitter_card":"summary_large_image","twitter_misc":{"Dur\u00e9e de lecture estim\u00e9e":"1 minute"},"schema":{"@context":"https:\/\/schema.org","@graph":[{"@type":"WebPage","@id":"https:\/\/www.excursionaldesierto.com\/fr\/tour\/voyage-dete-marrakech-desert-essaouira\/","url":"https:\/\/www.excursionaldesierto.com\/fr\/tour\/voyage-dete-marrakech-desert-essaouira\/","name":"Voyage d'\u00e9t\u00e9 Marrakech D\u00e9sert Essaouira - Excursion al desierto","isPartOf":{"@id":"https:\/\/www.excursionaldesierto.com\/fr\/#website"},"primaryImageOfPage":{"@id":"https:\/\/www.excursionaldesierto.com\/fr\/tour\/voyage-dete-marrakech-desert-essaouira\/#primaryimage"},"image":{"@id":"https:\/\/www.excursionaldesierto.com\/fr\/tour\/voyage-dete-marrakech-desert-essaouira\/#primaryimage"},"thumbnailUrl":"https:\/\/www.excursionaldesierto.com\/wp-content\/uploads\/2025\/09\/10-1.webp","datePublished":"2025-09-28T21:45:41+00:00","dateModified":"2025-12-02T22:53:40+00:00","breadcrumb":{"@id":"https:\/\/www.excursionaldesierto.com\/fr\/tour\/voyage-dete-marrakech-desert-essaouira\/#breadcrumb"},"inLanguage":"fr-FR","potentialAction":[{"@type":"ReadAction","target":["https:\/\/www.excursionaldesierto.com\/fr\/tour\/voyage-dete-marrakech-desert-essaouira\/"]}]},{"@type":"ImageObject","inLanguage":"fr-FR","@id":"https:\/\/www.excursionaldesierto.com\/fr\/tour\/voyage-dete-marrakech-desert-essaouira\/#primaryimage","url":"https:\/\/www.excursionaldesierto.com\/wp-content\/uploads\/2025\/09\/10-1.webp","contentUrl":"https:\/\/www.excursionaldesierto.com\/wp-content\/uploads\/2025\/09\/10-1.webp","width":800,"height":450},{"@type":"BreadcrumbList","@id":"https:\/\/www.excursionaldesierto.com\/fr\/tour\/voyage-dete-marrakech-desert-essaouira\/#breadcrumb","itemListElement":[{"@type":"ListItem","position":1,"name":"Home","item":"https:\/\/www.excursionaldesierto.com\/fr\/"},{"@type":"ListItem","position":2,"name":"Tienda","item":"https:\/\/www.excursionaldesierto.com\/tienda\/"},{"@type":"ListItem","position":3,"name":"Voyage d&#8217;\u00e9t\u00e9 Marrakech D\u00e9sert Essaouira"}]},{"@type":"WebSite","@id":"https:\/\/www.excursionaldesierto.com\/fr\/#website","url":"https:\/\/www.excursionaldesierto.com\/fr\/","name":"Excursion al desierto","description":"","potentialAction":[{"@type":"SearchAction","target":{"@type":"EntryPoint","urlTemplate":"https:\/\/www.excursionaldesierto.com\/fr\/?s={search_term_string}"},"query-input":{"@type":"PropertyValueSpecification","valueRequired":true,"valueName":"search_term_string"}}],"inLanguage":"fr-FR"}]}},"_links":{"self":[{"href":"https:\/\/www.excursionaldesierto.com\/fr\/wp-json\/wp\/v2\/product\/10471","targetHints":{"allow":["GET"]}}],"collection":[{"href":"https:\/\/www.excursionaldesierto.com\/fr\/wp-json\/wp\/v2\/product"}],"about":[{"href":"https:\/\/www.excursionaldesierto.com\/fr\/wp-json\/wp\/v2\/types\/product"}],"replies":[{"embeddable":true,"href":"https:\/\/www.excursionaldesierto.com\/fr\/wp-json\/wp\/v2\/comments?post=10471"}],"wp:featuredmedia":[{"embeddable":true,"href":"https:\/\/www.excursionaldesierto.com\/fr\/wp-json\/wp\/v2\/media\/10918"}],"wp:attachment":[{"href":"https:\/\/www.excursionaldesierto.com\/fr\/wp-json\/wp\/v2\/media?parent=10471"}],"wp:term":[{"taxonomy":"product_brand","embeddable":true,"href":"https:\/\/www.excursionaldesierto.com\/fr\/wp-json\/wp\/v2\/product_brand?post=10471"},{"taxonomy":"product_cat","embeddable":true,"href":"https:\/\/www.excursionaldesierto.com\/fr\/wp-json\/wp\/v2\/product_cat?post=10471"},{"taxonomy":"product_tag","embeddable":true,"href":"https:\/\/www.excursionaldesierto.com\/fr\/wp-json\/wp\/v2\/product_tag?post=10471"}],"curies":[{"name":"wp","href":"https:\/\/api.w.org\/{rel}","templated":true}]}}