{"id":10508,"date":"2025-09-28T21:34:28","date_gmt":"2025-09-28T21:34:28","guid":{"rendered":"https:\/\/www.excursionaldesierto.com\/tour\/new-years-eve-and-christmas-tour-and-trip-in-morocco\/"},"modified":"2025-12-02T22:50:48","modified_gmt":"2025-12-02T22:50:48","slug":"circuit-et-voyage-au-maroc-pour-le-nouvel-an-et-noel","status":"publish","type":"product","link":"https:\/\/www.excursionaldesierto.com\/fr\/tour\/circuit-et-voyage-au-maroc-pour-le-nouvel-an-et-noel\/","title":{"rendered":"Circuit et voyage au Maroc pour le Nouvel An et No\u00ebl"},"content":{"rendered":"<h2>Aper\u00e7u:<\/h2>\n<p>Ce voyage pour No\u00ebl et le Nouvel An d\u00e9bute \u00e0 Marrakech, par la travers\u00e9e des majestueuses montagnes du Haut Atlas, avec des arr\u00eats pittoresques et la visite d&rsquo;une coop\u00e9rative d&rsquo;huile d&rsquo;argan. Nous poursuivons notre route vers la kasbah historique d&rsquo;A\u00eft-Ben-Haddou, site class\u00e9 au patrimoine mondial de l&rsquo;UNESCO et lieu de tournage de films c\u00e9l\u00e8bres, puis vers Ouarzazate, surnomm\u00e9e la grande porte du d\u00e9sert. L&rsquo;itin\u00e9raire inclut la Vall\u00e9e des Roses et la splendide Vall\u00e9e du Dad\u00e8s, offrant des vues imprenables sur les palmeraies et les kasbahs traditionnelles, avant de passer la premi\u00e8re nuit dans un h\u00f4tel local.<\/p>\n<p>Les jours suivants, l&rsquo;aventure se poursuit vers les gorges du Todra, un canyon aux parois verticales qui fascine les grimpeurs et les amoureux de la nature, avant d&rsquo;atteindre les immenses dunes de Merzouga. Les voyageurs profiteront d&rsquo;une excursion en caravane de dromadaires jusqu&rsquo;au campement de ha\u00efmas, avec des couchers de soleil sur les dunes et des nuits \u00e9toil\u00e9es dans le d\u00e9sert. Au programme \u00e9galement : activit\u00e9s culturelles et d&rsquo;aventure telles que le quad, la visite de villages berb\u00e8res, la musique traditionnelle \u00e0 Khamlia et la d\u00e9couverte du mode de vie nomade.<\/p>\n<p>Le voyage retour combine la d\u00e9couverte de la vall\u00e9e du Dr\u00e2a et des montagnes de l&rsquo;Anti-Atlas, avec des arr\u00eats dans des paysages pr\u00e9-d\u00e9sertiques et des oasis pour admirer la faune et la flore locales. Tout au long du parcours, des exp\u00e9riences gastronomiques authentiques et des visites de sites historiques sont propos\u00e9es, notamment la ville de Ouarzazate. Enfin, l&rsquo;itin\u00e9raire s&rsquo;ach\u00e8ve \u00e0 Marrakech, offrant aux voyageurs un panorama complet du sud marocain, de ses montagnes et kasbahs \u00e0 ses d\u00e9serts et ses cultures traditionnelles, lors d&rsquo;une exp\u00e9rience inoubliable de 5 jours.<\/p>\n","protected":false},"excerpt":{"rendered":"<p>Aper\u00e7u: Ce voyage pour No\u00ebl et le Nouvel An d\u00e9bute \u00e0 Marrakech, par la travers\u00e9e des majestueuses montagnes du Haut Atlas, avec des arr\u00eats pittoresques et la visite d&rsquo;une coop\u00e9rative d&rsquo;huile d&rsquo;argan. Nous poursuivons notre route vers la kasbah historique d&rsquo;A\u00eft-Ben-Haddou, site class\u00e9 au patrimoine mondial de l&rsquo;UNESCO et lieu de tournage de films c\u00e9l\u00e8bres, [&hellip;]<\/p>\n","protected":false},"featured_media":10920,"comment_status":"open","ping_status":"closed","template":"","meta":{"_joinchat":[]},"product_brand":[],"product_cat":[96],"product_tag":[],"class_list":{"0":"post-10508","1":"product","2":"type-product","3":"status-publish","4":"has-post-thumbnail","6":"product_cat-offres-speciales","8":"first","9":"instock","10":"shipping-taxable","11":"product-type-ovabrw_car_rental"},"yoast_head":"<!-- This site is optimized with the Yoast SEO Premium plugin v26.0 (Yoast SEO v26.0) - https:\/\/yoast.com\/wordpress\/plugins\/seo\/ -->\n<title>Circuit et voyage au Maroc pour le Nouvel An et No\u00ebl - Excursion al desierto<\/title>\n<meta name=\"robots\" content=\"index, follow, max-snippet:-1, max-image-preview:large, max-video-preview:-1\" \/>\n<link rel=\"canonical\" href=\"https:\/\/www.excursionaldesierto.com\/fr\/tour\/circuit-et-voyage-au-maroc-pour-le-nouvel-an-et-noel\/\" \/>\n<meta property=\"og:locale\" content=\"fr_FR\" \/>\n<meta property=\"og:type\" content=\"article\" \/>\n<meta property=\"og:title\" content=\"Circuit et voyage au Maroc pour le Nouvel An et No\u00ebl\" \/>\n<meta property=\"og:description\" content=\"Aper\u00e7u: Ce voyage pour No\u00ebl et le Nouvel An d\u00e9bute \u00e0 Marrakech, par la travers\u00e9e des majestueuses montagnes du Haut Atlas, avec des arr\u00eats pittoresques et la visite d&rsquo;une coop\u00e9rative d&rsquo;huile d&rsquo;argan. Nous poursuivons notre route vers la kasbah historique d&rsquo;A\u00eft-Ben-Haddou, site class\u00e9 au patrimoine mondial de l&rsquo;UNESCO et lieu de tournage de films c\u00e9l\u00e8bres, [&hellip;]\" \/>\n<meta property=\"og:url\" content=\"https:\/\/www.excursionaldesierto.com\/fr\/tour\/circuit-et-voyage-au-maroc-pour-le-nouvel-an-et-noel\/\" \/>\n<meta property=\"og:site_name\" content=\"Excursion al desierto\" \/>\n<meta property=\"article:modified_time\" content=\"2025-12-02T22:50:48+00:00\" \/>\n<meta property=\"og:image\" content=\"https:\/\/www.excursionaldesierto.com\/wp-content\/uploads\/2025\/09\/7-2.webp\" \/>\n\t<meta property=\"og:image:width\" content=\"800\" \/>\n\t<meta property=\"og:image:height\" content=\"450\" \/>\n\t<meta property=\"og:image:type\" content=\"image\/webp\" \/>\n<meta name=\"twitter:card\" content=\"summary_large_image\" \/>\n<meta name=\"twitter:label1\" content=\"Dur\u00e9e de lecture estim\u00e9e\" \/>\n\t<meta name=\"twitter:data1\" content=\"2 minutes\" \/>\n<script type=\"application\/ld+json\" class=\"yoast-schema-graph\">{\"@context\":\"https:\/\/schema.org\",\"@graph\":[{\"@type\":\"WebPage\",\"@id\":\"https:\/\/www.excursionaldesierto.com\/fr\/tour\/circuit-et-voyage-au-maroc-pour-le-nouvel-an-et-noel\/\",\"url\":\"https:\/\/www.excursionaldesierto.com\/fr\/tour\/circuit-et-voyage-au-maroc-pour-le-nouvel-an-et-noel\/\",\"name\":\"Circuit et voyage au Maroc pour le Nouvel An et No\u00ebl - Excursion al desierto\",\"isPartOf\":{\"@id\":\"https:\/\/www.excursionaldesierto.com\/fr\/#website\"},\"primaryImageOfPage\":{\"@id\":\"https:\/\/www.excursionaldesierto.com\/fr\/tour\/circuit-et-voyage-au-maroc-pour-le-nouvel-an-et-noel\/#primaryimage\"},\"image\":{\"@id\":\"https:\/\/www.excursionaldesierto.com\/fr\/tour\/circuit-et-voyage-au-maroc-pour-le-nouvel-an-et-noel\/#primaryimage\"},\"thumbnailUrl\":\"https:\/\/www.excursionaldesierto.com\/wp-content\/uploads\/2025\/09\/7-2.webp\",\"datePublished\":\"2025-09-28T21:34:28+00:00\",\"dateModified\":\"2025-12-02T22:50:48+00:00\",\"breadcrumb\":{\"@id\":\"https:\/\/www.excursionaldesierto.com\/fr\/tour\/circuit-et-voyage-au-maroc-pour-le-nouvel-an-et-noel\/#breadcrumb\"},\"inLanguage\":\"fr-FR\",\"potentialAction\":[{\"@type\":\"ReadAction\",\"target\":[\"https:\/\/www.excursionaldesierto.com\/fr\/tour\/circuit-et-voyage-au-maroc-pour-le-nouvel-an-et-noel\/\"]}]},{\"@type\":\"ImageObject\",\"inLanguage\":\"fr-FR\",\"@id\":\"https:\/\/www.excursionaldesierto.com\/fr\/tour\/circuit-et-voyage-au-maroc-pour-le-nouvel-an-et-noel\/#primaryimage\",\"url\":\"https:\/\/www.excursionaldesierto.com\/wp-content\/uploads\/2025\/09\/7-2.webp\",\"contentUrl\":\"https:\/\/www.excursionaldesierto.com\/wp-content\/uploads\/2025\/09\/7-2.webp\",\"width\":800,\"height\":450},{\"@type\":\"BreadcrumbList\",\"@id\":\"https:\/\/www.excursionaldesierto.com\/fr\/tour\/circuit-et-voyage-au-maroc-pour-le-nouvel-an-et-noel\/#breadcrumb\",\"itemListElement\":[{\"@type\":\"ListItem\",\"position\":1,\"name\":\"Home\",\"item\":\"https:\/\/www.excursionaldesierto.com\/fr\/\"},{\"@type\":\"ListItem\",\"position\":2,\"name\":\"Tienda\",\"item\":\"https:\/\/www.excursionaldesierto.com\/tienda\/\"},{\"@type\":\"ListItem\",\"position\":3,\"name\":\"Circuit et voyage au Maroc pour le Nouvel An et No\u00ebl\"}]},{\"@type\":\"WebSite\",\"@id\":\"https:\/\/www.excursionaldesierto.com\/fr\/#website\",\"url\":\"https:\/\/www.excursionaldesierto.com\/fr\/\",\"name\":\"Excursion al desierto\",\"description\":\"\",\"potentialAction\":[{\"@type\":\"SearchAction\",\"target\":{\"@type\":\"EntryPoint\",\"urlTemplate\":\"https:\/\/www.excursionaldesierto.com\/fr\/?s={search_term_string}\"},\"query-input\":{\"@type\":\"PropertyValueSpecification\",\"valueRequired\":true,\"valueName\":\"search_term_string\"}}],\"inLanguage\":\"fr-FR\"}]}<\/script>\n<!-- \/ Yoast SEO Premium plugin. -->","yoast_head_json":{"title":"Circuit et voyage au Maroc pour le Nouvel An et No\u00ebl - Excursion al desierto","robots":{"index":"index","follow":"follow","max-snippet":"max-snippet:-1","max-image-preview":"max-image-preview:large","max-video-preview":"max-video-preview:-1"},"canonical":"https:\/\/www.excursionaldesierto.com\/fr\/tour\/circuit-et-voyage-au-maroc-pour-le-nouvel-an-et-noel\/","og_locale":"fr_FR","og_type":"article","og_title":"Circuit et voyage au Maroc pour le Nouvel An et No\u00ebl","og_description":"Aper\u00e7u: Ce voyage pour No\u00ebl et le Nouvel An d\u00e9bute \u00e0 Marrakech, par la travers\u00e9e des majestueuses montagnes du Haut Atlas, avec des arr\u00eats pittoresques et la visite d&rsquo;une coop\u00e9rative d&rsquo;huile d&rsquo;argan. Nous poursuivons notre route vers la kasbah historique d&rsquo;A\u00eft-Ben-Haddou, site class\u00e9 au patrimoine mondial de l&rsquo;UNESCO et lieu de tournage de films c\u00e9l\u00e8bres, [&hellip;]","og_url":"https:\/\/www.excursionaldesierto.com\/fr\/tour\/circuit-et-voyage-au-maroc-pour-le-nouvel-an-et-noel\/","og_site_name":"Excursion al desierto","article_modified_time":"2025-12-02T22:50:48+00:00","og_image":[{"width":800,"height":450,"url":"https:\/\/www.excursionaldesierto.com\/wp-content\/uploads\/2025\/09\/7-2.webp","type":"image\/webp"}],"twitter_card":"summary_large_image","twitter_misc":{"Dur\u00e9e de lecture estim\u00e9e":"2 minutes"},"schema":{"@context":"https:\/\/schema.org","@graph":[{"@type":"WebPage","@id":"https:\/\/www.excursionaldesierto.com\/fr\/tour\/circuit-et-voyage-au-maroc-pour-le-nouvel-an-et-noel\/","url":"https:\/\/www.excursionaldesierto.com\/fr\/tour\/circuit-et-voyage-au-maroc-pour-le-nouvel-an-et-noel\/","name":"Circuit et voyage au Maroc pour le Nouvel An et No\u00ebl - Excursion al desierto","isPartOf":{"@id":"https:\/\/www.excursionaldesierto.com\/fr\/#website"},"primaryImageOfPage":{"@id":"https:\/\/www.excursionaldesierto.com\/fr\/tour\/circuit-et-voyage-au-maroc-pour-le-nouvel-an-et-noel\/#primaryimage"},"image":{"@id":"https:\/\/www.excursionaldesierto.com\/fr\/tour\/circuit-et-voyage-au-maroc-pour-le-nouvel-an-et-noel\/#primaryimage"},"thumbnailUrl":"https:\/\/www.excursionaldesierto.com\/wp-content\/uploads\/2025\/09\/7-2.webp","datePublished":"2025-09-28T21:34:28+00:00","dateModified":"2025-12-02T22:50:48+00:00","breadcrumb":{"@id":"https:\/\/www.excursionaldesierto.com\/fr\/tour\/circuit-et-voyage-au-maroc-pour-le-nouvel-an-et-noel\/#breadcrumb"},"inLanguage":"fr-FR","potentialAction":[{"@type":"ReadAction","target":["https:\/\/www.excursionaldesierto.com\/fr\/tour\/circuit-et-voyage-au-maroc-pour-le-nouvel-an-et-noel\/"]}]},{"@type":"ImageObject","inLanguage":"fr-FR","@id":"https:\/\/www.excursionaldesierto.com\/fr\/tour\/circuit-et-voyage-au-maroc-pour-le-nouvel-an-et-noel\/#primaryimage","url":"https:\/\/www.excursionaldesierto.com\/wp-content\/uploads\/2025\/09\/7-2.webp","contentUrl":"https:\/\/www.excursionaldesierto.com\/wp-content\/uploads\/2025\/09\/7-2.webp","width":800,"height":450},{"@type":"BreadcrumbList","@id":"https:\/\/www.excursionaldesierto.com\/fr\/tour\/circuit-et-voyage-au-maroc-pour-le-nouvel-an-et-noel\/#breadcrumb","itemListElement":[{"@type":"ListItem","position":1,"name":"Home","item":"https:\/\/www.excursionaldesierto.com\/fr\/"},{"@type":"ListItem","position":2,"name":"Tienda","item":"https:\/\/www.excursionaldesierto.com\/tienda\/"},{"@type":"ListItem","position":3,"name":"Circuit et voyage au Maroc pour le Nouvel An et No\u00ebl"}]},{"@type":"WebSite","@id":"https:\/\/www.excursionaldesierto.com\/fr\/#website","url":"https:\/\/www.excursionaldesierto.com\/fr\/","name":"Excursion al desierto","description":"","potentialAction":[{"@type":"SearchAction","target":{"@type":"EntryPoint","urlTemplate":"https:\/\/www.excursionaldesierto.com\/fr\/?s={search_term_string}"},"query-input":{"@type":"PropertyValueSpecification","valueRequired":true,"valueName":"search_term_string"}}],"inLanguage":"fr-FR"}]}},"_links":{"self":[{"href":"https:\/\/www.excursionaldesierto.com\/fr\/wp-json\/wp\/v2\/product\/10508","targetHints":{"allow":["GET"]}}],"collection":[{"href":"https:\/\/www.excursionaldesierto.com\/fr\/wp-json\/wp\/v2\/product"}],"about":[{"href":"https:\/\/www.excursionaldesierto.com\/fr\/wp-json\/wp\/v2\/types\/product"}],"replies":[{"embeddable":true,"href":"https:\/\/www.excursionaldesierto.com\/fr\/wp-json\/wp\/v2\/comments?post=10508"}],"wp:featuredmedia":[{"embeddable":true,"href":"https:\/\/www.excursionaldesierto.com\/fr\/wp-json\/wp\/v2\/media\/10920"}],"wp:attachment":[{"href":"https:\/\/www.excursionaldesierto.com\/fr\/wp-json\/wp\/v2\/media?parent=10508"}],"wp:term":[{"taxonomy":"product_brand","embeddable":true,"href":"https:\/\/www.excursionaldesierto.com\/fr\/wp-json\/wp\/v2\/product_brand?post=10508"},{"taxonomy":"product_cat","embeddable":true,"href":"https:\/\/www.excursionaldesierto.com\/fr\/wp-json\/wp\/v2\/product_cat?post=10508"},{"taxonomy":"product_tag","embeddable":true,"href":"https:\/\/www.excursionaldesierto.com\/fr\/wp-json\/wp\/v2\/product_tag?post=10508"}],"curies":[{"name":"wp","href":"https:\/\/api.w.org\/{rel}","templated":true}]}}