{"id":10515,"date":"2025-09-28T21:30:44","date_gmt":"2025-09-28T21:30:44","guid":{"rendered":"https:\/\/www.excursionaldesierto.com\/tour\/1-day-excursion-from-marrakech-to-ait-ben-haddou-and-ouarzazate\/"},"modified":"2025-12-02T23:04:50","modified_gmt":"2025-12-02T23:04:50","slug":"excursion-dune-journee-de-marrakech-a-ait-ben-haddou-et-ouarzazate","status":"publish","type":"product","link":"https:\/\/www.excursionaldesierto.com\/fr\/tour\/excursion-dune-journee-de-marrakech-a-ait-ben-haddou-et-ouarzazate\/","title":{"rendered":"Excursion d&rsquo;une journ\u00e9e de Marrakech \u00e0 A\u00eft Ben Haddou et Ouarzazate"},"content":{"rendered":"<h2>Aper\u00e7u:<\/h2>\n<p>Apr\u00e8s le petit-d\u00e9jeuner, d\u00e9part \u00e0 8h00 pour une excursion \u00e0 la kasbah d&rsquo;A\u00eft-Ben-Haddou et \u00e0 Ouarzazate au d\u00e9part de Marrakech. Traversant le Haut Atlas, nous arriverons environ 4 heures plus tard au ksar d&rsquo;A\u00eft-Ben-Haddou, lieu de tournage de films c\u00e9l\u00e8bres (Gladiator, Le Diamant du Nil et La Momie, entre autres), o\u00f9 vous disposerez de temps libre.<\/p>\n<p>Nous poursuivrons ensuite notre route vers Ouarzazate, porte du d\u00e9sert et si\u00e8ge de la kasbah de Taourirt et des studios Atlas (les plus importants studios de cin\u00e9ma du Maroc).<\/p>\n<p>Apr\u00e8s un nouveau temps libre, nous viendrons vous chercher et vous ram\u00e8nerons \u00e0 Marrakech. Nous vous d\u00e9poserons place Jemaa el-Fna ou \u00e0 l&rsquo;endroit de votre choix, concluant ainsi notre excursion d&rsquo;une journ\u00e9e \u00e0 la kasbah d&rsquo;A\u00eft-Ben-Haddou et \u00e0 Ouarzazate.<\/p>\n","protected":false},"excerpt":{"rendered":"<p>Aper\u00e7u: Apr\u00e8s le petit-d\u00e9jeuner, d\u00e9part \u00e0 8h00 pour une excursion \u00e0 la kasbah d&rsquo;A\u00eft-Ben-Haddou et \u00e0 Ouarzazate au d\u00e9part de Marrakech. Traversant le Haut Atlas, nous arriverons environ 4 heures plus tard au ksar d&rsquo;A\u00eft-Ben-Haddou, lieu de tournage de films c\u00e9l\u00e8bres (Gladiator, Le Diamant du Nil et La Momie, entre autres), o\u00f9 vous disposerez de [&hellip;]<\/p>\n","protected":false},"featured_media":10921,"comment_status":"open","ping_status":"closed","template":"","meta":{"_joinchat":[]},"product_brand":[],"product_cat":[94],"product_tag":[],"class_list":{"0":"post-10515","1":"product","2":"type-product","3":"status-publish","4":"has-post-thumbnail","6":"product_cat-excursions","8":"first","9":"instock","10":"shipping-taxable","11":"product-type-ovabrw_car_rental"},"yoast_head":"<!-- This site is optimized with the Yoast SEO Premium plugin v26.0 (Yoast SEO v26.0) - https:\/\/yoast.com\/wordpress\/plugins\/seo\/ -->\n<title>Excursion d&#039;une journ\u00e9e de Marrakech \u00e0 A\u00eft Ben Haddou et Ouarzazate - Excursion al desierto<\/title>\n<meta name=\"robots\" content=\"index, follow, max-snippet:-1, max-image-preview:large, max-video-preview:-1\" \/>\n<link rel=\"canonical\" href=\"https:\/\/www.excursionaldesierto.com\/fr\/tour\/excursion-dune-journee-de-marrakech-a-ait-ben-haddou-et-ouarzazate\/\" \/>\n<meta property=\"og:locale\" content=\"fr_FR\" \/>\n<meta property=\"og:type\" content=\"article\" \/>\n<meta property=\"og:title\" content=\"Excursion d&#039;une journ\u00e9e de Marrakech \u00e0 A\u00eft Ben Haddou et Ouarzazate\" \/>\n<meta property=\"og:description\" content=\"Aper\u00e7u: Apr\u00e8s le petit-d\u00e9jeuner, d\u00e9part \u00e0 8h00 pour une excursion \u00e0 la kasbah d&rsquo;A\u00eft-Ben-Haddou et \u00e0 Ouarzazate au d\u00e9part de Marrakech. Traversant le Haut Atlas, nous arriverons environ 4 heures plus tard au ksar d&rsquo;A\u00eft-Ben-Haddou, lieu de tournage de films c\u00e9l\u00e8bres (Gladiator, Le Diamant du Nil et La Momie, entre autres), o\u00f9 vous disposerez de [&hellip;]\" \/>\n<meta property=\"og:url\" content=\"https:\/\/www.excursionaldesierto.com\/fr\/tour\/excursion-dune-journee-de-marrakech-a-ait-ben-haddou-et-ouarzazate\/\" \/>\n<meta property=\"og:site_name\" content=\"Excursion al desierto\" \/>\n<meta property=\"article:modified_time\" content=\"2025-12-02T23:04:50+00:00\" \/>\n<meta property=\"og:image\" content=\"https:\/\/www.excursionaldesierto.com\/wp-content\/uploads\/2025\/09\/39-1.webp\" \/>\n\t<meta property=\"og:image:width\" content=\"800\" \/>\n\t<meta property=\"og:image:height\" content=\"450\" \/>\n\t<meta property=\"og:image:type\" content=\"image\/webp\" \/>\n<meta name=\"twitter:card\" content=\"summary_large_image\" \/>\n<meta name=\"twitter:label1\" content=\"Dur\u00e9e de lecture estim\u00e9e\" \/>\n\t<meta name=\"twitter:data1\" content=\"1 minute\" \/>\n<script type=\"application\/ld+json\" class=\"yoast-schema-graph\">{\"@context\":\"https:\/\/schema.org\",\"@graph\":[{\"@type\":\"WebPage\",\"@id\":\"https:\/\/www.excursionaldesierto.com\/fr\/tour\/excursion-dune-journee-de-marrakech-a-ait-ben-haddou-et-ouarzazate\/\",\"url\":\"https:\/\/www.excursionaldesierto.com\/fr\/tour\/excursion-dune-journee-de-marrakech-a-ait-ben-haddou-et-ouarzazate\/\",\"name\":\"Excursion d'une journ\u00e9e de Marrakech \u00e0 A\u00eft Ben Haddou et Ouarzazate - Excursion al desierto\",\"isPartOf\":{\"@id\":\"https:\/\/www.excursionaldesierto.com\/fr\/#website\"},\"primaryImageOfPage\":{\"@id\":\"https:\/\/www.excursionaldesierto.com\/fr\/tour\/excursion-dune-journee-de-marrakech-a-ait-ben-haddou-et-ouarzazate\/#primaryimage\"},\"image\":{\"@id\":\"https:\/\/www.excursionaldesierto.com\/fr\/tour\/excursion-dune-journee-de-marrakech-a-ait-ben-haddou-et-ouarzazate\/#primaryimage\"},\"thumbnailUrl\":\"https:\/\/www.excursionaldesierto.com\/wp-content\/uploads\/2025\/09\/39-1.webp\",\"datePublished\":\"2025-09-28T21:30:44+00:00\",\"dateModified\":\"2025-12-02T23:04:50+00:00\",\"breadcrumb\":{\"@id\":\"https:\/\/www.excursionaldesierto.com\/fr\/tour\/excursion-dune-journee-de-marrakech-a-ait-ben-haddou-et-ouarzazate\/#breadcrumb\"},\"inLanguage\":\"fr-FR\",\"potentialAction\":[{\"@type\":\"ReadAction\",\"target\":[\"https:\/\/www.excursionaldesierto.com\/fr\/tour\/excursion-dune-journee-de-marrakech-a-ait-ben-haddou-et-ouarzazate\/\"]}]},{\"@type\":\"ImageObject\",\"inLanguage\":\"fr-FR\",\"@id\":\"https:\/\/www.excursionaldesierto.com\/fr\/tour\/excursion-dune-journee-de-marrakech-a-ait-ben-haddou-et-ouarzazate\/#primaryimage\",\"url\":\"https:\/\/www.excursionaldesierto.com\/wp-content\/uploads\/2025\/09\/39-1.webp\",\"contentUrl\":\"https:\/\/www.excursionaldesierto.com\/wp-content\/uploads\/2025\/09\/39-1.webp\",\"width\":800,\"height\":450},{\"@type\":\"BreadcrumbList\",\"@id\":\"https:\/\/www.excursionaldesierto.com\/fr\/tour\/excursion-dune-journee-de-marrakech-a-ait-ben-haddou-et-ouarzazate\/#breadcrumb\",\"itemListElement\":[{\"@type\":\"ListItem\",\"position\":1,\"name\":\"Home\",\"item\":\"https:\/\/www.excursionaldesierto.com\/fr\/\"},{\"@type\":\"ListItem\",\"position\":2,\"name\":\"Tienda\",\"item\":\"https:\/\/www.excursionaldesierto.com\/tienda\/\"},{\"@type\":\"ListItem\",\"position\":3,\"name\":\"Excursion d&#8217;une journ\u00e9e de Marrakech \u00e0 A\u00eft Ben Haddou et Ouarzazate\"}]},{\"@type\":\"WebSite\",\"@id\":\"https:\/\/www.excursionaldesierto.com\/fr\/#website\",\"url\":\"https:\/\/www.excursionaldesierto.com\/fr\/\",\"name\":\"Excursion al desierto\",\"description\":\"\",\"potentialAction\":[{\"@type\":\"SearchAction\",\"target\":{\"@type\":\"EntryPoint\",\"urlTemplate\":\"https:\/\/www.excursionaldesierto.com\/fr\/?s={search_term_string}\"},\"query-input\":{\"@type\":\"PropertyValueSpecification\",\"valueRequired\":true,\"valueName\":\"search_term_string\"}}],\"inLanguage\":\"fr-FR\"}]}<\/script>\n<!-- \/ Yoast SEO Premium plugin. -->","yoast_head_json":{"title":"Excursion d'une journ\u00e9e de Marrakech \u00e0 A\u00eft Ben Haddou et Ouarzazate - Excursion al desierto","robots":{"index":"index","follow":"follow","max-snippet":"max-snippet:-1","max-image-preview":"max-image-preview:large","max-video-preview":"max-video-preview:-1"},"canonical":"https:\/\/www.excursionaldesierto.com\/fr\/tour\/excursion-dune-journee-de-marrakech-a-ait-ben-haddou-et-ouarzazate\/","og_locale":"fr_FR","og_type":"article","og_title":"Excursion d'une journ\u00e9e de Marrakech \u00e0 A\u00eft Ben Haddou et Ouarzazate","og_description":"Aper\u00e7u: Apr\u00e8s le petit-d\u00e9jeuner, d\u00e9part \u00e0 8h00 pour une excursion \u00e0 la kasbah d&rsquo;A\u00eft-Ben-Haddou et \u00e0 Ouarzazate au d\u00e9part de Marrakech. Traversant le Haut Atlas, nous arriverons environ 4 heures plus tard au ksar d&rsquo;A\u00eft-Ben-Haddou, lieu de tournage de films c\u00e9l\u00e8bres (Gladiator, Le Diamant du Nil et La Momie, entre autres), o\u00f9 vous disposerez de [&hellip;]","og_url":"https:\/\/www.excursionaldesierto.com\/fr\/tour\/excursion-dune-journee-de-marrakech-a-ait-ben-haddou-et-ouarzazate\/","og_site_name":"Excursion al desierto","article_modified_time":"2025-12-02T23:04:50+00:00","og_image":[{"width":800,"height":450,"url":"https:\/\/www.excursionaldesierto.com\/wp-content\/uploads\/2025\/09\/39-1.webp","type":"image\/webp"}],"twitter_card":"summary_large_image","twitter_misc":{"Dur\u00e9e de lecture estim\u00e9e":"1 minute"},"schema":{"@context":"https:\/\/schema.org","@graph":[{"@type":"WebPage","@id":"https:\/\/www.excursionaldesierto.com\/fr\/tour\/excursion-dune-journee-de-marrakech-a-ait-ben-haddou-et-ouarzazate\/","url":"https:\/\/www.excursionaldesierto.com\/fr\/tour\/excursion-dune-journee-de-marrakech-a-ait-ben-haddou-et-ouarzazate\/","name":"Excursion d'une journ\u00e9e de Marrakech \u00e0 A\u00eft Ben Haddou et Ouarzazate - Excursion al desierto","isPartOf":{"@id":"https:\/\/www.excursionaldesierto.com\/fr\/#website"},"primaryImageOfPage":{"@id":"https:\/\/www.excursionaldesierto.com\/fr\/tour\/excursion-dune-journee-de-marrakech-a-ait-ben-haddou-et-ouarzazate\/#primaryimage"},"image":{"@id":"https:\/\/www.excursionaldesierto.com\/fr\/tour\/excursion-dune-journee-de-marrakech-a-ait-ben-haddou-et-ouarzazate\/#primaryimage"},"thumbnailUrl":"https:\/\/www.excursionaldesierto.com\/wp-content\/uploads\/2025\/09\/39-1.webp","datePublished":"2025-09-28T21:30:44+00:00","dateModified":"2025-12-02T23:04:50+00:00","breadcrumb":{"@id":"https:\/\/www.excursionaldesierto.com\/fr\/tour\/excursion-dune-journee-de-marrakech-a-ait-ben-haddou-et-ouarzazate\/#breadcrumb"},"inLanguage":"fr-FR","potentialAction":[{"@type":"ReadAction","target":["https:\/\/www.excursionaldesierto.com\/fr\/tour\/excursion-dune-journee-de-marrakech-a-ait-ben-haddou-et-ouarzazate\/"]}]},{"@type":"ImageObject","inLanguage":"fr-FR","@id":"https:\/\/www.excursionaldesierto.com\/fr\/tour\/excursion-dune-journee-de-marrakech-a-ait-ben-haddou-et-ouarzazate\/#primaryimage","url":"https:\/\/www.excursionaldesierto.com\/wp-content\/uploads\/2025\/09\/39-1.webp","contentUrl":"https:\/\/www.excursionaldesierto.com\/wp-content\/uploads\/2025\/09\/39-1.webp","width":800,"height":450},{"@type":"BreadcrumbList","@id":"https:\/\/www.excursionaldesierto.com\/fr\/tour\/excursion-dune-journee-de-marrakech-a-ait-ben-haddou-et-ouarzazate\/#breadcrumb","itemListElement":[{"@type":"ListItem","position":1,"name":"Home","item":"https:\/\/www.excursionaldesierto.com\/fr\/"},{"@type":"ListItem","position":2,"name":"Tienda","item":"https:\/\/www.excursionaldesierto.com\/tienda\/"},{"@type":"ListItem","position":3,"name":"Excursion d&#8217;une journ\u00e9e de Marrakech \u00e0 A\u00eft Ben Haddou et Ouarzazate"}]},{"@type":"WebSite","@id":"https:\/\/www.excursionaldesierto.com\/fr\/#website","url":"https:\/\/www.excursionaldesierto.com\/fr\/","name":"Excursion al desierto","description":"","potentialAction":[{"@type":"SearchAction","target":{"@type":"EntryPoint","urlTemplate":"https:\/\/www.excursionaldesierto.com\/fr\/?s={search_term_string}"},"query-input":{"@type":"PropertyValueSpecification","valueRequired":true,"valueName":"search_term_string"}}],"inLanguage":"fr-FR"}]}},"_links":{"self":[{"href":"https:\/\/www.excursionaldesierto.com\/fr\/wp-json\/wp\/v2\/product\/10515","targetHints":{"allow":["GET"]}}],"collection":[{"href":"https:\/\/www.excursionaldesierto.com\/fr\/wp-json\/wp\/v2\/product"}],"about":[{"href":"https:\/\/www.excursionaldesierto.com\/fr\/wp-json\/wp\/v2\/types\/product"}],"replies":[{"embeddable":true,"href":"https:\/\/www.excursionaldesierto.com\/fr\/wp-json\/wp\/v2\/comments?post=10515"}],"wp:featuredmedia":[{"embeddable":true,"href":"https:\/\/www.excursionaldesierto.com\/fr\/wp-json\/wp\/v2\/media\/10921"}],"wp:attachment":[{"href":"https:\/\/www.excursionaldesierto.com\/fr\/wp-json\/wp\/v2\/media?parent=10515"}],"wp:term":[{"taxonomy":"product_brand","embeddable":true,"href":"https:\/\/www.excursionaldesierto.com\/fr\/wp-json\/wp\/v2\/product_brand?post=10515"},{"taxonomy":"product_cat","embeddable":true,"href":"https:\/\/www.excursionaldesierto.com\/fr\/wp-json\/wp\/v2\/product_cat?post=10515"},{"taxonomy":"product_tag","embeddable":true,"href":"https:\/\/www.excursionaldesierto.com\/fr\/wp-json\/wp\/v2\/product_tag?post=10515"}],"curies":[{"name":"wp","href":"https:\/\/api.w.org\/{rel}","templated":true}]}}