{"id":10533,"date":"2025-09-28T21:22:13","date_gmt":"2025-09-28T21:22:13","guid":{"rendered":"https:\/\/www.excursionaldesierto.com\/tour\/excursion-de-1-dia-desde-marrakech-a-las-cascadas-de-ouzoud\/"},"modified":"2025-12-02T23:03:24","modified_gmt":"2025-12-02T23:03:24","slug":"excursion-dune-journee-au-depart-de-marrakech-aux-chutes-douzoud","status":"publish","type":"product","link":"https:\/\/www.excursionaldesierto.com\/fr\/tour\/excursion-dune-journee-au-depart-de-marrakech-aux-chutes-douzoud\/","title":{"rendered":"Excursion d&rsquo;une journ\u00e9e au d\u00e9part de Marrakech aux chutes d&rsquo;Ouzoud"},"content":{"rendered":"<h2>Aper\u00e7u:<\/h2>\n<p>Apr\u00e8s le petit-d\u00e9jeuner, d\u00e9part \u00e0 8h00 pour une excursion aux cascades d&rsquo;Ouzoud depuis Marrakech. Le trajet dure 2h30 (110 km) et se situe au c\u0153ur d&rsquo;une r\u00e9gion d&rsquo;une beaut\u00e9 exceptionnelle. Ces cascades sont un v\u00e9ritable joyau dans un pays souvent touch\u00e9 par la s\u00e9cheresse. \u00c0 plus de 140 km de Marrakech, la terre, d&rsquo;un rouge brique satur\u00e9 d&rsquo;oxyde de fer, contraste avec le tapis vert de milliers d&rsquo;oliviers plant\u00e9s sur le plateau. \u00ab Olivier \u00bb se traduit d&rsquo;ailleurs par \u00ab cascades d&rsquo;Ouzoud \u00bb en langue locale, d&rsquo;o\u00f9 le nom de ces chutes d&rsquo;eau\u2026 Vous les d\u00e9couvrirez d\u00e8s le d\u00e9part.<\/p>\n<p>Pour profiter pleinement du panorama, nous vous recommandons d&#8217;emprunter le chemin de gauche pour atteindre le premier niveau. De l\u00e0, la vue est tout simplement \u00e9poustouflante ! On y voit non pas une, mais six cascades, couronn\u00e9es d&rsquo;un double arc-en-ciel, qui d\u00e9ferlent sur les rochers dans un nuage de gouttelettes. Les parois de ce cirque sont recouvertes d&rsquo;une v\u00e9g\u00e9tation d&rsquo;un vert mousseux, scintillante au soleil. Vous pourrez apercevoir le bassin une centaine de m\u00e8tres plus bas. Si vous avez de la chance et si c&rsquo;est le matin, vous pourrez peut-\u00eatre apercevoir les macaques vivant dans leur habitat naturel.<\/p>\n<p>Il est possible de poursuivre la marche jusqu&rsquo;au pied de la cascade en empruntant quelques marches en pierre. La visite peut \u00e9galement se prolonger par une boucle derri\u00e8re l&rsquo;oued. (Bien qu&rsquo;il soit pr\u00e9f\u00e9rable de prendre un guide pour visiter les petites grottes, vous pouvez y aller seul si vous pr\u00e9f\u00e9rez, car elles sont faciles \u00e0 trouver).<\/p>\n<p>Un d\u00e9jeuner marocain typique, un d\u00e9licieux bouillon de l\u00e9gumes, vous sera servi dans un restaurant surplombant la cascade. Apr\u00e8s le d\u00e9jeuner, nous retournerons \u00e0 Marrakech et vous d\u00e9poserons o\u00f9 vous le souhaitez ou o\u00f9 nous pourrons vous rendre en voiture, mettant ainsi fin \u00e0 notre excursion d&rsquo;une journ\u00e9e de Marrakech aux cascades d&rsquo;Ouzoud.<\/p>\n","protected":false},"excerpt":{"rendered":"<p>Aper\u00e7u: Apr\u00e8s le petit-d\u00e9jeuner, d\u00e9part \u00e0 8h00 pour une excursion aux cascades d&rsquo;Ouzoud depuis Marrakech. Le trajet dure 2h30 (110 km) et se situe au c\u0153ur d&rsquo;une r\u00e9gion d&rsquo;une beaut\u00e9 exceptionnelle. Ces cascades sont un v\u00e9ritable joyau dans un pays souvent touch\u00e9 par la s\u00e9cheresse. \u00c0 plus de 140 km de Marrakech, la terre, d&rsquo;un [&hellip;]<\/p>\n","protected":false},"featured_media":10923,"comment_status":"open","ping_status":"closed","template":"","meta":{"_joinchat":[]},"product_brand":[],"product_cat":[94],"product_tag":[],"class_list":{"0":"post-10533","1":"product","2":"type-product","3":"status-publish","4":"has-post-thumbnail","6":"product_cat-excursions","8":"first","9":"instock","10":"shipping-taxable","11":"product-type-ovabrw_car_rental"},"yoast_head":"<!-- This site is optimized with the Yoast SEO Premium plugin v26.0 (Yoast SEO v26.0) - https:\/\/yoast.com\/wordpress\/plugins\/seo\/ -->\n<title>Excursion d&#039;une journ\u00e9e au d\u00e9part de Marrakech aux chutes d&#039;Ouzoud - Excursion al desierto<\/title>\n<meta name=\"robots\" content=\"index, follow, max-snippet:-1, max-image-preview:large, max-video-preview:-1\" \/>\n<link rel=\"canonical\" href=\"https:\/\/www.excursionaldesierto.com\/fr\/tour\/excursion-dune-journee-au-depart-de-marrakech-aux-chutes-douzoud\/\" \/>\n<meta property=\"og:locale\" content=\"fr_FR\" \/>\n<meta property=\"og:type\" content=\"article\" \/>\n<meta property=\"og:title\" content=\"Excursion d&#039;une journ\u00e9e au d\u00e9part de Marrakech aux chutes d&#039;Ouzoud\" \/>\n<meta property=\"og:description\" content=\"Aper\u00e7u: Apr\u00e8s le petit-d\u00e9jeuner, d\u00e9part \u00e0 8h00 pour une excursion aux cascades d&rsquo;Ouzoud depuis Marrakech. Le trajet dure 2h30 (110 km) et se situe au c\u0153ur d&rsquo;une r\u00e9gion d&rsquo;une beaut\u00e9 exceptionnelle. Ces cascades sont un v\u00e9ritable joyau dans un pays souvent touch\u00e9 par la s\u00e9cheresse. \u00c0 plus de 140 km de Marrakech, la terre, d&rsquo;un [&hellip;]\" \/>\n<meta property=\"og:url\" content=\"https:\/\/www.excursionaldesierto.com\/fr\/tour\/excursion-dune-journee-au-depart-de-marrakech-aux-chutes-douzoud\/\" \/>\n<meta property=\"og:site_name\" content=\"Excursion al desierto\" \/>\n<meta property=\"article:modified_time\" content=\"2025-12-02T23:03:24+00:00\" \/>\n<meta property=\"og:image\" content=\"https:\/\/www.excursionaldesierto.com\/wp-content\/uploads\/2025\/09\/35-2.webp\" \/>\n\t<meta property=\"og:image:width\" content=\"800\" \/>\n\t<meta property=\"og:image:height\" content=\"450\" \/>\n\t<meta property=\"og:image:type\" content=\"image\/webp\" \/>\n<meta name=\"twitter:card\" content=\"summary_large_image\" \/>\n<meta name=\"twitter:label1\" content=\"Dur\u00e9e de lecture estim\u00e9e\" \/>\n\t<meta name=\"twitter:data1\" content=\"2 minutes\" \/>\n<script type=\"application\/ld+json\" class=\"yoast-schema-graph\">{\"@context\":\"https:\/\/schema.org\",\"@graph\":[{\"@type\":\"WebPage\",\"@id\":\"https:\/\/www.excursionaldesierto.com\/fr\/tour\/excursion-dune-journee-au-depart-de-marrakech-aux-chutes-douzoud\/\",\"url\":\"https:\/\/www.excursionaldesierto.com\/fr\/tour\/excursion-dune-journee-au-depart-de-marrakech-aux-chutes-douzoud\/\",\"name\":\"Excursion d'une journ\u00e9e au d\u00e9part de Marrakech aux chutes d'Ouzoud - Excursion al desierto\",\"isPartOf\":{\"@id\":\"https:\/\/www.excursionaldesierto.com\/fr\/#website\"},\"primaryImageOfPage\":{\"@id\":\"https:\/\/www.excursionaldesierto.com\/fr\/tour\/excursion-dune-journee-au-depart-de-marrakech-aux-chutes-douzoud\/#primaryimage\"},\"image\":{\"@id\":\"https:\/\/www.excursionaldesierto.com\/fr\/tour\/excursion-dune-journee-au-depart-de-marrakech-aux-chutes-douzoud\/#primaryimage\"},\"thumbnailUrl\":\"https:\/\/www.excursionaldesierto.com\/wp-content\/uploads\/2025\/09\/35-2.webp\",\"datePublished\":\"2025-09-28T21:22:13+00:00\",\"dateModified\":\"2025-12-02T23:03:24+00:00\",\"breadcrumb\":{\"@id\":\"https:\/\/www.excursionaldesierto.com\/fr\/tour\/excursion-dune-journee-au-depart-de-marrakech-aux-chutes-douzoud\/#breadcrumb\"},\"inLanguage\":\"fr-FR\",\"potentialAction\":[{\"@type\":\"ReadAction\",\"target\":[\"https:\/\/www.excursionaldesierto.com\/fr\/tour\/excursion-dune-journee-au-depart-de-marrakech-aux-chutes-douzoud\/\"]}]},{\"@type\":\"ImageObject\",\"inLanguage\":\"fr-FR\",\"@id\":\"https:\/\/www.excursionaldesierto.com\/fr\/tour\/excursion-dune-journee-au-depart-de-marrakech-aux-chutes-douzoud\/#primaryimage\",\"url\":\"https:\/\/www.excursionaldesierto.com\/wp-content\/uploads\/2025\/09\/35-2.webp\",\"contentUrl\":\"https:\/\/www.excursionaldesierto.com\/wp-content\/uploads\/2025\/09\/35-2.webp\",\"width\":800,\"height\":450},{\"@type\":\"BreadcrumbList\",\"@id\":\"https:\/\/www.excursionaldesierto.com\/fr\/tour\/excursion-dune-journee-au-depart-de-marrakech-aux-chutes-douzoud\/#breadcrumb\",\"itemListElement\":[{\"@type\":\"ListItem\",\"position\":1,\"name\":\"Home\",\"item\":\"https:\/\/www.excursionaldesierto.com\/fr\/\"},{\"@type\":\"ListItem\",\"position\":2,\"name\":\"Tienda\",\"item\":\"https:\/\/www.excursionaldesierto.com\/tienda\/\"},{\"@type\":\"ListItem\",\"position\":3,\"name\":\"Excursion d&#8217;une journ\u00e9e au d\u00e9part de Marrakech aux chutes d&#8217;Ouzoud\"}]},{\"@type\":\"WebSite\",\"@id\":\"https:\/\/www.excursionaldesierto.com\/fr\/#website\",\"url\":\"https:\/\/www.excursionaldesierto.com\/fr\/\",\"name\":\"Excursion al desierto\",\"description\":\"\",\"potentialAction\":[{\"@type\":\"SearchAction\",\"target\":{\"@type\":\"EntryPoint\",\"urlTemplate\":\"https:\/\/www.excursionaldesierto.com\/fr\/?s={search_term_string}\"},\"query-input\":{\"@type\":\"PropertyValueSpecification\",\"valueRequired\":true,\"valueName\":\"search_term_string\"}}],\"inLanguage\":\"fr-FR\"}]}<\/script>\n<!-- \/ Yoast SEO Premium plugin. -->","yoast_head_json":{"title":"Excursion d'une journ\u00e9e au d\u00e9part de Marrakech aux chutes d'Ouzoud - Excursion al desierto","robots":{"index":"index","follow":"follow","max-snippet":"max-snippet:-1","max-image-preview":"max-image-preview:large","max-video-preview":"max-video-preview:-1"},"canonical":"https:\/\/www.excursionaldesierto.com\/fr\/tour\/excursion-dune-journee-au-depart-de-marrakech-aux-chutes-douzoud\/","og_locale":"fr_FR","og_type":"article","og_title":"Excursion d'une journ\u00e9e au d\u00e9part de Marrakech aux chutes d'Ouzoud","og_description":"Aper\u00e7u: Apr\u00e8s le petit-d\u00e9jeuner, d\u00e9part \u00e0 8h00 pour une excursion aux cascades d&rsquo;Ouzoud depuis Marrakech. Le trajet dure 2h30 (110 km) et se situe au c\u0153ur d&rsquo;une r\u00e9gion d&rsquo;une beaut\u00e9 exceptionnelle. Ces cascades sont un v\u00e9ritable joyau dans un pays souvent touch\u00e9 par la s\u00e9cheresse. \u00c0 plus de 140 km de Marrakech, la terre, d&rsquo;un [&hellip;]","og_url":"https:\/\/www.excursionaldesierto.com\/fr\/tour\/excursion-dune-journee-au-depart-de-marrakech-aux-chutes-douzoud\/","og_site_name":"Excursion al desierto","article_modified_time":"2025-12-02T23:03:24+00:00","og_image":[{"width":800,"height":450,"url":"https:\/\/www.excursionaldesierto.com\/wp-content\/uploads\/2025\/09\/35-2.webp","type":"image\/webp"}],"twitter_card":"summary_large_image","twitter_misc":{"Dur\u00e9e de lecture estim\u00e9e":"2 minutes"},"schema":{"@context":"https:\/\/schema.org","@graph":[{"@type":"WebPage","@id":"https:\/\/www.excursionaldesierto.com\/fr\/tour\/excursion-dune-journee-au-depart-de-marrakech-aux-chutes-douzoud\/","url":"https:\/\/www.excursionaldesierto.com\/fr\/tour\/excursion-dune-journee-au-depart-de-marrakech-aux-chutes-douzoud\/","name":"Excursion d'une journ\u00e9e au d\u00e9part de Marrakech aux chutes d'Ouzoud - Excursion al desierto","isPartOf":{"@id":"https:\/\/www.excursionaldesierto.com\/fr\/#website"},"primaryImageOfPage":{"@id":"https:\/\/www.excursionaldesierto.com\/fr\/tour\/excursion-dune-journee-au-depart-de-marrakech-aux-chutes-douzoud\/#primaryimage"},"image":{"@id":"https:\/\/www.excursionaldesierto.com\/fr\/tour\/excursion-dune-journee-au-depart-de-marrakech-aux-chutes-douzoud\/#primaryimage"},"thumbnailUrl":"https:\/\/www.excursionaldesierto.com\/wp-content\/uploads\/2025\/09\/35-2.webp","datePublished":"2025-09-28T21:22:13+00:00","dateModified":"2025-12-02T23:03:24+00:00","breadcrumb":{"@id":"https:\/\/www.excursionaldesierto.com\/fr\/tour\/excursion-dune-journee-au-depart-de-marrakech-aux-chutes-douzoud\/#breadcrumb"},"inLanguage":"fr-FR","potentialAction":[{"@type":"ReadAction","target":["https:\/\/www.excursionaldesierto.com\/fr\/tour\/excursion-dune-journee-au-depart-de-marrakech-aux-chutes-douzoud\/"]}]},{"@type":"ImageObject","inLanguage":"fr-FR","@id":"https:\/\/www.excursionaldesierto.com\/fr\/tour\/excursion-dune-journee-au-depart-de-marrakech-aux-chutes-douzoud\/#primaryimage","url":"https:\/\/www.excursionaldesierto.com\/wp-content\/uploads\/2025\/09\/35-2.webp","contentUrl":"https:\/\/www.excursionaldesierto.com\/wp-content\/uploads\/2025\/09\/35-2.webp","width":800,"height":450},{"@type":"BreadcrumbList","@id":"https:\/\/www.excursionaldesierto.com\/fr\/tour\/excursion-dune-journee-au-depart-de-marrakech-aux-chutes-douzoud\/#breadcrumb","itemListElement":[{"@type":"ListItem","position":1,"name":"Home","item":"https:\/\/www.excursionaldesierto.com\/fr\/"},{"@type":"ListItem","position":2,"name":"Tienda","item":"https:\/\/www.excursionaldesierto.com\/tienda\/"},{"@type":"ListItem","position":3,"name":"Excursion d&#8217;une journ\u00e9e au d\u00e9part de Marrakech aux chutes d&#8217;Ouzoud"}]},{"@type":"WebSite","@id":"https:\/\/www.excursionaldesierto.com\/fr\/#website","url":"https:\/\/www.excursionaldesierto.com\/fr\/","name":"Excursion al desierto","description":"","potentialAction":[{"@type":"SearchAction","target":{"@type":"EntryPoint","urlTemplate":"https:\/\/www.excursionaldesierto.com\/fr\/?s={search_term_string}"},"query-input":{"@type":"PropertyValueSpecification","valueRequired":true,"valueName":"search_term_string"}}],"inLanguage":"fr-FR"}]}},"_links":{"self":[{"href":"https:\/\/www.excursionaldesierto.com\/fr\/wp-json\/wp\/v2\/product\/10533","targetHints":{"allow":["GET"]}}],"collection":[{"href":"https:\/\/www.excursionaldesierto.com\/fr\/wp-json\/wp\/v2\/product"}],"about":[{"href":"https:\/\/www.excursionaldesierto.com\/fr\/wp-json\/wp\/v2\/types\/product"}],"replies":[{"embeddable":true,"href":"https:\/\/www.excursionaldesierto.com\/fr\/wp-json\/wp\/v2\/comments?post=10533"}],"wp:featuredmedia":[{"embeddable":true,"href":"https:\/\/www.excursionaldesierto.com\/fr\/wp-json\/wp\/v2\/media\/10923"}],"wp:attachment":[{"href":"https:\/\/www.excursionaldesierto.com\/fr\/wp-json\/wp\/v2\/media?parent=10533"}],"wp:term":[{"taxonomy":"product_brand","embeddable":true,"href":"https:\/\/www.excursionaldesierto.com\/fr\/wp-json\/wp\/v2\/product_brand?post=10533"},{"taxonomy":"product_cat","embeddable":true,"href":"https:\/\/www.excursionaldesierto.com\/fr\/wp-json\/wp\/v2\/product_cat?post=10533"},{"taxonomy":"product_tag","embeddable":true,"href":"https:\/\/www.excursionaldesierto.com\/fr\/wp-json\/wp\/v2\/product_tag?post=10533"}],"curies":[{"name":"wp","href":"https:\/\/api.w.org\/{rel}","templated":true}]}}