{"id":10554,"date":"2025-09-28T21:02:45","date_gmt":"2025-09-28T21:02:45","guid":{"rendered":"https:\/\/www.excursionaldesierto.com\/tour\/9-days-from-tangier-to-marrakech-via-desert-and-sea-essaouira\/"},"modified":"2025-11-22T12:22:35","modified_gmt":"2025-11-22T12:22:35","slug":"9-jours-de-tanger-a-marrakech-en-passant-par-le-desert-et-la-mer-dessaouira","status":"publish","type":"product","link":"https:\/\/www.excursionaldesierto.com\/fr\/tour\/9-jours-de-tanger-a-marrakech-en-passant-par-le-desert-et-la-mer-dessaouira\/","title":{"rendered":"9 jours de Tanger \u00e0 Marrakech en passant par le d\u00e9sert et la mer d&rsquo;Essaouira"},"content":{"rendered":"<h2>Aper\u00e7u:<\/h2>\n<p>Ce circuit de 9 jours, de Tanger \u00e0 Marrakech, offre une immersion compl\u00e8te dans le Maroc, alliant montagnes, m\u00e9dinas historiques, d\u00e9sert et c\u00f4te atlantique. Le voyage d\u00e9bute \u00e0 Tanger et se poursuit vers Chefchaouen, le charmant village bleu des montagnes du Rif, puis vers F\u00e8s. Vous profiterez d&rsquo;une visite guid\u00e9e de la m\u00e9dina de F\u00e8s el Bali, class\u00e9e au patrimoine mondial de l&rsquo;UNESCO, et explorerez souks, m\u00e9dersas et quartiers historiques.<\/p>\n<p>Le circuit se poursuit ensuite vers le d\u00e9sert de Merzouga, en traversant des paysages tels qu&rsquo;Ifrane, les for\u00eats d&rsquo;Azrou, la vall\u00e9e du Ziz et l&rsquo;oasis de Tafilalet. Vous passerez une nuit sous des tentes berb\u00e8res traditionnelles et assisterez \u00e0 un spectacle de musique berb\u00e8re. Vous visiterez \u00e9galement Khamlia, le circuit du Rallye Dakar, des villages berb\u00e8res, les mines de barytine et des oasis secr\u00e8tes comme Borika et Ramlia, et profiterez d&rsquo;un coucher de soleil sur les dunes de l&rsquo;Erg Ouzina.<\/p>\n<p>Le circuit se poursuit ensuite \u00e0 travers les gorges du Todra, la vall\u00e9e du Dad\u00e8s et la Route des Mille Kasbahs, en passant par Skoura et Ouarzazate. Il comprend une visite de la kasbah historique d&rsquo;A\u00eft-Ben-Haddou, class\u00e9e au patrimoine mondial de l&rsquo;UNESCO. Le voyage traverse ensuite le Haut Atlas pour rejoindre Marrakech, o\u00f9 une journ\u00e9e de repos et de d\u00e9couverte de la ville est pr\u00e9vue.<\/p>\n<p>Le circuit inclut \u00e9galement une excursion \u00e0 Essaouira, charmante ville c\u00f4ti\u00e8re avec son port historique, ses remparts, son artisanat local et son atmosph\u00e8re unique. Enfin, le circuit se termine par un transfert de Marrakech \u00e0 l&rsquo;a\u00e9roport, concluant ainsi une exp\u00e9rience de 9 jours alliant histoire, culture, d\u00e9sert et mer, et offrant un aper\u00e7u des plus beaux atouts du Maroc.<\/p>\n","protected":false},"excerpt":{"rendered":"<p>Aper\u00e7u: Ce circuit de 9 jours, de Tanger \u00e0 Marrakech, offre une immersion compl\u00e8te dans le Maroc, alliant montagnes, m\u00e9dinas historiques, d\u00e9sert et c\u00f4te atlantique. Le voyage d\u00e9bute \u00e0 Tanger et se poursuit vers Chefchaouen, le charmant village bleu des montagnes du Rif, puis vers F\u00e8s. Vous profiterez d&rsquo;une visite guid\u00e9e de la m\u00e9dina de [&hellip;]<\/p>\n","protected":false},"featured_media":10550,"comment_status":"open","ping_status":"closed","template":"","meta":{"_joinchat":[]},"product_brand":[],"product_cat":[100,95],"product_tag":[],"class_list":{"0":"post-10554","1":"product","2":"type-product","3":"status-publish","4":"has-post-thumbnail","6":"product_cat-circuit-au-depart-de-tanger","7":"product_cat-visites-et-circuits","9":"first","10":"instock","11":"shipping-taxable","12":"product-type-ovabrw_car_rental"},"yoast_head":"<!-- This site is optimized with the Yoast SEO Premium plugin v26.0 (Yoast SEO v26.0) - https:\/\/yoast.com\/wordpress\/plugins\/seo\/ -->\n<title>9 jours de Tanger \u00e0 Marrakech en passant par le d\u00e9sert et la mer d&#039;Essaouira - Excursion al desierto<\/title>\n<meta name=\"robots\" content=\"index, follow, max-snippet:-1, max-image-preview:large, max-video-preview:-1\" \/>\n<link rel=\"canonical\" href=\"https:\/\/www.excursionaldesierto.com\/fr\/tour\/9-jours-de-tanger-a-marrakech-en-passant-par-le-desert-et-la-mer-dessaouira\/\" \/>\n<meta property=\"og:locale\" content=\"fr_FR\" \/>\n<meta property=\"og:type\" content=\"article\" \/>\n<meta property=\"og:title\" content=\"9 jours de Tanger \u00e0 Marrakech en passant par le d\u00e9sert et la mer d&#039;Essaouira\" \/>\n<meta property=\"og:description\" content=\"Aper\u00e7u: Ce circuit de 9 jours, de Tanger \u00e0 Marrakech, offre une immersion compl\u00e8te dans le Maroc, alliant montagnes, m\u00e9dinas historiques, d\u00e9sert et c\u00f4te atlantique. Le voyage d\u00e9bute \u00e0 Tanger et se poursuit vers Chefchaouen, le charmant village bleu des montagnes du Rif, puis vers F\u00e8s. Vous profiterez d&rsquo;une visite guid\u00e9e de la m\u00e9dina de [&hellip;]\" \/>\n<meta property=\"og:url\" content=\"https:\/\/www.excursionaldesierto.com\/fr\/tour\/9-jours-de-tanger-a-marrakech-en-passant-par-le-desert-et-la-mer-dessaouira\/\" \/>\n<meta property=\"og:site_name\" content=\"Excursion al desierto\" \/>\n<meta property=\"article:modified_time\" content=\"2025-11-22T12:22:35+00:00\" \/>\n<meta property=\"og:image\" content=\"https:\/\/www.excursionaldesierto.com\/wp-content\/uploads\/2025\/09\/42-2.webp\" \/>\n\t<meta property=\"og:image:width\" content=\"800\" \/>\n\t<meta property=\"og:image:height\" content=\"450\" \/>\n\t<meta property=\"og:image:type\" content=\"image\/webp\" \/>\n<meta name=\"twitter:card\" content=\"summary_large_image\" \/>\n<meta name=\"twitter:label1\" content=\"Dur\u00e9e de lecture estim\u00e9e\" \/>\n\t<meta name=\"twitter:data1\" content=\"2 minutes\" \/>\n<script type=\"application\/ld+json\" class=\"yoast-schema-graph\">{\"@context\":\"https:\/\/schema.org\",\"@graph\":[{\"@type\":\"WebPage\",\"@id\":\"https:\/\/www.excursionaldesierto.com\/fr\/tour\/9-jours-de-tanger-a-marrakech-en-passant-par-le-desert-et-la-mer-dessaouira\/\",\"url\":\"https:\/\/www.excursionaldesierto.com\/fr\/tour\/9-jours-de-tanger-a-marrakech-en-passant-par-le-desert-et-la-mer-dessaouira\/\",\"name\":\"9 jours de Tanger \u00e0 Marrakech en passant par le d\u00e9sert et la mer d'Essaouira - Excursion al desierto\",\"isPartOf\":{\"@id\":\"https:\/\/www.excursionaldesierto.com\/fr\/#website\"},\"primaryImageOfPage\":{\"@id\":\"https:\/\/www.excursionaldesierto.com\/fr\/tour\/9-jours-de-tanger-a-marrakech-en-passant-par-le-desert-et-la-mer-dessaouira\/#primaryimage\"},\"image\":{\"@id\":\"https:\/\/www.excursionaldesierto.com\/fr\/tour\/9-jours-de-tanger-a-marrakech-en-passant-par-le-desert-et-la-mer-dessaouira\/#primaryimage\"},\"thumbnailUrl\":\"https:\/\/www.excursionaldesierto.com\/wp-content\/uploads\/2025\/09\/42-2.webp\",\"datePublished\":\"2025-09-28T21:02:45+00:00\",\"dateModified\":\"2025-11-22T12:22:35+00:00\",\"breadcrumb\":{\"@id\":\"https:\/\/www.excursionaldesierto.com\/fr\/tour\/9-jours-de-tanger-a-marrakech-en-passant-par-le-desert-et-la-mer-dessaouira\/#breadcrumb\"},\"inLanguage\":\"fr-FR\",\"potentialAction\":[{\"@type\":\"ReadAction\",\"target\":[\"https:\/\/www.excursionaldesierto.com\/fr\/tour\/9-jours-de-tanger-a-marrakech-en-passant-par-le-desert-et-la-mer-dessaouira\/\"]}]},{\"@type\":\"ImageObject\",\"inLanguage\":\"fr-FR\",\"@id\":\"https:\/\/www.excursionaldesierto.com\/fr\/tour\/9-jours-de-tanger-a-marrakech-en-passant-par-le-desert-et-la-mer-dessaouira\/#primaryimage\",\"url\":\"https:\/\/www.excursionaldesierto.com\/wp-content\/uploads\/2025\/09\/42-2.webp\",\"contentUrl\":\"https:\/\/www.excursionaldesierto.com\/wp-content\/uploads\/2025\/09\/42-2.webp\",\"width\":800,\"height\":450},{\"@type\":\"BreadcrumbList\",\"@id\":\"https:\/\/www.excursionaldesierto.com\/fr\/tour\/9-jours-de-tanger-a-marrakech-en-passant-par-le-desert-et-la-mer-dessaouira\/#breadcrumb\",\"itemListElement\":[{\"@type\":\"ListItem\",\"position\":1,\"name\":\"Home\",\"item\":\"https:\/\/www.excursionaldesierto.com\/fr\/\"},{\"@type\":\"ListItem\",\"position\":2,\"name\":\"Tienda\",\"item\":\"https:\/\/www.excursionaldesierto.com\/tienda\/\"},{\"@type\":\"ListItem\",\"position\":3,\"name\":\"9 jours de Tanger \u00e0 Marrakech en passant par le d\u00e9sert et la mer d&#8217;Essaouira\"}]},{\"@type\":\"WebSite\",\"@id\":\"https:\/\/www.excursionaldesierto.com\/fr\/#website\",\"url\":\"https:\/\/www.excursionaldesierto.com\/fr\/\",\"name\":\"Excursion al desierto\",\"description\":\"\",\"potentialAction\":[{\"@type\":\"SearchAction\",\"target\":{\"@type\":\"EntryPoint\",\"urlTemplate\":\"https:\/\/www.excursionaldesierto.com\/fr\/?s={search_term_string}\"},\"query-input\":{\"@type\":\"PropertyValueSpecification\",\"valueRequired\":true,\"valueName\":\"search_term_string\"}}],\"inLanguage\":\"fr-FR\"}]}<\/script>\n<!-- \/ Yoast SEO Premium plugin. -->","yoast_head_json":{"title":"9 jours de Tanger \u00e0 Marrakech en passant par le d\u00e9sert et la mer d'Essaouira - Excursion al desierto","robots":{"index":"index","follow":"follow","max-snippet":"max-snippet:-1","max-image-preview":"max-image-preview:large","max-video-preview":"max-video-preview:-1"},"canonical":"https:\/\/www.excursionaldesierto.com\/fr\/tour\/9-jours-de-tanger-a-marrakech-en-passant-par-le-desert-et-la-mer-dessaouira\/","og_locale":"fr_FR","og_type":"article","og_title":"9 jours de Tanger \u00e0 Marrakech en passant par le d\u00e9sert et la mer d'Essaouira","og_description":"Aper\u00e7u: Ce circuit de 9 jours, de Tanger \u00e0 Marrakech, offre une immersion compl\u00e8te dans le Maroc, alliant montagnes, m\u00e9dinas historiques, d\u00e9sert et c\u00f4te atlantique. Le voyage d\u00e9bute \u00e0 Tanger et se poursuit vers Chefchaouen, le charmant village bleu des montagnes du Rif, puis vers F\u00e8s. Vous profiterez d&rsquo;une visite guid\u00e9e de la m\u00e9dina de [&hellip;]","og_url":"https:\/\/www.excursionaldesierto.com\/fr\/tour\/9-jours-de-tanger-a-marrakech-en-passant-par-le-desert-et-la-mer-dessaouira\/","og_site_name":"Excursion al desierto","article_modified_time":"2025-11-22T12:22:35+00:00","og_image":[{"width":800,"height":450,"url":"https:\/\/www.excursionaldesierto.com\/wp-content\/uploads\/2025\/09\/42-2.webp","type":"image\/webp"}],"twitter_card":"summary_large_image","twitter_misc":{"Dur\u00e9e de lecture estim\u00e9e":"2 minutes"},"schema":{"@context":"https:\/\/schema.org","@graph":[{"@type":"WebPage","@id":"https:\/\/www.excursionaldesierto.com\/fr\/tour\/9-jours-de-tanger-a-marrakech-en-passant-par-le-desert-et-la-mer-dessaouira\/","url":"https:\/\/www.excursionaldesierto.com\/fr\/tour\/9-jours-de-tanger-a-marrakech-en-passant-par-le-desert-et-la-mer-dessaouira\/","name":"9 jours de Tanger \u00e0 Marrakech en passant par le d\u00e9sert et la mer d'Essaouira - Excursion al desierto","isPartOf":{"@id":"https:\/\/www.excursionaldesierto.com\/fr\/#website"},"primaryImageOfPage":{"@id":"https:\/\/www.excursionaldesierto.com\/fr\/tour\/9-jours-de-tanger-a-marrakech-en-passant-par-le-desert-et-la-mer-dessaouira\/#primaryimage"},"image":{"@id":"https:\/\/www.excursionaldesierto.com\/fr\/tour\/9-jours-de-tanger-a-marrakech-en-passant-par-le-desert-et-la-mer-dessaouira\/#primaryimage"},"thumbnailUrl":"https:\/\/www.excursionaldesierto.com\/wp-content\/uploads\/2025\/09\/42-2.webp","datePublished":"2025-09-28T21:02:45+00:00","dateModified":"2025-11-22T12:22:35+00:00","breadcrumb":{"@id":"https:\/\/www.excursionaldesierto.com\/fr\/tour\/9-jours-de-tanger-a-marrakech-en-passant-par-le-desert-et-la-mer-dessaouira\/#breadcrumb"},"inLanguage":"fr-FR","potentialAction":[{"@type":"ReadAction","target":["https:\/\/www.excursionaldesierto.com\/fr\/tour\/9-jours-de-tanger-a-marrakech-en-passant-par-le-desert-et-la-mer-dessaouira\/"]}]},{"@type":"ImageObject","inLanguage":"fr-FR","@id":"https:\/\/www.excursionaldesierto.com\/fr\/tour\/9-jours-de-tanger-a-marrakech-en-passant-par-le-desert-et-la-mer-dessaouira\/#primaryimage","url":"https:\/\/www.excursionaldesierto.com\/wp-content\/uploads\/2025\/09\/42-2.webp","contentUrl":"https:\/\/www.excursionaldesierto.com\/wp-content\/uploads\/2025\/09\/42-2.webp","width":800,"height":450},{"@type":"BreadcrumbList","@id":"https:\/\/www.excursionaldesierto.com\/fr\/tour\/9-jours-de-tanger-a-marrakech-en-passant-par-le-desert-et-la-mer-dessaouira\/#breadcrumb","itemListElement":[{"@type":"ListItem","position":1,"name":"Home","item":"https:\/\/www.excursionaldesierto.com\/fr\/"},{"@type":"ListItem","position":2,"name":"Tienda","item":"https:\/\/www.excursionaldesierto.com\/tienda\/"},{"@type":"ListItem","position":3,"name":"9 jours de Tanger \u00e0 Marrakech en passant par le d\u00e9sert et la mer d&#8217;Essaouira"}]},{"@type":"WebSite","@id":"https:\/\/www.excursionaldesierto.com\/fr\/#website","url":"https:\/\/www.excursionaldesierto.com\/fr\/","name":"Excursion al desierto","description":"","potentialAction":[{"@type":"SearchAction","target":{"@type":"EntryPoint","urlTemplate":"https:\/\/www.excursionaldesierto.com\/fr\/?s={search_term_string}"},"query-input":{"@type":"PropertyValueSpecification","valueRequired":true,"valueName":"search_term_string"}}],"inLanguage":"fr-FR"}]}},"_links":{"self":[{"href":"https:\/\/www.excursionaldesierto.com\/fr\/wp-json\/wp\/v2\/product\/10554","targetHints":{"allow":["GET"]}}],"collection":[{"href":"https:\/\/www.excursionaldesierto.com\/fr\/wp-json\/wp\/v2\/product"}],"about":[{"href":"https:\/\/www.excursionaldesierto.com\/fr\/wp-json\/wp\/v2\/types\/product"}],"replies":[{"embeddable":true,"href":"https:\/\/www.excursionaldesierto.com\/fr\/wp-json\/wp\/v2\/comments?post=10554"}],"wp:featuredmedia":[{"embeddable":true,"href":"https:\/\/www.excursionaldesierto.com\/fr\/wp-json\/wp\/v2\/media\/10550"}],"wp:attachment":[{"href":"https:\/\/www.excursionaldesierto.com\/fr\/wp-json\/wp\/v2\/media?parent=10554"}],"wp:term":[{"taxonomy":"product_brand","embeddable":true,"href":"https:\/\/www.excursionaldesierto.com\/fr\/wp-json\/wp\/v2\/product_brand?post=10554"},{"taxonomy":"product_cat","embeddable":true,"href":"https:\/\/www.excursionaldesierto.com\/fr\/wp-json\/wp\/v2\/product_cat?post=10554"},{"taxonomy":"product_tag","embeddable":true,"href":"https:\/\/www.excursionaldesierto.com\/fr\/wp-json\/wp\/v2\/product_tag?post=10554"}],"curies":[{"name":"wp","href":"https:\/\/api.w.org\/{rel}","templated":true}]}}