{"id":10560,"date":"2025-09-28T20:57:02","date_gmt":"2025-09-28T20:57:02","guid":{"rendered":"https:\/\/www.excursionaldesierto.com\/tour\/7-days-from-tangier-to-marrakech-via-the-desert\/"},"modified":"2025-11-22T12:32:18","modified_gmt":"2025-11-22T12:32:18","slug":"7-jours-de-tanger-a-marrakech-en-passant-par-le-desert","status":"publish","type":"product","link":"https:\/\/www.excursionaldesierto.com\/fr\/tour\/7-jours-de-tanger-a-marrakech-en-passant-par-le-desert\/","title":{"rendered":"7 jours de Tanger \u00e0 Marrakech en passant par le d\u00e9sert"},"content":{"rendered":"<h2>Aper\u00e7u:<\/h2>\n<p>Ce circuit de 7 jours, de Tanger \u00e0 Marrakech, combine la magie du nord marocain, la richesse historique de F\u00e8s et la grandeur du Sahara. \u00c0 votre arriv\u00e9e \u00e0 Tanger, vous d\u00e9couvrirez la beaut\u00e9 de Chefchaouen, la c\u00e9l\u00e8bre ville bleue des montagnes du Rif, avant de rejoindre F\u00e8s, ville historique, o\u00f9 vous profiterez d&rsquo;une visite guid\u00e9e compl\u00e8te de sa m\u00e9dina m\u00e9di\u00e9vale, class\u00e9e au patrimoine mondial de l&rsquo;UNESCO.<\/p>\n<p>Le voyage se poursuit vers le d\u00e9sert de Merzouga, en traversant des paysages \u00e0 couper le souffle tels qu&rsquo;Ifrane, les for\u00eats d&rsquo;Azrou et la vall\u00e9e du Ziz. Vous y ferez une balade \u00e0 dos de chameau et passerez la nuit sous des tentes berb\u00e8res traditionnelles, en assistant \u00e0 un spectacle de musique berb\u00e8re. Vous visiterez \u00e9galement Khamlia, terre des Gnawa, et emprunterez les traces du rallye Paris-Dakar, d\u00e9couvrant ainsi le d\u00e9sert d&rsquo;Ouzina, ses familles berb\u00e8res et ses dunes spectaculaires au coucher du soleil.<\/p>\n<p>L&rsquo;itin\u00e9raire se poursuit vers les gorges du Todra, la vall\u00e9e du Dad\u00e8s et la c\u00e9l\u00e8bre Route des Mille Kasbahs, en passant par Skoura, Ouarzazate et la kasbah historique d&rsquo;A\u00eft-Ben-Haddou, class\u00e9e au patrimoine mondial de l&rsquo;UNESCO. Enfin, apr\u00e8s avoir travers\u00e9 le Haut Atlas, vous arriverez \u00e0 Marrakech, la vibrante ville rouge, o\u00f9 s&rsquo;ach\u00e8vera cette aventure de sept jours, m\u00ealant histoire, culture, d\u00e9sert et paysages uniques du Maroc.<\/p>\n","protected":false},"excerpt":{"rendered":"<p>Aper\u00e7u: Ce circuit de 7 jours, de Tanger \u00e0 Marrakech, combine la magie du nord marocain, la richesse historique de F\u00e8s et la grandeur du Sahara. \u00c0 votre arriv\u00e9e \u00e0 Tanger, vous d\u00e9couvrirez la beaut\u00e9 de Chefchaouen, la c\u00e9l\u00e8bre ville bleue des montagnes du Rif, avant de rejoindre F\u00e8s, ville historique, o\u00f9 vous profiterez d&rsquo;une [&hellip;]<\/p>\n","protected":false},"featured_media":10561,"comment_status":"open","ping_status":"closed","template":"","meta":{"_joinchat":[]},"product_brand":[],"product_cat":[100,95],"product_tag":[],"class_list":{"0":"post-10560","1":"product","2":"type-product","3":"status-publish","4":"has-post-thumbnail","6":"product_cat-circuit-au-depart-de-tanger","7":"product_cat-visites-et-circuits","9":"first","10":"instock","11":"shipping-taxable","12":"product-type-ovabrw_car_rental"},"yoast_head":"<!-- This site is optimized with the Yoast SEO Premium plugin v26.0 (Yoast SEO v26.0) - https:\/\/yoast.com\/wordpress\/plugins\/seo\/ -->\n<title>7 jours de Tanger \u00e0 Marrakech en passant par le d\u00e9sert - Excursion al desierto<\/title>\n<meta name=\"robots\" content=\"index, follow, max-snippet:-1, max-image-preview:large, max-video-preview:-1\" \/>\n<link rel=\"canonical\" href=\"https:\/\/www.excursionaldesierto.com\/fr\/tour\/7-jours-de-tanger-a-marrakech-en-passant-par-le-desert\/\" \/>\n<meta property=\"og:locale\" content=\"fr_FR\" \/>\n<meta property=\"og:type\" content=\"article\" \/>\n<meta property=\"og:title\" content=\"7 jours de Tanger \u00e0 Marrakech en passant par le d\u00e9sert\" \/>\n<meta property=\"og:description\" content=\"Aper\u00e7u: Ce circuit de 7 jours, de Tanger \u00e0 Marrakech, combine la magie du nord marocain, la richesse historique de F\u00e8s et la grandeur du Sahara. \u00c0 votre arriv\u00e9e \u00e0 Tanger, vous d\u00e9couvrirez la beaut\u00e9 de Chefchaouen, la c\u00e9l\u00e8bre ville bleue des montagnes du Rif, avant de rejoindre F\u00e8s, ville historique, o\u00f9 vous profiterez d&rsquo;une [&hellip;]\" \/>\n<meta property=\"og:url\" content=\"https:\/\/www.excursionaldesierto.com\/fr\/tour\/7-jours-de-tanger-a-marrakech-en-passant-par-le-desert\/\" \/>\n<meta property=\"og:site_name\" content=\"Excursion al desierto\" \/>\n<meta property=\"article:modified_time\" content=\"2025-11-22T12:32:18+00:00\" \/>\n<meta property=\"og:image\" content=\"https:\/\/www.excursionaldesierto.com\/wp-content\/uploads\/2025\/09\/29-2.webp\" \/>\n\t<meta property=\"og:image:width\" content=\"800\" \/>\n\t<meta property=\"og:image:height\" content=\"450\" \/>\n\t<meta property=\"og:image:type\" content=\"image\/webp\" \/>\n<meta name=\"twitter:card\" content=\"summary_large_image\" \/>\n<meta name=\"twitter:label1\" content=\"Dur\u00e9e de lecture estim\u00e9e\" \/>\n\t<meta name=\"twitter:data1\" content=\"2 minutes\" \/>\n<script type=\"application\/ld+json\" class=\"yoast-schema-graph\">{\"@context\":\"https:\/\/schema.org\",\"@graph\":[{\"@type\":\"WebPage\",\"@id\":\"https:\/\/www.excursionaldesierto.com\/fr\/tour\/7-jours-de-tanger-a-marrakech-en-passant-par-le-desert\/\",\"url\":\"https:\/\/www.excursionaldesierto.com\/fr\/tour\/7-jours-de-tanger-a-marrakech-en-passant-par-le-desert\/\",\"name\":\"7 jours de Tanger \u00e0 Marrakech en passant par le d\u00e9sert - Excursion al desierto\",\"isPartOf\":{\"@id\":\"https:\/\/www.excursionaldesierto.com\/fr\/#website\"},\"primaryImageOfPage\":{\"@id\":\"https:\/\/www.excursionaldesierto.com\/fr\/tour\/7-jours-de-tanger-a-marrakech-en-passant-par-le-desert\/#primaryimage\"},\"image\":{\"@id\":\"https:\/\/www.excursionaldesierto.com\/fr\/tour\/7-jours-de-tanger-a-marrakech-en-passant-par-le-desert\/#primaryimage\"},\"thumbnailUrl\":\"https:\/\/www.excursionaldesierto.com\/wp-content\/uploads\/2025\/09\/29-2.webp\",\"datePublished\":\"2025-09-28T20:57:02+00:00\",\"dateModified\":\"2025-11-22T12:32:18+00:00\",\"breadcrumb\":{\"@id\":\"https:\/\/www.excursionaldesierto.com\/fr\/tour\/7-jours-de-tanger-a-marrakech-en-passant-par-le-desert\/#breadcrumb\"},\"inLanguage\":\"fr-FR\",\"potentialAction\":[{\"@type\":\"ReadAction\",\"target\":[\"https:\/\/www.excursionaldesierto.com\/fr\/tour\/7-jours-de-tanger-a-marrakech-en-passant-par-le-desert\/\"]}]},{\"@type\":\"ImageObject\",\"inLanguage\":\"fr-FR\",\"@id\":\"https:\/\/www.excursionaldesierto.com\/fr\/tour\/7-jours-de-tanger-a-marrakech-en-passant-par-le-desert\/#primaryimage\",\"url\":\"https:\/\/www.excursionaldesierto.com\/wp-content\/uploads\/2025\/09\/29-2.webp\",\"contentUrl\":\"https:\/\/www.excursionaldesierto.com\/wp-content\/uploads\/2025\/09\/29-2.webp\",\"width\":800,\"height\":450},{\"@type\":\"BreadcrumbList\",\"@id\":\"https:\/\/www.excursionaldesierto.com\/fr\/tour\/7-jours-de-tanger-a-marrakech-en-passant-par-le-desert\/#breadcrumb\",\"itemListElement\":[{\"@type\":\"ListItem\",\"position\":1,\"name\":\"Home\",\"item\":\"https:\/\/www.excursionaldesierto.com\/fr\/\"},{\"@type\":\"ListItem\",\"position\":2,\"name\":\"Tienda\",\"item\":\"https:\/\/www.excursionaldesierto.com\/tienda\/\"},{\"@type\":\"ListItem\",\"position\":3,\"name\":\"7 jours de Tanger \u00e0 Marrakech en passant par le d\u00e9sert\"}]},{\"@type\":\"WebSite\",\"@id\":\"https:\/\/www.excursionaldesierto.com\/fr\/#website\",\"url\":\"https:\/\/www.excursionaldesierto.com\/fr\/\",\"name\":\"Excursion al desierto\",\"description\":\"\",\"potentialAction\":[{\"@type\":\"SearchAction\",\"target\":{\"@type\":\"EntryPoint\",\"urlTemplate\":\"https:\/\/www.excursionaldesierto.com\/fr\/?s={search_term_string}\"},\"query-input\":{\"@type\":\"PropertyValueSpecification\",\"valueRequired\":true,\"valueName\":\"search_term_string\"}}],\"inLanguage\":\"fr-FR\"}]}<\/script>\n<!-- \/ Yoast SEO Premium plugin. -->","yoast_head_json":{"title":"7 jours de Tanger \u00e0 Marrakech en passant par le d\u00e9sert - Excursion al desierto","robots":{"index":"index","follow":"follow","max-snippet":"max-snippet:-1","max-image-preview":"max-image-preview:large","max-video-preview":"max-video-preview:-1"},"canonical":"https:\/\/www.excursionaldesierto.com\/fr\/tour\/7-jours-de-tanger-a-marrakech-en-passant-par-le-desert\/","og_locale":"fr_FR","og_type":"article","og_title":"7 jours de Tanger \u00e0 Marrakech en passant par le d\u00e9sert","og_description":"Aper\u00e7u: Ce circuit de 7 jours, de Tanger \u00e0 Marrakech, combine la magie du nord marocain, la richesse historique de F\u00e8s et la grandeur du Sahara. \u00c0 votre arriv\u00e9e \u00e0 Tanger, vous d\u00e9couvrirez la beaut\u00e9 de Chefchaouen, la c\u00e9l\u00e8bre ville bleue des montagnes du Rif, avant de rejoindre F\u00e8s, ville historique, o\u00f9 vous profiterez d&rsquo;une [&hellip;]","og_url":"https:\/\/www.excursionaldesierto.com\/fr\/tour\/7-jours-de-tanger-a-marrakech-en-passant-par-le-desert\/","og_site_name":"Excursion al desierto","article_modified_time":"2025-11-22T12:32:18+00:00","og_image":[{"width":800,"height":450,"url":"https:\/\/www.excursionaldesierto.com\/wp-content\/uploads\/2025\/09\/29-2.webp","type":"image\/webp"}],"twitter_card":"summary_large_image","twitter_misc":{"Dur\u00e9e de lecture estim\u00e9e":"2 minutes"},"schema":{"@context":"https:\/\/schema.org","@graph":[{"@type":"WebPage","@id":"https:\/\/www.excursionaldesierto.com\/fr\/tour\/7-jours-de-tanger-a-marrakech-en-passant-par-le-desert\/","url":"https:\/\/www.excursionaldesierto.com\/fr\/tour\/7-jours-de-tanger-a-marrakech-en-passant-par-le-desert\/","name":"7 jours de Tanger \u00e0 Marrakech en passant par le d\u00e9sert - Excursion al desierto","isPartOf":{"@id":"https:\/\/www.excursionaldesierto.com\/fr\/#website"},"primaryImageOfPage":{"@id":"https:\/\/www.excursionaldesierto.com\/fr\/tour\/7-jours-de-tanger-a-marrakech-en-passant-par-le-desert\/#primaryimage"},"image":{"@id":"https:\/\/www.excursionaldesierto.com\/fr\/tour\/7-jours-de-tanger-a-marrakech-en-passant-par-le-desert\/#primaryimage"},"thumbnailUrl":"https:\/\/www.excursionaldesierto.com\/wp-content\/uploads\/2025\/09\/29-2.webp","datePublished":"2025-09-28T20:57:02+00:00","dateModified":"2025-11-22T12:32:18+00:00","breadcrumb":{"@id":"https:\/\/www.excursionaldesierto.com\/fr\/tour\/7-jours-de-tanger-a-marrakech-en-passant-par-le-desert\/#breadcrumb"},"inLanguage":"fr-FR","potentialAction":[{"@type":"ReadAction","target":["https:\/\/www.excursionaldesierto.com\/fr\/tour\/7-jours-de-tanger-a-marrakech-en-passant-par-le-desert\/"]}]},{"@type":"ImageObject","inLanguage":"fr-FR","@id":"https:\/\/www.excursionaldesierto.com\/fr\/tour\/7-jours-de-tanger-a-marrakech-en-passant-par-le-desert\/#primaryimage","url":"https:\/\/www.excursionaldesierto.com\/wp-content\/uploads\/2025\/09\/29-2.webp","contentUrl":"https:\/\/www.excursionaldesierto.com\/wp-content\/uploads\/2025\/09\/29-2.webp","width":800,"height":450},{"@type":"BreadcrumbList","@id":"https:\/\/www.excursionaldesierto.com\/fr\/tour\/7-jours-de-tanger-a-marrakech-en-passant-par-le-desert\/#breadcrumb","itemListElement":[{"@type":"ListItem","position":1,"name":"Home","item":"https:\/\/www.excursionaldesierto.com\/fr\/"},{"@type":"ListItem","position":2,"name":"Tienda","item":"https:\/\/www.excursionaldesierto.com\/tienda\/"},{"@type":"ListItem","position":3,"name":"7 jours de Tanger \u00e0 Marrakech en passant par le d\u00e9sert"}]},{"@type":"WebSite","@id":"https:\/\/www.excursionaldesierto.com\/fr\/#website","url":"https:\/\/www.excursionaldesierto.com\/fr\/","name":"Excursion al desierto","description":"","potentialAction":[{"@type":"SearchAction","target":{"@type":"EntryPoint","urlTemplate":"https:\/\/www.excursionaldesierto.com\/fr\/?s={search_term_string}"},"query-input":{"@type":"PropertyValueSpecification","valueRequired":true,"valueName":"search_term_string"}}],"inLanguage":"fr-FR"}]}},"_links":{"self":[{"href":"https:\/\/www.excursionaldesierto.com\/fr\/wp-json\/wp\/v2\/product\/10560","targetHints":{"allow":["GET"]}}],"collection":[{"href":"https:\/\/www.excursionaldesierto.com\/fr\/wp-json\/wp\/v2\/product"}],"about":[{"href":"https:\/\/www.excursionaldesierto.com\/fr\/wp-json\/wp\/v2\/types\/product"}],"replies":[{"embeddable":true,"href":"https:\/\/www.excursionaldesierto.com\/fr\/wp-json\/wp\/v2\/comments?post=10560"}],"wp:featuredmedia":[{"embeddable":true,"href":"https:\/\/www.excursionaldesierto.com\/fr\/wp-json\/wp\/v2\/media\/10561"}],"wp:attachment":[{"href":"https:\/\/www.excursionaldesierto.com\/fr\/wp-json\/wp\/v2\/media?parent=10560"}],"wp:term":[{"taxonomy":"product_brand","embeddable":true,"href":"https:\/\/www.excursionaldesierto.com\/fr\/wp-json\/wp\/v2\/product_brand?post=10560"},{"taxonomy":"product_cat","embeddable":true,"href":"https:\/\/www.excursionaldesierto.com\/fr\/wp-json\/wp\/v2\/product_cat?post=10560"},{"taxonomy":"product_tag","embeddable":true,"href":"https:\/\/www.excursionaldesierto.com\/fr\/wp-json\/wp\/v2\/product_tag?post=10560"}],"curies":[{"name":"wp","href":"https:\/\/api.w.org\/{rel}","templated":true}]}}