{"id":10566,"date":"2025-09-28T20:37:10","date_gmt":"2025-09-28T20:37:10","guid":{"rendered":"https:\/\/www.excursionaldesierto.com\/tour\/6-days-from-tangier-to-marrakech-via-the-moroccan-desert\/"},"modified":"2025-11-22T12:47:19","modified_gmt":"2025-11-22T12:47:19","slug":"6-jours-de-tanger-a-marrakech-en-passant-par-le-desert-marocain","status":"publish","type":"product","link":"https:\/\/www.excursionaldesierto.com\/fr\/tour\/6-jours-de-tanger-a-marrakech-en-passant-par-le-desert-marocain\/","title":{"rendered":"6 jours de Tanger \u00e0 Marrakech en passant par le d\u00e9sert marocain"},"content":{"rendered":"<h2>Aper\u00e7u:<\/h2>\n<p>Ce circuit de 6 jours, de Tanger \u00e0 Marrakech, vous permettra de d\u00e9couvrir la richesse culturelle et naturelle du Maroc, alliant la magie du nord, la richesse historique de F\u00e8s et l&rsquo;immensit\u00e9 du Sahara. D\u00e8s votre arriv\u00e9e \u00e0 Tanger, vous traverserez la charmante ville bleue de Chefchaouen et les montagnes du Rif avant de rejoindre F\u00e8s. Vous y profiterez d&rsquo;une visite guid\u00e9e compl\u00e8te de sa m\u00e9dina m\u00e9di\u00e9vale, class\u00e9e au patrimoine mondial de l&rsquo;UNESCO.<\/p>\n<p>Le voyage se poursuit vers le d\u00e9sert de Merzouga, en passant par des paysages \u00e0 couper le souffle tels qu&rsquo;Ifrane, les for\u00eats d&rsquo;Azrou et la vall\u00e9e du Ziz. Vous y vivrez une exp\u00e9rience inoubliable : une balade \u00e0 dos de chameau, une nuit sous les \u00e9toiles dans des tentes berb\u00e8res traditionnelles et un concert de musique berb\u00e8re. Vous visiterez \u00e9galement Khamlia, terre des Gnawa, et suivrez les anciennes pistes du rallye Paris-Dakar jusqu&rsquo;au d\u00e9sert d&rsquo;Ouzina. L\u00e0, vous rencontrerez des familles locales, d\u00e9couvrirez des traditions authentiques et admirerez un coucher de soleil spectaculaire sur les dunes.<\/p>\n<p>L&rsquo;itin\u00e9raire vous m\u00e8nera ensuite aux majestueuses gorges du Todra, \u00e0 la vall\u00e9e du Dad\u00e8s et \u00e0 la l\u00e9gendaire Route des Mille Kasbahs, en passant par Skoura, Ouarzazate et la c\u00e9l\u00e8bre kasbah d&rsquo;A\u00eft-Ben-Haddou, class\u00e9e au patrimoine mondial de l&rsquo;UNESCO. Enfin, vous traverserez le Haut Atlas pour rejoindre la vibrante ville de Marrakech, o\u00f9 s&rsquo;ach\u00e8vera cette aventure unique de six jours entre l&rsquo;Atlantique, l&rsquo;Atlas et le Sahara.<\/p>\n","protected":false},"excerpt":{"rendered":"<p>Aper\u00e7u: Ce circuit de 6 jours, de Tanger \u00e0 Marrakech, vous permettra de d\u00e9couvrir la richesse culturelle et naturelle du Maroc, alliant la magie du nord, la richesse historique de F\u00e8s et l&rsquo;immensit\u00e9 du Sahara. D\u00e8s votre arriv\u00e9e \u00e0 Tanger, vous traverserez la charmante ville bleue de Chefchaouen et les montagnes du Rif avant de [&hellip;]<\/p>\n","protected":false},"featured_media":10549,"comment_status":"open","ping_status":"closed","template":"","meta":{"_joinchat":[]},"product_brand":[],"product_cat":[100,95],"product_tag":[],"class_list":{"0":"post-10566","1":"product","2":"type-product","3":"status-publish","4":"has-post-thumbnail","6":"product_cat-circuit-au-depart-de-tanger","7":"product_cat-visites-et-circuits","9":"first","10":"instock","11":"shipping-taxable","12":"product-type-ovabrw_car_rental"},"yoast_head":"<!-- This site is optimized with the Yoast SEO Premium plugin v26.0 (Yoast SEO v26.0) - https:\/\/yoast.com\/wordpress\/plugins\/seo\/ -->\n<title>6 jours de Tanger \u00e0 Marrakech en passant par le d\u00e9sert marocain - Excursion al desierto<\/title>\n<meta name=\"robots\" content=\"index, follow, max-snippet:-1, max-image-preview:large, max-video-preview:-1\" \/>\n<link rel=\"canonical\" href=\"https:\/\/www.excursionaldesierto.com\/fr\/tour\/6-jours-de-tanger-a-marrakech-en-passant-par-le-desert-marocain\/\" \/>\n<meta property=\"og:locale\" content=\"fr_FR\" \/>\n<meta property=\"og:type\" content=\"article\" \/>\n<meta property=\"og:title\" content=\"6 jours de Tanger \u00e0 Marrakech en passant par le d\u00e9sert marocain\" \/>\n<meta property=\"og:description\" content=\"Aper\u00e7u: Ce circuit de 6 jours, de Tanger \u00e0 Marrakech, vous permettra de d\u00e9couvrir la richesse culturelle et naturelle du Maroc, alliant la magie du nord, la richesse historique de F\u00e8s et l&rsquo;immensit\u00e9 du Sahara. D\u00e8s votre arriv\u00e9e \u00e0 Tanger, vous traverserez la charmante ville bleue de Chefchaouen et les montagnes du Rif avant de [&hellip;]\" \/>\n<meta property=\"og:url\" content=\"https:\/\/www.excursionaldesierto.com\/fr\/tour\/6-jours-de-tanger-a-marrakech-en-passant-par-le-desert-marocain\/\" \/>\n<meta property=\"og:site_name\" content=\"Excursion al desierto\" \/>\n<meta property=\"article:modified_time\" content=\"2025-11-22T12:47:19+00:00\" \/>\n<meta property=\"og:image\" content=\"https:\/\/www.excursionaldesierto.com\/wp-content\/uploads\/2025\/09\/27-2.webp\" \/>\n\t<meta property=\"og:image:width\" content=\"800\" \/>\n\t<meta property=\"og:image:height\" content=\"450\" \/>\n\t<meta property=\"og:image:type\" content=\"image\/webp\" \/>\n<meta name=\"twitter:card\" content=\"summary_large_image\" \/>\n<meta name=\"twitter:label1\" content=\"Dur\u00e9e de lecture estim\u00e9e\" \/>\n\t<meta name=\"twitter:data1\" content=\"2 minutes\" \/>\n<script type=\"application\/ld+json\" class=\"yoast-schema-graph\">{\"@context\":\"https:\/\/schema.org\",\"@graph\":[{\"@type\":\"WebPage\",\"@id\":\"https:\/\/www.excursionaldesierto.com\/fr\/tour\/6-jours-de-tanger-a-marrakech-en-passant-par-le-desert-marocain\/\",\"url\":\"https:\/\/www.excursionaldesierto.com\/fr\/tour\/6-jours-de-tanger-a-marrakech-en-passant-par-le-desert-marocain\/\",\"name\":\"6 jours de Tanger \u00e0 Marrakech en passant par le d\u00e9sert marocain - Excursion al desierto\",\"isPartOf\":{\"@id\":\"https:\/\/www.excursionaldesierto.com\/fr\/#website\"},\"primaryImageOfPage\":{\"@id\":\"https:\/\/www.excursionaldesierto.com\/fr\/tour\/6-jours-de-tanger-a-marrakech-en-passant-par-le-desert-marocain\/#primaryimage\"},\"image\":{\"@id\":\"https:\/\/www.excursionaldesierto.com\/fr\/tour\/6-jours-de-tanger-a-marrakech-en-passant-par-le-desert-marocain\/#primaryimage\"},\"thumbnailUrl\":\"https:\/\/www.excursionaldesierto.com\/wp-content\/uploads\/2025\/09\/27-2.webp\",\"datePublished\":\"2025-09-28T20:37:10+00:00\",\"dateModified\":\"2025-11-22T12:47:19+00:00\",\"breadcrumb\":{\"@id\":\"https:\/\/www.excursionaldesierto.com\/fr\/tour\/6-jours-de-tanger-a-marrakech-en-passant-par-le-desert-marocain\/#breadcrumb\"},\"inLanguage\":\"fr-FR\",\"potentialAction\":[{\"@type\":\"ReadAction\",\"target\":[\"https:\/\/www.excursionaldesierto.com\/fr\/tour\/6-jours-de-tanger-a-marrakech-en-passant-par-le-desert-marocain\/\"]}]},{\"@type\":\"ImageObject\",\"inLanguage\":\"fr-FR\",\"@id\":\"https:\/\/www.excursionaldesierto.com\/fr\/tour\/6-jours-de-tanger-a-marrakech-en-passant-par-le-desert-marocain\/#primaryimage\",\"url\":\"https:\/\/www.excursionaldesierto.com\/wp-content\/uploads\/2025\/09\/27-2.webp\",\"contentUrl\":\"https:\/\/www.excursionaldesierto.com\/wp-content\/uploads\/2025\/09\/27-2.webp\",\"width\":800,\"height\":450},{\"@type\":\"BreadcrumbList\",\"@id\":\"https:\/\/www.excursionaldesierto.com\/fr\/tour\/6-jours-de-tanger-a-marrakech-en-passant-par-le-desert-marocain\/#breadcrumb\",\"itemListElement\":[{\"@type\":\"ListItem\",\"position\":1,\"name\":\"Home\",\"item\":\"https:\/\/www.excursionaldesierto.com\/fr\/\"},{\"@type\":\"ListItem\",\"position\":2,\"name\":\"Tienda\",\"item\":\"https:\/\/www.excursionaldesierto.com\/tienda\/\"},{\"@type\":\"ListItem\",\"position\":3,\"name\":\"6 jours de Tanger \u00e0 Marrakech en passant par le d\u00e9sert marocain\"}]},{\"@type\":\"WebSite\",\"@id\":\"https:\/\/www.excursionaldesierto.com\/fr\/#website\",\"url\":\"https:\/\/www.excursionaldesierto.com\/fr\/\",\"name\":\"Excursion al desierto\",\"description\":\"\",\"potentialAction\":[{\"@type\":\"SearchAction\",\"target\":{\"@type\":\"EntryPoint\",\"urlTemplate\":\"https:\/\/www.excursionaldesierto.com\/fr\/?s={search_term_string}\"},\"query-input\":{\"@type\":\"PropertyValueSpecification\",\"valueRequired\":true,\"valueName\":\"search_term_string\"}}],\"inLanguage\":\"fr-FR\"}]}<\/script>\n<!-- \/ Yoast SEO Premium plugin. -->","yoast_head_json":{"title":"6 jours de Tanger \u00e0 Marrakech en passant par le d\u00e9sert marocain - Excursion al desierto","robots":{"index":"index","follow":"follow","max-snippet":"max-snippet:-1","max-image-preview":"max-image-preview:large","max-video-preview":"max-video-preview:-1"},"canonical":"https:\/\/www.excursionaldesierto.com\/fr\/tour\/6-jours-de-tanger-a-marrakech-en-passant-par-le-desert-marocain\/","og_locale":"fr_FR","og_type":"article","og_title":"6 jours de Tanger \u00e0 Marrakech en passant par le d\u00e9sert marocain","og_description":"Aper\u00e7u: Ce circuit de 6 jours, de Tanger \u00e0 Marrakech, vous permettra de d\u00e9couvrir la richesse culturelle et naturelle du Maroc, alliant la magie du nord, la richesse historique de F\u00e8s et l&rsquo;immensit\u00e9 du Sahara. D\u00e8s votre arriv\u00e9e \u00e0 Tanger, vous traverserez la charmante ville bleue de Chefchaouen et les montagnes du Rif avant de [&hellip;]","og_url":"https:\/\/www.excursionaldesierto.com\/fr\/tour\/6-jours-de-tanger-a-marrakech-en-passant-par-le-desert-marocain\/","og_site_name":"Excursion al desierto","article_modified_time":"2025-11-22T12:47:19+00:00","og_image":[{"width":800,"height":450,"url":"https:\/\/www.excursionaldesierto.com\/wp-content\/uploads\/2025\/09\/27-2.webp","type":"image\/webp"}],"twitter_card":"summary_large_image","twitter_misc":{"Dur\u00e9e de lecture estim\u00e9e":"2 minutes"},"schema":{"@context":"https:\/\/schema.org","@graph":[{"@type":"WebPage","@id":"https:\/\/www.excursionaldesierto.com\/fr\/tour\/6-jours-de-tanger-a-marrakech-en-passant-par-le-desert-marocain\/","url":"https:\/\/www.excursionaldesierto.com\/fr\/tour\/6-jours-de-tanger-a-marrakech-en-passant-par-le-desert-marocain\/","name":"6 jours de Tanger \u00e0 Marrakech en passant par le d\u00e9sert marocain - Excursion al desierto","isPartOf":{"@id":"https:\/\/www.excursionaldesierto.com\/fr\/#website"},"primaryImageOfPage":{"@id":"https:\/\/www.excursionaldesierto.com\/fr\/tour\/6-jours-de-tanger-a-marrakech-en-passant-par-le-desert-marocain\/#primaryimage"},"image":{"@id":"https:\/\/www.excursionaldesierto.com\/fr\/tour\/6-jours-de-tanger-a-marrakech-en-passant-par-le-desert-marocain\/#primaryimage"},"thumbnailUrl":"https:\/\/www.excursionaldesierto.com\/wp-content\/uploads\/2025\/09\/27-2.webp","datePublished":"2025-09-28T20:37:10+00:00","dateModified":"2025-11-22T12:47:19+00:00","breadcrumb":{"@id":"https:\/\/www.excursionaldesierto.com\/fr\/tour\/6-jours-de-tanger-a-marrakech-en-passant-par-le-desert-marocain\/#breadcrumb"},"inLanguage":"fr-FR","potentialAction":[{"@type":"ReadAction","target":["https:\/\/www.excursionaldesierto.com\/fr\/tour\/6-jours-de-tanger-a-marrakech-en-passant-par-le-desert-marocain\/"]}]},{"@type":"ImageObject","inLanguage":"fr-FR","@id":"https:\/\/www.excursionaldesierto.com\/fr\/tour\/6-jours-de-tanger-a-marrakech-en-passant-par-le-desert-marocain\/#primaryimage","url":"https:\/\/www.excursionaldesierto.com\/wp-content\/uploads\/2025\/09\/27-2.webp","contentUrl":"https:\/\/www.excursionaldesierto.com\/wp-content\/uploads\/2025\/09\/27-2.webp","width":800,"height":450},{"@type":"BreadcrumbList","@id":"https:\/\/www.excursionaldesierto.com\/fr\/tour\/6-jours-de-tanger-a-marrakech-en-passant-par-le-desert-marocain\/#breadcrumb","itemListElement":[{"@type":"ListItem","position":1,"name":"Home","item":"https:\/\/www.excursionaldesierto.com\/fr\/"},{"@type":"ListItem","position":2,"name":"Tienda","item":"https:\/\/www.excursionaldesierto.com\/tienda\/"},{"@type":"ListItem","position":3,"name":"6 jours de Tanger \u00e0 Marrakech en passant par le d\u00e9sert marocain"}]},{"@type":"WebSite","@id":"https:\/\/www.excursionaldesierto.com\/fr\/#website","url":"https:\/\/www.excursionaldesierto.com\/fr\/","name":"Excursion al desierto","description":"","potentialAction":[{"@type":"SearchAction","target":{"@type":"EntryPoint","urlTemplate":"https:\/\/www.excursionaldesierto.com\/fr\/?s={search_term_string}"},"query-input":{"@type":"PropertyValueSpecification","valueRequired":true,"valueName":"search_term_string"}}],"inLanguage":"fr-FR"}]}},"_links":{"self":[{"href":"https:\/\/www.excursionaldesierto.com\/fr\/wp-json\/wp\/v2\/product\/10566","targetHints":{"allow":["GET"]}}],"collection":[{"href":"https:\/\/www.excursionaldesierto.com\/fr\/wp-json\/wp\/v2\/product"}],"about":[{"href":"https:\/\/www.excursionaldesierto.com\/fr\/wp-json\/wp\/v2\/types\/product"}],"replies":[{"embeddable":true,"href":"https:\/\/www.excursionaldesierto.com\/fr\/wp-json\/wp\/v2\/comments?post=10566"}],"wp:featuredmedia":[{"embeddable":true,"href":"https:\/\/www.excursionaldesierto.com\/fr\/wp-json\/wp\/v2\/media\/10549"}],"wp:attachment":[{"href":"https:\/\/www.excursionaldesierto.com\/fr\/wp-json\/wp\/v2\/media?parent=10566"}],"wp:term":[{"taxonomy":"product_brand","embeddable":true,"href":"https:\/\/www.excursionaldesierto.com\/fr\/wp-json\/wp\/v2\/product_brand?post=10566"},{"taxonomy":"product_cat","embeddable":true,"href":"https:\/\/www.excursionaldesierto.com\/fr\/wp-json\/wp\/v2\/product_cat?post=10566"},{"taxonomy":"product_tag","embeddable":true,"href":"https:\/\/www.excursionaldesierto.com\/fr\/wp-json\/wp\/v2\/product_tag?post=10566"}],"curies":[{"name":"wp","href":"https:\/\/api.w.org\/{rel}","templated":true}]}}