{"id":10576,"date":"2025-09-28T20:30:51","date_gmt":"2025-09-28T20:30:51","guid":{"rendered":"https:\/\/www.excursionaldesierto.com\/tour\/10-days-from-casablanca-to-the-sahara-desert-and-the-atlantic-coast-of-morocco\/"},"modified":"2025-11-22T12:55:46","modified_gmt":"2025-11-22T12:55:46","slug":"10-jours-de-casablanca-au-desert-du-sahara-et-a-la-cote-atlantique-du-maroc","status":"publish","type":"product","link":"https:\/\/www.excursionaldesierto.com\/fr\/tour\/10-jours-de-casablanca-au-desert-du-sahara-et-a-la-cote-atlantique-du-maroc\/","title":{"rendered":"10 jours de Casablanca au d\u00e9sert du Sahara et \u00e0 la c\u00f4te atlantique du Maroc"},"content":{"rendered":"<h2>Aper\u00e7u:<\/h2>\n<p>Ce voyage de 10 jours au d\u00e9part de Casablanca combine le meilleur des villes imp\u00e9riales du Maroc, du d\u00e9sert du Sahara et de sa c\u00f4te atlantique. L&rsquo;aventure commence \u00e0 Casablanca, Rabat et F\u00e8s, avec une d\u00e9couverte de l&rsquo;histoire, des m\u00e9dersas, des souks et des sites class\u00e9s au patrimoine mondial de l&rsquo;UNESCO.<\/p>\n<p>De l\u00e0, nous rejoignons les montagnes du Moyen Atlas et arrivons au majestueux d\u00e9sert de Merzouga, o\u00f9 vous vivrez une balade \u00e0 dos de chameau et une nuit magique sous les \u00e9toiles dans des tentes berb\u00e8res traditionnelles. L&rsquo;itin\u00e9raire se poursuit vers le d\u00e9sert d&rsquo;Ouzina, en suivant les anciennes pistes du rallye Paris-Dakar, o\u00f9 vous d\u00e9couvrirez des villages berb\u00e8res, des traditions authentiques, des oasis cach\u00e9es et l&rsquo;hospitalit\u00e9 chaleureuse des familles locales.<\/p>\n<p>Le voyage se poursuit ensuite vers les impressionnantes gorges du Todra, la vall\u00e9e du Dad\u00e8s, la Route des Mille Kasbahs et le l\u00e9gendaire A\u00eft-Ben-Haddou, joyau architectural et site class\u00e9 au patrimoine mondial de l&rsquo;UNESCO. Enfin, nous arrivons dans la vibrante ville de Marrakech, o\u00f9 vous appr\u00e9cierez ses palais, ses jardins, ses mosqu\u00e9es et la c\u00e9l\u00e8bre place Jemaa el-Fna, v\u00e9ritable carrefour de culture et de traditions.<\/p>\n<p>L&rsquo;exp\u00e9rience se conclut par une excursion \u00e0 Essaouira, charmante ville c\u00f4ti\u00e8re r\u00e9put\u00e9e pour ses remparts, son port de p\u00eache et son ambiance boh\u00e8me. Le voyage s&rsquo;ach\u00e8ve par un transfert \u00e0 l&rsquo;a\u00e9roport de Casablanca, apr\u00e8s la d\u00e9couverte des paysages et des cultures vari\u00e9s qui font du Maroc une destination v\u00e9ritablement unique.<\/p>\n","protected":false},"excerpt":{"rendered":"<p>Aper\u00e7u: Ce voyage de 10 jours au d\u00e9part de Casablanca combine le meilleur des villes imp\u00e9riales du Maroc, du d\u00e9sert du Sahara et de sa c\u00f4te atlantique. L&rsquo;aventure commence \u00e0 Casablanca, Rabat et F\u00e8s, avec une d\u00e9couverte de l&rsquo;histoire, des m\u00e9dersas, des souks et des sites class\u00e9s au patrimoine mondial de l&rsquo;UNESCO. De l\u00e0, nous [&hellip;]<\/p>\n","protected":false},"featured_media":10479,"comment_status":"open","ping_status":"closed","template":"","meta":{"_joinchat":[]},"product_brand":[],"product_cat":[97,95],"product_tag":[],"class_list":{"0":"post-10576","1":"product","2":"type-product","3":"status-publish","4":"has-post-thumbnail","6":"product_cat-circuit-au-depart-de-casablanca","7":"product_cat-visites-et-circuits","9":"first","10":"instock","11":"shipping-taxable","12":"product-type-ovabrw_car_rental"},"yoast_head":"<!-- This site is optimized with the Yoast SEO Premium plugin v26.0 (Yoast SEO v26.0) - https:\/\/yoast.com\/wordpress\/plugins\/seo\/ -->\n<title>10-Day Morocco Tour: Casablanca to Sahara Desert &amp; Atlantic Coast<\/title>\n<meta name=\"description\" content=\"Discover Morocco in 10 days starting from Casablanca. Journey through the Sahara Desert, explore historic kasbahs, and relax along the stunning Atlantic coast for an enriching and adventurous experience.\" \/>\n<meta name=\"robots\" content=\"index, follow, max-snippet:-1, max-image-preview:large, max-video-preview:-1\" \/>\n<link rel=\"canonical\" href=\"https:\/\/www.excursionaldesierto.com\/fr\/tour\/10-jours-de-casablanca-au-desert-du-sahara-et-a-la-cote-atlantique-du-maroc\/\" \/>\n<meta property=\"og:locale\" content=\"fr_FR\" \/>\n<meta property=\"og:type\" content=\"article\" \/>\n<meta property=\"og:title\" content=\"10 jours de Casablanca au d\u00e9sert du Sahara et \u00e0 la c\u00f4te atlantique du Maroc\" \/>\n<meta property=\"og:description\" content=\"Discover Morocco in 10 days starting from Casablanca. Journey through the Sahara Desert, explore historic kasbahs, and relax along the stunning Atlantic coast for an enriching and adventurous experience.\" \/>\n<meta property=\"og:url\" content=\"https:\/\/www.excursionaldesierto.com\/fr\/tour\/10-jours-de-casablanca-au-desert-du-sahara-et-a-la-cote-atlantique-du-maroc\/\" \/>\n<meta property=\"og:site_name\" content=\"Excursion al desierto\" \/>\n<meta property=\"article:modified_time\" content=\"2025-11-22T12:55:46+00:00\" \/>\n<meta property=\"og:image\" content=\"https:\/\/www.excursionaldesierto.com\/wp-content\/uploads\/2025\/09\/44-1.webp\" \/>\n\t<meta property=\"og:image:width\" content=\"800\" \/>\n\t<meta property=\"og:image:height\" content=\"450\" \/>\n\t<meta property=\"og:image:type\" content=\"image\/webp\" \/>\n<meta name=\"twitter:card\" content=\"summary_large_image\" \/>\n<meta name=\"twitter:label1\" content=\"Dur\u00e9e de lecture estim\u00e9e\" \/>\n\t<meta name=\"twitter:data1\" content=\"2 minutes\" \/>\n<script type=\"application\/ld+json\" class=\"yoast-schema-graph\">{\"@context\":\"https:\/\/schema.org\",\"@graph\":[{\"@type\":\"WebPage\",\"@id\":\"https:\/\/www.excursionaldesierto.com\/fr\/tour\/10-jours-de-casablanca-au-desert-du-sahara-et-a-la-cote-atlantique-du-maroc\/\",\"url\":\"https:\/\/www.excursionaldesierto.com\/fr\/tour\/10-jours-de-casablanca-au-desert-du-sahara-et-a-la-cote-atlantique-du-maroc\/\",\"name\":\"10-Day Morocco Tour: Casablanca to Sahara Desert & Atlantic Coast\",\"isPartOf\":{\"@id\":\"https:\/\/www.excursionaldesierto.com\/fr\/#website\"},\"primaryImageOfPage\":{\"@id\":\"https:\/\/www.excursionaldesierto.com\/fr\/tour\/10-jours-de-casablanca-au-desert-du-sahara-et-a-la-cote-atlantique-du-maroc\/#primaryimage\"},\"image\":{\"@id\":\"https:\/\/www.excursionaldesierto.com\/fr\/tour\/10-jours-de-casablanca-au-desert-du-sahara-et-a-la-cote-atlantique-du-maroc\/#primaryimage\"},\"thumbnailUrl\":\"https:\/\/www.excursionaldesierto.com\/wp-content\/uploads\/2025\/09\/44-1.webp\",\"datePublished\":\"2025-09-28T20:30:51+00:00\",\"dateModified\":\"2025-11-22T12:55:46+00:00\",\"description\":\"Discover Morocco in 10 days starting from Casablanca. Journey through the Sahara Desert, explore historic kasbahs, and relax along the stunning Atlantic coast for an enriching and adventurous experience.\",\"breadcrumb\":{\"@id\":\"https:\/\/www.excursionaldesierto.com\/fr\/tour\/10-jours-de-casablanca-au-desert-du-sahara-et-a-la-cote-atlantique-du-maroc\/#breadcrumb\"},\"inLanguage\":\"fr-FR\",\"potentialAction\":[{\"@type\":\"ReadAction\",\"target\":[\"https:\/\/www.excursionaldesierto.com\/fr\/tour\/10-jours-de-casablanca-au-desert-du-sahara-et-a-la-cote-atlantique-du-maroc\/\"]}]},{\"@type\":\"ImageObject\",\"inLanguage\":\"fr-FR\",\"@id\":\"https:\/\/www.excursionaldesierto.com\/fr\/tour\/10-jours-de-casablanca-au-desert-du-sahara-et-a-la-cote-atlantique-du-maroc\/#primaryimage\",\"url\":\"https:\/\/www.excursionaldesierto.com\/wp-content\/uploads\/2025\/09\/44-1.webp\",\"contentUrl\":\"https:\/\/www.excursionaldesierto.com\/wp-content\/uploads\/2025\/09\/44-1.webp\",\"width\":800,\"height\":450},{\"@type\":\"BreadcrumbList\",\"@id\":\"https:\/\/www.excursionaldesierto.com\/fr\/tour\/10-jours-de-casablanca-au-desert-du-sahara-et-a-la-cote-atlantique-du-maroc\/#breadcrumb\",\"itemListElement\":[{\"@type\":\"ListItem\",\"position\":1,\"name\":\"Home\",\"item\":\"https:\/\/www.excursionaldesierto.com\/fr\/\"},{\"@type\":\"ListItem\",\"position\":2,\"name\":\"Tienda\",\"item\":\"https:\/\/www.excursionaldesierto.com\/tienda\/\"},{\"@type\":\"ListItem\",\"position\":3,\"name\":\"10 jours de Casablanca au d\u00e9sert du Sahara et \u00e0 la c\u00f4te atlantique du Maroc\"}]},{\"@type\":\"WebSite\",\"@id\":\"https:\/\/www.excursionaldesierto.com\/fr\/#website\",\"url\":\"https:\/\/www.excursionaldesierto.com\/fr\/\",\"name\":\"Excursion al desierto\",\"description\":\"\",\"potentialAction\":[{\"@type\":\"SearchAction\",\"target\":{\"@type\":\"EntryPoint\",\"urlTemplate\":\"https:\/\/www.excursionaldesierto.com\/fr\/?s={search_term_string}\"},\"query-input\":{\"@type\":\"PropertyValueSpecification\",\"valueRequired\":true,\"valueName\":\"search_term_string\"}}],\"inLanguage\":\"fr-FR\"}]}<\/script>\n<!-- \/ Yoast SEO Premium plugin. -->","yoast_head_json":{"title":"10-Day Morocco Tour: Casablanca to Sahara Desert & Atlantic Coast","description":"Discover Morocco in 10 days starting from Casablanca. Journey through the Sahara Desert, explore historic kasbahs, and relax along the stunning Atlantic coast for an enriching and adventurous experience.","robots":{"index":"index","follow":"follow","max-snippet":"max-snippet:-1","max-image-preview":"max-image-preview:large","max-video-preview":"max-video-preview:-1"},"canonical":"https:\/\/www.excursionaldesierto.com\/fr\/tour\/10-jours-de-casablanca-au-desert-du-sahara-et-a-la-cote-atlantique-du-maroc\/","og_locale":"fr_FR","og_type":"article","og_title":"10 jours de Casablanca au d\u00e9sert du Sahara et \u00e0 la c\u00f4te atlantique du Maroc","og_description":"Discover Morocco in 10 days starting from Casablanca. Journey through the Sahara Desert, explore historic kasbahs, and relax along the stunning Atlantic coast for an enriching and adventurous experience.","og_url":"https:\/\/www.excursionaldesierto.com\/fr\/tour\/10-jours-de-casablanca-au-desert-du-sahara-et-a-la-cote-atlantique-du-maroc\/","og_site_name":"Excursion al desierto","article_modified_time":"2025-11-22T12:55:46+00:00","og_image":[{"width":800,"height":450,"url":"https:\/\/www.excursionaldesierto.com\/wp-content\/uploads\/2025\/09\/44-1.webp","type":"image\/webp"}],"twitter_card":"summary_large_image","twitter_misc":{"Dur\u00e9e de lecture estim\u00e9e":"2 minutes"},"schema":{"@context":"https:\/\/schema.org","@graph":[{"@type":"WebPage","@id":"https:\/\/www.excursionaldesierto.com\/fr\/tour\/10-jours-de-casablanca-au-desert-du-sahara-et-a-la-cote-atlantique-du-maroc\/","url":"https:\/\/www.excursionaldesierto.com\/fr\/tour\/10-jours-de-casablanca-au-desert-du-sahara-et-a-la-cote-atlantique-du-maroc\/","name":"10-Day Morocco Tour: Casablanca to Sahara Desert & Atlantic Coast","isPartOf":{"@id":"https:\/\/www.excursionaldesierto.com\/fr\/#website"},"primaryImageOfPage":{"@id":"https:\/\/www.excursionaldesierto.com\/fr\/tour\/10-jours-de-casablanca-au-desert-du-sahara-et-a-la-cote-atlantique-du-maroc\/#primaryimage"},"image":{"@id":"https:\/\/www.excursionaldesierto.com\/fr\/tour\/10-jours-de-casablanca-au-desert-du-sahara-et-a-la-cote-atlantique-du-maroc\/#primaryimage"},"thumbnailUrl":"https:\/\/www.excursionaldesierto.com\/wp-content\/uploads\/2025\/09\/44-1.webp","datePublished":"2025-09-28T20:30:51+00:00","dateModified":"2025-11-22T12:55:46+00:00","description":"Discover Morocco in 10 days starting from Casablanca. Journey through the Sahara Desert, explore historic kasbahs, and relax along the stunning Atlantic coast for an enriching and adventurous experience.","breadcrumb":{"@id":"https:\/\/www.excursionaldesierto.com\/fr\/tour\/10-jours-de-casablanca-au-desert-du-sahara-et-a-la-cote-atlantique-du-maroc\/#breadcrumb"},"inLanguage":"fr-FR","potentialAction":[{"@type":"ReadAction","target":["https:\/\/www.excursionaldesierto.com\/fr\/tour\/10-jours-de-casablanca-au-desert-du-sahara-et-a-la-cote-atlantique-du-maroc\/"]}]},{"@type":"ImageObject","inLanguage":"fr-FR","@id":"https:\/\/www.excursionaldesierto.com\/fr\/tour\/10-jours-de-casablanca-au-desert-du-sahara-et-a-la-cote-atlantique-du-maroc\/#primaryimage","url":"https:\/\/www.excursionaldesierto.com\/wp-content\/uploads\/2025\/09\/44-1.webp","contentUrl":"https:\/\/www.excursionaldesierto.com\/wp-content\/uploads\/2025\/09\/44-1.webp","width":800,"height":450},{"@type":"BreadcrumbList","@id":"https:\/\/www.excursionaldesierto.com\/fr\/tour\/10-jours-de-casablanca-au-desert-du-sahara-et-a-la-cote-atlantique-du-maroc\/#breadcrumb","itemListElement":[{"@type":"ListItem","position":1,"name":"Home","item":"https:\/\/www.excursionaldesierto.com\/fr\/"},{"@type":"ListItem","position":2,"name":"Tienda","item":"https:\/\/www.excursionaldesierto.com\/tienda\/"},{"@type":"ListItem","position":3,"name":"10 jours de Casablanca au d\u00e9sert du Sahara et \u00e0 la c\u00f4te atlantique du Maroc"}]},{"@type":"WebSite","@id":"https:\/\/www.excursionaldesierto.com\/fr\/#website","url":"https:\/\/www.excursionaldesierto.com\/fr\/","name":"Excursion al desierto","description":"","potentialAction":[{"@type":"SearchAction","target":{"@type":"EntryPoint","urlTemplate":"https:\/\/www.excursionaldesierto.com\/fr\/?s={search_term_string}"},"query-input":{"@type":"PropertyValueSpecification","valueRequired":true,"valueName":"search_term_string"}}],"inLanguage":"fr-FR"}]}},"_links":{"self":[{"href":"https:\/\/www.excursionaldesierto.com\/fr\/wp-json\/wp\/v2\/product\/10576","targetHints":{"allow":["GET"]}}],"collection":[{"href":"https:\/\/www.excursionaldesierto.com\/fr\/wp-json\/wp\/v2\/product"}],"about":[{"href":"https:\/\/www.excursionaldesierto.com\/fr\/wp-json\/wp\/v2\/types\/product"}],"replies":[{"embeddable":true,"href":"https:\/\/www.excursionaldesierto.com\/fr\/wp-json\/wp\/v2\/comments?post=10576"}],"wp:featuredmedia":[{"embeddable":true,"href":"https:\/\/www.excursionaldesierto.com\/fr\/wp-json\/wp\/v2\/media\/10479"}],"wp:attachment":[{"href":"https:\/\/www.excursionaldesierto.com\/fr\/wp-json\/wp\/v2\/media?parent=10576"}],"wp:term":[{"taxonomy":"product_brand","embeddable":true,"href":"https:\/\/www.excursionaldesierto.com\/fr\/wp-json\/wp\/v2\/product_brand?post=10576"},{"taxonomy":"product_cat","embeddable":true,"href":"https:\/\/www.excursionaldesierto.com\/fr\/wp-json\/wp\/v2\/product_cat?post=10576"},{"taxonomy":"product_tag","embeddable":true,"href":"https:\/\/www.excursionaldesierto.com\/fr\/wp-json\/wp\/v2\/product_tag?post=10576"}],"curies":[{"name":"wp","href":"https:\/\/api.w.org\/{rel}","templated":true}]}}