{"id":10592,"date":"2025-09-28T20:19:26","date_gmt":"2025-09-28T20:19:26","guid":{"rendered":"https:\/\/www.excursionaldesierto.com\/tour\/7-days-from-casablanca-to-marrakech-via-the-sahara-desert\/"},"modified":"2025-11-23T12:12:55","modified_gmt":"2025-11-23T12:12:55","slug":"7-jours-de-casablanca-a-marrakech-en-passant-par-le-desert-du-sahara","status":"publish","type":"product","link":"https:\/\/www.excursionaldesierto.com\/fr\/tour\/7-jours-de-casablanca-a-marrakech-en-passant-par-le-desert-du-sahara\/","title":{"rendered":"7 jours de Casablanca \u00e0 Marrakech en passant par le d\u00e9sert du Sahara"},"content":{"rendered":"<h2>Aper\u00e7u:<\/h2>\n<p>Ce voyage de 7 jours, de Casablanca \u00e0 Marrakech, est une immersion compl\u00e8te au c\u0153ur du Maroc, de ses villes imp\u00e9riales jusqu&rsquo;au Sahara. Il d\u00e9bute dans la Casablanca moderne par la visite de l&rsquo;impressionnante mosqu\u00e9e Hassan II, se poursuit vers Rabat, la capitale, et s&rsquo;ach\u00e8ve le premier jour \u00e0 F\u00e8s, ville historique. Vous profiterez d&rsquo;une visite guid\u00e9e de la m\u00e9dina magique de F\u00e8s el Bali, class\u00e9e au patrimoine mondial de l&rsquo;UNESCO, et explorerez ses m\u00e9dersas, ses palais et ses c\u00e9l\u00e8bres souks traditionnels qui ont su pr\u00e9server leur authenticit\u00e9 m\u00e9di\u00e9vale.<\/p>\n<p>Le voyage se poursuit vers le sud, \u00e0 travers le Moyen Atlas et la fertile vall\u00e9e du Ziz, jusqu&rsquo;aux dunes dor\u00e9es de Merzouga. Vous y ferez une balade \u00e0 dos de chameau et passerez une nuit inoubliable sous une tente berb\u00e8re traditionnelle, \u00e0 la belle \u00e9toile. L&rsquo;aventure vous m\u00e8nera ensuite dans le d\u00e9sert d&rsquo;Ouzina, en passant par Khamlia et sa musique gnawa, les anciennes gravures rupestres de Taouz, et un authentique d\u00e9jeuner chez une famille berb\u00e8re. Au c\u0153ur de paysages sauvages et d&rsquo;oasis secr\u00e8tes, vous d\u00e9couvrirez la vie nomade, les mines de barytine et la cit\u00e9 perdue et mystique d&rsquo;Oubahlou, le tout sublim\u00e9 par des couchers de soleil magiques sur les dunes de l&rsquo;Erg Ouzina.<\/p>\n<p>Pour la derni\u00e8re \u00e9tape, vous explorerez les merveilles naturelles et architecturales du sud marocain\u00a0: les spectaculaires gorges du Todra, la pittoresque vall\u00e9e du Dad\u00e8s, la vall\u00e9e des Roses et la palmeraie de Skoura. Vous visiterez \u00e9galement la ville cin\u00e9matographique de Ouarzazate et l&#8217;embl\u00e9matique kasbah d&rsquo;A\u00eft-Ben-Haddou, inscrite au patrimoine mondial de l&rsquo;UNESCO. Enfin, apr\u00e8s avoir travers\u00e9 le Haut Atlas par le col de Tizi-n-Tichka, vous arriverez \u00e0 Marrakech, ville vibrante o\u00f9 tradition et modernit\u00e9 s&rsquo;entrem\u00ealent, concluant ainsi un voyage riche en culture, en nature et en authenticit\u00e9.<\/p>\n","protected":false},"excerpt":{"rendered":"<p>Aper\u00e7u: Ce voyage de 7 jours, de Casablanca \u00e0 Marrakech, est une immersion compl\u00e8te au c\u0153ur du Maroc, de ses villes imp\u00e9riales jusqu&rsquo;au Sahara. Il d\u00e9bute dans la Casablanca moderne par la visite de l&rsquo;impressionnante mosqu\u00e9e Hassan II, se poursuit vers Rabat, la capitale, et s&rsquo;ach\u00e8ve le premier jour \u00e0 F\u00e8s, ville historique. Vous profiterez [&hellip;]<\/p>\n","protected":false},"featured_media":10517,"comment_status":"open","ping_status":"closed","template":"","meta":{"_joinchat":[]},"product_brand":[],"product_cat":[97,95],"product_tag":[],"class_list":{"0":"post-10592","1":"product","2":"type-product","3":"status-publish","4":"has-post-thumbnail","6":"product_cat-circuit-au-depart-de-casablanca","7":"product_cat-visites-et-circuits","9":"first","10":"instock","11":"shipping-taxable","12":"product-type-ovabrw_car_rental"},"yoast_head":"<!-- This site is optimized with the Yoast SEO Premium plugin v26.0 (Yoast SEO v26.0) - https:\/\/yoast.com\/wordpress\/plugins\/seo\/ -->\n<title>7 jours de Casablanca \u00e0 Marrakech en passant par le d\u00e9sert du Sahara - Excursion al desierto<\/title>\n<meta name=\"robots\" content=\"index, follow, max-snippet:-1, max-image-preview:large, max-video-preview:-1\" \/>\n<link rel=\"canonical\" href=\"https:\/\/www.excursionaldesierto.com\/fr\/tour\/7-jours-de-casablanca-a-marrakech-en-passant-par-le-desert-du-sahara\/\" \/>\n<meta property=\"og:locale\" content=\"fr_FR\" \/>\n<meta property=\"og:type\" content=\"article\" \/>\n<meta property=\"og:title\" content=\"7 jours de Casablanca \u00e0 Marrakech en passant par le d\u00e9sert du Sahara\" \/>\n<meta property=\"og:description\" content=\"Aper\u00e7u: Ce voyage de 7 jours, de Casablanca \u00e0 Marrakech, est une immersion compl\u00e8te au c\u0153ur du Maroc, de ses villes imp\u00e9riales jusqu&rsquo;au Sahara. Il d\u00e9bute dans la Casablanca moderne par la visite de l&rsquo;impressionnante mosqu\u00e9e Hassan II, se poursuit vers Rabat, la capitale, et s&rsquo;ach\u00e8ve le premier jour \u00e0 F\u00e8s, ville historique. Vous profiterez [&hellip;]\" \/>\n<meta property=\"og:url\" content=\"https:\/\/www.excursionaldesierto.com\/fr\/tour\/7-jours-de-casablanca-a-marrakech-en-passant-par-le-desert-du-sahara\/\" \/>\n<meta property=\"og:site_name\" content=\"Excursion al desierto\" \/>\n<meta property=\"article:modified_time\" content=\"2025-11-23T12:12:55+00:00\" \/>\n<meta property=\"og:image\" content=\"https:\/\/www.excursionaldesierto.com\/wp-content\/uploads\/2025\/09\/28-1.webp\" \/>\n\t<meta property=\"og:image:width\" content=\"800\" \/>\n\t<meta property=\"og:image:height\" content=\"450\" \/>\n\t<meta property=\"og:image:type\" content=\"image\/webp\" \/>\n<meta name=\"twitter:card\" content=\"summary_large_image\" \/>\n<meta name=\"twitter:label1\" content=\"Dur\u00e9e de lecture estim\u00e9e\" \/>\n\t<meta name=\"twitter:data1\" content=\"2 minutes\" \/>\n<script type=\"application\/ld+json\" class=\"yoast-schema-graph\">{\"@context\":\"https:\/\/schema.org\",\"@graph\":[{\"@type\":\"WebPage\",\"@id\":\"https:\/\/www.excursionaldesierto.com\/fr\/tour\/7-jours-de-casablanca-a-marrakech-en-passant-par-le-desert-du-sahara\/\",\"url\":\"https:\/\/www.excursionaldesierto.com\/fr\/tour\/7-jours-de-casablanca-a-marrakech-en-passant-par-le-desert-du-sahara\/\",\"name\":\"7 jours de Casablanca \u00e0 Marrakech en passant par le d\u00e9sert du Sahara - Excursion al desierto\",\"isPartOf\":{\"@id\":\"https:\/\/www.excursionaldesierto.com\/fr\/#website\"},\"primaryImageOfPage\":{\"@id\":\"https:\/\/www.excursionaldesierto.com\/fr\/tour\/7-jours-de-casablanca-a-marrakech-en-passant-par-le-desert-du-sahara\/#primaryimage\"},\"image\":{\"@id\":\"https:\/\/www.excursionaldesierto.com\/fr\/tour\/7-jours-de-casablanca-a-marrakech-en-passant-par-le-desert-du-sahara\/#primaryimage\"},\"thumbnailUrl\":\"https:\/\/www.excursionaldesierto.com\/wp-content\/uploads\/2025\/09\/28-1.webp\",\"datePublished\":\"2025-09-28T20:19:26+00:00\",\"dateModified\":\"2025-11-23T12:12:55+00:00\",\"breadcrumb\":{\"@id\":\"https:\/\/www.excursionaldesierto.com\/fr\/tour\/7-jours-de-casablanca-a-marrakech-en-passant-par-le-desert-du-sahara\/#breadcrumb\"},\"inLanguage\":\"fr-FR\",\"potentialAction\":[{\"@type\":\"ReadAction\",\"target\":[\"https:\/\/www.excursionaldesierto.com\/fr\/tour\/7-jours-de-casablanca-a-marrakech-en-passant-par-le-desert-du-sahara\/\"]}]},{\"@type\":\"ImageObject\",\"inLanguage\":\"fr-FR\",\"@id\":\"https:\/\/www.excursionaldesierto.com\/fr\/tour\/7-jours-de-casablanca-a-marrakech-en-passant-par-le-desert-du-sahara\/#primaryimage\",\"url\":\"https:\/\/www.excursionaldesierto.com\/wp-content\/uploads\/2025\/09\/28-1.webp\",\"contentUrl\":\"https:\/\/www.excursionaldesierto.com\/wp-content\/uploads\/2025\/09\/28-1.webp\",\"width\":800,\"height\":450},{\"@type\":\"BreadcrumbList\",\"@id\":\"https:\/\/www.excursionaldesierto.com\/fr\/tour\/7-jours-de-casablanca-a-marrakech-en-passant-par-le-desert-du-sahara\/#breadcrumb\",\"itemListElement\":[{\"@type\":\"ListItem\",\"position\":1,\"name\":\"Home\",\"item\":\"https:\/\/www.excursionaldesierto.com\/fr\/\"},{\"@type\":\"ListItem\",\"position\":2,\"name\":\"Tienda\",\"item\":\"https:\/\/www.excursionaldesierto.com\/tienda\/\"},{\"@type\":\"ListItem\",\"position\":3,\"name\":\"7 jours de Casablanca \u00e0 Marrakech en passant par le d\u00e9sert du Sahara\"}]},{\"@type\":\"WebSite\",\"@id\":\"https:\/\/www.excursionaldesierto.com\/fr\/#website\",\"url\":\"https:\/\/www.excursionaldesierto.com\/fr\/\",\"name\":\"Excursion al desierto\",\"description\":\"\",\"potentialAction\":[{\"@type\":\"SearchAction\",\"target\":{\"@type\":\"EntryPoint\",\"urlTemplate\":\"https:\/\/www.excursionaldesierto.com\/fr\/?s={search_term_string}\"},\"query-input\":{\"@type\":\"PropertyValueSpecification\",\"valueRequired\":true,\"valueName\":\"search_term_string\"}}],\"inLanguage\":\"fr-FR\"}]}<\/script>\n<!-- \/ Yoast SEO Premium plugin. -->","yoast_head_json":{"title":"7 jours de Casablanca \u00e0 Marrakech en passant par le d\u00e9sert du Sahara - Excursion al desierto","robots":{"index":"index","follow":"follow","max-snippet":"max-snippet:-1","max-image-preview":"max-image-preview:large","max-video-preview":"max-video-preview:-1"},"canonical":"https:\/\/www.excursionaldesierto.com\/fr\/tour\/7-jours-de-casablanca-a-marrakech-en-passant-par-le-desert-du-sahara\/","og_locale":"fr_FR","og_type":"article","og_title":"7 jours de Casablanca \u00e0 Marrakech en passant par le d\u00e9sert du Sahara","og_description":"Aper\u00e7u: Ce voyage de 7 jours, de Casablanca \u00e0 Marrakech, est une immersion compl\u00e8te au c\u0153ur du Maroc, de ses villes imp\u00e9riales jusqu&rsquo;au Sahara. Il d\u00e9bute dans la Casablanca moderne par la visite de l&rsquo;impressionnante mosqu\u00e9e Hassan II, se poursuit vers Rabat, la capitale, et s&rsquo;ach\u00e8ve le premier jour \u00e0 F\u00e8s, ville historique. Vous profiterez [&hellip;]","og_url":"https:\/\/www.excursionaldesierto.com\/fr\/tour\/7-jours-de-casablanca-a-marrakech-en-passant-par-le-desert-du-sahara\/","og_site_name":"Excursion al desierto","article_modified_time":"2025-11-23T12:12:55+00:00","og_image":[{"width":800,"height":450,"url":"https:\/\/www.excursionaldesierto.com\/wp-content\/uploads\/2025\/09\/28-1.webp","type":"image\/webp"}],"twitter_card":"summary_large_image","twitter_misc":{"Dur\u00e9e de lecture estim\u00e9e":"2 minutes"},"schema":{"@context":"https:\/\/schema.org","@graph":[{"@type":"WebPage","@id":"https:\/\/www.excursionaldesierto.com\/fr\/tour\/7-jours-de-casablanca-a-marrakech-en-passant-par-le-desert-du-sahara\/","url":"https:\/\/www.excursionaldesierto.com\/fr\/tour\/7-jours-de-casablanca-a-marrakech-en-passant-par-le-desert-du-sahara\/","name":"7 jours de Casablanca \u00e0 Marrakech en passant par le d\u00e9sert du Sahara - Excursion al desierto","isPartOf":{"@id":"https:\/\/www.excursionaldesierto.com\/fr\/#website"},"primaryImageOfPage":{"@id":"https:\/\/www.excursionaldesierto.com\/fr\/tour\/7-jours-de-casablanca-a-marrakech-en-passant-par-le-desert-du-sahara\/#primaryimage"},"image":{"@id":"https:\/\/www.excursionaldesierto.com\/fr\/tour\/7-jours-de-casablanca-a-marrakech-en-passant-par-le-desert-du-sahara\/#primaryimage"},"thumbnailUrl":"https:\/\/www.excursionaldesierto.com\/wp-content\/uploads\/2025\/09\/28-1.webp","datePublished":"2025-09-28T20:19:26+00:00","dateModified":"2025-11-23T12:12:55+00:00","breadcrumb":{"@id":"https:\/\/www.excursionaldesierto.com\/fr\/tour\/7-jours-de-casablanca-a-marrakech-en-passant-par-le-desert-du-sahara\/#breadcrumb"},"inLanguage":"fr-FR","potentialAction":[{"@type":"ReadAction","target":["https:\/\/www.excursionaldesierto.com\/fr\/tour\/7-jours-de-casablanca-a-marrakech-en-passant-par-le-desert-du-sahara\/"]}]},{"@type":"ImageObject","inLanguage":"fr-FR","@id":"https:\/\/www.excursionaldesierto.com\/fr\/tour\/7-jours-de-casablanca-a-marrakech-en-passant-par-le-desert-du-sahara\/#primaryimage","url":"https:\/\/www.excursionaldesierto.com\/wp-content\/uploads\/2025\/09\/28-1.webp","contentUrl":"https:\/\/www.excursionaldesierto.com\/wp-content\/uploads\/2025\/09\/28-1.webp","width":800,"height":450},{"@type":"BreadcrumbList","@id":"https:\/\/www.excursionaldesierto.com\/fr\/tour\/7-jours-de-casablanca-a-marrakech-en-passant-par-le-desert-du-sahara\/#breadcrumb","itemListElement":[{"@type":"ListItem","position":1,"name":"Home","item":"https:\/\/www.excursionaldesierto.com\/fr\/"},{"@type":"ListItem","position":2,"name":"Tienda","item":"https:\/\/www.excursionaldesierto.com\/tienda\/"},{"@type":"ListItem","position":3,"name":"7 jours de Casablanca \u00e0 Marrakech en passant par le d\u00e9sert du Sahara"}]},{"@type":"WebSite","@id":"https:\/\/www.excursionaldesierto.com\/fr\/#website","url":"https:\/\/www.excursionaldesierto.com\/fr\/","name":"Excursion al desierto","description":"","potentialAction":[{"@type":"SearchAction","target":{"@type":"EntryPoint","urlTemplate":"https:\/\/www.excursionaldesierto.com\/fr\/?s={search_term_string}"},"query-input":{"@type":"PropertyValueSpecification","valueRequired":true,"valueName":"search_term_string"}}],"inLanguage":"fr-FR"}]}},"_links":{"self":[{"href":"https:\/\/www.excursionaldesierto.com\/fr\/wp-json\/wp\/v2\/product\/10592","targetHints":{"allow":["GET"]}}],"collection":[{"href":"https:\/\/www.excursionaldesierto.com\/fr\/wp-json\/wp\/v2\/product"}],"about":[{"href":"https:\/\/www.excursionaldesierto.com\/fr\/wp-json\/wp\/v2\/types\/product"}],"replies":[{"embeddable":true,"href":"https:\/\/www.excursionaldesierto.com\/fr\/wp-json\/wp\/v2\/comments?post=10592"}],"wp:featuredmedia":[{"embeddable":true,"href":"https:\/\/www.excursionaldesierto.com\/fr\/wp-json\/wp\/v2\/media\/10517"}],"wp:attachment":[{"href":"https:\/\/www.excursionaldesierto.com\/fr\/wp-json\/wp\/v2\/media?parent=10592"}],"wp:term":[{"taxonomy":"product_brand","embeddable":true,"href":"https:\/\/www.excursionaldesierto.com\/fr\/wp-json\/wp\/v2\/product_brand?post=10592"},{"taxonomy":"product_cat","embeddable":true,"href":"https:\/\/www.excursionaldesierto.com\/fr\/wp-json\/wp\/v2\/product_cat?post=10592"},{"taxonomy":"product_tag","embeddable":true,"href":"https:\/\/www.excursionaldesierto.com\/fr\/wp-json\/wp\/v2\/product_tag?post=10592"}],"curies":[{"name":"wp","href":"https:\/\/api.w.org\/{rel}","templated":true}]}}