{"id":10599,"date":"2025-09-28T20:08:01","date_gmt":"2025-09-28T20:08:01","guid":{"rendered":"https:\/\/www.excursionaldesierto.com\/tour\/5-days-from-fez-to-marrakech-via-the-merzouga-and-ouzina-desert\/"},"modified":"2025-11-23T12:26:26","modified_gmt":"2025-11-23T12:26:26","slug":"5-jours-de-fes-a-marrakech-en-passant-par-le-desert-de-merzouga-et-douzina","status":"publish","type":"product","link":"https:\/\/www.excursionaldesierto.com\/fr\/tour\/5-jours-de-fes-a-marrakech-en-passant-par-le-desert-de-merzouga-et-douzina\/","title":{"rendered":"5 jours de F\u00e8s \u00e0 Marrakech en passant par le d\u00e9sert de Merzouga et d&rsquo;Ouzina"},"content":{"rendered":"<h2>Aper\u00e7u:<\/h2>\n<p>Ce circuit de 5 jours, de F\u00e8s \u00e0 Marrakech, vous propose une immersion totale dans les contrastes du Maroc, des for\u00eats verdoyantes du Moyen Atlas \u00e0 l&rsquo;immensit\u00e9 du Sahara. Le voyage d\u00e9bute par des arr\u00eats \u00e0 Ifrane, surnomm\u00e9e la \u00ab Suisse marocaine \u00bb, et dans les for\u00eats d&rsquo;Azrou, refuge des singes sauvages. Apr\u00e8s avoir travers\u00e9 la vall\u00e9e du Ziz, vous arriverez \u00e0 Merzouga, o\u00f9 une balade \u00e0 dos de chameau au coucher du soleil vous m\u00e8nera \u00e0 un campement traditionnel dans le d\u00e9sert. Vous vivrez une nuit magique sous les \u00e9toiles, berc\u00e9s par la musique berb\u00e8re.<\/p>\n<p>L&rsquo;aventure se poursuit avec la visite du village de Khamlia et de sa musique gnawa, l&rsquo;ancien trac\u00e9 du Rallye Dakar et les gravures rupestres de Taouz. Vous aurez l&rsquo;occasion de d\u00e9jeuner chez une famille berb\u00e8re, de vous faire tatouer au henn\u00e9 et d&rsquo;explorer l&rsquo;authentique d\u00e9sert d&rsquo;Ouzina, o\u00f9 les couchers de soleil sur les dunes sauvages offrent un spectacle unique. Le troisi\u00e8me jour, le circuit se poursuit sur les pistes nomades et les anciennes mines de barytine, jusqu&rsquo;\u00e0 des oasis secr\u00e8tes comme Bourika et Ramlia, et la d\u00e9couverte des ruines portugaises d&rsquo;Oubahlou, surnomm\u00e9e la \u00ab\u00a0cit\u00e9 perdue\u00a0\u00bb.<\/p>\n<p>Pour la derni\u00e8re \u00e9tape du voyage, vous explorerez les vall\u00e9es et gorges les plus impressionnantes du sud marocain. Vous traverserez les gorges du Todra, avec leurs parois verticales qui attirent des grimpeurs du monde entier, et admirerez la beaut\u00e9 de la vall\u00e9e du Dad\u00e8s. Le dernier jour, vous d\u00e9couvrirez la c\u00e9l\u00e8bre Route des Mille Kasbahs, en passant par la Vall\u00e9e des Roses et Skoura, jusqu&rsquo;\u00e0 la ville pittoresque d&rsquo;Ouarzazate et la l\u00e9gendaire kasbah d&rsquo;A\u00eft-Ben-Haddou, class\u00e9e au patrimoine mondial de l&rsquo;UNESCO. Apr\u00e8s avoir travers\u00e9 le Haut Atlas par le col de Tizi-n-Tichka, votre voyage s&rsquo;ach\u00e8vera dans la vibrante ville rouge de Marrakech.<\/p>\n","protected":false},"excerpt":{"rendered":"<p>Aper\u00e7u: Ce circuit de 5 jours, de F\u00e8s \u00e0 Marrakech, vous propose une immersion totale dans les contrastes du Maroc, des for\u00eats verdoyantes du Moyen Atlas \u00e0 l&rsquo;immensit\u00e9 du Sahara. Le voyage d\u00e9bute par des arr\u00eats \u00e0 Ifrane, surnomm\u00e9e la \u00ab Suisse marocaine \u00bb, et dans les for\u00eats d&rsquo;Azrou, refuge des singes sauvages. Apr\u00e8s avoir [&hellip;]<\/p>\n","protected":false},"featured_media":10600,"comment_status":"open","ping_status":"closed","template":"","meta":{"_joinchat":[]},"product_brand":[],"product_cat":[98,95],"product_tag":[],"class_list":{"0":"post-10599","1":"product","2":"type-product","3":"status-publish","4":"has-post-thumbnail","6":"product_cat-circuit-au-depart-de-fes","7":"product_cat-visites-et-circuits","9":"first","10":"instock","11":"shipping-taxable","12":"product-type-ovabrw_car_rental"},"yoast_head":"<!-- This site is optimized with the Yoast SEO Premium plugin v26.0 (Yoast SEO v26.0) - https:\/\/yoast.com\/wordpress\/plugins\/seo\/ -->\n<title>5 jours de F\u00e8s \u00e0 Marrakech en passant par le d\u00e9sert de Merzouga et d&#039;Ouzina - Excursion al desierto<\/title>\n<meta name=\"robots\" content=\"index, follow, max-snippet:-1, max-image-preview:large, max-video-preview:-1\" \/>\n<link rel=\"canonical\" href=\"https:\/\/www.excursionaldesierto.com\/fr\/tour\/5-jours-de-fes-a-marrakech-en-passant-par-le-desert-de-merzouga-et-douzina\/\" \/>\n<meta property=\"og:locale\" content=\"fr_FR\" \/>\n<meta property=\"og:type\" content=\"article\" \/>\n<meta property=\"og:title\" content=\"5 jours de F\u00e8s \u00e0 Marrakech en passant par le d\u00e9sert de Merzouga et d&#039;Ouzina\" \/>\n<meta property=\"og:description\" content=\"Aper\u00e7u: Ce circuit de 5 jours, de F\u00e8s \u00e0 Marrakech, vous propose une immersion totale dans les contrastes du Maroc, des for\u00eats verdoyantes du Moyen Atlas \u00e0 l&rsquo;immensit\u00e9 du Sahara. Le voyage d\u00e9bute par des arr\u00eats \u00e0 Ifrane, surnomm\u00e9e la \u00ab Suisse marocaine \u00bb, et dans les for\u00eats d&rsquo;Azrou, refuge des singes sauvages. Apr\u00e8s avoir [&hellip;]\" \/>\n<meta property=\"og:url\" content=\"https:\/\/www.excursionaldesierto.com\/fr\/tour\/5-jours-de-fes-a-marrakech-en-passant-par-le-desert-de-merzouga-et-douzina\/\" \/>\n<meta property=\"og:site_name\" content=\"Excursion al desierto\" \/>\n<meta property=\"article:modified_time\" content=\"2025-11-23T12:26:26+00:00\" \/>\n<meta property=\"og:image\" content=\"https:\/\/www.excursionaldesierto.com\/wp-content\/uploads\/2025\/09\/33-1.webp\" \/>\n\t<meta property=\"og:image:width\" content=\"800\" \/>\n\t<meta property=\"og:image:height\" content=\"450\" \/>\n\t<meta property=\"og:image:type\" content=\"image\/webp\" \/>\n<meta name=\"twitter:card\" content=\"summary_large_image\" \/>\n<meta name=\"twitter:label1\" content=\"Dur\u00e9e de lecture estim\u00e9e\" \/>\n\t<meta name=\"twitter:data1\" content=\"2 minutes\" \/>\n<script type=\"application\/ld+json\" class=\"yoast-schema-graph\">{\"@context\":\"https:\/\/schema.org\",\"@graph\":[{\"@type\":\"WebPage\",\"@id\":\"https:\/\/www.excursionaldesierto.com\/fr\/tour\/5-jours-de-fes-a-marrakech-en-passant-par-le-desert-de-merzouga-et-douzina\/\",\"url\":\"https:\/\/www.excursionaldesierto.com\/fr\/tour\/5-jours-de-fes-a-marrakech-en-passant-par-le-desert-de-merzouga-et-douzina\/\",\"name\":\"5 jours de F\u00e8s \u00e0 Marrakech en passant par le d\u00e9sert de Merzouga et d'Ouzina - Excursion al desierto\",\"isPartOf\":{\"@id\":\"https:\/\/www.excursionaldesierto.com\/fr\/#website\"},\"primaryImageOfPage\":{\"@id\":\"https:\/\/www.excursionaldesierto.com\/fr\/tour\/5-jours-de-fes-a-marrakech-en-passant-par-le-desert-de-merzouga-et-douzina\/#primaryimage\"},\"image\":{\"@id\":\"https:\/\/www.excursionaldesierto.com\/fr\/tour\/5-jours-de-fes-a-marrakech-en-passant-par-le-desert-de-merzouga-et-douzina\/#primaryimage\"},\"thumbnailUrl\":\"https:\/\/www.excursionaldesierto.com\/wp-content\/uploads\/2025\/09\/33-1.webp\",\"datePublished\":\"2025-09-28T20:08:01+00:00\",\"dateModified\":\"2025-11-23T12:26:26+00:00\",\"breadcrumb\":{\"@id\":\"https:\/\/www.excursionaldesierto.com\/fr\/tour\/5-jours-de-fes-a-marrakech-en-passant-par-le-desert-de-merzouga-et-douzina\/#breadcrumb\"},\"inLanguage\":\"fr-FR\",\"potentialAction\":[{\"@type\":\"ReadAction\",\"target\":[\"https:\/\/www.excursionaldesierto.com\/fr\/tour\/5-jours-de-fes-a-marrakech-en-passant-par-le-desert-de-merzouga-et-douzina\/\"]}]},{\"@type\":\"ImageObject\",\"inLanguage\":\"fr-FR\",\"@id\":\"https:\/\/www.excursionaldesierto.com\/fr\/tour\/5-jours-de-fes-a-marrakech-en-passant-par-le-desert-de-merzouga-et-douzina\/#primaryimage\",\"url\":\"https:\/\/www.excursionaldesierto.com\/wp-content\/uploads\/2025\/09\/33-1.webp\",\"contentUrl\":\"https:\/\/www.excursionaldesierto.com\/wp-content\/uploads\/2025\/09\/33-1.webp\",\"width\":800,\"height\":450},{\"@type\":\"BreadcrumbList\",\"@id\":\"https:\/\/www.excursionaldesierto.com\/fr\/tour\/5-jours-de-fes-a-marrakech-en-passant-par-le-desert-de-merzouga-et-douzina\/#breadcrumb\",\"itemListElement\":[{\"@type\":\"ListItem\",\"position\":1,\"name\":\"Home\",\"item\":\"https:\/\/www.excursionaldesierto.com\/fr\/\"},{\"@type\":\"ListItem\",\"position\":2,\"name\":\"Tienda\",\"item\":\"https:\/\/www.excursionaldesierto.com\/tienda\/\"},{\"@type\":\"ListItem\",\"position\":3,\"name\":\"5 jours de F\u00e8s \u00e0 Marrakech en passant par le d\u00e9sert de Merzouga et d&#8217;Ouzina\"}]},{\"@type\":\"WebSite\",\"@id\":\"https:\/\/www.excursionaldesierto.com\/fr\/#website\",\"url\":\"https:\/\/www.excursionaldesierto.com\/fr\/\",\"name\":\"Excursion al desierto\",\"description\":\"\",\"potentialAction\":[{\"@type\":\"SearchAction\",\"target\":{\"@type\":\"EntryPoint\",\"urlTemplate\":\"https:\/\/www.excursionaldesierto.com\/fr\/?s={search_term_string}\"},\"query-input\":{\"@type\":\"PropertyValueSpecification\",\"valueRequired\":true,\"valueName\":\"search_term_string\"}}],\"inLanguage\":\"fr-FR\"}]}<\/script>\n<!-- \/ Yoast SEO Premium plugin. -->","yoast_head_json":{"title":"5 jours de F\u00e8s \u00e0 Marrakech en passant par le d\u00e9sert de Merzouga et d'Ouzina - Excursion al desierto","robots":{"index":"index","follow":"follow","max-snippet":"max-snippet:-1","max-image-preview":"max-image-preview:large","max-video-preview":"max-video-preview:-1"},"canonical":"https:\/\/www.excursionaldesierto.com\/fr\/tour\/5-jours-de-fes-a-marrakech-en-passant-par-le-desert-de-merzouga-et-douzina\/","og_locale":"fr_FR","og_type":"article","og_title":"5 jours de F\u00e8s \u00e0 Marrakech en passant par le d\u00e9sert de Merzouga et d'Ouzina","og_description":"Aper\u00e7u: Ce circuit de 5 jours, de F\u00e8s \u00e0 Marrakech, vous propose une immersion totale dans les contrastes du Maroc, des for\u00eats verdoyantes du Moyen Atlas \u00e0 l&rsquo;immensit\u00e9 du Sahara. Le voyage d\u00e9bute par des arr\u00eats \u00e0 Ifrane, surnomm\u00e9e la \u00ab Suisse marocaine \u00bb, et dans les for\u00eats d&rsquo;Azrou, refuge des singes sauvages. Apr\u00e8s avoir [&hellip;]","og_url":"https:\/\/www.excursionaldesierto.com\/fr\/tour\/5-jours-de-fes-a-marrakech-en-passant-par-le-desert-de-merzouga-et-douzina\/","og_site_name":"Excursion al desierto","article_modified_time":"2025-11-23T12:26:26+00:00","og_image":[{"width":800,"height":450,"url":"https:\/\/www.excursionaldesierto.com\/wp-content\/uploads\/2025\/09\/33-1.webp","type":"image\/webp"}],"twitter_card":"summary_large_image","twitter_misc":{"Dur\u00e9e de lecture estim\u00e9e":"2 minutes"},"schema":{"@context":"https:\/\/schema.org","@graph":[{"@type":"WebPage","@id":"https:\/\/www.excursionaldesierto.com\/fr\/tour\/5-jours-de-fes-a-marrakech-en-passant-par-le-desert-de-merzouga-et-douzina\/","url":"https:\/\/www.excursionaldesierto.com\/fr\/tour\/5-jours-de-fes-a-marrakech-en-passant-par-le-desert-de-merzouga-et-douzina\/","name":"5 jours de F\u00e8s \u00e0 Marrakech en passant par le d\u00e9sert de Merzouga et d'Ouzina - Excursion al desierto","isPartOf":{"@id":"https:\/\/www.excursionaldesierto.com\/fr\/#website"},"primaryImageOfPage":{"@id":"https:\/\/www.excursionaldesierto.com\/fr\/tour\/5-jours-de-fes-a-marrakech-en-passant-par-le-desert-de-merzouga-et-douzina\/#primaryimage"},"image":{"@id":"https:\/\/www.excursionaldesierto.com\/fr\/tour\/5-jours-de-fes-a-marrakech-en-passant-par-le-desert-de-merzouga-et-douzina\/#primaryimage"},"thumbnailUrl":"https:\/\/www.excursionaldesierto.com\/wp-content\/uploads\/2025\/09\/33-1.webp","datePublished":"2025-09-28T20:08:01+00:00","dateModified":"2025-11-23T12:26:26+00:00","breadcrumb":{"@id":"https:\/\/www.excursionaldesierto.com\/fr\/tour\/5-jours-de-fes-a-marrakech-en-passant-par-le-desert-de-merzouga-et-douzina\/#breadcrumb"},"inLanguage":"fr-FR","potentialAction":[{"@type":"ReadAction","target":["https:\/\/www.excursionaldesierto.com\/fr\/tour\/5-jours-de-fes-a-marrakech-en-passant-par-le-desert-de-merzouga-et-douzina\/"]}]},{"@type":"ImageObject","inLanguage":"fr-FR","@id":"https:\/\/www.excursionaldesierto.com\/fr\/tour\/5-jours-de-fes-a-marrakech-en-passant-par-le-desert-de-merzouga-et-douzina\/#primaryimage","url":"https:\/\/www.excursionaldesierto.com\/wp-content\/uploads\/2025\/09\/33-1.webp","contentUrl":"https:\/\/www.excursionaldesierto.com\/wp-content\/uploads\/2025\/09\/33-1.webp","width":800,"height":450},{"@type":"BreadcrumbList","@id":"https:\/\/www.excursionaldesierto.com\/fr\/tour\/5-jours-de-fes-a-marrakech-en-passant-par-le-desert-de-merzouga-et-douzina\/#breadcrumb","itemListElement":[{"@type":"ListItem","position":1,"name":"Home","item":"https:\/\/www.excursionaldesierto.com\/fr\/"},{"@type":"ListItem","position":2,"name":"Tienda","item":"https:\/\/www.excursionaldesierto.com\/tienda\/"},{"@type":"ListItem","position":3,"name":"5 jours de F\u00e8s \u00e0 Marrakech en passant par le d\u00e9sert de Merzouga et d&#8217;Ouzina"}]},{"@type":"WebSite","@id":"https:\/\/www.excursionaldesierto.com\/fr\/#website","url":"https:\/\/www.excursionaldesierto.com\/fr\/","name":"Excursion al desierto","description":"","potentialAction":[{"@type":"SearchAction","target":{"@type":"EntryPoint","urlTemplate":"https:\/\/www.excursionaldesierto.com\/fr\/?s={search_term_string}"},"query-input":{"@type":"PropertyValueSpecification","valueRequired":true,"valueName":"search_term_string"}}],"inLanguage":"fr-FR"}]}},"_links":{"self":[{"href":"https:\/\/www.excursionaldesierto.com\/fr\/wp-json\/wp\/v2\/product\/10599","targetHints":{"allow":["GET"]}}],"collection":[{"href":"https:\/\/www.excursionaldesierto.com\/fr\/wp-json\/wp\/v2\/product"}],"about":[{"href":"https:\/\/www.excursionaldesierto.com\/fr\/wp-json\/wp\/v2\/types\/product"}],"replies":[{"embeddable":true,"href":"https:\/\/www.excursionaldesierto.com\/fr\/wp-json\/wp\/v2\/comments?post=10599"}],"wp:featuredmedia":[{"embeddable":true,"href":"https:\/\/www.excursionaldesierto.com\/fr\/wp-json\/wp\/v2\/media\/10600"}],"wp:attachment":[{"href":"https:\/\/www.excursionaldesierto.com\/fr\/wp-json\/wp\/v2\/media?parent=10599"}],"wp:term":[{"taxonomy":"product_brand","embeddable":true,"href":"https:\/\/www.excursionaldesierto.com\/fr\/wp-json\/wp\/v2\/product_brand?post=10599"},{"taxonomy":"product_cat","embeddable":true,"href":"https:\/\/www.excursionaldesierto.com\/fr\/wp-json\/wp\/v2\/product_cat?post=10599"},{"taxonomy":"product_tag","embeddable":true,"href":"https:\/\/www.excursionaldesierto.com\/fr\/wp-json\/wp\/v2\/product_tag?post=10599"}],"curies":[{"name":"wp","href":"https:\/\/api.w.org\/{rel}","templated":true}]}}