{"id":10605,"date":"2025-09-28T20:03:15","date_gmt":"2025-09-28T20:03:15","guid":{"rendered":"https:\/\/www.excursionaldesierto.com\/tour\/4-days-from-fez-to-marrakech-via-the-merzouga-and-ouzina-desert\/"},"modified":"2025-11-23T12:32:02","modified_gmt":"2025-11-23T12:32:02","slug":"4-jours-de-fes-a-marrakech-en-passant-par-le-desert-de-merzouga-et-douzina","status":"publish","type":"product","link":"https:\/\/www.excursionaldesierto.com\/fr\/tour\/4-jours-de-fes-a-marrakech-en-passant-par-le-desert-de-merzouga-et-douzina\/","title":{"rendered":"4 jours de F\u00e8s \u00e0 Marrakech en passant par le d\u00e9sert de Merzouga et d&rsquo;Ouzina"},"content":{"rendered":"<h2>Aper\u00e7u:<\/h2>\n<p>Ce voyage de 4 jours de F\u00e8s \u00e0 Marrakech est une exp\u00e9rience unique alliant paysages spectaculaires, culture berb\u00e8re et magie du Sahara. Vous commencerez par traverser le Moyen Atlas, avec des arr\u00eats \u00e0 Ifrane, surnomm\u00e9e la \u00ab Suisse du Maroc \u00bb, et dans les for\u00eats d&rsquo;Azrou, refuge des c\u00e9l\u00e8bres macaques de Barbarie. Vous traverserez ensuite la vall\u00e9e du Ziz pour rejoindre le d\u00e9sert de Merzouga, o\u00f9 une balade \u00e0 dos de chameau vous m\u00e8nera \u00e0 un campement traditionnel dans les dunes de l&rsquo;Erg Chebbi. Vous y passerez une nuit \u00e0 la belle \u00e9toile, agr\u00e9ment\u00e9e d&rsquo;un spectacle de musique berb\u00e8re.<\/p>\n<p>Le deuxi\u00e8me jour, vous vous impr\u00e9gnerez de l&rsquo;atmosph\u00e8re authentique du d\u00e9sert, avec la visite du village de Khamlia et de ses musiciens Gnawa, la d\u00e9couverte du parcours du l\u00e9gendaire Rallye Dakar et des gravures rupestres de Taouz. Vous go\u00fbterez \u00e0 l&rsquo;hospitalit\u00e9 locale en d\u00e9jeunant chez une famille berb\u00e8re et d\u00e9couvrirez le charme sauvage du d\u00e9sert d&rsquo;Ouzina, o\u00f9 vous pourrez admirer un coucher de soleil inoubliable au milieu de dunes immacul\u00e9es et s\u00e9journer dans un authentique h\u00f4tel de type kasbah, en pleine nature.<\/p>\n<p>L&rsquo;itin\u00e9raire se poursuit vers la vall\u00e9e du Dad\u00e8s, en passant par Rissani, berceau de la dynastie alaouite, et les gorges du Todra, un paradis pour les grimpeurs et les amoureux de la nature. Le dernier jour, vous emprunterez la Route des Mille Kasbahs, avec des arr\u00eats dans la Vall\u00e9e des Roses et \u00e0 Skoura, avant d&rsquo;arriver \u00e0 Ouarzazate, le \u00ab Hollywood de l&rsquo;Afrique \u00bb. Vous visiterez \u00e9galement la l\u00e9gendaire kasbah d&rsquo;A\u00eft-Ben-Haddou, class\u00e9e au patrimoine mondial de l&rsquo;UNESCO, avant de traverser le Haut Atlas par le col de Tizi-n-Tichka et de terminer votre aventure dans la vibrante Marrakech.<\/p>\n","protected":false},"excerpt":{"rendered":"<p>Aper\u00e7u: Ce voyage de 4 jours de F\u00e8s \u00e0 Marrakech est une exp\u00e9rience unique alliant paysages spectaculaires, culture berb\u00e8re et magie du Sahara. Vous commencerez par traverser le Moyen Atlas, avec des arr\u00eats \u00e0 Ifrane, surnomm\u00e9e la \u00ab Suisse du Maroc \u00bb, et dans les for\u00eats d&rsquo;Azrou, refuge des c\u00e9l\u00e8bres macaques de Barbarie. Vous traverserez [&hellip;]<\/p>\n","protected":false},"featured_media":10485,"comment_status":"open","ping_status":"closed","template":"","meta":{"_joinchat":[]},"product_brand":[],"product_cat":[98,95],"product_tag":[],"class_list":{"0":"post-10605","1":"product","2":"type-product","3":"status-publish","4":"has-post-thumbnail","6":"product_cat-circuit-au-depart-de-fes","7":"product_cat-visites-et-circuits","9":"first","10":"instock","11":"shipping-taxable","12":"product-type-ovabrw_car_rental"},"yoast_head":"<!-- This site is optimized with the Yoast SEO Premium plugin v26.0 (Yoast SEO v26.0) - https:\/\/yoast.com\/wordpress\/plugins\/seo\/ -->\n<title>4 jours de F\u00e8s \u00e0 Marrakech en passant par le d\u00e9sert de Merzouga et d&#039;Ouzina - Excursion al desierto<\/title>\n<meta name=\"robots\" content=\"index, follow, max-snippet:-1, max-image-preview:large, max-video-preview:-1\" \/>\n<link rel=\"canonical\" href=\"https:\/\/www.excursionaldesierto.com\/fr\/tour\/4-jours-de-fes-a-marrakech-en-passant-par-le-desert-de-merzouga-et-douzina\/\" \/>\n<meta property=\"og:locale\" content=\"fr_FR\" \/>\n<meta property=\"og:type\" content=\"article\" \/>\n<meta property=\"og:title\" content=\"4 jours de F\u00e8s \u00e0 Marrakech en passant par le d\u00e9sert de Merzouga et d&#039;Ouzina\" \/>\n<meta property=\"og:description\" content=\"Aper\u00e7u: Ce voyage de 4 jours de F\u00e8s \u00e0 Marrakech est une exp\u00e9rience unique alliant paysages spectaculaires, culture berb\u00e8re et magie du Sahara. Vous commencerez par traverser le Moyen Atlas, avec des arr\u00eats \u00e0 Ifrane, surnomm\u00e9e la \u00ab Suisse du Maroc \u00bb, et dans les for\u00eats d&rsquo;Azrou, refuge des c\u00e9l\u00e8bres macaques de Barbarie. Vous traverserez [&hellip;]\" \/>\n<meta property=\"og:url\" content=\"https:\/\/www.excursionaldesierto.com\/fr\/tour\/4-jours-de-fes-a-marrakech-en-passant-par-le-desert-de-merzouga-et-douzina\/\" \/>\n<meta property=\"og:site_name\" content=\"Excursion al desierto\" \/>\n<meta property=\"article:modified_time\" content=\"2025-11-23T12:32:02+00:00\" \/>\n<meta property=\"og:image\" content=\"https:\/\/www.excursionaldesierto.com\/wp-content\/uploads\/2025\/09\/38-1.webp\" \/>\n\t<meta property=\"og:image:width\" content=\"800\" \/>\n\t<meta property=\"og:image:height\" content=\"450\" \/>\n\t<meta property=\"og:image:type\" content=\"image\/webp\" \/>\n<meta name=\"twitter:card\" content=\"summary_large_image\" \/>\n<meta name=\"twitter:label1\" content=\"Dur\u00e9e de lecture estim\u00e9e\" \/>\n\t<meta name=\"twitter:data1\" content=\"2 minutes\" \/>\n<script type=\"application\/ld+json\" class=\"yoast-schema-graph\">{\"@context\":\"https:\/\/schema.org\",\"@graph\":[{\"@type\":\"WebPage\",\"@id\":\"https:\/\/www.excursionaldesierto.com\/fr\/tour\/4-jours-de-fes-a-marrakech-en-passant-par-le-desert-de-merzouga-et-douzina\/\",\"url\":\"https:\/\/www.excursionaldesierto.com\/fr\/tour\/4-jours-de-fes-a-marrakech-en-passant-par-le-desert-de-merzouga-et-douzina\/\",\"name\":\"4 jours de F\u00e8s \u00e0 Marrakech en passant par le d\u00e9sert de Merzouga et d'Ouzina - Excursion al desierto\",\"isPartOf\":{\"@id\":\"https:\/\/www.excursionaldesierto.com\/fr\/#website\"},\"primaryImageOfPage\":{\"@id\":\"https:\/\/www.excursionaldesierto.com\/fr\/tour\/4-jours-de-fes-a-marrakech-en-passant-par-le-desert-de-merzouga-et-douzina\/#primaryimage\"},\"image\":{\"@id\":\"https:\/\/www.excursionaldesierto.com\/fr\/tour\/4-jours-de-fes-a-marrakech-en-passant-par-le-desert-de-merzouga-et-douzina\/#primaryimage\"},\"thumbnailUrl\":\"https:\/\/www.excursionaldesierto.com\/wp-content\/uploads\/2025\/09\/38-1.webp\",\"datePublished\":\"2025-09-28T20:03:15+00:00\",\"dateModified\":\"2025-11-23T12:32:02+00:00\",\"breadcrumb\":{\"@id\":\"https:\/\/www.excursionaldesierto.com\/fr\/tour\/4-jours-de-fes-a-marrakech-en-passant-par-le-desert-de-merzouga-et-douzina\/#breadcrumb\"},\"inLanguage\":\"fr-FR\",\"potentialAction\":[{\"@type\":\"ReadAction\",\"target\":[\"https:\/\/www.excursionaldesierto.com\/fr\/tour\/4-jours-de-fes-a-marrakech-en-passant-par-le-desert-de-merzouga-et-douzina\/\"]}]},{\"@type\":\"ImageObject\",\"inLanguage\":\"fr-FR\",\"@id\":\"https:\/\/www.excursionaldesierto.com\/fr\/tour\/4-jours-de-fes-a-marrakech-en-passant-par-le-desert-de-merzouga-et-douzina\/#primaryimage\",\"url\":\"https:\/\/www.excursionaldesierto.com\/wp-content\/uploads\/2025\/09\/38-1.webp\",\"contentUrl\":\"https:\/\/www.excursionaldesierto.com\/wp-content\/uploads\/2025\/09\/38-1.webp\",\"width\":800,\"height\":450},{\"@type\":\"BreadcrumbList\",\"@id\":\"https:\/\/www.excursionaldesierto.com\/fr\/tour\/4-jours-de-fes-a-marrakech-en-passant-par-le-desert-de-merzouga-et-douzina\/#breadcrumb\",\"itemListElement\":[{\"@type\":\"ListItem\",\"position\":1,\"name\":\"Home\",\"item\":\"https:\/\/www.excursionaldesierto.com\/fr\/\"},{\"@type\":\"ListItem\",\"position\":2,\"name\":\"Tienda\",\"item\":\"https:\/\/www.excursionaldesierto.com\/tienda\/\"},{\"@type\":\"ListItem\",\"position\":3,\"name\":\"4 jours de F\u00e8s \u00e0 Marrakech en passant par le d\u00e9sert de Merzouga et d&#8217;Ouzina\"}]},{\"@type\":\"WebSite\",\"@id\":\"https:\/\/www.excursionaldesierto.com\/fr\/#website\",\"url\":\"https:\/\/www.excursionaldesierto.com\/fr\/\",\"name\":\"Excursion al desierto\",\"description\":\"\",\"potentialAction\":[{\"@type\":\"SearchAction\",\"target\":{\"@type\":\"EntryPoint\",\"urlTemplate\":\"https:\/\/www.excursionaldesierto.com\/fr\/?s={search_term_string}\"},\"query-input\":{\"@type\":\"PropertyValueSpecification\",\"valueRequired\":true,\"valueName\":\"search_term_string\"}}],\"inLanguage\":\"fr-FR\"}]}<\/script>\n<!-- \/ Yoast SEO Premium plugin. -->","yoast_head_json":{"title":"4 jours de F\u00e8s \u00e0 Marrakech en passant par le d\u00e9sert de Merzouga et d'Ouzina - Excursion al desierto","robots":{"index":"index","follow":"follow","max-snippet":"max-snippet:-1","max-image-preview":"max-image-preview:large","max-video-preview":"max-video-preview:-1"},"canonical":"https:\/\/www.excursionaldesierto.com\/fr\/tour\/4-jours-de-fes-a-marrakech-en-passant-par-le-desert-de-merzouga-et-douzina\/","og_locale":"fr_FR","og_type":"article","og_title":"4 jours de F\u00e8s \u00e0 Marrakech en passant par le d\u00e9sert de Merzouga et d'Ouzina","og_description":"Aper\u00e7u: Ce voyage de 4 jours de F\u00e8s \u00e0 Marrakech est une exp\u00e9rience unique alliant paysages spectaculaires, culture berb\u00e8re et magie du Sahara. Vous commencerez par traverser le Moyen Atlas, avec des arr\u00eats \u00e0 Ifrane, surnomm\u00e9e la \u00ab Suisse du Maroc \u00bb, et dans les for\u00eats d&rsquo;Azrou, refuge des c\u00e9l\u00e8bres macaques de Barbarie. Vous traverserez [&hellip;]","og_url":"https:\/\/www.excursionaldesierto.com\/fr\/tour\/4-jours-de-fes-a-marrakech-en-passant-par-le-desert-de-merzouga-et-douzina\/","og_site_name":"Excursion al desierto","article_modified_time":"2025-11-23T12:32:02+00:00","og_image":[{"width":800,"height":450,"url":"https:\/\/www.excursionaldesierto.com\/wp-content\/uploads\/2025\/09\/38-1.webp","type":"image\/webp"}],"twitter_card":"summary_large_image","twitter_misc":{"Dur\u00e9e de lecture estim\u00e9e":"2 minutes"},"schema":{"@context":"https:\/\/schema.org","@graph":[{"@type":"WebPage","@id":"https:\/\/www.excursionaldesierto.com\/fr\/tour\/4-jours-de-fes-a-marrakech-en-passant-par-le-desert-de-merzouga-et-douzina\/","url":"https:\/\/www.excursionaldesierto.com\/fr\/tour\/4-jours-de-fes-a-marrakech-en-passant-par-le-desert-de-merzouga-et-douzina\/","name":"4 jours de F\u00e8s \u00e0 Marrakech en passant par le d\u00e9sert de Merzouga et d'Ouzina - Excursion al desierto","isPartOf":{"@id":"https:\/\/www.excursionaldesierto.com\/fr\/#website"},"primaryImageOfPage":{"@id":"https:\/\/www.excursionaldesierto.com\/fr\/tour\/4-jours-de-fes-a-marrakech-en-passant-par-le-desert-de-merzouga-et-douzina\/#primaryimage"},"image":{"@id":"https:\/\/www.excursionaldesierto.com\/fr\/tour\/4-jours-de-fes-a-marrakech-en-passant-par-le-desert-de-merzouga-et-douzina\/#primaryimage"},"thumbnailUrl":"https:\/\/www.excursionaldesierto.com\/wp-content\/uploads\/2025\/09\/38-1.webp","datePublished":"2025-09-28T20:03:15+00:00","dateModified":"2025-11-23T12:32:02+00:00","breadcrumb":{"@id":"https:\/\/www.excursionaldesierto.com\/fr\/tour\/4-jours-de-fes-a-marrakech-en-passant-par-le-desert-de-merzouga-et-douzina\/#breadcrumb"},"inLanguage":"fr-FR","potentialAction":[{"@type":"ReadAction","target":["https:\/\/www.excursionaldesierto.com\/fr\/tour\/4-jours-de-fes-a-marrakech-en-passant-par-le-desert-de-merzouga-et-douzina\/"]}]},{"@type":"ImageObject","inLanguage":"fr-FR","@id":"https:\/\/www.excursionaldesierto.com\/fr\/tour\/4-jours-de-fes-a-marrakech-en-passant-par-le-desert-de-merzouga-et-douzina\/#primaryimage","url":"https:\/\/www.excursionaldesierto.com\/wp-content\/uploads\/2025\/09\/38-1.webp","contentUrl":"https:\/\/www.excursionaldesierto.com\/wp-content\/uploads\/2025\/09\/38-1.webp","width":800,"height":450},{"@type":"BreadcrumbList","@id":"https:\/\/www.excursionaldesierto.com\/fr\/tour\/4-jours-de-fes-a-marrakech-en-passant-par-le-desert-de-merzouga-et-douzina\/#breadcrumb","itemListElement":[{"@type":"ListItem","position":1,"name":"Home","item":"https:\/\/www.excursionaldesierto.com\/fr\/"},{"@type":"ListItem","position":2,"name":"Tienda","item":"https:\/\/www.excursionaldesierto.com\/tienda\/"},{"@type":"ListItem","position":3,"name":"4 jours de F\u00e8s \u00e0 Marrakech en passant par le d\u00e9sert de Merzouga et d&#8217;Ouzina"}]},{"@type":"WebSite","@id":"https:\/\/www.excursionaldesierto.com\/fr\/#website","url":"https:\/\/www.excursionaldesierto.com\/fr\/","name":"Excursion al desierto","description":"","potentialAction":[{"@type":"SearchAction","target":{"@type":"EntryPoint","urlTemplate":"https:\/\/www.excursionaldesierto.com\/fr\/?s={search_term_string}"},"query-input":{"@type":"PropertyValueSpecification","valueRequired":true,"valueName":"search_term_string"}}],"inLanguage":"fr-FR"}]}},"_links":{"self":[{"href":"https:\/\/www.excursionaldesierto.com\/fr\/wp-json\/wp\/v2\/product\/10605","targetHints":{"allow":["GET"]}}],"collection":[{"href":"https:\/\/www.excursionaldesierto.com\/fr\/wp-json\/wp\/v2\/product"}],"about":[{"href":"https:\/\/www.excursionaldesierto.com\/fr\/wp-json\/wp\/v2\/types\/product"}],"replies":[{"embeddable":true,"href":"https:\/\/www.excursionaldesierto.com\/fr\/wp-json\/wp\/v2\/comments?post=10605"}],"wp:featuredmedia":[{"embeddable":true,"href":"https:\/\/www.excursionaldesierto.com\/fr\/wp-json\/wp\/v2\/media\/10485"}],"wp:attachment":[{"href":"https:\/\/www.excursionaldesierto.com\/fr\/wp-json\/wp\/v2\/media?parent=10605"}],"wp:term":[{"taxonomy":"product_brand","embeddable":true,"href":"https:\/\/www.excursionaldesierto.com\/fr\/wp-json\/wp\/v2\/product_brand?post=10605"},{"taxonomy":"product_cat","embeddable":true,"href":"https:\/\/www.excursionaldesierto.com\/fr\/wp-json\/wp\/v2\/product_cat?post=10605"},{"taxonomy":"product_tag","embeddable":true,"href":"https:\/\/www.excursionaldesierto.com\/fr\/wp-json\/wp\/v2\/product_tag?post=10605"}],"curies":[{"name":"wp","href":"https:\/\/api.w.org\/{rel}","templated":true}]}}