{"id":10608,"date":"2025-09-28T19:59:46","date_gmt":"2025-09-28T19:59:46","guid":{"rendered":"https:\/\/www.excursionaldesierto.com\/tour\/3-days-from-fez-to-marrakech-via-the-merzouga-desert\/"},"modified":"2025-11-23T12:36:36","modified_gmt":"2025-11-23T12:36:36","slug":"3-jours-de-fes-a-marrakech-en-passant-par-le-desert-de-merzouga","status":"publish","type":"product","link":"https:\/\/www.excursionaldesierto.com\/fr\/tour\/3-jours-de-fes-a-marrakech-en-passant-par-le-desert-de-merzouga\/","title":{"rendered":"3 jours de F\u00e8s \u00e0 Marrakech en passant par le d\u00e9sert de Merzouga"},"content":{"rendered":"<h2>Aper\u00e7u:<\/h2>\n<p>Ce circuit de 3 jours relie F\u00e8s \u00e0 Marrakech, en traversant les paysages les plus \u00e9poustouflants du sud marocain et le majestueux d\u00e9sert de Merzouga. Le voyage d\u00e9bute par la travers\u00e9e du Moyen Atlas, avec des arr\u00eats \u00e0 Ifrane, surnomm\u00e9e la \u00ab Suisse du Maroc \u00bb, et dans les for\u00eats d&rsquo;Azrou, refuge des c\u00e9l\u00e8bres macaques de Barbarie. Apr\u00e8s un d\u00e9jeuner dans le village berb\u00e8re de Zaida, l&rsquo;itin\u00e9raire se poursuit vers Midelt, la vall\u00e9e du Ziz et Erfoud, avant d&rsquo;arriver \u00e0 Merzouga. L\u00e0, une balade \u00e0 dos de chameau vous m\u00e8nera aux dunes de l&rsquo;Erg Chebbi, o\u00f9 vous savourerez un d\u00eener traditionnel, assisterez \u00e0 un spectacle de musique berb\u00e8re et passerez une nuit magique sous les \u00e9toiles, dans des tentes traditionnelles berb\u00e8res.<\/p>\n<p>Le deuxi\u00e8me jour commence par un lever de soleil spectaculaire sur les dunes, suivi d&rsquo;une route vers la ville historique de Rissani, berceau de la dynastie alaouite, et d&rsquo;une visite des ateliers de marbre fossilis\u00e9 d&rsquo;Erfoud. Plus tard, l&rsquo;itin\u00e9raire traverse les palmeraies de Touroug et de Tinjdad avant d&rsquo;atteindre les impressionnantes gorges du Todra, un canyon aux parois verticales id\u00e9al pour les grimpeurs et les amoureux de la nature. Apr\u00e8s le d\u00e9jeuner et une promenade dans les gorges, la journ\u00e9e se poursuit vers la vall\u00e9e du Dad\u00e8s, c\u00e9l\u00e8bre pour ses paysages montagneux et ses kasbahs traditionnelles, o\u00f9 vous passerez la nuit dans un h\u00f4tel typique (d\u00eener et petit-d\u00e9jeuner inclus).<\/p>\n<p>Le troisi\u00e8me jour offre un voyage inoubliable \u00e0 travers la vall\u00e9e des Roses, l&rsquo;oasis de Skoura et la Route des Mille Kasbahs, avant d&rsquo;arriver \u00e0 Ouarzazate, surnomm\u00e9e la \u00ab\u00a0ville du cin\u00e9ma\u00a0\u00bb. Vous y visiterez la kasbah de Taourirt et les c\u00e9l\u00e8bres studios de cin\u00e9ma. Le voyage se poursuit ensuite vers la kasbah d&rsquo;A\u00eft-Ben-Haddou, class\u00e9e au patrimoine mondial de l&rsquo;UNESCO et lieu de tournage de nombreux films c\u00e9l\u00e8bres. Apr\u00e8s le d\u00e9jeuner et la visite, l&rsquo;itin\u00e9raire traverse le Haut Atlas par le col de Tizi n&rsquo;Tichka jusqu&rsquo;\u00e0 Marrakech, o\u00f9 s&rsquo;ach\u00e8ve ce voyage unique, alliant histoire, culture et beaut\u00e9 du Sahara marocain.<\/p>\n","protected":false},"excerpt":{"rendered":"<p>Aper\u00e7u: Ce circuit de 3 jours relie F\u00e8s \u00e0 Marrakech, en traversant les paysages les plus \u00e9poustouflants du sud marocain et le majestueux d\u00e9sert de Merzouga. Le voyage d\u00e9bute par la travers\u00e9e du Moyen Atlas, avec des arr\u00eats \u00e0 Ifrane, surnomm\u00e9e la \u00ab Suisse du Maroc \u00bb, et dans les for\u00eats d&rsquo;Azrou, refuge des c\u00e9l\u00e8bres [&hellip;]<\/p>\n","protected":false},"featured_media":10487,"comment_status":"open","ping_status":"closed","template":"","meta":{"_joinchat":[]},"product_brand":[],"product_cat":[98,95],"product_tag":[],"class_list":{"0":"post-10608","1":"product","2":"type-product","3":"status-publish","4":"has-post-thumbnail","6":"product_cat-circuit-au-depart-de-fes","7":"product_cat-visites-et-circuits","9":"first","10":"instock","11":"shipping-taxable","12":"product-type-ovabrw_car_rental"},"yoast_head":"<!-- This site is optimized with the Yoast SEO Premium plugin v26.0 (Yoast SEO v26.0) - https:\/\/yoast.com\/wordpress\/plugins\/seo\/ -->\n<title>3 jours de F\u00e8s \u00e0 Marrakech en passant par le d\u00e9sert de Merzouga - Excursion al desierto<\/title>\n<meta name=\"robots\" content=\"index, follow, max-snippet:-1, max-image-preview:large, max-video-preview:-1\" \/>\n<link rel=\"canonical\" href=\"https:\/\/www.excursionaldesierto.com\/fr\/tour\/3-jours-de-fes-a-marrakech-en-passant-par-le-desert-de-merzouga\/\" \/>\n<meta property=\"og:locale\" content=\"fr_FR\" \/>\n<meta property=\"og:type\" content=\"article\" \/>\n<meta property=\"og:title\" content=\"3 jours de F\u00e8s \u00e0 Marrakech en passant par le d\u00e9sert de Merzouga\" \/>\n<meta property=\"og:description\" content=\"Aper\u00e7u: Ce circuit de 3 jours relie F\u00e8s \u00e0 Marrakech, en traversant les paysages les plus \u00e9poustouflants du sud marocain et le majestueux d\u00e9sert de Merzouga. Le voyage d\u00e9bute par la travers\u00e9e du Moyen Atlas, avec des arr\u00eats \u00e0 Ifrane, surnomm\u00e9e la \u00ab Suisse du Maroc \u00bb, et dans les for\u00eats d&rsquo;Azrou, refuge des c\u00e9l\u00e8bres [&hellip;]\" \/>\n<meta property=\"og:url\" content=\"https:\/\/www.excursionaldesierto.com\/fr\/tour\/3-jours-de-fes-a-marrakech-en-passant-par-le-desert-de-merzouga\/\" \/>\n<meta property=\"og:site_name\" content=\"Excursion al desierto\" \/>\n<meta property=\"article:modified_time\" content=\"2025-11-23T12:36:36+00:00\" \/>\n<meta property=\"og:image\" content=\"https:\/\/www.excursionaldesierto.com\/wp-content\/uploads\/2025\/09\/42-1.webp\" \/>\n\t<meta property=\"og:image:width\" content=\"800\" \/>\n\t<meta property=\"og:image:height\" content=\"450\" \/>\n\t<meta property=\"og:image:type\" content=\"image\/webp\" \/>\n<meta name=\"twitter:card\" content=\"summary_large_image\" \/>\n<meta name=\"twitter:label1\" content=\"Dur\u00e9e de lecture estim\u00e9e\" \/>\n\t<meta name=\"twitter:data1\" content=\"2 minutes\" \/>\n<script type=\"application\/ld+json\" class=\"yoast-schema-graph\">{\"@context\":\"https:\/\/schema.org\",\"@graph\":[{\"@type\":\"WebPage\",\"@id\":\"https:\/\/www.excursionaldesierto.com\/fr\/tour\/3-jours-de-fes-a-marrakech-en-passant-par-le-desert-de-merzouga\/\",\"url\":\"https:\/\/www.excursionaldesierto.com\/fr\/tour\/3-jours-de-fes-a-marrakech-en-passant-par-le-desert-de-merzouga\/\",\"name\":\"3 jours de F\u00e8s \u00e0 Marrakech en passant par le d\u00e9sert de Merzouga - Excursion al desierto\",\"isPartOf\":{\"@id\":\"https:\/\/www.excursionaldesierto.com\/fr\/#website\"},\"primaryImageOfPage\":{\"@id\":\"https:\/\/www.excursionaldesierto.com\/fr\/tour\/3-jours-de-fes-a-marrakech-en-passant-par-le-desert-de-merzouga\/#primaryimage\"},\"image\":{\"@id\":\"https:\/\/www.excursionaldesierto.com\/fr\/tour\/3-jours-de-fes-a-marrakech-en-passant-par-le-desert-de-merzouga\/#primaryimage\"},\"thumbnailUrl\":\"https:\/\/www.excursionaldesierto.com\/wp-content\/uploads\/2025\/09\/42-1.webp\",\"datePublished\":\"2025-09-28T19:59:46+00:00\",\"dateModified\":\"2025-11-23T12:36:36+00:00\",\"breadcrumb\":{\"@id\":\"https:\/\/www.excursionaldesierto.com\/fr\/tour\/3-jours-de-fes-a-marrakech-en-passant-par-le-desert-de-merzouga\/#breadcrumb\"},\"inLanguage\":\"fr-FR\",\"potentialAction\":[{\"@type\":\"ReadAction\",\"target\":[\"https:\/\/www.excursionaldesierto.com\/fr\/tour\/3-jours-de-fes-a-marrakech-en-passant-par-le-desert-de-merzouga\/\"]}]},{\"@type\":\"ImageObject\",\"inLanguage\":\"fr-FR\",\"@id\":\"https:\/\/www.excursionaldesierto.com\/fr\/tour\/3-jours-de-fes-a-marrakech-en-passant-par-le-desert-de-merzouga\/#primaryimage\",\"url\":\"https:\/\/www.excursionaldesierto.com\/wp-content\/uploads\/2025\/09\/42-1.webp\",\"contentUrl\":\"https:\/\/www.excursionaldesierto.com\/wp-content\/uploads\/2025\/09\/42-1.webp\",\"width\":800,\"height\":450},{\"@type\":\"BreadcrumbList\",\"@id\":\"https:\/\/www.excursionaldesierto.com\/fr\/tour\/3-jours-de-fes-a-marrakech-en-passant-par-le-desert-de-merzouga\/#breadcrumb\",\"itemListElement\":[{\"@type\":\"ListItem\",\"position\":1,\"name\":\"Home\",\"item\":\"https:\/\/www.excursionaldesierto.com\/fr\/\"},{\"@type\":\"ListItem\",\"position\":2,\"name\":\"Tienda\",\"item\":\"https:\/\/www.excursionaldesierto.com\/tienda\/\"},{\"@type\":\"ListItem\",\"position\":3,\"name\":\"3 jours de F\u00e8s \u00e0 Marrakech en passant par le d\u00e9sert de Merzouga\"}]},{\"@type\":\"WebSite\",\"@id\":\"https:\/\/www.excursionaldesierto.com\/fr\/#website\",\"url\":\"https:\/\/www.excursionaldesierto.com\/fr\/\",\"name\":\"Excursion al desierto\",\"description\":\"\",\"potentialAction\":[{\"@type\":\"SearchAction\",\"target\":{\"@type\":\"EntryPoint\",\"urlTemplate\":\"https:\/\/www.excursionaldesierto.com\/fr\/?s={search_term_string}\"},\"query-input\":{\"@type\":\"PropertyValueSpecification\",\"valueRequired\":true,\"valueName\":\"search_term_string\"}}],\"inLanguage\":\"fr-FR\"}]}<\/script>\n<!-- \/ Yoast SEO Premium plugin. -->","yoast_head_json":{"title":"3 jours de F\u00e8s \u00e0 Marrakech en passant par le d\u00e9sert de Merzouga - Excursion al desierto","robots":{"index":"index","follow":"follow","max-snippet":"max-snippet:-1","max-image-preview":"max-image-preview:large","max-video-preview":"max-video-preview:-1"},"canonical":"https:\/\/www.excursionaldesierto.com\/fr\/tour\/3-jours-de-fes-a-marrakech-en-passant-par-le-desert-de-merzouga\/","og_locale":"fr_FR","og_type":"article","og_title":"3 jours de F\u00e8s \u00e0 Marrakech en passant par le d\u00e9sert de Merzouga","og_description":"Aper\u00e7u: Ce circuit de 3 jours relie F\u00e8s \u00e0 Marrakech, en traversant les paysages les plus \u00e9poustouflants du sud marocain et le majestueux d\u00e9sert de Merzouga. Le voyage d\u00e9bute par la travers\u00e9e du Moyen Atlas, avec des arr\u00eats \u00e0 Ifrane, surnomm\u00e9e la \u00ab Suisse du Maroc \u00bb, et dans les for\u00eats d&rsquo;Azrou, refuge des c\u00e9l\u00e8bres [&hellip;]","og_url":"https:\/\/www.excursionaldesierto.com\/fr\/tour\/3-jours-de-fes-a-marrakech-en-passant-par-le-desert-de-merzouga\/","og_site_name":"Excursion al desierto","article_modified_time":"2025-11-23T12:36:36+00:00","og_image":[{"width":800,"height":450,"url":"https:\/\/www.excursionaldesierto.com\/wp-content\/uploads\/2025\/09\/42-1.webp","type":"image\/webp"}],"twitter_card":"summary_large_image","twitter_misc":{"Dur\u00e9e de lecture estim\u00e9e":"2 minutes"},"schema":{"@context":"https:\/\/schema.org","@graph":[{"@type":"WebPage","@id":"https:\/\/www.excursionaldesierto.com\/fr\/tour\/3-jours-de-fes-a-marrakech-en-passant-par-le-desert-de-merzouga\/","url":"https:\/\/www.excursionaldesierto.com\/fr\/tour\/3-jours-de-fes-a-marrakech-en-passant-par-le-desert-de-merzouga\/","name":"3 jours de F\u00e8s \u00e0 Marrakech en passant par le d\u00e9sert de Merzouga - Excursion al desierto","isPartOf":{"@id":"https:\/\/www.excursionaldesierto.com\/fr\/#website"},"primaryImageOfPage":{"@id":"https:\/\/www.excursionaldesierto.com\/fr\/tour\/3-jours-de-fes-a-marrakech-en-passant-par-le-desert-de-merzouga\/#primaryimage"},"image":{"@id":"https:\/\/www.excursionaldesierto.com\/fr\/tour\/3-jours-de-fes-a-marrakech-en-passant-par-le-desert-de-merzouga\/#primaryimage"},"thumbnailUrl":"https:\/\/www.excursionaldesierto.com\/wp-content\/uploads\/2025\/09\/42-1.webp","datePublished":"2025-09-28T19:59:46+00:00","dateModified":"2025-11-23T12:36:36+00:00","breadcrumb":{"@id":"https:\/\/www.excursionaldesierto.com\/fr\/tour\/3-jours-de-fes-a-marrakech-en-passant-par-le-desert-de-merzouga\/#breadcrumb"},"inLanguage":"fr-FR","potentialAction":[{"@type":"ReadAction","target":["https:\/\/www.excursionaldesierto.com\/fr\/tour\/3-jours-de-fes-a-marrakech-en-passant-par-le-desert-de-merzouga\/"]}]},{"@type":"ImageObject","inLanguage":"fr-FR","@id":"https:\/\/www.excursionaldesierto.com\/fr\/tour\/3-jours-de-fes-a-marrakech-en-passant-par-le-desert-de-merzouga\/#primaryimage","url":"https:\/\/www.excursionaldesierto.com\/wp-content\/uploads\/2025\/09\/42-1.webp","contentUrl":"https:\/\/www.excursionaldesierto.com\/wp-content\/uploads\/2025\/09\/42-1.webp","width":800,"height":450},{"@type":"BreadcrumbList","@id":"https:\/\/www.excursionaldesierto.com\/fr\/tour\/3-jours-de-fes-a-marrakech-en-passant-par-le-desert-de-merzouga\/#breadcrumb","itemListElement":[{"@type":"ListItem","position":1,"name":"Home","item":"https:\/\/www.excursionaldesierto.com\/fr\/"},{"@type":"ListItem","position":2,"name":"Tienda","item":"https:\/\/www.excursionaldesierto.com\/tienda\/"},{"@type":"ListItem","position":3,"name":"3 jours de F\u00e8s \u00e0 Marrakech en passant par le d\u00e9sert de Merzouga"}]},{"@type":"WebSite","@id":"https:\/\/www.excursionaldesierto.com\/fr\/#website","url":"https:\/\/www.excursionaldesierto.com\/fr\/","name":"Excursion al desierto","description":"","potentialAction":[{"@type":"SearchAction","target":{"@type":"EntryPoint","urlTemplate":"https:\/\/www.excursionaldesierto.com\/fr\/?s={search_term_string}"},"query-input":{"@type":"PropertyValueSpecification","valueRequired":true,"valueName":"search_term_string"}}],"inLanguage":"fr-FR"}]}},"_links":{"self":[{"href":"https:\/\/www.excursionaldesierto.com\/fr\/wp-json\/wp\/v2\/product\/10608","targetHints":{"allow":["GET"]}}],"collection":[{"href":"https:\/\/www.excursionaldesierto.com\/fr\/wp-json\/wp\/v2\/product"}],"about":[{"href":"https:\/\/www.excursionaldesierto.com\/fr\/wp-json\/wp\/v2\/types\/product"}],"replies":[{"embeddable":true,"href":"https:\/\/www.excursionaldesierto.com\/fr\/wp-json\/wp\/v2\/comments?post=10608"}],"wp:featuredmedia":[{"embeddable":true,"href":"https:\/\/www.excursionaldesierto.com\/fr\/wp-json\/wp\/v2\/media\/10487"}],"wp:attachment":[{"href":"https:\/\/www.excursionaldesierto.com\/fr\/wp-json\/wp\/v2\/media?parent=10608"}],"wp:term":[{"taxonomy":"product_brand","embeddable":true,"href":"https:\/\/www.excursionaldesierto.com\/fr\/wp-json\/wp\/v2\/product_brand?post=10608"},{"taxonomy":"product_cat","embeddable":true,"href":"https:\/\/www.excursionaldesierto.com\/fr\/wp-json\/wp\/v2\/product_cat?post=10608"},{"taxonomy":"product_tag","embeddable":true,"href":"https:\/\/www.excursionaldesierto.com\/fr\/wp-json\/wp\/v2\/product_tag?post=10608"}],"curies":[{"name":"wp","href":"https:\/\/api.w.org\/{rel}","templated":true}]}}