{"id":10612,"date":"2025-09-28T19:55:01","date_gmt":"2025-09-28T19:55:01","guid":{"rendered":"https:\/\/www.excursionaldesierto.com\/tour\/3-days-from-fez-to-the-desert-and-back-to-fez\/"},"modified":"2025-11-23T12:41:27","modified_gmt":"2025-11-23T12:41:27","slug":"3-jours-de-fes-au-desert-et-retour-a-fes","status":"publish","type":"product","link":"https:\/\/www.excursionaldesierto.com\/fr\/tour\/3-jours-de-fes-au-desert-et-retour-a-fes\/","title":{"rendered":"3 jours de F\u00e8s au d\u00e9sert et retour \u00e0 F\u00e8s"},"content":{"rendered":"<h2>Aper\u00e7u:<\/h2>\n<p>Ce circuit de 3 jours, de F\u00e8s au d\u00e9sert de Merzouga, offre une exp\u00e9rience compl\u00e8te \u00e0 travers le Moyen Atlas et \u00e0 la d\u00e9couverte de la richesse naturelle et culturelle du Maroc. L&rsquo;itin\u00e9raire inclut la visite de villes comme Ifrane, surnomm\u00e9e la \u00ab Suisse du Maroc \u00bb, et les for\u00eats d&rsquo;Azrou, refuge des c\u00e9l\u00e8bres macaques de Barbarie. Apr\u00e8s un d\u00e9jeuner dans le village berb\u00e8re de Zaida, le voyage se poursuit \u00e0 travers Midelt, la vall\u00e9e du Ziz et Erfoud, avant d&rsquo;arriver \u00e0 Merzouga. L\u00e0, une balade \u00e0 dos de chameau conduit les voyageurs \u00e0 un campement berb\u00e8re traditionnel dans les dunes de l&rsquo;Erg Chebbi, o\u00f9 un d\u00eener traditionnel et un spectacle de musique berb\u00e8re sont propos\u00e9s sous les \u00e9toiles.<\/p>\n<p>La deuxi\u00e8me journ\u00e9e allie aventure et culture, d\u00e9butant par un lever de soleil sur les dunes et la possibilit\u00e9 de s&rsquo;essayer \u00e0 des activit\u00e9s comme le quad ou le buggy dans le d\u00e9sert. La journ\u00e9e se poursuit \u00e0 Khamlia, o\u00f9 des musiciens Gnawa partagent leur art ancestral, puis le long de la route historique du Rallye Dakar jusqu&rsquo;aux gravures rupestres de Taouz. Plus tard, l&rsquo;itin\u00e9raire vous m\u00e8nera au village de Jdaid, o\u00f9 vous d\u00e9jeunerez chez une famille berb\u00e8re, autour d&rsquo;un th\u00e9 et en d\u00e9couvrant des traditions locales comme le tatouage au henn\u00e9. L&rsquo;apr\u00e8s-midi se terminera dans le d\u00e9sert d&rsquo;Ouzina, un environnement sauvage et authentique du sud marocain, id\u00e9al pour admirer un coucher de soleil inoubliable sur les dunes.<\/p>\n<p>Le troisi\u00e8me jour, vous retournerez \u00e0 F\u00e8s avec des arr\u00eats \u00e0 Rissani, ville historique et berceau de la dynastie alaouite, et \u00e0 Erfoud, c\u00e9l\u00e8bre pour ses fossiles et ses ateliers de marbre fossilis\u00e9. Apr\u00e8s le d\u00e9jeuner \u00e0 Midelt, le voyage se poursuivra \u00e0 travers la for\u00eat de Michlifen et le Moyen Atlas, pour une arriv\u00e9e \u00e0 F\u00e8s dans l&rsquo;apr\u00e8s-midi. Cet itin\u00e9raire de trois jours vous permettra de d\u00e9couvrir le meilleur du Sahara marocain, alliant paysages naturels, richesse culturelle et hospitalit\u00e9 locale pour une exp\u00e9rience authentique et inoubliable.<\/p>\n","protected":false},"excerpt":{"rendered":"<p>Aper\u00e7u: Ce circuit de 3 jours, de F\u00e8s au d\u00e9sert de Merzouga, offre une exp\u00e9rience compl\u00e8te \u00e0 travers le Moyen Atlas et \u00e0 la d\u00e9couverte de la richesse naturelle et culturelle du Maroc. L&rsquo;itin\u00e9raire inclut la visite de villes comme Ifrane, surnomm\u00e9e la \u00ab Suisse du Maroc \u00bb, et les for\u00eats d&rsquo;Azrou, refuge des c\u00e9l\u00e8bres [&hellip;]<\/p>\n","protected":false},"featured_media":10579,"comment_status":"open","ping_status":"closed","template":"","meta":{"_joinchat":[]},"product_brand":[],"product_cat":[98,95],"product_tag":[],"class_list":{"0":"post-10612","1":"product","2":"type-product","3":"status-publish","4":"has-post-thumbnail","6":"product_cat-circuit-au-depart-de-fes","7":"product_cat-visites-et-circuits","9":"first","10":"instock","11":"shipping-taxable","12":"product-type-ovabrw_car_rental"},"yoast_head":"<!-- This site is optimized with the Yoast SEO Premium plugin v26.0 (Yoast SEO v26.0) - https:\/\/yoast.com\/wordpress\/plugins\/seo\/ -->\n<title>3 jours de F\u00e8s au d\u00e9sert et retour \u00e0 F\u00e8s - Excursion al desierto<\/title>\n<meta name=\"robots\" content=\"index, follow, max-snippet:-1, max-image-preview:large, max-video-preview:-1\" \/>\n<link rel=\"canonical\" href=\"https:\/\/www.excursionaldesierto.com\/fr\/tour\/3-jours-de-fes-au-desert-et-retour-a-fes\/\" \/>\n<meta property=\"og:locale\" content=\"fr_FR\" \/>\n<meta property=\"og:type\" content=\"article\" \/>\n<meta property=\"og:title\" content=\"3 jours de F\u00e8s au d\u00e9sert et retour \u00e0 F\u00e8s\" \/>\n<meta property=\"og:description\" content=\"Aper\u00e7u: Ce circuit de 3 jours, de F\u00e8s au d\u00e9sert de Merzouga, offre une exp\u00e9rience compl\u00e8te \u00e0 travers le Moyen Atlas et \u00e0 la d\u00e9couverte de la richesse naturelle et culturelle du Maroc. L&rsquo;itin\u00e9raire inclut la visite de villes comme Ifrane, surnomm\u00e9e la \u00ab Suisse du Maroc \u00bb, et les for\u00eats d&rsquo;Azrou, refuge des c\u00e9l\u00e8bres [&hellip;]\" \/>\n<meta property=\"og:url\" content=\"https:\/\/www.excursionaldesierto.com\/fr\/tour\/3-jours-de-fes-au-desert-et-retour-a-fes\/\" \/>\n<meta property=\"og:site_name\" content=\"Excursion al desierto\" \/>\n<meta property=\"article:modified_time\" content=\"2025-11-23T12:41:27+00:00\" \/>\n<meta property=\"og:image\" content=\"https:\/\/www.excursionaldesierto.com\/wp-content\/uploads\/2025\/09\/14.webp\" \/>\n\t<meta property=\"og:image:width\" content=\"800\" \/>\n\t<meta property=\"og:image:height\" content=\"450\" \/>\n\t<meta property=\"og:image:type\" content=\"image\/webp\" \/>\n<meta name=\"twitter:card\" content=\"summary_large_image\" \/>\n<meta name=\"twitter:label1\" content=\"Dur\u00e9e de lecture estim\u00e9e\" \/>\n\t<meta name=\"twitter:data1\" content=\"2 minutes\" \/>\n<script type=\"application\/ld+json\" class=\"yoast-schema-graph\">{\"@context\":\"https:\/\/schema.org\",\"@graph\":[{\"@type\":\"WebPage\",\"@id\":\"https:\/\/www.excursionaldesierto.com\/fr\/tour\/3-jours-de-fes-au-desert-et-retour-a-fes\/\",\"url\":\"https:\/\/www.excursionaldesierto.com\/fr\/tour\/3-jours-de-fes-au-desert-et-retour-a-fes\/\",\"name\":\"3 jours de F\u00e8s au d\u00e9sert et retour \u00e0 F\u00e8s - Excursion al desierto\",\"isPartOf\":{\"@id\":\"https:\/\/www.excursionaldesierto.com\/fr\/#website\"},\"primaryImageOfPage\":{\"@id\":\"https:\/\/www.excursionaldesierto.com\/fr\/tour\/3-jours-de-fes-au-desert-et-retour-a-fes\/#primaryimage\"},\"image\":{\"@id\":\"https:\/\/www.excursionaldesierto.com\/fr\/tour\/3-jours-de-fes-au-desert-et-retour-a-fes\/#primaryimage\"},\"thumbnailUrl\":\"https:\/\/www.excursionaldesierto.com\/wp-content\/uploads\/2025\/09\/14.webp\",\"datePublished\":\"2025-09-28T19:55:01+00:00\",\"dateModified\":\"2025-11-23T12:41:27+00:00\",\"breadcrumb\":{\"@id\":\"https:\/\/www.excursionaldesierto.com\/fr\/tour\/3-jours-de-fes-au-desert-et-retour-a-fes\/#breadcrumb\"},\"inLanguage\":\"fr-FR\",\"potentialAction\":[{\"@type\":\"ReadAction\",\"target\":[\"https:\/\/www.excursionaldesierto.com\/fr\/tour\/3-jours-de-fes-au-desert-et-retour-a-fes\/\"]}]},{\"@type\":\"ImageObject\",\"inLanguage\":\"fr-FR\",\"@id\":\"https:\/\/www.excursionaldesierto.com\/fr\/tour\/3-jours-de-fes-au-desert-et-retour-a-fes\/#primaryimage\",\"url\":\"https:\/\/www.excursionaldesierto.com\/wp-content\/uploads\/2025\/09\/14.webp\",\"contentUrl\":\"https:\/\/www.excursionaldesierto.com\/wp-content\/uploads\/2025\/09\/14.webp\",\"width\":800,\"height\":450},{\"@type\":\"BreadcrumbList\",\"@id\":\"https:\/\/www.excursionaldesierto.com\/fr\/tour\/3-jours-de-fes-au-desert-et-retour-a-fes\/#breadcrumb\",\"itemListElement\":[{\"@type\":\"ListItem\",\"position\":1,\"name\":\"Home\",\"item\":\"https:\/\/www.excursionaldesierto.com\/fr\/\"},{\"@type\":\"ListItem\",\"position\":2,\"name\":\"Tienda\",\"item\":\"https:\/\/www.excursionaldesierto.com\/tienda\/\"},{\"@type\":\"ListItem\",\"position\":3,\"name\":\"3 jours de F\u00e8s au d\u00e9sert et retour \u00e0 F\u00e8s\"}]},{\"@type\":\"WebSite\",\"@id\":\"https:\/\/www.excursionaldesierto.com\/fr\/#website\",\"url\":\"https:\/\/www.excursionaldesierto.com\/fr\/\",\"name\":\"Excursion al desierto\",\"description\":\"\",\"potentialAction\":[{\"@type\":\"SearchAction\",\"target\":{\"@type\":\"EntryPoint\",\"urlTemplate\":\"https:\/\/www.excursionaldesierto.com\/fr\/?s={search_term_string}\"},\"query-input\":{\"@type\":\"PropertyValueSpecification\",\"valueRequired\":true,\"valueName\":\"search_term_string\"}}],\"inLanguage\":\"fr-FR\"}]}<\/script>\n<!-- \/ Yoast SEO Premium plugin. -->","yoast_head_json":{"title":"3 jours de F\u00e8s au d\u00e9sert et retour \u00e0 F\u00e8s - Excursion al desierto","robots":{"index":"index","follow":"follow","max-snippet":"max-snippet:-1","max-image-preview":"max-image-preview:large","max-video-preview":"max-video-preview:-1"},"canonical":"https:\/\/www.excursionaldesierto.com\/fr\/tour\/3-jours-de-fes-au-desert-et-retour-a-fes\/","og_locale":"fr_FR","og_type":"article","og_title":"3 jours de F\u00e8s au d\u00e9sert et retour \u00e0 F\u00e8s","og_description":"Aper\u00e7u: Ce circuit de 3 jours, de F\u00e8s au d\u00e9sert de Merzouga, offre une exp\u00e9rience compl\u00e8te \u00e0 travers le Moyen Atlas et \u00e0 la d\u00e9couverte de la richesse naturelle et culturelle du Maroc. L&rsquo;itin\u00e9raire inclut la visite de villes comme Ifrane, surnomm\u00e9e la \u00ab Suisse du Maroc \u00bb, et les for\u00eats d&rsquo;Azrou, refuge des c\u00e9l\u00e8bres [&hellip;]","og_url":"https:\/\/www.excursionaldesierto.com\/fr\/tour\/3-jours-de-fes-au-desert-et-retour-a-fes\/","og_site_name":"Excursion al desierto","article_modified_time":"2025-11-23T12:41:27+00:00","og_image":[{"width":800,"height":450,"url":"https:\/\/www.excursionaldesierto.com\/wp-content\/uploads\/2025\/09\/14.webp","type":"image\/webp"}],"twitter_card":"summary_large_image","twitter_misc":{"Dur\u00e9e de lecture estim\u00e9e":"2 minutes"},"schema":{"@context":"https:\/\/schema.org","@graph":[{"@type":"WebPage","@id":"https:\/\/www.excursionaldesierto.com\/fr\/tour\/3-jours-de-fes-au-desert-et-retour-a-fes\/","url":"https:\/\/www.excursionaldesierto.com\/fr\/tour\/3-jours-de-fes-au-desert-et-retour-a-fes\/","name":"3 jours de F\u00e8s au d\u00e9sert et retour \u00e0 F\u00e8s - Excursion al desierto","isPartOf":{"@id":"https:\/\/www.excursionaldesierto.com\/fr\/#website"},"primaryImageOfPage":{"@id":"https:\/\/www.excursionaldesierto.com\/fr\/tour\/3-jours-de-fes-au-desert-et-retour-a-fes\/#primaryimage"},"image":{"@id":"https:\/\/www.excursionaldesierto.com\/fr\/tour\/3-jours-de-fes-au-desert-et-retour-a-fes\/#primaryimage"},"thumbnailUrl":"https:\/\/www.excursionaldesierto.com\/wp-content\/uploads\/2025\/09\/14.webp","datePublished":"2025-09-28T19:55:01+00:00","dateModified":"2025-11-23T12:41:27+00:00","breadcrumb":{"@id":"https:\/\/www.excursionaldesierto.com\/fr\/tour\/3-jours-de-fes-au-desert-et-retour-a-fes\/#breadcrumb"},"inLanguage":"fr-FR","potentialAction":[{"@type":"ReadAction","target":["https:\/\/www.excursionaldesierto.com\/fr\/tour\/3-jours-de-fes-au-desert-et-retour-a-fes\/"]}]},{"@type":"ImageObject","inLanguage":"fr-FR","@id":"https:\/\/www.excursionaldesierto.com\/fr\/tour\/3-jours-de-fes-au-desert-et-retour-a-fes\/#primaryimage","url":"https:\/\/www.excursionaldesierto.com\/wp-content\/uploads\/2025\/09\/14.webp","contentUrl":"https:\/\/www.excursionaldesierto.com\/wp-content\/uploads\/2025\/09\/14.webp","width":800,"height":450},{"@type":"BreadcrumbList","@id":"https:\/\/www.excursionaldesierto.com\/fr\/tour\/3-jours-de-fes-au-desert-et-retour-a-fes\/#breadcrumb","itemListElement":[{"@type":"ListItem","position":1,"name":"Home","item":"https:\/\/www.excursionaldesierto.com\/fr\/"},{"@type":"ListItem","position":2,"name":"Tienda","item":"https:\/\/www.excursionaldesierto.com\/tienda\/"},{"@type":"ListItem","position":3,"name":"3 jours de F\u00e8s au d\u00e9sert et retour \u00e0 F\u00e8s"}]},{"@type":"WebSite","@id":"https:\/\/www.excursionaldesierto.com\/fr\/#website","url":"https:\/\/www.excursionaldesierto.com\/fr\/","name":"Excursion al desierto","description":"","potentialAction":[{"@type":"SearchAction","target":{"@type":"EntryPoint","urlTemplate":"https:\/\/www.excursionaldesierto.com\/fr\/?s={search_term_string}"},"query-input":{"@type":"PropertyValueSpecification","valueRequired":true,"valueName":"search_term_string"}}],"inLanguage":"fr-FR"}]}},"_links":{"self":[{"href":"https:\/\/www.excursionaldesierto.com\/fr\/wp-json\/wp\/v2\/product\/10612","targetHints":{"allow":["GET"]}}],"collection":[{"href":"https:\/\/www.excursionaldesierto.com\/fr\/wp-json\/wp\/v2\/product"}],"about":[{"href":"https:\/\/www.excursionaldesierto.com\/fr\/wp-json\/wp\/v2\/types\/product"}],"replies":[{"embeddable":true,"href":"https:\/\/www.excursionaldesierto.com\/fr\/wp-json\/wp\/v2\/comments?post=10612"}],"wp:featuredmedia":[{"embeddable":true,"href":"https:\/\/www.excursionaldesierto.com\/fr\/wp-json\/wp\/v2\/media\/10579"}],"wp:attachment":[{"href":"https:\/\/www.excursionaldesierto.com\/fr\/wp-json\/wp\/v2\/media?parent=10612"}],"wp:term":[{"taxonomy":"product_brand","embeddable":true,"href":"https:\/\/www.excursionaldesierto.com\/fr\/wp-json\/wp\/v2\/product_brand?post=10612"},{"taxonomy":"product_cat","embeddable":true,"href":"https:\/\/www.excursionaldesierto.com\/fr\/wp-json\/wp\/v2\/product_cat?post=10612"},{"taxonomy":"product_tag","embeddable":true,"href":"https:\/\/www.excursionaldesierto.com\/fr\/wp-json\/wp\/v2\/product_tag?post=10612"}],"curies":[{"name":"wp","href":"https:\/\/api.w.org\/{rel}","templated":true}]}}