{"id":10615,"date":"2025-09-28T19:50:37","date_gmt":"2025-09-28T19:50:37","guid":{"rendered":"https:\/\/www.excursionaldesierto.com\/tour\/2-days-from-fez-to-the-merzouga-desert\/"},"modified":"2025-11-23T12:45:42","modified_gmt":"2025-11-23T12:45:42","slug":"2-jours-de-fes-au-desert-de-merzouga","status":"publish","type":"product","link":"https:\/\/www.excursionaldesierto.com\/fr\/tour\/2-jours-de-fes-au-desert-de-merzouga\/","title":{"rendered":"2 jours de F\u00e8s au d\u00e9sert de Merzouga"},"content":{"rendered":"<h2>Aper\u00e7u:<\/h2>\n<p>Ce circuit de deux jours au d\u00e9part de F\u00e8s vers le d\u00e9sert de Merzouga offre un itin\u00e9raire unique \u00e0 travers les montagnes du Moyen Atlas, d\u00e9voilant des paysages \u00e0 couper le souffle. En chemin, vous visiterez Ifrane, surnomm\u00e9e la \u00ab Suisse du Maroc \u00bb, et les for\u00eats d&rsquo;Azrou, refuge des c\u00e9l\u00e8bres singes magots. Apr\u00e8s un d\u00e9jeuner dans le village berb\u00e8re de Zaida, le voyage se poursuit \u00e0 travers les paysages spectaculaires de Midelt, Erfoud et la vall\u00e9e du Ziz, avant d&rsquo;arriver \u00e0 Merzouga, o\u00f9 commence l&rsquo;authentique exp\u00e9rience du Sahara marocain.<\/p>\n<p>\u00c0 Merzouga, les voyageurs troquent leur v\u00e9hicule contre une balade \u00e0 dos de chameau pour explorer les impressionnantes dunes de l&rsquo;Erg Chebbi. L&rsquo;apr\u00e8s-midi se termine en apoth\u00e9ose par un coucher de soleil magique au c\u0153ur du d\u00e9sert et une soir\u00e9e inoubliable dans un campement berb\u00e8re traditionnel, o\u00f9 vous savourerez un d\u00eener traditionnel et profiterez de musique berb\u00e8re en direct sous le ciel \u00e9toil\u00e9 du Sahara. Une exp\u00e9rience authentique qui allie aventure, culture et hospitalit\u00e9 dans un cadre unique.<\/p>\n<p>Le deuxi\u00e8me jour commence par l&rsquo;\u00e9merveillement d&rsquo;un lever de soleil sur les dunes avant le retour \u00e0 F\u00e8s. Le retour propose d&rsquo;autres arr\u00eats dans la vall\u00e9e du Ziz, r\u00e9put\u00e9e pour ses palmeraies, et \u00e0 Erfoud, c\u00e9l\u00e8bre pour ses fossiles. L&rsquo;excursion traverse ensuite \u00e0 nouveau le Moyen Atlas pour arriver \u00e0 Ifrane, o\u00f9 vous pourrez fl\u00e2ner et photographier la ville avant de rejoindre F\u00e8s dans l&rsquo;apr\u00e8s-midi. Un circuit court mais intense qui vous permettra de d\u00e9couvrir la magie du d\u00e9sert de Merzouga en seulement deux jours.<\/p>\n","protected":false},"excerpt":{"rendered":"<p>Aper\u00e7u: Ce circuit de deux jours au d\u00e9part de F\u00e8s vers le d\u00e9sert de Merzouga offre un itin\u00e9raire unique \u00e0 travers les montagnes du Moyen Atlas, d\u00e9voilant des paysages \u00e0 couper le souffle. En chemin, vous visiterez Ifrane, surnomm\u00e9e la \u00ab Suisse du Maroc \u00bb, et les for\u00eats d&rsquo;Azrou, refuge des c\u00e9l\u00e8bres singes magots. Apr\u00e8s [&hellip;]<\/p>\n","protected":false},"featured_media":10606,"comment_status":"open","ping_status":"closed","template":"","meta":{"_joinchat":[]},"product_brand":[],"product_cat":[98,95],"product_tag":[],"class_list":{"0":"post-10615","1":"product","2":"type-product","3":"status-publish","4":"has-post-thumbnail","6":"product_cat-circuit-au-depart-de-fes","7":"product_cat-visites-et-circuits","9":"first","10":"instock","11":"shipping-taxable","12":"product-type-ovabrw_car_rental"},"yoast_head":"<!-- This site is optimized with the Yoast SEO Premium plugin v26.0 (Yoast SEO v26.0) - https:\/\/yoast.com\/wordpress\/plugins\/seo\/ -->\n<title>2 jours de F\u00e8s au d\u00e9sert de Merzouga - Excursion al desierto<\/title>\n<meta name=\"robots\" content=\"index, follow, max-snippet:-1, max-image-preview:large, max-video-preview:-1\" \/>\n<link rel=\"canonical\" href=\"https:\/\/www.excursionaldesierto.com\/fr\/tour\/2-jours-de-fes-au-desert-de-merzouga\/\" \/>\n<meta property=\"og:locale\" content=\"fr_FR\" \/>\n<meta property=\"og:type\" content=\"article\" \/>\n<meta property=\"og:title\" content=\"2 jours de F\u00e8s au d\u00e9sert de Merzouga\" \/>\n<meta property=\"og:description\" content=\"Aper\u00e7u: Ce circuit de deux jours au d\u00e9part de F\u00e8s vers le d\u00e9sert de Merzouga offre un itin\u00e9raire unique \u00e0 travers les montagnes du Moyen Atlas, d\u00e9voilant des paysages \u00e0 couper le souffle. En chemin, vous visiterez Ifrane, surnomm\u00e9e la \u00ab Suisse du Maroc \u00bb, et les for\u00eats d&rsquo;Azrou, refuge des c\u00e9l\u00e8bres singes magots. Apr\u00e8s [&hellip;]\" \/>\n<meta property=\"og:url\" content=\"https:\/\/www.excursionaldesierto.com\/fr\/tour\/2-jours-de-fes-au-desert-de-merzouga\/\" \/>\n<meta property=\"og:site_name\" content=\"Excursion al desierto\" \/>\n<meta property=\"article:modified_time\" content=\"2025-11-23T12:45:42+00:00\" \/>\n<meta property=\"og:image\" content=\"https:\/\/www.excursionaldesierto.com\/wp-content\/uploads\/2025\/09\/26-1.webp\" \/>\n\t<meta property=\"og:image:width\" content=\"800\" \/>\n\t<meta property=\"og:image:height\" content=\"450\" \/>\n\t<meta property=\"og:image:type\" content=\"image\/webp\" \/>\n<meta name=\"twitter:card\" content=\"summary_large_image\" \/>\n<meta name=\"twitter:label1\" content=\"Dur\u00e9e de lecture estim\u00e9e\" \/>\n\t<meta name=\"twitter:data1\" content=\"2 minutes\" \/>\n<script type=\"application\/ld+json\" class=\"yoast-schema-graph\">{\"@context\":\"https:\/\/schema.org\",\"@graph\":[{\"@type\":\"WebPage\",\"@id\":\"https:\/\/www.excursionaldesierto.com\/fr\/tour\/2-jours-de-fes-au-desert-de-merzouga\/\",\"url\":\"https:\/\/www.excursionaldesierto.com\/fr\/tour\/2-jours-de-fes-au-desert-de-merzouga\/\",\"name\":\"2 jours de F\u00e8s au d\u00e9sert de Merzouga - Excursion al desierto\",\"isPartOf\":{\"@id\":\"https:\/\/www.excursionaldesierto.com\/fr\/#website\"},\"primaryImageOfPage\":{\"@id\":\"https:\/\/www.excursionaldesierto.com\/fr\/tour\/2-jours-de-fes-au-desert-de-merzouga\/#primaryimage\"},\"image\":{\"@id\":\"https:\/\/www.excursionaldesierto.com\/fr\/tour\/2-jours-de-fes-au-desert-de-merzouga\/#primaryimage\"},\"thumbnailUrl\":\"https:\/\/www.excursionaldesierto.com\/wp-content\/uploads\/2025\/09\/26-1.webp\",\"datePublished\":\"2025-09-28T19:50:37+00:00\",\"dateModified\":\"2025-11-23T12:45:42+00:00\",\"breadcrumb\":{\"@id\":\"https:\/\/www.excursionaldesierto.com\/fr\/tour\/2-jours-de-fes-au-desert-de-merzouga\/#breadcrumb\"},\"inLanguage\":\"fr-FR\",\"potentialAction\":[{\"@type\":\"ReadAction\",\"target\":[\"https:\/\/www.excursionaldesierto.com\/fr\/tour\/2-jours-de-fes-au-desert-de-merzouga\/\"]}]},{\"@type\":\"ImageObject\",\"inLanguage\":\"fr-FR\",\"@id\":\"https:\/\/www.excursionaldesierto.com\/fr\/tour\/2-jours-de-fes-au-desert-de-merzouga\/#primaryimage\",\"url\":\"https:\/\/www.excursionaldesierto.com\/wp-content\/uploads\/2025\/09\/26-1.webp\",\"contentUrl\":\"https:\/\/www.excursionaldesierto.com\/wp-content\/uploads\/2025\/09\/26-1.webp\",\"width\":800,\"height\":450},{\"@type\":\"BreadcrumbList\",\"@id\":\"https:\/\/www.excursionaldesierto.com\/fr\/tour\/2-jours-de-fes-au-desert-de-merzouga\/#breadcrumb\",\"itemListElement\":[{\"@type\":\"ListItem\",\"position\":1,\"name\":\"Home\",\"item\":\"https:\/\/www.excursionaldesierto.com\/fr\/\"},{\"@type\":\"ListItem\",\"position\":2,\"name\":\"Tienda\",\"item\":\"https:\/\/www.excursionaldesierto.com\/tienda\/\"},{\"@type\":\"ListItem\",\"position\":3,\"name\":\"2 jours de F\u00e8s au d\u00e9sert de Merzouga\"}]},{\"@type\":\"WebSite\",\"@id\":\"https:\/\/www.excursionaldesierto.com\/fr\/#website\",\"url\":\"https:\/\/www.excursionaldesierto.com\/fr\/\",\"name\":\"Excursion al desierto\",\"description\":\"\",\"potentialAction\":[{\"@type\":\"SearchAction\",\"target\":{\"@type\":\"EntryPoint\",\"urlTemplate\":\"https:\/\/www.excursionaldesierto.com\/fr\/?s={search_term_string}\"},\"query-input\":{\"@type\":\"PropertyValueSpecification\",\"valueRequired\":true,\"valueName\":\"search_term_string\"}}],\"inLanguage\":\"fr-FR\"}]}<\/script>\n<!-- \/ Yoast SEO Premium plugin. -->","yoast_head_json":{"title":"2 jours de F\u00e8s au d\u00e9sert de Merzouga - Excursion al desierto","robots":{"index":"index","follow":"follow","max-snippet":"max-snippet:-1","max-image-preview":"max-image-preview:large","max-video-preview":"max-video-preview:-1"},"canonical":"https:\/\/www.excursionaldesierto.com\/fr\/tour\/2-jours-de-fes-au-desert-de-merzouga\/","og_locale":"fr_FR","og_type":"article","og_title":"2 jours de F\u00e8s au d\u00e9sert de Merzouga","og_description":"Aper\u00e7u: Ce circuit de deux jours au d\u00e9part de F\u00e8s vers le d\u00e9sert de Merzouga offre un itin\u00e9raire unique \u00e0 travers les montagnes du Moyen Atlas, d\u00e9voilant des paysages \u00e0 couper le souffle. En chemin, vous visiterez Ifrane, surnomm\u00e9e la \u00ab Suisse du Maroc \u00bb, et les for\u00eats d&rsquo;Azrou, refuge des c\u00e9l\u00e8bres singes magots. Apr\u00e8s [&hellip;]","og_url":"https:\/\/www.excursionaldesierto.com\/fr\/tour\/2-jours-de-fes-au-desert-de-merzouga\/","og_site_name":"Excursion al desierto","article_modified_time":"2025-11-23T12:45:42+00:00","og_image":[{"width":800,"height":450,"url":"https:\/\/www.excursionaldesierto.com\/wp-content\/uploads\/2025\/09\/26-1.webp","type":"image\/webp"}],"twitter_card":"summary_large_image","twitter_misc":{"Dur\u00e9e de lecture estim\u00e9e":"2 minutes"},"schema":{"@context":"https:\/\/schema.org","@graph":[{"@type":"WebPage","@id":"https:\/\/www.excursionaldesierto.com\/fr\/tour\/2-jours-de-fes-au-desert-de-merzouga\/","url":"https:\/\/www.excursionaldesierto.com\/fr\/tour\/2-jours-de-fes-au-desert-de-merzouga\/","name":"2 jours de F\u00e8s au d\u00e9sert de Merzouga - Excursion al desierto","isPartOf":{"@id":"https:\/\/www.excursionaldesierto.com\/fr\/#website"},"primaryImageOfPage":{"@id":"https:\/\/www.excursionaldesierto.com\/fr\/tour\/2-jours-de-fes-au-desert-de-merzouga\/#primaryimage"},"image":{"@id":"https:\/\/www.excursionaldesierto.com\/fr\/tour\/2-jours-de-fes-au-desert-de-merzouga\/#primaryimage"},"thumbnailUrl":"https:\/\/www.excursionaldesierto.com\/wp-content\/uploads\/2025\/09\/26-1.webp","datePublished":"2025-09-28T19:50:37+00:00","dateModified":"2025-11-23T12:45:42+00:00","breadcrumb":{"@id":"https:\/\/www.excursionaldesierto.com\/fr\/tour\/2-jours-de-fes-au-desert-de-merzouga\/#breadcrumb"},"inLanguage":"fr-FR","potentialAction":[{"@type":"ReadAction","target":["https:\/\/www.excursionaldesierto.com\/fr\/tour\/2-jours-de-fes-au-desert-de-merzouga\/"]}]},{"@type":"ImageObject","inLanguage":"fr-FR","@id":"https:\/\/www.excursionaldesierto.com\/fr\/tour\/2-jours-de-fes-au-desert-de-merzouga\/#primaryimage","url":"https:\/\/www.excursionaldesierto.com\/wp-content\/uploads\/2025\/09\/26-1.webp","contentUrl":"https:\/\/www.excursionaldesierto.com\/wp-content\/uploads\/2025\/09\/26-1.webp","width":800,"height":450},{"@type":"BreadcrumbList","@id":"https:\/\/www.excursionaldesierto.com\/fr\/tour\/2-jours-de-fes-au-desert-de-merzouga\/#breadcrumb","itemListElement":[{"@type":"ListItem","position":1,"name":"Home","item":"https:\/\/www.excursionaldesierto.com\/fr\/"},{"@type":"ListItem","position":2,"name":"Tienda","item":"https:\/\/www.excursionaldesierto.com\/tienda\/"},{"@type":"ListItem","position":3,"name":"2 jours de F\u00e8s au d\u00e9sert de Merzouga"}]},{"@type":"WebSite","@id":"https:\/\/www.excursionaldesierto.com\/fr\/#website","url":"https:\/\/www.excursionaldesierto.com\/fr\/","name":"Excursion al desierto","description":"","potentialAction":[{"@type":"SearchAction","target":{"@type":"EntryPoint","urlTemplate":"https:\/\/www.excursionaldesierto.com\/fr\/?s={search_term_string}"},"query-input":{"@type":"PropertyValueSpecification","valueRequired":true,"valueName":"search_term_string"}}],"inLanguage":"fr-FR"}]}},"_links":{"self":[{"href":"https:\/\/www.excursionaldesierto.com\/fr\/wp-json\/wp\/v2\/product\/10615","targetHints":{"allow":["GET"]}}],"collection":[{"href":"https:\/\/www.excursionaldesierto.com\/fr\/wp-json\/wp\/v2\/product"}],"about":[{"href":"https:\/\/www.excursionaldesierto.com\/fr\/wp-json\/wp\/v2\/types\/product"}],"replies":[{"embeddable":true,"href":"https:\/\/www.excursionaldesierto.com\/fr\/wp-json\/wp\/v2\/comments?post=10615"}],"wp:featuredmedia":[{"embeddable":true,"href":"https:\/\/www.excursionaldesierto.com\/fr\/wp-json\/wp\/v2\/media\/10606"}],"wp:attachment":[{"href":"https:\/\/www.excursionaldesierto.com\/fr\/wp-json\/wp\/v2\/media?parent=10615"}],"wp:term":[{"taxonomy":"product_brand","embeddable":true,"href":"https:\/\/www.excursionaldesierto.com\/fr\/wp-json\/wp\/v2\/product_brand?post=10615"},{"taxonomy":"product_cat","embeddable":true,"href":"https:\/\/www.excursionaldesierto.com\/fr\/wp-json\/wp\/v2\/product_cat?post=10615"},{"taxonomy":"product_tag","embeddable":true,"href":"https:\/\/www.excursionaldesierto.com\/fr\/wp-json\/wp\/v2\/product_tag?post=10615"}],"curies":[{"name":"wp","href":"https:\/\/api.w.org\/{rel}","templated":true}]}}