{"id":10618,"date":"2025-09-28T19:27:00","date_gmt":"2025-09-28T19:27:00","guid":{"rendered":"https:\/\/www.excursionaldesierto.com\/tour\/8-days-from-marrakech-to-the-desert-and-essaouira\/"},"modified":"2025-11-23T12:52:37","modified_gmt":"2025-11-23T12:52:37","slug":"8-jours-de-marrakech-au-desert-et-a-essaouira","status":"publish","type":"product","link":"https:\/\/www.excursionaldesierto.com\/fr\/tour\/8-jours-de-marrakech-au-desert-et-a-essaouira\/","title":{"rendered":"8 jours de Marrakech au d\u00e9sert et \u00e0 Essaouira"},"content":{"rendered":"<h2>Aper\u00e7u:<\/h2>\n<p>Ce circuit de 8 jours combine la majest\u00e9 du Haut Atlas, l&rsquo;histoire et la culture des kasbahs class\u00e9es au patrimoine mondial de l&rsquo;UNESCO, et l&rsquo;aventure du d\u00e9sert de Merzouga. Les voyageurs profiteront de panoramas \u00e0 couper le souffle, visiteront des coop\u00e9ratives d&rsquo;huile d&rsquo;argan, exploreront les vall\u00e9es du Dad\u00e8s et du Todra, et d\u00e9couvriront des villages berb\u00e8res traditionnels qui pr\u00e9servent leur culture et leurs traditions. Chaque \u00e9tape du voyage offre l&rsquo;opportunit\u00e9 de d\u00e9couvrir l&rsquo;artisanat local, la cuisine typique et l&rsquo;architecture unique de la r\u00e9gion.<\/p>\n<p>L&rsquo;itin\u00e9raire comprend des aventures palpitantes dans le Sahara, avec des balades \u00e0 dos de chameau, des couchers de soleil sur les dunes de Merzouga et d&rsquo;Ouzina, et des nuits sous des tentes berb\u00e8res traditionnelles au son de la musique berb\u00e8re. Le circuit vous emm\u00e8ne \u00e9galement \u00e0 travers des villages comme Khamlia, o\u00f9 vous pourrez \u00e9couter de la musique gnawa, admirer des gravures rupestres et des oasis cach\u00e9es, et explorer des routes historiques telles que le parcours du Rallye Dakar, offrant un \u00e9quilibre parfait entre aventure, culture et tradition au c\u0153ur du d\u00e9sert marocain.<\/p>\n<p>Le circuit s&rsquo;ach\u00e8ve par une excursion sur la c\u00f4te atlantique \u00e0 Essaouira, ville r\u00e9put\u00e9e pour son port de Mogador, ses remparts historiques et son artisanat du bois raffin\u00e9. Sur le chemin du retour vers Marrakech, vous traverserez la vall\u00e9e du Dr\u00e2a, les montagnes de l&rsquo;Anti-Atlas et la ville historique de Ouarzazate, avec des arr\u00eats panoramiques vous permettant d&rsquo;admirer la diversit\u00e9 des paysages d\u00e9sertiques, montagneux et palmeraies. Ce voyage de huit jours vous garantit une immersion totale dans le Sahara marocain, alliant s\u00e9curit\u00e9, assistance et confort \u00e0 chaque \u00e9tape.<\/p>\n","protected":false},"excerpt":{"rendered":"<p>Aper\u00e7u: Ce circuit de 8 jours combine la majest\u00e9 du Haut Atlas, l&rsquo;histoire et la culture des kasbahs class\u00e9es au patrimoine mondial de l&rsquo;UNESCO, et l&rsquo;aventure du d\u00e9sert de Merzouga. Les voyageurs profiteront de panoramas \u00e0 couper le souffle, visiteront des coop\u00e9ratives d&rsquo;huile d&rsquo;argan, exploreront les vall\u00e9es du Dad\u00e8s et du Todra, et d\u00e9couvriront des [&hellip;]<\/p>\n","protected":false},"featured_media":10619,"comment_status":"open","ping_status":"closed","template":"","meta":{"_joinchat":[]},"product_brand":[],"product_cat":[99,95],"product_tag":[],"class_list":{"0":"post-10618","1":"product","2":"type-product","3":"status-publish","4":"has-post-thumbnail","6":"product_cat-circuit-au-depart-de-marrakech","7":"product_cat-visites-et-circuits","9":"first","10":"instock","11":"shipping-taxable","12":"product-type-ovabrw_car_rental"},"yoast_head":"<!-- This site is optimized with the Yoast SEO Premium plugin v26.0 (Yoast SEO v26.0) - https:\/\/yoast.com\/wordpress\/plugins\/seo\/ -->\n<title>8 jours de Marrakech au d\u00e9sert et \u00e0 Essaouira - Excursion al desierto<\/title>\n<meta name=\"robots\" content=\"index, follow, max-snippet:-1, max-image-preview:large, max-video-preview:-1\" \/>\n<link rel=\"canonical\" href=\"https:\/\/www.excursionaldesierto.com\/fr\/tour\/8-jours-de-marrakech-au-desert-et-a-essaouira\/\" \/>\n<meta property=\"og:locale\" content=\"fr_FR\" \/>\n<meta property=\"og:type\" content=\"article\" \/>\n<meta property=\"og:title\" content=\"8 jours de Marrakech au d\u00e9sert et \u00e0 Essaouira\" \/>\n<meta property=\"og:description\" content=\"Aper\u00e7u: Ce circuit de 8 jours combine la majest\u00e9 du Haut Atlas, l&rsquo;histoire et la culture des kasbahs class\u00e9es au patrimoine mondial de l&rsquo;UNESCO, et l&rsquo;aventure du d\u00e9sert de Merzouga. Les voyageurs profiteront de panoramas \u00e0 couper le souffle, visiteront des coop\u00e9ratives d&rsquo;huile d&rsquo;argan, exploreront les vall\u00e9es du Dad\u00e8s et du Todra, et d\u00e9couvriront des [&hellip;]\" \/>\n<meta property=\"og:url\" content=\"https:\/\/www.excursionaldesierto.com\/fr\/tour\/8-jours-de-marrakech-au-desert-et-a-essaouira\/\" \/>\n<meta property=\"og:site_name\" content=\"Excursion al desierto\" \/>\n<meta property=\"article:modified_time\" content=\"2025-11-23T12:52:37+00:00\" \/>\n<meta property=\"og:image\" content=\"https:\/\/www.excursionaldesierto.com\/wp-content\/uploads\/2025\/09\/1-1.webp\" \/>\n\t<meta property=\"og:image:width\" content=\"800\" \/>\n\t<meta property=\"og:image:height\" content=\"450\" \/>\n\t<meta property=\"og:image:type\" content=\"image\/webp\" \/>\n<meta name=\"twitter:card\" content=\"summary_large_image\" \/>\n<meta name=\"twitter:label1\" content=\"Dur\u00e9e de lecture estim\u00e9e\" \/>\n\t<meta name=\"twitter:data1\" content=\"2 minutes\" \/>\n<script type=\"application\/ld+json\" class=\"yoast-schema-graph\">{\"@context\":\"https:\/\/schema.org\",\"@graph\":[{\"@type\":\"WebPage\",\"@id\":\"https:\/\/www.excursionaldesierto.com\/fr\/tour\/8-jours-de-marrakech-au-desert-et-a-essaouira\/\",\"url\":\"https:\/\/www.excursionaldesierto.com\/fr\/tour\/8-jours-de-marrakech-au-desert-et-a-essaouira\/\",\"name\":\"8 jours de Marrakech au d\u00e9sert et \u00e0 Essaouira - Excursion al desierto\",\"isPartOf\":{\"@id\":\"https:\/\/www.excursionaldesierto.com\/fr\/#website\"},\"primaryImageOfPage\":{\"@id\":\"https:\/\/www.excursionaldesierto.com\/fr\/tour\/8-jours-de-marrakech-au-desert-et-a-essaouira\/#primaryimage\"},\"image\":{\"@id\":\"https:\/\/www.excursionaldesierto.com\/fr\/tour\/8-jours-de-marrakech-au-desert-et-a-essaouira\/#primaryimage\"},\"thumbnailUrl\":\"https:\/\/www.excursionaldesierto.com\/wp-content\/uploads\/2025\/09\/1-1.webp\",\"datePublished\":\"2025-09-28T19:27:00+00:00\",\"dateModified\":\"2025-11-23T12:52:37+00:00\",\"breadcrumb\":{\"@id\":\"https:\/\/www.excursionaldesierto.com\/fr\/tour\/8-jours-de-marrakech-au-desert-et-a-essaouira\/#breadcrumb\"},\"inLanguage\":\"fr-FR\",\"potentialAction\":[{\"@type\":\"ReadAction\",\"target\":[\"https:\/\/www.excursionaldesierto.com\/fr\/tour\/8-jours-de-marrakech-au-desert-et-a-essaouira\/\"]}]},{\"@type\":\"ImageObject\",\"inLanguage\":\"fr-FR\",\"@id\":\"https:\/\/www.excursionaldesierto.com\/fr\/tour\/8-jours-de-marrakech-au-desert-et-a-essaouira\/#primaryimage\",\"url\":\"https:\/\/www.excursionaldesierto.com\/wp-content\/uploads\/2025\/09\/1-1.webp\",\"contentUrl\":\"https:\/\/www.excursionaldesierto.com\/wp-content\/uploads\/2025\/09\/1-1.webp\",\"width\":800,\"height\":450},{\"@type\":\"BreadcrumbList\",\"@id\":\"https:\/\/www.excursionaldesierto.com\/fr\/tour\/8-jours-de-marrakech-au-desert-et-a-essaouira\/#breadcrumb\",\"itemListElement\":[{\"@type\":\"ListItem\",\"position\":1,\"name\":\"Home\",\"item\":\"https:\/\/www.excursionaldesierto.com\/fr\/\"},{\"@type\":\"ListItem\",\"position\":2,\"name\":\"Tienda\",\"item\":\"https:\/\/www.excursionaldesierto.com\/tienda\/\"},{\"@type\":\"ListItem\",\"position\":3,\"name\":\"8 jours de Marrakech au d\u00e9sert et \u00e0 Essaouira\"}]},{\"@type\":\"WebSite\",\"@id\":\"https:\/\/www.excursionaldesierto.com\/fr\/#website\",\"url\":\"https:\/\/www.excursionaldesierto.com\/fr\/\",\"name\":\"Excursion al desierto\",\"description\":\"\",\"potentialAction\":[{\"@type\":\"SearchAction\",\"target\":{\"@type\":\"EntryPoint\",\"urlTemplate\":\"https:\/\/www.excursionaldesierto.com\/fr\/?s={search_term_string}\"},\"query-input\":{\"@type\":\"PropertyValueSpecification\",\"valueRequired\":true,\"valueName\":\"search_term_string\"}}],\"inLanguage\":\"fr-FR\"}]}<\/script>\n<!-- \/ Yoast SEO Premium plugin. -->","yoast_head_json":{"title":"8 jours de Marrakech au d\u00e9sert et \u00e0 Essaouira - Excursion al desierto","robots":{"index":"index","follow":"follow","max-snippet":"max-snippet:-1","max-image-preview":"max-image-preview:large","max-video-preview":"max-video-preview:-1"},"canonical":"https:\/\/www.excursionaldesierto.com\/fr\/tour\/8-jours-de-marrakech-au-desert-et-a-essaouira\/","og_locale":"fr_FR","og_type":"article","og_title":"8 jours de Marrakech au d\u00e9sert et \u00e0 Essaouira","og_description":"Aper\u00e7u: Ce circuit de 8 jours combine la majest\u00e9 du Haut Atlas, l&rsquo;histoire et la culture des kasbahs class\u00e9es au patrimoine mondial de l&rsquo;UNESCO, et l&rsquo;aventure du d\u00e9sert de Merzouga. Les voyageurs profiteront de panoramas \u00e0 couper le souffle, visiteront des coop\u00e9ratives d&rsquo;huile d&rsquo;argan, exploreront les vall\u00e9es du Dad\u00e8s et du Todra, et d\u00e9couvriront des [&hellip;]","og_url":"https:\/\/www.excursionaldesierto.com\/fr\/tour\/8-jours-de-marrakech-au-desert-et-a-essaouira\/","og_site_name":"Excursion al desierto","article_modified_time":"2025-11-23T12:52:37+00:00","og_image":[{"width":800,"height":450,"url":"https:\/\/www.excursionaldesierto.com\/wp-content\/uploads\/2025\/09\/1-1.webp","type":"image\/webp"}],"twitter_card":"summary_large_image","twitter_misc":{"Dur\u00e9e de lecture estim\u00e9e":"2 minutes"},"schema":{"@context":"https:\/\/schema.org","@graph":[{"@type":"WebPage","@id":"https:\/\/www.excursionaldesierto.com\/fr\/tour\/8-jours-de-marrakech-au-desert-et-a-essaouira\/","url":"https:\/\/www.excursionaldesierto.com\/fr\/tour\/8-jours-de-marrakech-au-desert-et-a-essaouira\/","name":"8 jours de Marrakech au d\u00e9sert et \u00e0 Essaouira - Excursion al desierto","isPartOf":{"@id":"https:\/\/www.excursionaldesierto.com\/fr\/#website"},"primaryImageOfPage":{"@id":"https:\/\/www.excursionaldesierto.com\/fr\/tour\/8-jours-de-marrakech-au-desert-et-a-essaouira\/#primaryimage"},"image":{"@id":"https:\/\/www.excursionaldesierto.com\/fr\/tour\/8-jours-de-marrakech-au-desert-et-a-essaouira\/#primaryimage"},"thumbnailUrl":"https:\/\/www.excursionaldesierto.com\/wp-content\/uploads\/2025\/09\/1-1.webp","datePublished":"2025-09-28T19:27:00+00:00","dateModified":"2025-11-23T12:52:37+00:00","breadcrumb":{"@id":"https:\/\/www.excursionaldesierto.com\/fr\/tour\/8-jours-de-marrakech-au-desert-et-a-essaouira\/#breadcrumb"},"inLanguage":"fr-FR","potentialAction":[{"@type":"ReadAction","target":["https:\/\/www.excursionaldesierto.com\/fr\/tour\/8-jours-de-marrakech-au-desert-et-a-essaouira\/"]}]},{"@type":"ImageObject","inLanguage":"fr-FR","@id":"https:\/\/www.excursionaldesierto.com\/fr\/tour\/8-jours-de-marrakech-au-desert-et-a-essaouira\/#primaryimage","url":"https:\/\/www.excursionaldesierto.com\/wp-content\/uploads\/2025\/09\/1-1.webp","contentUrl":"https:\/\/www.excursionaldesierto.com\/wp-content\/uploads\/2025\/09\/1-1.webp","width":800,"height":450},{"@type":"BreadcrumbList","@id":"https:\/\/www.excursionaldesierto.com\/fr\/tour\/8-jours-de-marrakech-au-desert-et-a-essaouira\/#breadcrumb","itemListElement":[{"@type":"ListItem","position":1,"name":"Home","item":"https:\/\/www.excursionaldesierto.com\/fr\/"},{"@type":"ListItem","position":2,"name":"Tienda","item":"https:\/\/www.excursionaldesierto.com\/tienda\/"},{"@type":"ListItem","position":3,"name":"8 jours de Marrakech au d\u00e9sert et \u00e0 Essaouira"}]},{"@type":"WebSite","@id":"https:\/\/www.excursionaldesierto.com\/fr\/#website","url":"https:\/\/www.excursionaldesierto.com\/fr\/","name":"Excursion al desierto","description":"","potentialAction":[{"@type":"SearchAction","target":{"@type":"EntryPoint","urlTemplate":"https:\/\/www.excursionaldesierto.com\/fr\/?s={search_term_string}"},"query-input":{"@type":"PropertyValueSpecification","valueRequired":true,"valueName":"search_term_string"}}],"inLanguage":"fr-FR"}]}},"_links":{"self":[{"href":"https:\/\/www.excursionaldesierto.com\/fr\/wp-json\/wp\/v2\/product\/10618","targetHints":{"allow":["GET"]}}],"collection":[{"href":"https:\/\/www.excursionaldesierto.com\/fr\/wp-json\/wp\/v2\/product"}],"about":[{"href":"https:\/\/www.excursionaldesierto.com\/fr\/wp-json\/wp\/v2\/types\/product"}],"replies":[{"embeddable":true,"href":"https:\/\/www.excursionaldesierto.com\/fr\/wp-json\/wp\/v2\/comments?post=10618"}],"wp:featuredmedia":[{"embeddable":true,"href":"https:\/\/www.excursionaldesierto.com\/fr\/wp-json\/wp\/v2\/media\/10619"}],"wp:attachment":[{"href":"https:\/\/www.excursionaldesierto.com\/fr\/wp-json\/wp\/v2\/media?parent=10618"}],"wp:term":[{"taxonomy":"product_brand","embeddable":true,"href":"https:\/\/www.excursionaldesierto.com\/fr\/wp-json\/wp\/v2\/product_brand?post=10618"},{"taxonomy":"product_cat","embeddable":true,"href":"https:\/\/www.excursionaldesierto.com\/fr\/wp-json\/wp\/v2\/product_cat?post=10618"},{"taxonomy":"product_tag","embeddable":true,"href":"https:\/\/www.excursionaldesierto.com\/fr\/wp-json\/wp\/v2\/product_tag?post=10618"}],"curies":[{"name":"wp","href":"https:\/\/api.w.org\/{rel}","templated":true}]}}