{"id":10625,"date":"2025-09-28T19:21:57","date_gmt":"2025-09-28T19:21:57","guid":{"rendered":"https:\/\/www.excursionaldesierto.com\/tour\/7-days-from-marrakech-to-the-moroccan-desert\/"},"modified":"2025-11-23T12:59:14","modified_gmt":"2025-11-23T12:59:14","slug":"7-jours-de-marrakech-au-desert-marocain","status":"publish","type":"product","link":"https:\/\/www.excursionaldesierto.com\/fr\/tour\/7-jours-de-marrakech-au-desert-marocain\/","title":{"rendered":"7 jours de Marrakech au d\u00e9sert marocain"},"content":{"rendered":"<h2>Aper\u00e7u:<\/h2>\n<p>Ce circuit de 7 jours au d\u00e9part de Marrakech et \u00e0 destination du d\u00e9sert de Merzouga offre une exp\u00e9rience compl\u00e8te alliant la majest\u00e9 des montagnes du Haut Atlas, l&rsquo;histoire et la culture des kasbahs class\u00e9es au patrimoine mondial de l&rsquo;UNESCO, et les magnifiques vall\u00e9es du Dad\u00e8s et du Todra. Le voyage vous m\u00e8nera \u00e0 travers des villages berb\u00e8res traditionnels, vous fera visiter des coop\u00e9ratives d&rsquo;huile d&rsquo;argan et vous offrira des panoramas \u00e0 couper le souffle ainsi qu&rsquo;une initiation \u00e0 l&rsquo;artisanat local, rendant le parcours \u00e0 la fois instructif et visuellement \u00e9poustouflant.<\/p>\n<p>L&rsquo;itin\u00e9raire comprend une aventure dans le Sahara avec des balades \u00e0 dos de chameau, des couchers de soleil sur les dunes de Merzouga et des nuits sous des tentes berb\u00e8res traditionnelles au son de la musique traditionnelle. Le voyage vous conduira \u00e9galement \u00e0 travers des villages comme Khamlia, o\u00f9 r\u00e9sonne la musique gnawa, devant d&rsquo;anciennes gravures rupestres, des oasis cach\u00e9es et le long du parcours historique du Rallye Dakar, offrant un \u00e9quilibre parfait entre aventure, culture et tradition au c\u0153ur du d\u00e9sert.<\/p>\n<p>Le voyage s&rsquo;ach\u00e8ve par un retour \u00e0 Marrakech en passant par la vall\u00e9e du Dr\u00e2a, les montagnes de l&rsquo;Anti-Atlas et la ville historique de Ouarzazate. Des arr\u00eats pittoresques et culturels vous permettront d&rsquo;appr\u00e9cier la diversit\u00e9 des paysages : d\u00e9sert, montagnes et zones agricoles parsem\u00e9es de vastes palmeraies. Ce p\u00e9riple de sept jours vous offrira des souvenirs inoubliables du Sahara marocain, une immersion dans l&rsquo;authenticit\u00e9 de la culture berb\u00e8re et la beaut\u00e9 incomparable du sud du Maroc. S\u00e9curit\u00e9, assistance et confort sont garantis \u00e0 chaque \u00e9tape du voyage.<\/p>\n","protected":false},"excerpt":{"rendered":"<p>Aper\u00e7u: Ce circuit de 7 jours au d\u00e9part de Marrakech et \u00e0 destination du d\u00e9sert de Merzouga offre une exp\u00e9rience compl\u00e8te alliant la majest\u00e9 des montagnes du Haut Atlas, l&rsquo;histoire et la culture des kasbahs class\u00e9es au patrimoine mondial de l&rsquo;UNESCO, et les magnifiques vall\u00e9es du Dad\u00e8s et du Todra. Le voyage vous m\u00e8nera \u00e0 [&hellip;]<\/p>\n","protected":false},"featured_media":10520,"comment_status":"open","ping_status":"closed","template":"","meta":{"_joinchat":[]},"product_brand":[],"product_cat":[99,95],"product_tag":[],"class_list":{"0":"post-10625","1":"product","2":"type-product","3":"status-publish","4":"has-post-thumbnail","6":"product_cat-circuit-au-depart-de-marrakech","7":"product_cat-visites-et-circuits","9":"first","10":"instock","11":"shipping-taxable","12":"product-type-ovabrw_car_rental"},"yoast_head":"<!-- This site is optimized with the Yoast SEO Premium plugin v26.0 (Yoast SEO v26.0) - https:\/\/yoast.com\/wordpress\/plugins\/seo\/ -->\n<title>7 jours de Marrakech au d\u00e9sert marocain - Excursion al desierto<\/title>\n<meta name=\"robots\" content=\"index, follow, max-snippet:-1, max-image-preview:large, max-video-preview:-1\" \/>\n<link rel=\"canonical\" href=\"https:\/\/www.excursionaldesierto.com\/fr\/tour\/7-jours-de-marrakech-au-desert-marocain\/\" \/>\n<meta property=\"og:locale\" content=\"fr_FR\" \/>\n<meta property=\"og:type\" content=\"article\" \/>\n<meta property=\"og:title\" content=\"7 jours de Marrakech au d\u00e9sert marocain\" \/>\n<meta property=\"og:description\" content=\"Aper\u00e7u: Ce circuit de 7 jours au d\u00e9part de Marrakech et \u00e0 destination du d\u00e9sert de Merzouga offre une exp\u00e9rience compl\u00e8te alliant la majest\u00e9 des montagnes du Haut Atlas, l&rsquo;histoire et la culture des kasbahs class\u00e9es au patrimoine mondial de l&rsquo;UNESCO, et les magnifiques vall\u00e9es du Dad\u00e8s et du Todra. Le voyage vous m\u00e8nera \u00e0 [&hellip;]\" \/>\n<meta property=\"og:url\" content=\"https:\/\/www.excursionaldesierto.com\/fr\/tour\/7-jours-de-marrakech-au-desert-marocain\/\" \/>\n<meta property=\"og:site_name\" content=\"Excursion al desierto\" \/>\n<meta property=\"article:modified_time\" content=\"2025-11-23T12:59:14+00:00\" \/>\n<meta property=\"og:image\" content=\"https:\/\/www.excursionaldesierto.com\/wp-content\/uploads\/2025\/09\/7.webp\" \/>\n\t<meta property=\"og:image:width\" content=\"800\" \/>\n\t<meta property=\"og:image:height\" content=\"450\" \/>\n\t<meta property=\"og:image:type\" content=\"image\/webp\" \/>\n<meta name=\"twitter:card\" content=\"summary_large_image\" \/>\n<meta name=\"twitter:label1\" content=\"Dur\u00e9e de lecture estim\u00e9e\" \/>\n\t<meta name=\"twitter:data1\" content=\"2 minutes\" \/>\n<script type=\"application\/ld+json\" class=\"yoast-schema-graph\">{\"@context\":\"https:\/\/schema.org\",\"@graph\":[{\"@type\":\"WebPage\",\"@id\":\"https:\/\/www.excursionaldesierto.com\/fr\/tour\/7-jours-de-marrakech-au-desert-marocain\/\",\"url\":\"https:\/\/www.excursionaldesierto.com\/fr\/tour\/7-jours-de-marrakech-au-desert-marocain\/\",\"name\":\"7 jours de Marrakech au d\u00e9sert marocain - Excursion al desierto\",\"isPartOf\":{\"@id\":\"https:\/\/www.excursionaldesierto.com\/fr\/#website\"},\"primaryImageOfPage\":{\"@id\":\"https:\/\/www.excursionaldesierto.com\/fr\/tour\/7-jours-de-marrakech-au-desert-marocain\/#primaryimage\"},\"image\":{\"@id\":\"https:\/\/www.excursionaldesierto.com\/fr\/tour\/7-jours-de-marrakech-au-desert-marocain\/#primaryimage\"},\"thumbnailUrl\":\"https:\/\/www.excursionaldesierto.com\/wp-content\/uploads\/2025\/09\/7.webp\",\"datePublished\":\"2025-09-28T19:21:57+00:00\",\"dateModified\":\"2025-11-23T12:59:14+00:00\",\"breadcrumb\":{\"@id\":\"https:\/\/www.excursionaldesierto.com\/fr\/tour\/7-jours-de-marrakech-au-desert-marocain\/#breadcrumb\"},\"inLanguage\":\"fr-FR\",\"potentialAction\":[{\"@type\":\"ReadAction\",\"target\":[\"https:\/\/www.excursionaldesierto.com\/fr\/tour\/7-jours-de-marrakech-au-desert-marocain\/\"]}]},{\"@type\":\"ImageObject\",\"inLanguage\":\"fr-FR\",\"@id\":\"https:\/\/www.excursionaldesierto.com\/fr\/tour\/7-jours-de-marrakech-au-desert-marocain\/#primaryimage\",\"url\":\"https:\/\/www.excursionaldesierto.com\/wp-content\/uploads\/2025\/09\/7.webp\",\"contentUrl\":\"https:\/\/www.excursionaldesierto.com\/wp-content\/uploads\/2025\/09\/7.webp\",\"width\":800,\"height\":450},{\"@type\":\"BreadcrumbList\",\"@id\":\"https:\/\/www.excursionaldesierto.com\/fr\/tour\/7-jours-de-marrakech-au-desert-marocain\/#breadcrumb\",\"itemListElement\":[{\"@type\":\"ListItem\",\"position\":1,\"name\":\"Home\",\"item\":\"https:\/\/www.excursionaldesierto.com\/fr\/\"},{\"@type\":\"ListItem\",\"position\":2,\"name\":\"Tienda\",\"item\":\"https:\/\/www.excursionaldesierto.com\/tienda\/\"},{\"@type\":\"ListItem\",\"position\":3,\"name\":\"7 jours de Marrakech au d\u00e9sert marocain\"}]},{\"@type\":\"WebSite\",\"@id\":\"https:\/\/www.excursionaldesierto.com\/fr\/#website\",\"url\":\"https:\/\/www.excursionaldesierto.com\/fr\/\",\"name\":\"Excursion al desierto\",\"description\":\"\",\"potentialAction\":[{\"@type\":\"SearchAction\",\"target\":{\"@type\":\"EntryPoint\",\"urlTemplate\":\"https:\/\/www.excursionaldesierto.com\/fr\/?s={search_term_string}\"},\"query-input\":{\"@type\":\"PropertyValueSpecification\",\"valueRequired\":true,\"valueName\":\"search_term_string\"}}],\"inLanguage\":\"fr-FR\"}]}<\/script>\n<!-- \/ Yoast SEO Premium plugin. -->","yoast_head_json":{"title":"7 jours de Marrakech au d\u00e9sert marocain - Excursion al desierto","robots":{"index":"index","follow":"follow","max-snippet":"max-snippet:-1","max-image-preview":"max-image-preview:large","max-video-preview":"max-video-preview:-1"},"canonical":"https:\/\/www.excursionaldesierto.com\/fr\/tour\/7-jours-de-marrakech-au-desert-marocain\/","og_locale":"fr_FR","og_type":"article","og_title":"7 jours de Marrakech au d\u00e9sert marocain","og_description":"Aper\u00e7u: Ce circuit de 7 jours au d\u00e9part de Marrakech et \u00e0 destination du d\u00e9sert de Merzouga offre une exp\u00e9rience compl\u00e8te alliant la majest\u00e9 des montagnes du Haut Atlas, l&rsquo;histoire et la culture des kasbahs class\u00e9es au patrimoine mondial de l&rsquo;UNESCO, et les magnifiques vall\u00e9es du Dad\u00e8s et du Todra. Le voyage vous m\u00e8nera \u00e0 [&hellip;]","og_url":"https:\/\/www.excursionaldesierto.com\/fr\/tour\/7-jours-de-marrakech-au-desert-marocain\/","og_site_name":"Excursion al desierto","article_modified_time":"2025-11-23T12:59:14+00:00","og_image":[{"width":800,"height":450,"url":"https:\/\/www.excursionaldesierto.com\/wp-content\/uploads\/2025\/09\/7.webp","type":"image\/webp"}],"twitter_card":"summary_large_image","twitter_misc":{"Dur\u00e9e de lecture estim\u00e9e":"2 minutes"},"schema":{"@context":"https:\/\/schema.org","@graph":[{"@type":"WebPage","@id":"https:\/\/www.excursionaldesierto.com\/fr\/tour\/7-jours-de-marrakech-au-desert-marocain\/","url":"https:\/\/www.excursionaldesierto.com\/fr\/tour\/7-jours-de-marrakech-au-desert-marocain\/","name":"7 jours de Marrakech au d\u00e9sert marocain - Excursion al desierto","isPartOf":{"@id":"https:\/\/www.excursionaldesierto.com\/fr\/#website"},"primaryImageOfPage":{"@id":"https:\/\/www.excursionaldesierto.com\/fr\/tour\/7-jours-de-marrakech-au-desert-marocain\/#primaryimage"},"image":{"@id":"https:\/\/www.excursionaldesierto.com\/fr\/tour\/7-jours-de-marrakech-au-desert-marocain\/#primaryimage"},"thumbnailUrl":"https:\/\/www.excursionaldesierto.com\/wp-content\/uploads\/2025\/09\/7.webp","datePublished":"2025-09-28T19:21:57+00:00","dateModified":"2025-11-23T12:59:14+00:00","breadcrumb":{"@id":"https:\/\/www.excursionaldesierto.com\/fr\/tour\/7-jours-de-marrakech-au-desert-marocain\/#breadcrumb"},"inLanguage":"fr-FR","potentialAction":[{"@type":"ReadAction","target":["https:\/\/www.excursionaldesierto.com\/fr\/tour\/7-jours-de-marrakech-au-desert-marocain\/"]}]},{"@type":"ImageObject","inLanguage":"fr-FR","@id":"https:\/\/www.excursionaldesierto.com\/fr\/tour\/7-jours-de-marrakech-au-desert-marocain\/#primaryimage","url":"https:\/\/www.excursionaldesierto.com\/wp-content\/uploads\/2025\/09\/7.webp","contentUrl":"https:\/\/www.excursionaldesierto.com\/wp-content\/uploads\/2025\/09\/7.webp","width":800,"height":450},{"@type":"BreadcrumbList","@id":"https:\/\/www.excursionaldesierto.com\/fr\/tour\/7-jours-de-marrakech-au-desert-marocain\/#breadcrumb","itemListElement":[{"@type":"ListItem","position":1,"name":"Home","item":"https:\/\/www.excursionaldesierto.com\/fr\/"},{"@type":"ListItem","position":2,"name":"Tienda","item":"https:\/\/www.excursionaldesierto.com\/tienda\/"},{"@type":"ListItem","position":3,"name":"7 jours de Marrakech au d\u00e9sert marocain"}]},{"@type":"WebSite","@id":"https:\/\/www.excursionaldesierto.com\/fr\/#website","url":"https:\/\/www.excursionaldesierto.com\/fr\/","name":"Excursion al desierto","description":"","potentialAction":[{"@type":"SearchAction","target":{"@type":"EntryPoint","urlTemplate":"https:\/\/www.excursionaldesierto.com\/fr\/?s={search_term_string}"},"query-input":{"@type":"PropertyValueSpecification","valueRequired":true,"valueName":"search_term_string"}}],"inLanguage":"fr-FR"}]}},"_links":{"self":[{"href":"https:\/\/www.excursionaldesierto.com\/fr\/wp-json\/wp\/v2\/product\/10625","targetHints":{"allow":["GET"]}}],"collection":[{"href":"https:\/\/www.excursionaldesierto.com\/fr\/wp-json\/wp\/v2\/product"}],"about":[{"href":"https:\/\/www.excursionaldesierto.com\/fr\/wp-json\/wp\/v2\/types\/product"}],"replies":[{"embeddable":true,"href":"https:\/\/www.excursionaldesierto.com\/fr\/wp-json\/wp\/v2\/comments?post=10625"}],"wp:featuredmedia":[{"embeddable":true,"href":"https:\/\/www.excursionaldesierto.com\/fr\/wp-json\/wp\/v2\/media\/10520"}],"wp:attachment":[{"href":"https:\/\/www.excursionaldesierto.com\/fr\/wp-json\/wp\/v2\/media?parent=10625"}],"wp:term":[{"taxonomy":"product_brand","embeddable":true,"href":"https:\/\/www.excursionaldesierto.com\/fr\/wp-json\/wp\/v2\/product_brand?post=10625"},{"taxonomy":"product_cat","embeddable":true,"href":"https:\/\/www.excursionaldesierto.com\/fr\/wp-json\/wp\/v2\/product_cat?post=10625"},{"taxonomy":"product_tag","embeddable":true,"href":"https:\/\/www.excursionaldesierto.com\/fr\/wp-json\/wp\/v2\/product_tag?post=10625"}],"curies":[{"name":"wp","href":"https:\/\/api.w.org\/{rel}","templated":true}]}}