{"id":10630,"date":"2025-09-28T19:17:37","date_gmt":"2025-09-28T19:17:37","guid":{"rendered":"https:\/\/www.excursionaldesierto.com\/tour\/5-days-from-marrakech-to-the-merzouga-and-ouzina-desert\/"},"modified":"2025-11-23T13:04:57","modified_gmt":"2025-11-23T13:04:57","slug":"5-jours-de-marrakech-au-desert-de-merzouga-et-douzina","status":"publish","type":"product","link":"https:\/\/www.excursionaldesierto.com\/fr\/tour\/5-jours-de-marrakech-au-desert-de-merzouga-et-douzina\/","title":{"rendered":"5 jours de Marrakech au d\u00e9sert de Merzouga et d&rsquo;Ouzina"},"content":{"rendered":"<h2>Aper\u00e7u:<\/h2>\n<p>Ce circuit de 5 jours au d\u00e9part de Marrakech vers les d\u00e9serts de Merzouga et d&rsquo;Ouzina offre une exp\u00e9rience compl\u00e8te alliant la majest\u00e9 du Haut Atlas, les vall\u00e9es \u00e9poustouflantes du Dad\u00e8s et du Todra, et le riche patrimoine culturel des kasbahs class\u00e9es au patrimoine mondial de l&rsquo;UNESCO. En chemin, vous traverserez des villages berb\u00e8res traditionnels, profiterez de paysages panoramiques uniques et d\u00e9couvrirez des coop\u00e9ratives d&rsquo;huile d&rsquo;argan, en apprenant tout sur ses bienfaits et ses m\u00e9thodes de production. Ce voyage sera \u00e0 la fois instructif et visuellement \u00e9poustouflant.<\/p>\n<p>L&rsquo;itin\u00e9raire se poursuit vers le d\u00e9sert de Merzouga, o\u00f9 les voyageurs vivront la magie du Sahara \u00e0 travers des balades \u00e0 dos de chameau, des couchers de soleil sur les dunes et des nuits inoubliables sous des tentes berb\u00e8res traditionnelles, berc\u00e9s par la musique. Le circuit inclut \u00e9galement des visites \u00e0 Khamlia, avec sa musique Gnawa, ses anciennes gravures rupestres, ses oasis cach\u00e9es et le circuit historique du Rallye Dakar, offrant une combinaison unique d&rsquo;aventure, de culture et de tradition au c\u0153ur du d\u00e9sert.<\/p>\n<p>Le voyage s&rsquo;ach\u00e8ve par un retour \u00e0 Marrakech, en traversant la vall\u00e9e du Dr\u00e2a, les montagnes de l&rsquo;Anti-Atlas et la ville historique de Ouarzazate. Vous pourrez ainsi admirer les paysages contrast\u00e9s du d\u00e9sert, des montagnes et des zones agricoles parsem\u00e9es de vastes palmeraies. Ce circuit de cinq jours offre un \u00e9quilibre parfait entre nature, culture, authenticit\u00e9 et aventure, et vous laissera des souvenirs inoubliables du sud marocain et de son Sahara \u00e9poustouflant.<\/p>\n","protected":false},"excerpt":{"rendered":"<p>Aper\u00e7u: Ce circuit de 5 jours au d\u00e9part de Marrakech vers les d\u00e9serts de Merzouga et d&rsquo;Ouzina offre une exp\u00e9rience compl\u00e8te alliant la majest\u00e9 du Haut Atlas, les vall\u00e9es \u00e9poustouflantes du Dad\u00e8s et du Todra, et le riche patrimoine culturel des kasbahs class\u00e9es au patrimoine mondial de l&rsquo;UNESCO. En chemin, vous traverserez des villages berb\u00e8res [&hellip;]<\/p>\n","protected":false},"featured_media":10631,"comment_status":"open","ping_status":"closed","template":"","meta":{"_joinchat":[]},"product_brand":[],"product_cat":[99,95],"product_tag":[],"class_list":{"0":"post-10630","1":"product","2":"type-product","3":"status-publish","4":"has-post-thumbnail","6":"product_cat-circuit-au-depart-de-marrakech","7":"product_cat-visites-et-circuits","9":"first","10":"instock","11":"shipping-taxable","12":"product-type-ovabrw_car_rental"},"yoast_head":"<!-- This site is optimized with the Yoast SEO Premium plugin v26.0 (Yoast SEO v26.0) - https:\/\/yoast.com\/wordpress\/plugins\/seo\/ -->\n<title>5 jours de Marrakech au d\u00e9sert de Merzouga et d&#039;Ouzina - Excursion al desierto<\/title>\n<meta name=\"robots\" content=\"index, follow, max-snippet:-1, max-image-preview:large, max-video-preview:-1\" \/>\n<link rel=\"canonical\" href=\"https:\/\/www.excursionaldesierto.com\/fr\/tour\/5-jours-de-marrakech-au-desert-de-merzouga-et-douzina\/\" \/>\n<meta property=\"og:locale\" content=\"fr_FR\" \/>\n<meta property=\"og:type\" content=\"article\" \/>\n<meta property=\"og:title\" content=\"5 jours de Marrakech au d\u00e9sert de Merzouga et d&#039;Ouzina\" \/>\n<meta property=\"og:description\" content=\"Aper\u00e7u: Ce circuit de 5 jours au d\u00e9part de Marrakech vers les d\u00e9serts de Merzouga et d&rsquo;Ouzina offre une exp\u00e9rience compl\u00e8te alliant la majest\u00e9 du Haut Atlas, les vall\u00e9es \u00e9poustouflantes du Dad\u00e8s et du Todra, et le riche patrimoine culturel des kasbahs class\u00e9es au patrimoine mondial de l&rsquo;UNESCO. En chemin, vous traverserez des villages berb\u00e8res [&hellip;]\" \/>\n<meta property=\"og:url\" content=\"https:\/\/www.excursionaldesierto.com\/fr\/tour\/5-jours-de-marrakech-au-desert-de-merzouga-et-douzina\/\" \/>\n<meta property=\"og:site_name\" content=\"Excursion al desierto\" \/>\n<meta property=\"article:modified_time\" content=\"2025-11-23T13:04:57+00:00\" \/>\n<meta property=\"og:image\" content=\"https:\/\/www.excursionaldesierto.com\/wp-content\/uploads\/2025\/09\/36.webp\" \/>\n\t<meta property=\"og:image:width\" content=\"800\" \/>\n\t<meta property=\"og:image:height\" content=\"450\" \/>\n\t<meta property=\"og:image:type\" content=\"image\/webp\" \/>\n<meta name=\"twitter:card\" content=\"summary_large_image\" \/>\n<meta name=\"twitter:label1\" content=\"Dur\u00e9e de lecture estim\u00e9e\" \/>\n\t<meta name=\"twitter:data1\" content=\"2 minutes\" \/>\n<script type=\"application\/ld+json\" class=\"yoast-schema-graph\">{\"@context\":\"https:\/\/schema.org\",\"@graph\":[{\"@type\":\"WebPage\",\"@id\":\"https:\/\/www.excursionaldesierto.com\/fr\/tour\/5-jours-de-marrakech-au-desert-de-merzouga-et-douzina\/\",\"url\":\"https:\/\/www.excursionaldesierto.com\/fr\/tour\/5-jours-de-marrakech-au-desert-de-merzouga-et-douzina\/\",\"name\":\"5 jours de Marrakech au d\u00e9sert de Merzouga et d'Ouzina - Excursion al desierto\",\"isPartOf\":{\"@id\":\"https:\/\/www.excursionaldesierto.com\/fr\/#website\"},\"primaryImageOfPage\":{\"@id\":\"https:\/\/www.excursionaldesierto.com\/fr\/tour\/5-jours-de-marrakech-au-desert-de-merzouga-et-douzina\/#primaryimage\"},\"image\":{\"@id\":\"https:\/\/www.excursionaldesierto.com\/fr\/tour\/5-jours-de-marrakech-au-desert-de-merzouga-et-douzina\/#primaryimage\"},\"thumbnailUrl\":\"https:\/\/www.excursionaldesierto.com\/wp-content\/uploads\/2025\/09\/36.webp\",\"datePublished\":\"2025-09-28T19:17:37+00:00\",\"dateModified\":\"2025-11-23T13:04:57+00:00\",\"breadcrumb\":{\"@id\":\"https:\/\/www.excursionaldesierto.com\/fr\/tour\/5-jours-de-marrakech-au-desert-de-merzouga-et-douzina\/#breadcrumb\"},\"inLanguage\":\"fr-FR\",\"potentialAction\":[{\"@type\":\"ReadAction\",\"target\":[\"https:\/\/www.excursionaldesierto.com\/fr\/tour\/5-jours-de-marrakech-au-desert-de-merzouga-et-douzina\/\"]}]},{\"@type\":\"ImageObject\",\"inLanguage\":\"fr-FR\",\"@id\":\"https:\/\/www.excursionaldesierto.com\/fr\/tour\/5-jours-de-marrakech-au-desert-de-merzouga-et-douzina\/#primaryimage\",\"url\":\"https:\/\/www.excursionaldesierto.com\/wp-content\/uploads\/2025\/09\/36.webp\",\"contentUrl\":\"https:\/\/www.excursionaldesierto.com\/wp-content\/uploads\/2025\/09\/36.webp\",\"width\":800,\"height\":450},{\"@type\":\"BreadcrumbList\",\"@id\":\"https:\/\/www.excursionaldesierto.com\/fr\/tour\/5-jours-de-marrakech-au-desert-de-merzouga-et-douzina\/#breadcrumb\",\"itemListElement\":[{\"@type\":\"ListItem\",\"position\":1,\"name\":\"Home\",\"item\":\"https:\/\/www.excursionaldesierto.com\/fr\/\"},{\"@type\":\"ListItem\",\"position\":2,\"name\":\"Tienda\",\"item\":\"https:\/\/www.excursionaldesierto.com\/tienda\/\"},{\"@type\":\"ListItem\",\"position\":3,\"name\":\"5 jours de Marrakech au d\u00e9sert de Merzouga et d&#8217;Ouzina\"}]},{\"@type\":\"WebSite\",\"@id\":\"https:\/\/www.excursionaldesierto.com\/fr\/#website\",\"url\":\"https:\/\/www.excursionaldesierto.com\/fr\/\",\"name\":\"Excursion al desierto\",\"description\":\"\",\"potentialAction\":[{\"@type\":\"SearchAction\",\"target\":{\"@type\":\"EntryPoint\",\"urlTemplate\":\"https:\/\/www.excursionaldesierto.com\/fr\/?s={search_term_string}\"},\"query-input\":{\"@type\":\"PropertyValueSpecification\",\"valueRequired\":true,\"valueName\":\"search_term_string\"}}],\"inLanguage\":\"fr-FR\"}]}<\/script>\n<!-- \/ Yoast SEO Premium plugin. -->","yoast_head_json":{"title":"5 jours de Marrakech au d\u00e9sert de Merzouga et d'Ouzina - Excursion al desierto","robots":{"index":"index","follow":"follow","max-snippet":"max-snippet:-1","max-image-preview":"max-image-preview:large","max-video-preview":"max-video-preview:-1"},"canonical":"https:\/\/www.excursionaldesierto.com\/fr\/tour\/5-jours-de-marrakech-au-desert-de-merzouga-et-douzina\/","og_locale":"fr_FR","og_type":"article","og_title":"5 jours de Marrakech au d\u00e9sert de Merzouga et d'Ouzina","og_description":"Aper\u00e7u: Ce circuit de 5 jours au d\u00e9part de Marrakech vers les d\u00e9serts de Merzouga et d&rsquo;Ouzina offre une exp\u00e9rience compl\u00e8te alliant la majest\u00e9 du Haut Atlas, les vall\u00e9es \u00e9poustouflantes du Dad\u00e8s et du Todra, et le riche patrimoine culturel des kasbahs class\u00e9es au patrimoine mondial de l&rsquo;UNESCO. En chemin, vous traverserez des villages berb\u00e8res [&hellip;]","og_url":"https:\/\/www.excursionaldesierto.com\/fr\/tour\/5-jours-de-marrakech-au-desert-de-merzouga-et-douzina\/","og_site_name":"Excursion al desierto","article_modified_time":"2025-11-23T13:04:57+00:00","og_image":[{"width":800,"height":450,"url":"https:\/\/www.excursionaldesierto.com\/wp-content\/uploads\/2025\/09\/36.webp","type":"image\/webp"}],"twitter_card":"summary_large_image","twitter_misc":{"Dur\u00e9e de lecture estim\u00e9e":"2 minutes"},"schema":{"@context":"https:\/\/schema.org","@graph":[{"@type":"WebPage","@id":"https:\/\/www.excursionaldesierto.com\/fr\/tour\/5-jours-de-marrakech-au-desert-de-merzouga-et-douzina\/","url":"https:\/\/www.excursionaldesierto.com\/fr\/tour\/5-jours-de-marrakech-au-desert-de-merzouga-et-douzina\/","name":"5 jours de Marrakech au d\u00e9sert de Merzouga et d'Ouzina - Excursion al desierto","isPartOf":{"@id":"https:\/\/www.excursionaldesierto.com\/fr\/#website"},"primaryImageOfPage":{"@id":"https:\/\/www.excursionaldesierto.com\/fr\/tour\/5-jours-de-marrakech-au-desert-de-merzouga-et-douzina\/#primaryimage"},"image":{"@id":"https:\/\/www.excursionaldesierto.com\/fr\/tour\/5-jours-de-marrakech-au-desert-de-merzouga-et-douzina\/#primaryimage"},"thumbnailUrl":"https:\/\/www.excursionaldesierto.com\/wp-content\/uploads\/2025\/09\/36.webp","datePublished":"2025-09-28T19:17:37+00:00","dateModified":"2025-11-23T13:04:57+00:00","breadcrumb":{"@id":"https:\/\/www.excursionaldesierto.com\/fr\/tour\/5-jours-de-marrakech-au-desert-de-merzouga-et-douzina\/#breadcrumb"},"inLanguage":"fr-FR","potentialAction":[{"@type":"ReadAction","target":["https:\/\/www.excursionaldesierto.com\/fr\/tour\/5-jours-de-marrakech-au-desert-de-merzouga-et-douzina\/"]}]},{"@type":"ImageObject","inLanguage":"fr-FR","@id":"https:\/\/www.excursionaldesierto.com\/fr\/tour\/5-jours-de-marrakech-au-desert-de-merzouga-et-douzina\/#primaryimage","url":"https:\/\/www.excursionaldesierto.com\/wp-content\/uploads\/2025\/09\/36.webp","contentUrl":"https:\/\/www.excursionaldesierto.com\/wp-content\/uploads\/2025\/09\/36.webp","width":800,"height":450},{"@type":"BreadcrumbList","@id":"https:\/\/www.excursionaldesierto.com\/fr\/tour\/5-jours-de-marrakech-au-desert-de-merzouga-et-douzina\/#breadcrumb","itemListElement":[{"@type":"ListItem","position":1,"name":"Home","item":"https:\/\/www.excursionaldesierto.com\/fr\/"},{"@type":"ListItem","position":2,"name":"Tienda","item":"https:\/\/www.excursionaldesierto.com\/tienda\/"},{"@type":"ListItem","position":3,"name":"5 jours de Marrakech au d\u00e9sert de Merzouga et d&#8217;Ouzina"}]},{"@type":"WebSite","@id":"https:\/\/www.excursionaldesierto.com\/fr\/#website","url":"https:\/\/www.excursionaldesierto.com\/fr\/","name":"Excursion al desierto","description":"","potentialAction":[{"@type":"SearchAction","target":{"@type":"EntryPoint","urlTemplate":"https:\/\/www.excursionaldesierto.com\/fr\/?s={search_term_string}"},"query-input":{"@type":"PropertyValueSpecification","valueRequired":true,"valueName":"search_term_string"}}],"inLanguage":"fr-FR"}]}},"_links":{"self":[{"href":"https:\/\/www.excursionaldesierto.com\/fr\/wp-json\/wp\/v2\/product\/10630","targetHints":{"allow":["GET"]}}],"collection":[{"href":"https:\/\/www.excursionaldesierto.com\/fr\/wp-json\/wp\/v2\/product"}],"about":[{"href":"https:\/\/www.excursionaldesierto.com\/fr\/wp-json\/wp\/v2\/types\/product"}],"replies":[{"embeddable":true,"href":"https:\/\/www.excursionaldesierto.com\/fr\/wp-json\/wp\/v2\/comments?post=10630"}],"wp:featuredmedia":[{"embeddable":true,"href":"https:\/\/www.excursionaldesierto.com\/fr\/wp-json\/wp\/v2\/media\/10631"}],"wp:attachment":[{"href":"https:\/\/www.excursionaldesierto.com\/fr\/wp-json\/wp\/v2\/media?parent=10630"}],"wp:term":[{"taxonomy":"product_brand","embeddable":true,"href":"https:\/\/www.excursionaldesierto.com\/fr\/wp-json\/wp\/v2\/product_brand?post=10630"},{"taxonomy":"product_cat","embeddable":true,"href":"https:\/\/www.excursionaldesierto.com\/fr\/wp-json\/wp\/v2\/product_cat?post=10630"},{"taxonomy":"product_tag","embeddable":true,"href":"https:\/\/www.excursionaldesierto.com\/fr\/wp-json\/wp\/v2\/product_tag?post=10630"}],"curies":[{"name":"wp","href":"https:\/\/api.w.org\/{rel}","templated":true}]}}