{"id":10638,"date":"2025-09-28T19:13:13","date_gmt":"2025-09-28T19:13:13","guid":{"rendered":"https:\/\/www.excursionaldesierto.com\/tour\/4-dias-desde-marrakech-a-fez-via-el-desierto-merzouga-y-ouzina\/"},"modified":"2025-11-23T13:10:42","modified_gmt":"2025-11-23T13:10:42","slug":"4-jours-de-marrakech-a-fes-via-le-desert-vers-merzouga-et-ouzina","status":"publish","type":"product","link":"https:\/\/www.excursionaldesierto.com\/fr\/tour\/4-jours-de-marrakech-a-fes-via-le-desert-vers-merzouga-et-ouzina\/","title":{"rendered":"4 jours de Marrakech \u00e0 F\u00e8s via le d\u00e9sert vers Merzouga et Ouzina"},"content":{"rendered":"<h2>Aper\u00e7u:<\/h2>\n<p>Ce circuit de 4 jours de Marrakech \u00e0 F\u00e8s offre une exp\u00e9rience inoubliable, alliant la majest\u00e9 du Haut Atlas \u00e0 la richesse culturelle et aux paysages du sud marocain. En chemin, vous d\u00e9couvrirez des vall\u00e9es \u00e0 couper le souffle, d&rsquo;anciennes kasbahs class\u00e9es au patrimoine mondial de l&rsquo;UNESCO, des gorges spectaculaires et la chaleur des villages berb\u00e8res, au c\u0153ur de paysages sans cesse changeants qui refl\u00e8tent la diversit\u00e9 naturelle du pays.<\/p>\n<p>Le voyage se poursuit vers le d\u00e9sert magique de Merzouga et d&rsquo;Ouzina, o\u00f9 vous vivrez des moments uniques : couchers de soleil sur les dunes, hospitalit\u00e9 berb\u00e8re dans des campements traditionnels sous tente et immersion dans les traditions ancestrales \u00e0 travers la musique gnawa et le quotidien des familles nomades. Ce trek vous permettra \u00e9galement d&rsquo;explorer les traces de l&rsquo;ancien Rallye Dakar, d&rsquo;anciennes gravures rupestres et des oasis cach\u00e9es, faisant de ce voyage une v\u00e9ritable aventure saharienne.<\/p>\n<p>La derni\u00e8re \u00e9tape m\u00e8ne \u00e0 F\u00e8s, en traversant la vall\u00e9e du Ziz, le Moyen Atlas et des for\u00eats de c\u00e8dres o\u00f9 vivent en libert\u00e9 des macaques de Barbarie. Le contraste entre les paysages d\u00e9sertiques, les montagnes enneig\u00e9es en hiver et l&rsquo;\u00e9l\u00e9gance de villes comme Ifrane offre un adieu parfait \u00e0 ce voyage, qui allie culture, nature et authenticit\u00e9 \u00e0 chaque \u00e9tape.<\/p>\n","protected":false},"excerpt":{"rendered":"<p>Aper\u00e7u: Ce circuit de 4 jours de Marrakech \u00e0 F\u00e8s offre une exp\u00e9rience inoubliable, alliant la majest\u00e9 du Haut Atlas \u00e0 la richesse culturelle et aux paysages du sud marocain. En chemin, vous d\u00e9couvrirez des vall\u00e9es \u00e0 couper le souffle, d&rsquo;anciennes kasbahs class\u00e9es au patrimoine mondial de l&rsquo;UNESCO, des gorges spectaculaires et la chaleur des [&hellip;]<\/p>\n","protected":false},"featured_media":10519,"comment_status":"open","ping_status":"closed","template":"","meta":{"_joinchat":[]},"product_brand":[],"product_cat":[99,95],"product_tag":[],"class_list":{"0":"post-10638","1":"product","2":"type-product","3":"status-publish","4":"has-post-thumbnail","6":"product_cat-circuit-au-depart-de-marrakech","7":"product_cat-visites-et-circuits","9":"first","10":"instock","11":"shipping-taxable","12":"product-type-ovabrw_car_rental"},"yoast_head":"<!-- This site is optimized with the Yoast SEO Premium plugin v26.0 (Yoast SEO v26.0) - https:\/\/yoast.com\/wordpress\/plugins\/seo\/ -->\n<title>4 jours de Marrakech \u00e0 F\u00e8s via le d\u00e9sert vers Merzouga et Ouzina - Excursion al desierto<\/title>\n<meta name=\"robots\" content=\"index, follow, max-snippet:-1, max-image-preview:large, max-video-preview:-1\" \/>\n<link rel=\"canonical\" href=\"https:\/\/www.excursionaldesierto.com\/fr\/tour\/4-jours-de-marrakech-a-fes-via-le-desert-vers-merzouga-et-ouzina\/\" \/>\n<meta property=\"og:locale\" content=\"fr_FR\" \/>\n<meta property=\"og:type\" content=\"article\" \/>\n<meta property=\"og:title\" content=\"4 jours de Marrakech \u00e0 F\u00e8s via le d\u00e9sert vers Merzouga et Ouzina\" \/>\n<meta property=\"og:description\" content=\"Aper\u00e7u: Ce circuit de 4 jours de Marrakech \u00e0 F\u00e8s offre une exp\u00e9rience inoubliable, alliant la majest\u00e9 du Haut Atlas \u00e0 la richesse culturelle et aux paysages du sud marocain. En chemin, vous d\u00e9couvrirez des vall\u00e9es \u00e0 couper le souffle, d&rsquo;anciennes kasbahs class\u00e9es au patrimoine mondial de l&rsquo;UNESCO, des gorges spectaculaires et la chaleur des [&hellip;]\" \/>\n<meta property=\"og:url\" content=\"https:\/\/www.excursionaldesierto.com\/fr\/tour\/4-jours-de-marrakech-a-fes-via-le-desert-vers-merzouga-et-ouzina\/\" \/>\n<meta property=\"og:site_name\" content=\"Excursion al desierto\" \/>\n<meta property=\"article:modified_time\" content=\"2025-11-23T13:10:42+00:00\" \/>\n<meta property=\"og:image\" content=\"https:\/\/www.excursionaldesierto.com\/wp-content\/uploads\/2025\/09\/12.webp\" \/>\n\t<meta property=\"og:image:width\" content=\"800\" \/>\n\t<meta property=\"og:image:height\" content=\"450\" \/>\n\t<meta property=\"og:image:type\" content=\"image\/webp\" \/>\n<meta name=\"twitter:card\" content=\"summary_large_image\" \/>\n<meta name=\"twitter:label1\" content=\"Dur\u00e9e de lecture estim\u00e9e\" \/>\n\t<meta name=\"twitter:data1\" content=\"2 minutes\" \/>\n<script type=\"application\/ld+json\" class=\"yoast-schema-graph\">{\"@context\":\"https:\/\/schema.org\",\"@graph\":[{\"@type\":\"WebPage\",\"@id\":\"https:\/\/www.excursionaldesierto.com\/fr\/tour\/4-jours-de-marrakech-a-fes-via-le-desert-vers-merzouga-et-ouzina\/\",\"url\":\"https:\/\/www.excursionaldesierto.com\/fr\/tour\/4-jours-de-marrakech-a-fes-via-le-desert-vers-merzouga-et-ouzina\/\",\"name\":\"4 jours de Marrakech \u00e0 F\u00e8s via le d\u00e9sert vers Merzouga et Ouzina - Excursion al desierto\",\"isPartOf\":{\"@id\":\"https:\/\/www.excursionaldesierto.com\/fr\/#website\"},\"primaryImageOfPage\":{\"@id\":\"https:\/\/www.excursionaldesierto.com\/fr\/tour\/4-jours-de-marrakech-a-fes-via-le-desert-vers-merzouga-et-ouzina\/#primaryimage\"},\"image\":{\"@id\":\"https:\/\/www.excursionaldesierto.com\/fr\/tour\/4-jours-de-marrakech-a-fes-via-le-desert-vers-merzouga-et-ouzina\/#primaryimage\"},\"thumbnailUrl\":\"https:\/\/www.excursionaldesierto.com\/wp-content\/uploads\/2025\/09\/12.webp\",\"datePublished\":\"2025-09-28T19:13:13+00:00\",\"dateModified\":\"2025-11-23T13:10:42+00:00\",\"breadcrumb\":{\"@id\":\"https:\/\/www.excursionaldesierto.com\/fr\/tour\/4-jours-de-marrakech-a-fes-via-le-desert-vers-merzouga-et-ouzina\/#breadcrumb\"},\"inLanguage\":\"fr-FR\",\"potentialAction\":[{\"@type\":\"ReadAction\",\"target\":[\"https:\/\/www.excursionaldesierto.com\/fr\/tour\/4-jours-de-marrakech-a-fes-via-le-desert-vers-merzouga-et-ouzina\/\"]}]},{\"@type\":\"ImageObject\",\"inLanguage\":\"fr-FR\",\"@id\":\"https:\/\/www.excursionaldesierto.com\/fr\/tour\/4-jours-de-marrakech-a-fes-via-le-desert-vers-merzouga-et-ouzina\/#primaryimage\",\"url\":\"https:\/\/www.excursionaldesierto.com\/wp-content\/uploads\/2025\/09\/12.webp\",\"contentUrl\":\"https:\/\/www.excursionaldesierto.com\/wp-content\/uploads\/2025\/09\/12.webp\",\"width\":800,\"height\":450},{\"@type\":\"BreadcrumbList\",\"@id\":\"https:\/\/www.excursionaldesierto.com\/fr\/tour\/4-jours-de-marrakech-a-fes-via-le-desert-vers-merzouga-et-ouzina\/#breadcrumb\",\"itemListElement\":[{\"@type\":\"ListItem\",\"position\":1,\"name\":\"Home\",\"item\":\"https:\/\/www.excursionaldesierto.com\/fr\/\"},{\"@type\":\"ListItem\",\"position\":2,\"name\":\"Tienda\",\"item\":\"https:\/\/www.excursionaldesierto.com\/tienda\/\"},{\"@type\":\"ListItem\",\"position\":3,\"name\":\"4 jours de Marrakech \u00e0 F\u00e8s via le d\u00e9sert vers Merzouga et Ouzina\"}]},{\"@type\":\"WebSite\",\"@id\":\"https:\/\/www.excursionaldesierto.com\/fr\/#website\",\"url\":\"https:\/\/www.excursionaldesierto.com\/fr\/\",\"name\":\"Excursion al desierto\",\"description\":\"\",\"potentialAction\":[{\"@type\":\"SearchAction\",\"target\":{\"@type\":\"EntryPoint\",\"urlTemplate\":\"https:\/\/www.excursionaldesierto.com\/fr\/?s={search_term_string}\"},\"query-input\":{\"@type\":\"PropertyValueSpecification\",\"valueRequired\":true,\"valueName\":\"search_term_string\"}}],\"inLanguage\":\"fr-FR\"}]}<\/script>\n<!-- \/ Yoast SEO Premium plugin. -->","yoast_head_json":{"title":"4 jours de Marrakech \u00e0 F\u00e8s via le d\u00e9sert vers Merzouga et Ouzina - Excursion al desierto","robots":{"index":"index","follow":"follow","max-snippet":"max-snippet:-1","max-image-preview":"max-image-preview:large","max-video-preview":"max-video-preview:-1"},"canonical":"https:\/\/www.excursionaldesierto.com\/fr\/tour\/4-jours-de-marrakech-a-fes-via-le-desert-vers-merzouga-et-ouzina\/","og_locale":"fr_FR","og_type":"article","og_title":"4 jours de Marrakech \u00e0 F\u00e8s via le d\u00e9sert vers Merzouga et Ouzina","og_description":"Aper\u00e7u: Ce circuit de 4 jours de Marrakech \u00e0 F\u00e8s offre une exp\u00e9rience inoubliable, alliant la majest\u00e9 du Haut Atlas \u00e0 la richesse culturelle et aux paysages du sud marocain. En chemin, vous d\u00e9couvrirez des vall\u00e9es \u00e0 couper le souffle, d&rsquo;anciennes kasbahs class\u00e9es au patrimoine mondial de l&rsquo;UNESCO, des gorges spectaculaires et la chaleur des [&hellip;]","og_url":"https:\/\/www.excursionaldesierto.com\/fr\/tour\/4-jours-de-marrakech-a-fes-via-le-desert-vers-merzouga-et-ouzina\/","og_site_name":"Excursion al desierto","article_modified_time":"2025-11-23T13:10:42+00:00","og_image":[{"width":800,"height":450,"url":"https:\/\/www.excursionaldesierto.com\/wp-content\/uploads\/2025\/09\/12.webp","type":"image\/webp"}],"twitter_card":"summary_large_image","twitter_misc":{"Dur\u00e9e de lecture estim\u00e9e":"2 minutes"},"schema":{"@context":"https:\/\/schema.org","@graph":[{"@type":"WebPage","@id":"https:\/\/www.excursionaldesierto.com\/fr\/tour\/4-jours-de-marrakech-a-fes-via-le-desert-vers-merzouga-et-ouzina\/","url":"https:\/\/www.excursionaldesierto.com\/fr\/tour\/4-jours-de-marrakech-a-fes-via-le-desert-vers-merzouga-et-ouzina\/","name":"4 jours de Marrakech \u00e0 F\u00e8s via le d\u00e9sert vers Merzouga et Ouzina - Excursion al desierto","isPartOf":{"@id":"https:\/\/www.excursionaldesierto.com\/fr\/#website"},"primaryImageOfPage":{"@id":"https:\/\/www.excursionaldesierto.com\/fr\/tour\/4-jours-de-marrakech-a-fes-via-le-desert-vers-merzouga-et-ouzina\/#primaryimage"},"image":{"@id":"https:\/\/www.excursionaldesierto.com\/fr\/tour\/4-jours-de-marrakech-a-fes-via-le-desert-vers-merzouga-et-ouzina\/#primaryimage"},"thumbnailUrl":"https:\/\/www.excursionaldesierto.com\/wp-content\/uploads\/2025\/09\/12.webp","datePublished":"2025-09-28T19:13:13+00:00","dateModified":"2025-11-23T13:10:42+00:00","breadcrumb":{"@id":"https:\/\/www.excursionaldesierto.com\/fr\/tour\/4-jours-de-marrakech-a-fes-via-le-desert-vers-merzouga-et-ouzina\/#breadcrumb"},"inLanguage":"fr-FR","potentialAction":[{"@type":"ReadAction","target":["https:\/\/www.excursionaldesierto.com\/fr\/tour\/4-jours-de-marrakech-a-fes-via-le-desert-vers-merzouga-et-ouzina\/"]}]},{"@type":"ImageObject","inLanguage":"fr-FR","@id":"https:\/\/www.excursionaldesierto.com\/fr\/tour\/4-jours-de-marrakech-a-fes-via-le-desert-vers-merzouga-et-ouzina\/#primaryimage","url":"https:\/\/www.excursionaldesierto.com\/wp-content\/uploads\/2025\/09\/12.webp","contentUrl":"https:\/\/www.excursionaldesierto.com\/wp-content\/uploads\/2025\/09\/12.webp","width":800,"height":450},{"@type":"BreadcrumbList","@id":"https:\/\/www.excursionaldesierto.com\/fr\/tour\/4-jours-de-marrakech-a-fes-via-le-desert-vers-merzouga-et-ouzina\/#breadcrumb","itemListElement":[{"@type":"ListItem","position":1,"name":"Home","item":"https:\/\/www.excursionaldesierto.com\/fr\/"},{"@type":"ListItem","position":2,"name":"Tienda","item":"https:\/\/www.excursionaldesierto.com\/tienda\/"},{"@type":"ListItem","position":3,"name":"4 jours de Marrakech \u00e0 F\u00e8s via le d\u00e9sert vers Merzouga et Ouzina"}]},{"@type":"WebSite","@id":"https:\/\/www.excursionaldesierto.com\/fr\/#website","url":"https:\/\/www.excursionaldesierto.com\/fr\/","name":"Excursion al desierto","description":"","potentialAction":[{"@type":"SearchAction","target":{"@type":"EntryPoint","urlTemplate":"https:\/\/www.excursionaldesierto.com\/fr\/?s={search_term_string}"},"query-input":{"@type":"PropertyValueSpecification","valueRequired":true,"valueName":"search_term_string"}}],"inLanguage":"fr-FR"}]}},"_links":{"self":[{"href":"https:\/\/www.excursionaldesierto.com\/fr\/wp-json\/wp\/v2\/product\/10638","targetHints":{"allow":["GET"]}}],"collection":[{"href":"https:\/\/www.excursionaldesierto.com\/fr\/wp-json\/wp\/v2\/product"}],"about":[{"href":"https:\/\/www.excursionaldesierto.com\/fr\/wp-json\/wp\/v2\/types\/product"}],"replies":[{"embeddable":true,"href":"https:\/\/www.excursionaldesierto.com\/fr\/wp-json\/wp\/v2\/comments?post=10638"}],"wp:featuredmedia":[{"embeddable":true,"href":"https:\/\/www.excursionaldesierto.com\/fr\/wp-json\/wp\/v2\/media\/10519"}],"wp:attachment":[{"href":"https:\/\/www.excursionaldesierto.com\/fr\/wp-json\/wp\/v2\/media?parent=10638"}],"wp:term":[{"taxonomy":"product_brand","embeddable":true,"href":"https:\/\/www.excursionaldesierto.com\/fr\/wp-json\/wp\/v2\/product_brand?post=10638"},{"taxonomy":"product_cat","embeddable":true,"href":"https:\/\/www.excursionaldesierto.com\/fr\/wp-json\/wp\/v2\/product_cat?post=10638"},{"taxonomy":"product_tag","embeddable":true,"href":"https:\/\/www.excursionaldesierto.com\/fr\/wp-json\/wp\/v2\/product_tag?post=10638"}],"curies":[{"name":"wp","href":"https:\/\/api.w.org\/{rel}","templated":true}]}}