{"id":10641,"date":"2025-09-28T18:59:44","date_gmt":"2025-09-28T18:59:44","guid":{"rendered":"https:\/\/www.excursionaldesierto.com\/tour\/4-days-from-marrakech-to-the-merzouga-and-ouzina-desert\/"},"modified":"2025-11-23T13:16:12","modified_gmt":"2025-11-23T13:16:12","slug":"4-jours-de-marrakech-au-desert-de-merzouga-et-douzina","status":"publish","type":"product","link":"https:\/\/www.excursionaldesierto.com\/fr\/tour\/4-jours-de-marrakech-au-desert-de-merzouga-et-douzina\/","title":{"rendered":"4 jours de Marrakech au d\u00e9sert de Merzouga et d&rsquo;Ouzina"},"content":{"rendered":"<h2>Aper\u00e7u:<\/h2>\n<p>Ce circuit de 4 jours au d\u00e9part de Marrakech, \u00e0 travers les d\u00e9serts de Merzouga et d&rsquo;Ouzina, vous offre une exp\u00e9rience compl\u00e8te, vous permettant de d\u00e9couvrir la beaut\u00e9 du Sahara et les traditions authentiques du sud marocain. Le voyage d\u00e9bute par la travers\u00e9e du Haut Atlas via le col de Tizi N&rsquo;Tichka, avec la visite de la c\u00e9l\u00e8bre kasbah d&rsquo;A\u00eft-Ben-Haddou, class\u00e9e au patrimoine mondial de l&rsquo;UNESCO. L&rsquo;itin\u00e9raire se poursuit vers Ouarzazate, la Vall\u00e9e des Roses, et la pittoresque Vall\u00e9e du Dad\u00e8s, o\u00f9 vous passerez votre premi\u00e8re nuit au c\u0153ur de paysages montagneux et de kasbahs traditionnelles.<\/p>\n<p>Le deuxi\u00e8me jour, vous d\u00e9couvrirez les spectaculaires gorges du Todra, une merveille naturelle aux parois rocheuses de 300 m\u00e8tres de haut qui impressionnent par leur grandeur. De l\u00e0, le circuit se poursuit dans les imposantes dunes de Merzouga, o\u00f9 vous profiterez d&rsquo;une balade \u00e0 dos de chameau au coucher du soleil et d&rsquo;une nuit magique sous une tente berb\u00e8re. Sous un ciel \u00e9toil\u00e9 incomparable, la soir\u00e9e sera agr\u00e9ment\u00e9e d&rsquo;un d\u00eener traditionnel et de musique en direct, pour des souvenirs inoubliables de la vie dans le d\u00e9sert.<\/p>\n<p>Le troisi\u00e8me jour d\u00e9voile le Sahara le plus authentique et sauvage avec la visite de Khamlia, village gnawa r\u00e9put\u00e9 pour sa musique ancestrale, et un voyage le long de la mythique piste du Rallye Dakar jusqu&rsquo;\u00e0 Ouzina. Sur place, les visiteurs partagent un d\u00e9jeuner avec une famille berb\u00e8re, d\u00e9couvrent des gravures rupestres, profitent de l&rsquo;oasis et admirent le coucher de soleil sur les dunes de l&rsquo;Erg Ouzina. Enfin, le quatri\u00e8me jour marque le retour \u00e0 Marrakech, en passant par Rissani, la majestueuse vall\u00e9e du Dr\u00e2a et les montagnes de l&rsquo;Anti-Atlas, concluant ainsi un itin\u00e9raire qui m\u00eale histoire, culture, nature et l&rsquo;essence m\u00eame du Sahara marocain.<\/p>\n","protected":false},"excerpt":{"rendered":"<p>Aper\u00e7u: Ce circuit de 4 jours au d\u00e9part de Marrakech, \u00e0 travers les d\u00e9serts de Merzouga et d&rsquo;Ouzina, vous offre une exp\u00e9rience compl\u00e8te, vous permettant de d\u00e9couvrir la beaut\u00e9 du Sahara et les traditions authentiques du sud marocain. Le voyage d\u00e9bute par la travers\u00e9e du Haut Atlas via le col de Tizi N&rsquo;Tichka, avec la [&hellip;]<\/p>\n","protected":false},"featured_media":10582,"comment_status":"open","ping_status":"closed","template":"","meta":{"_joinchat":[]},"product_brand":[],"product_cat":[99,95],"product_tag":[],"class_list":{"0":"post-10641","1":"product","2":"type-product","3":"status-publish","4":"has-post-thumbnail","6":"product_cat-circuit-au-depart-de-marrakech","7":"product_cat-visites-et-circuits","9":"first","10":"instock","11":"shipping-taxable","12":"product-type-ovabrw_car_rental"},"yoast_head":"<!-- This site is optimized with the Yoast SEO Premium plugin v26.0 (Yoast SEO v26.0) - https:\/\/yoast.com\/wordpress\/plugins\/seo\/ -->\n<title>4 jours de Marrakech au d\u00e9sert de Merzouga et d&#039;Ouzina - Excursion al desierto<\/title>\n<meta name=\"robots\" content=\"index, follow, max-snippet:-1, max-image-preview:large, max-video-preview:-1\" \/>\n<link rel=\"canonical\" href=\"https:\/\/www.excursionaldesierto.com\/fr\/tour\/4-jours-de-marrakech-au-desert-de-merzouga-et-douzina\/\" \/>\n<meta property=\"og:locale\" content=\"fr_FR\" \/>\n<meta property=\"og:type\" content=\"article\" \/>\n<meta property=\"og:title\" content=\"4 jours de Marrakech au d\u00e9sert de Merzouga et d&#039;Ouzina\" \/>\n<meta property=\"og:description\" content=\"Aper\u00e7u: Ce circuit de 4 jours au d\u00e9part de Marrakech, \u00e0 travers les d\u00e9serts de Merzouga et d&rsquo;Ouzina, vous offre une exp\u00e9rience compl\u00e8te, vous permettant de d\u00e9couvrir la beaut\u00e9 du Sahara et les traditions authentiques du sud marocain. Le voyage d\u00e9bute par la travers\u00e9e du Haut Atlas via le col de Tizi N&rsquo;Tichka, avec la [&hellip;]\" \/>\n<meta property=\"og:url\" content=\"https:\/\/www.excursionaldesierto.com\/fr\/tour\/4-jours-de-marrakech-au-desert-de-merzouga-et-douzina\/\" \/>\n<meta property=\"og:site_name\" content=\"Excursion al desierto\" \/>\n<meta property=\"article:modified_time\" content=\"2025-11-23T13:16:12+00:00\" \/>\n<meta property=\"og:image\" content=\"https:\/\/www.excursionaldesierto.com\/wp-content\/uploads\/2025\/09\/25.webp\" \/>\n\t<meta property=\"og:image:width\" content=\"800\" \/>\n\t<meta property=\"og:image:height\" content=\"450\" \/>\n\t<meta property=\"og:image:type\" content=\"image\/webp\" \/>\n<meta name=\"twitter:card\" content=\"summary_large_image\" \/>\n<meta name=\"twitter:label1\" content=\"Dur\u00e9e de lecture estim\u00e9e\" \/>\n\t<meta name=\"twitter:data1\" content=\"2 minutes\" \/>\n<script type=\"application\/ld+json\" class=\"yoast-schema-graph\">{\"@context\":\"https:\/\/schema.org\",\"@graph\":[{\"@type\":\"WebPage\",\"@id\":\"https:\/\/www.excursionaldesierto.com\/fr\/tour\/4-jours-de-marrakech-au-desert-de-merzouga-et-douzina\/\",\"url\":\"https:\/\/www.excursionaldesierto.com\/fr\/tour\/4-jours-de-marrakech-au-desert-de-merzouga-et-douzina\/\",\"name\":\"4 jours de Marrakech au d\u00e9sert de Merzouga et d'Ouzina - Excursion al desierto\",\"isPartOf\":{\"@id\":\"https:\/\/www.excursionaldesierto.com\/fr\/#website\"},\"primaryImageOfPage\":{\"@id\":\"https:\/\/www.excursionaldesierto.com\/fr\/tour\/4-jours-de-marrakech-au-desert-de-merzouga-et-douzina\/#primaryimage\"},\"image\":{\"@id\":\"https:\/\/www.excursionaldesierto.com\/fr\/tour\/4-jours-de-marrakech-au-desert-de-merzouga-et-douzina\/#primaryimage\"},\"thumbnailUrl\":\"https:\/\/www.excursionaldesierto.com\/wp-content\/uploads\/2025\/09\/25.webp\",\"datePublished\":\"2025-09-28T18:59:44+00:00\",\"dateModified\":\"2025-11-23T13:16:12+00:00\",\"breadcrumb\":{\"@id\":\"https:\/\/www.excursionaldesierto.com\/fr\/tour\/4-jours-de-marrakech-au-desert-de-merzouga-et-douzina\/#breadcrumb\"},\"inLanguage\":\"fr-FR\",\"potentialAction\":[{\"@type\":\"ReadAction\",\"target\":[\"https:\/\/www.excursionaldesierto.com\/fr\/tour\/4-jours-de-marrakech-au-desert-de-merzouga-et-douzina\/\"]}]},{\"@type\":\"ImageObject\",\"inLanguage\":\"fr-FR\",\"@id\":\"https:\/\/www.excursionaldesierto.com\/fr\/tour\/4-jours-de-marrakech-au-desert-de-merzouga-et-douzina\/#primaryimage\",\"url\":\"https:\/\/www.excursionaldesierto.com\/wp-content\/uploads\/2025\/09\/25.webp\",\"contentUrl\":\"https:\/\/www.excursionaldesierto.com\/wp-content\/uploads\/2025\/09\/25.webp\",\"width\":800,\"height\":450},{\"@type\":\"BreadcrumbList\",\"@id\":\"https:\/\/www.excursionaldesierto.com\/fr\/tour\/4-jours-de-marrakech-au-desert-de-merzouga-et-douzina\/#breadcrumb\",\"itemListElement\":[{\"@type\":\"ListItem\",\"position\":1,\"name\":\"Home\",\"item\":\"https:\/\/www.excursionaldesierto.com\/fr\/\"},{\"@type\":\"ListItem\",\"position\":2,\"name\":\"Tienda\",\"item\":\"https:\/\/www.excursionaldesierto.com\/tienda\/\"},{\"@type\":\"ListItem\",\"position\":3,\"name\":\"4 jours de Marrakech au d\u00e9sert de Merzouga et d&#8217;Ouzina\"}]},{\"@type\":\"WebSite\",\"@id\":\"https:\/\/www.excursionaldesierto.com\/fr\/#website\",\"url\":\"https:\/\/www.excursionaldesierto.com\/fr\/\",\"name\":\"Excursion al desierto\",\"description\":\"\",\"potentialAction\":[{\"@type\":\"SearchAction\",\"target\":{\"@type\":\"EntryPoint\",\"urlTemplate\":\"https:\/\/www.excursionaldesierto.com\/fr\/?s={search_term_string}\"},\"query-input\":{\"@type\":\"PropertyValueSpecification\",\"valueRequired\":true,\"valueName\":\"search_term_string\"}}],\"inLanguage\":\"fr-FR\"}]}<\/script>\n<!-- \/ Yoast SEO Premium plugin. -->","yoast_head_json":{"title":"4 jours de Marrakech au d\u00e9sert de Merzouga et d'Ouzina - Excursion al desierto","robots":{"index":"index","follow":"follow","max-snippet":"max-snippet:-1","max-image-preview":"max-image-preview:large","max-video-preview":"max-video-preview:-1"},"canonical":"https:\/\/www.excursionaldesierto.com\/fr\/tour\/4-jours-de-marrakech-au-desert-de-merzouga-et-douzina\/","og_locale":"fr_FR","og_type":"article","og_title":"4 jours de Marrakech au d\u00e9sert de Merzouga et d'Ouzina","og_description":"Aper\u00e7u: Ce circuit de 4 jours au d\u00e9part de Marrakech, \u00e0 travers les d\u00e9serts de Merzouga et d&rsquo;Ouzina, vous offre une exp\u00e9rience compl\u00e8te, vous permettant de d\u00e9couvrir la beaut\u00e9 du Sahara et les traditions authentiques du sud marocain. Le voyage d\u00e9bute par la travers\u00e9e du Haut Atlas via le col de Tizi N&rsquo;Tichka, avec la [&hellip;]","og_url":"https:\/\/www.excursionaldesierto.com\/fr\/tour\/4-jours-de-marrakech-au-desert-de-merzouga-et-douzina\/","og_site_name":"Excursion al desierto","article_modified_time":"2025-11-23T13:16:12+00:00","og_image":[{"width":800,"height":450,"url":"https:\/\/www.excursionaldesierto.com\/wp-content\/uploads\/2025\/09\/25.webp","type":"image\/webp"}],"twitter_card":"summary_large_image","twitter_misc":{"Dur\u00e9e de lecture estim\u00e9e":"2 minutes"},"schema":{"@context":"https:\/\/schema.org","@graph":[{"@type":"WebPage","@id":"https:\/\/www.excursionaldesierto.com\/fr\/tour\/4-jours-de-marrakech-au-desert-de-merzouga-et-douzina\/","url":"https:\/\/www.excursionaldesierto.com\/fr\/tour\/4-jours-de-marrakech-au-desert-de-merzouga-et-douzina\/","name":"4 jours de Marrakech au d\u00e9sert de Merzouga et d'Ouzina - Excursion al desierto","isPartOf":{"@id":"https:\/\/www.excursionaldesierto.com\/fr\/#website"},"primaryImageOfPage":{"@id":"https:\/\/www.excursionaldesierto.com\/fr\/tour\/4-jours-de-marrakech-au-desert-de-merzouga-et-douzina\/#primaryimage"},"image":{"@id":"https:\/\/www.excursionaldesierto.com\/fr\/tour\/4-jours-de-marrakech-au-desert-de-merzouga-et-douzina\/#primaryimage"},"thumbnailUrl":"https:\/\/www.excursionaldesierto.com\/wp-content\/uploads\/2025\/09\/25.webp","datePublished":"2025-09-28T18:59:44+00:00","dateModified":"2025-11-23T13:16:12+00:00","breadcrumb":{"@id":"https:\/\/www.excursionaldesierto.com\/fr\/tour\/4-jours-de-marrakech-au-desert-de-merzouga-et-douzina\/#breadcrumb"},"inLanguage":"fr-FR","potentialAction":[{"@type":"ReadAction","target":["https:\/\/www.excursionaldesierto.com\/fr\/tour\/4-jours-de-marrakech-au-desert-de-merzouga-et-douzina\/"]}]},{"@type":"ImageObject","inLanguage":"fr-FR","@id":"https:\/\/www.excursionaldesierto.com\/fr\/tour\/4-jours-de-marrakech-au-desert-de-merzouga-et-douzina\/#primaryimage","url":"https:\/\/www.excursionaldesierto.com\/wp-content\/uploads\/2025\/09\/25.webp","contentUrl":"https:\/\/www.excursionaldesierto.com\/wp-content\/uploads\/2025\/09\/25.webp","width":800,"height":450},{"@type":"BreadcrumbList","@id":"https:\/\/www.excursionaldesierto.com\/fr\/tour\/4-jours-de-marrakech-au-desert-de-merzouga-et-douzina\/#breadcrumb","itemListElement":[{"@type":"ListItem","position":1,"name":"Home","item":"https:\/\/www.excursionaldesierto.com\/fr\/"},{"@type":"ListItem","position":2,"name":"Tienda","item":"https:\/\/www.excursionaldesierto.com\/tienda\/"},{"@type":"ListItem","position":3,"name":"4 jours de Marrakech au d\u00e9sert de Merzouga et d&#8217;Ouzina"}]},{"@type":"WebSite","@id":"https:\/\/www.excursionaldesierto.com\/fr\/#website","url":"https:\/\/www.excursionaldesierto.com\/fr\/","name":"Excursion al desierto","description":"","potentialAction":[{"@type":"SearchAction","target":{"@type":"EntryPoint","urlTemplate":"https:\/\/www.excursionaldesierto.com\/fr\/?s={search_term_string}"},"query-input":{"@type":"PropertyValueSpecification","valueRequired":true,"valueName":"search_term_string"}}],"inLanguage":"fr-FR"}]}},"_links":{"self":[{"href":"https:\/\/www.excursionaldesierto.com\/fr\/wp-json\/wp\/v2\/product\/10641","targetHints":{"allow":["GET"]}}],"collection":[{"href":"https:\/\/www.excursionaldesierto.com\/fr\/wp-json\/wp\/v2\/product"}],"about":[{"href":"https:\/\/www.excursionaldesierto.com\/fr\/wp-json\/wp\/v2\/types\/product"}],"replies":[{"embeddable":true,"href":"https:\/\/www.excursionaldesierto.com\/fr\/wp-json\/wp\/v2\/comments?post=10641"}],"wp:featuredmedia":[{"embeddable":true,"href":"https:\/\/www.excursionaldesierto.com\/fr\/wp-json\/wp\/v2\/media\/10582"}],"wp:attachment":[{"href":"https:\/\/www.excursionaldesierto.com\/fr\/wp-json\/wp\/v2\/media?parent=10641"}],"wp:term":[{"taxonomy":"product_brand","embeddable":true,"href":"https:\/\/www.excursionaldesierto.com\/fr\/wp-json\/wp\/v2\/product_brand?post=10641"},{"taxonomy":"product_cat","embeddable":true,"href":"https:\/\/www.excursionaldesierto.com\/fr\/wp-json\/wp\/v2\/product_cat?post=10641"},{"taxonomy":"product_tag","embeddable":true,"href":"https:\/\/www.excursionaldesierto.com\/fr\/wp-json\/wp\/v2\/product_tag?post=10641"}],"curies":[{"name":"wp","href":"https:\/\/api.w.org\/{rel}","templated":true}]}}