{"id":10643,"date":"2025-09-28T18:55:03","date_gmt":"2025-09-28T18:55:03","guid":{"rendered":"https:\/\/www.excursionaldesierto.com\/tour\/3-days-from-marrakech-to-fez-via-the-merzouga-desert\/"},"modified":"2025-11-23T13:21:17","modified_gmt":"2025-11-23T13:21:17","slug":"3-jours-de-marrakech-a-fes-en-passant-par-le-desert-de-merzouga","status":"publish","type":"product","link":"https:\/\/www.excursionaldesierto.com\/fr\/tour\/3-jours-de-marrakech-a-fes-en-passant-par-le-desert-de-merzouga\/","title":{"rendered":"3 jours de Marrakech \u00e0 F\u00e8s en passant par le d\u00e9sert de Merzouga"},"content":{"rendered":"<h2>Aper\u00e7u:<\/h2>\n<p>Ce circuit de 3 jours de Marrakech \u00e0 F\u00e8s, en passant par le d\u00e9sert de Merzouga, est id\u00e9al pour ceux qui souhaitent d\u00e9couvrir les contrastes du sud marocain et vivre la magie authentique du Sahara. Le voyage d\u00e9bute par la travers\u00e9e du Haut Atlas via le col de Tizi N&rsquo;Tichka, offrant des panoramas \u00e0 couper le souffle et des visites culturelles, notamment la kasbah d&rsquo;A\u00eft-Ben-Haddou, class\u00e9e au patrimoine mondial de l&rsquo;UNESCO. L&rsquo;itin\u00e9raire se poursuit par Ouarzazate, la Vall\u00e9e des Roses, et la charmante vall\u00e9e du Dad\u00e8s, o\u00f9 la premi\u00e8re nuit se passe dans un cadre montagnard traditionnel.<\/p>\n<p>Le deuxi\u00e8me jour est marqu\u00e9 par la spectaculaire gorge du Todra, un canyon aux parois verticales atteignant 300 m\u00e8tres de hauteur, v\u00e9ritable paradis pour les amoureux de la nature et les grimpeurs. De l\u00e0, l&rsquo;itin\u00e9raire s&rsquo;enfonce dans le d\u00e9sert de Merzouga, o\u00f9 les voyageurs profitent d&rsquo;une balade \u00e0 dos de chameau au coucher du soleil et d&rsquo;une soir\u00e9e inoubliable sous une tente berb\u00e8re. L&rsquo;exp\u00e9rience se conclut par un d\u00eener traditionnel, de la musique en direct et l&rsquo;occasion de contempler le ciel \u00e9toil\u00e9 du Sahara dans toute sa splendeur.<\/p>\n<p>La derni\u00e8re journ\u00e9e propose un voyage unique jusqu&rsquo;\u00e0 F\u00e8s, en passant par des sites embl\u00e9matiques tels qu&rsquo;Erfoud, c\u00e9l\u00e8bre pour ses fossiles, et la majestueuse vall\u00e9e du Ziz. L&rsquo;itin\u00e9raire se poursuit \u00e0 travers le Moyen Atlas, avec des haltes dans la for\u00eat de c\u00e8dres, refuge des macaques de Barbarie, et \u00e0 Ifrane, surnomm\u00e9e la \u00ab Suisse du Maroc \u00bb pour son architecture alpine et ses paysages verdoyants. Enfin, l&rsquo;arriv\u00e9e dans la ville historique de F\u00e8s marque la conclusion parfaite d&rsquo;un p\u00e9riple alliant nature, culture et authenticit\u00e9 du d\u00e9sert marocain.<\/p>\n","protected":false},"excerpt":{"rendered":"<p>Aper\u00e7u: Ce circuit de 3 jours de Marrakech \u00e0 F\u00e8s, en passant par le d\u00e9sert de Merzouga, est id\u00e9al pour ceux qui souhaitent d\u00e9couvrir les contrastes du sud marocain et vivre la magie authentique du Sahara. Le voyage d\u00e9bute par la travers\u00e9e du Haut Atlas via le col de Tizi N&rsquo;Tichka, offrant des panoramas \u00e0 [&hellip;]<\/p>\n","protected":false},"featured_media":10530,"comment_status":"open","ping_status":"closed","template":"","meta":{"_joinchat":[]},"product_brand":[],"product_cat":[99,95],"product_tag":[],"class_list":{"0":"post-10643","1":"product","2":"type-product","3":"status-publish","4":"has-post-thumbnail","6":"product_cat-circuit-au-depart-de-marrakech","7":"product_cat-visites-et-circuits","9":"first","10":"instock","11":"shipping-taxable","12":"product-type-ovabrw_car_rental"},"yoast_head":"<!-- This site is optimized with the Yoast SEO Premium plugin v26.0 (Yoast SEO v26.0) - https:\/\/yoast.com\/wordpress\/plugins\/seo\/ -->\n<title>3 jours de Marrakech \u00e0 F\u00e8s en passant par le d\u00e9sert de Merzouga - Excursion al desierto<\/title>\n<meta name=\"robots\" content=\"index, follow, max-snippet:-1, max-image-preview:large, max-video-preview:-1\" \/>\n<link rel=\"canonical\" href=\"https:\/\/www.excursionaldesierto.com\/fr\/tour\/3-jours-de-marrakech-a-fes-en-passant-par-le-desert-de-merzouga\/\" \/>\n<meta property=\"og:locale\" content=\"fr_FR\" \/>\n<meta property=\"og:type\" content=\"article\" \/>\n<meta property=\"og:title\" content=\"3 jours de Marrakech \u00e0 F\u00e8s en passant par le d\u00e9sert de Merzouga\" \/>\n<meta property=\"og:description\" content=\"Aper\u00e7u: Ce circuit de 3 jours de Marrakech \u00e0 F\u00e8s, en passant par le d\u00e9sert de Merzouga, est id\u00e9al pour ceux qui souhaitent d\u00e9couvrir les contrastes du sud marocain et vivre la magie authentique du Sahara. Le voyage d\u00e9bute par la travers\u00e9e du Haut Atlas via le col de Tizi N&rsquo;Tichka, offrant des panoramas \u00e0 [&hellip;]\" \/>\n<meta property=\"og:url\" content=\"https:\/\/www.excursionaldesierto.com\/fr\/tour\/3-jours-de-marrakech-a-fes-en-passant-par-le-desert-de-merzouga\/\" \/>\n<meta property=\"og:site_name\" content=\"Excursion al desierto\" \/>\n<meta property=\"article:modified_time\" content=\"2025-11-23T13:21:17+00:00\" \/>\n<meta property=\"og:image\" content=\"https:\/\/www.excursionaldesierto.com\/wp-content\/uploads\/2025\/09\/43.webp\" \/>\n\t<meta property=\"og:image:width\" content=\"800\" \/>\n\t<meta property=\"og:image:height\" content=\"450\" \/>\n\t<meta property=\"og:image:type\" content=\"image\/webp\" \/>\n<meta name=\"twitter:card\" content=\"summary_large_image\" \/>\n<meta name=\"twitter:label1\" content=\"Dur\u00e9e de lecture estim\u00e9e\" \/>\n\t<meta name=\"twitter:data1\" content=\"2 minutes\" \/>\n<script type=\"application\/ld+json\" class=\"yoast-schema-graph\">{\"@context\":\"https:\/\/schema.org\",\"@graph\":[{\"@type\":\"WebPage\",\"@id\":\"https:\/\/www.excursionaldesierto.com\/fr\/tour\/3-jours-de-marrakech-a-fes-en-passant-par-le-desert-de-merzouga\/\",\"url\":\"https:\/\/www.excursionaldesierto.com\/fr\/tour\/3-jours-de-marrakech-a-fes-en-passant-par-le-desert-de-merzouga\/\",\"name\":\"3 jours de Marrakech \u00e0 F\u00e8s en passant par le d\u00e9sert de Merzouga - Excursion al desierto\",\"isPartOf\":{\"@id\":\"https:\/\/www.excursionaldesierto.com\/fr\/#website\"},\"primaryImageOfPage\":{\"@id\":\"https:\/\/www.excursionaldesierto.com\/fr\/tour\/3-jours-de-marrakech-a-fes-en-passant-par-le-desert-de-merzouga\/#primaryimage\"},\"image\":{\"@id\":\"https:\/\/www.excursionaldesierto.com\/fr\/tour\/3-jours-de-marrakech-a-fes-en-passant-par-le-desert-de-merzouga\/#primaryimage\"},\"thumbnailUrl\":\"https:\/\/www.excursionaldesierto.com\/wp-content\/uploads\/2025\/09\/43.webp\",\"datePublished\":\"2025-09-28T18:55:03+00:00\",\"dateModified\":\"2025-11-23T13:21:17+00:00\",\"breadcrumb\":{\"@id\":\"https:\/\/www.excursionaldesierto.com\/fr\/tour\/3-jours-de-marrakech-a-fes-en-passant-par-le-desert-de-merzouga\/#breadcrumb\"},\"inLanguage\":\"fr-FR\",\"potentialAction\":[{\"@type\":\"ReadAction\",\"target\":[\"https:\/\/www.excursionaldesierto.com\/fr\/tour\/3-jours-de-marrakech-a-fes-en-passant-par-le-desert-de-merzouga\/\"]}]},{\"@type\":\"ImageObject\",\"inLanguage\":\"fr-FR\",\"@id\":\"https:\/\/www.excursionaldesierto.com\/fr\/tour\/3-jours-de-marrakech-a-fes-en-passant-par-le-desert-de-merzouga\/#primaryimage\",\"url\":\"https:\/\/www.excursionaldesierto.com\/wp-content\/uploads\/2025\/09\/43.webp\",\"contentUrl\":\"https:\/\/www.excursionaldesierto.com\/wp-content\/uploads\/2025\/09\/43.webp\",\"width\":800,\"height\":450},{\"@type\":\"BreadcrumbList\",\"@id\":\"https:\/\/www.excursionaldesierto.com\/fr\/tour\/3-jours-de-marrakech-a-fes-en-passant-par-le-desert-de-merzouga\/#breadcrumb\",\"itemListElement\":[{\"@type\":\"ListItem\",\"position\":1,\"name\":\"Home\",\"item\":\"https:\/\/www.excursionaldesierto.com\/fr\/\"},{\"@type\":\"ListItem\",\"position\":2,\"name\":\"Tienda\",\"item\":\"https:\/\/www.excursionaldesierto.com\/tienda\/\"},{\"@type\":\"ListItem\",\"position\":3,\"name\":\"3 jours de Marrakech \u00e0 F\u00e8s en passant par le d\u00e9sert de Merzouga\"}]},{\"@type\":\"WebSite\",\"@id\":\"https:\/\/www.excursionaldesierto.com\/fr\/#website\",\"url\":\"https:\/\/www.excursionaldesierto.com\/fr\/\",\"name\":\"Excursion al desierto\",\"description\":\"\",\"potentialAction\":[{\"@type\":\"SearchAction\",\"target\":{\"@type\":\"EntryPoint\",\"urlTemplate\":\"https:\/\/www.excursionaldesierto.com\/fr\/?s={search_term_string}\"},\"query-input\":{\"@type\":\"PropertyValueSpecification\",\"valueRequired\":true,\"valueName\":\"search_term_string\"}}],\"inLanguage\":\"fr-FR\"}]}<\/script>\n<!-- \/ Yoast SEO Premium plugin. -->","yoast_head_json":{"title":"3 jours de Marrakech \u00e0 F\u00e8s en passant par le d\u00e9sert de Merzouga - Excursion al desierto","robots":{"index":"index","follow":"follow","max-snippet":"max-snippet:-1","max-image-preview":"max-image-preview:large","max-video-preview":"max-video-preview:-1"},"canonical":"https:\/\/www.excursionaldesierto.com\/fr\/tour\/3-jours-de-marrakech-a-fes-en-passant-par-le-desert-de-merzouga\/","og_locale":"fr_FR","og_type":"article","og_title":"3 jours de Marrakech \u00e0 F\u00e8s en passant par le d\u00e9sert de Merzouga","og_description":"Aper\u00e7u: Ce circuit de 3 jours de Marrakech \u00e0 F\u00e8s, en passant par le d\u00e9sert de Merzouga, est id\u00e9al pour ceux qui souhaitent d\u00e9couvrir les contrastes du sud marocain et vivre la magie authentique du Sahara. Le voyage d\u00e9bute par la travers\u00e9e du Haut Atlas via le col de Tizi N&rsquo;Tichka, offrant des panoramas \u00e0 [&hellip;]","og_url":"https:\/\/www.excursionaldesierto.com\/fr\/tour\/3-jours-de-marrakech-a-fes-en-passant-par-le-desert-de-merzouga\/","og_site_name":"Excursion al desierto","article_modified_time":"2025-11-23T13:21:17+00:00","og_image":[{"width":800,"height":450,"url":"https:\/\/www.excursionaldesierto.com\/wp-content\/uploads\/2025\/09\/43.webp","type":"image\/webp"}],"twitter_card":"summary_large_image","twitter_misc":{"Dur\u00e9e de lecture estim\u00e9e":"2 minutes"},"schema":{"@context":"https:\/\/schema.org","@graph":[{"@type":"WebPage","@id":"https:\/\/www.excursionaldesierto.com\/fr\/tour\/3-jours-de-marrakech-a-fes-en-passant-par-le-desert-de-merzouga\/","url":"https:\/\/www.excursionaldesierto.com\/fr\/tour\/3-jours-de-marrakech-a-fes-en-passant-par-le-desert-de-merzouga\/","name":"3 jours de Marrakech \u00e0 F\u00e8s en passant par le d\u00e9sert de Merzouga - Excursion al desierto","isPartOf":{"@id":"https:\/\/www.excursionaldesierto.com\/fr\/#website"},"primaryImageOfPage":{"@id":"https:\/\/www.excursionaldesierto.com\/fr\/tour\/3-jours-de-marrakech-a-fes-en-passant-par-le-desert-de-merzouga\/#primaryimage"},"image":{"@id":"https:\/\/www.excursionaldesierto.com\/fr\/tour\/3-jours-de-marrakech-a-fes-en-passant-par-le-desert-de-merzouga\/#primaryimage"},"thumbnailUrl":"https:\/\/www.excursionaldesierto.com\/wp-content\/uploads\/2025\/09\/43.webp","datePublished":"2025-09-28T18:55:03+00:00","dateModified":"2025-11-23T13:21:17+00:00","breadcrumb":{"@id":"https:\/\/www.excursionaldesierto.com\/fr\/tour\/3-jours-de-marrakech-a-fes-en-passant-par-le-desert-de-merzouga\/#breadcrumb"},"inLanguage":"fr-FR","potentialAction":[{"@type":"ReadAction","target":["https:\/\/www.excursionaldesierto.com\/fr\/tour\/3-jours-de-marrakech-a-fes-en-passant-par-le-desert-de-merzouga\/"]}]},{"@type":"ImageObject","inLanguage":"fr-FR","@id":"https:\/\/www.excursionaldesierto.com\/fr\/tour\/3-jours-de-marrakech-a-fes-en-passant-par-le-desert-de-merzouga\/#primaryimage","url":"https:\/\/www.excursionaldesierto.com\/wp-content\/uploads\/2025\/09\/43.webp","contentUrl":"https:\/\/www.excursionaldesierto.com\/wp-content\/uploads\/2025\/09\/43.webp","width":800,"height":450},{"@type":"BreadcrumbList","@id":"https:\/\/www.excursionaldesierto.com\/fr\/tour\/3-jours-de-marrakech-a-fes-en-passant-par-le-desert-de-merzouga\/#breadcrumb","itemListElement":[{"@type":"ListItem","position":1,"name":"Home","item":"https:\/\/www.excursionaldesierto.com\/fr\/"},{"@type":"ListItem","position":2,"name":"Tienda","item":"https:\/\/www.excursionaldesierto.com\/tienda\/"},{"@type":"ListItem","position":3,"name":"3 jours de Marrakech \u00e0 F\u00e8s en passant par le d\u00e9sert de Merzouga"}]},{"@type":"WebSite","@id":"https:\/\/www.excursionaldesierto.com\/fr\/#website","url":"https:\/\/www.excursionaldesierto.com\/fr\/","name":"Excursion al desierto","description":"","potentialAction":[{"@type":"SearchAction","target":{"@type":"EntryPoint","urlTemplate":"https:\/\/www.excursionaldesierto.com\/fr\/?s={search_term_string}"},"query-input":{"@type":"PropertyValueSpecification","valueRequired":true,"valueName":"search_term_string"}}],"inLanguage":"fr-FR"}]}},"_links":{"self":[{"href":"https:\/\/www.excursionaldesierto.com\/fr\/wp-json\/wp\/v2\/product\/10643","targetHints":{"allow":["GET"]}}],"collection":[{"href":"https:\/\/www.excursionaldesierto.com\/fr\/wp-json\/wp\/v2\/product"}],"about":[{"href":"https:\/\/www.excursionaldesierto.com\/fr\/wp-json\/wp\/v2\/types\/product"}],"replies":[{"embeddable":true,"href":"https:\/\/www.excursionaldesierto.com\/fr\/wp-json\/wp\/v2\/comments?post=10643"}],"wp:featuredmedia":[{"embeddable":true,"href":"https:\/\/www.excursionaldesierto.com\/fr\/wp-json\/wp\/v2\/media\/10530"}],"wp:attachment":[{"href":"https:\/\/www.excursionaldesierto.com\/fr\/wp-json\/wp\/v2\/media?parent=10643"}],"wp:term":[{"taxonomy":"product_brand","embeddable":true,"href":"https:\/\/www.excursionaldesierto.com\/fr\/wp-json\/wp\/v2\/product_brand?post=10643"},{"taxonomy":"product_cat","embeddable":true,"href":"https:\/\/www.excursionaldesierto.com\/fr\/wp-json\/wp\/v2\/product_cat?post=10643"},{"taxonomy":"product_tag","embeddable":true,"href":"https:\/\/www.excursionaldesierto.com\/fr\/wp-json\/wp\/v2\/product_tag?post=10643"}],"curies":[{"name":"wp","href":"https:\/\/api.w.org\/{rel}","templated":true}]}}