{"id":10646,"date":"2025-09-28T18:50:53","date_gmt":"2025-09-28T18:50:53","guid":{"rendered":"https:\/\/www.excursionaldesierto.com\/tour\/3-days-from-marrakech-to-the-merzouga-desert\/"},"modified":"2025-11-23T13:25:55","modified_gmt":"2025-11-23T13:25:55","slug":"3-jours-de-marrakech-au-desert-de-merzouga","status":"publish","type":"product","link":"https:\/\/www.excursionaldesierto.com\/fr\/tour\/3-jours-de-marrakech-au-desert-de-merzouga\/","title":{"rendered":"3 jours de Marrakech au d\u00e9sert de Merzouga"},"content":{"rendered":"<h2>Aper\u00e7u:<\/h2>\n<p>Ce circuit de 3 jours au d\u00e9part de Marrakech et \u00e0 destination du d\u00e9sert de Merzouga est une exp\u00e9rience unique qui allie paysages spectaculaires, histoire mill\u00e9naire et la magie du Sahara. En chemin, les voyageurs d\u00e9couvriront la beaut\u00e9 des montagnes du Haut Atlas et leur c\u00e9l\u00e8bre col de Tizi n&rsquo;Tichka, ainsi que la renomm\u00e9e de la kasbah d&rsquo;A\u00eft-Ben-Haddou, class\u00e9e au patrimoine mondial de l&rsquo;UNESCO et lieu de tournage de nombreux films internationaux. La premi\u00e8re journ\u00e9e s&rsquo;ach\u00e8ve dans l&rsquo;envo\u00fbtante vall\u00e9e du Dad\u00e8s, entour\u00e9e de montagnes et de kasbahs traditionnelles.<\/p>\n<p>Le deuxi\u00e8me jour, d\u00e9couvrez l&rsquo;un des sites incontournables du sud marocain\u00a0: les impressionnantes gorges du Todra, avec leurs parois rocheuses vertigineuses atteignant jusqu&rsquo;\u00e0 300 m\u00e8tres de hauteur. Le voyage se poursuit ensuite vers les dunes dor\u00e9es de Merzouga, o\u00f9 vous profiterez d&rsquo;une balade \u00e0 dos de chameau au coucher du soleil et d&rsquo;une nuit magique sous une tente berb\u00e8re. Sous le ciel \u00e9toil\u00e9 du Sahara, la soir\u00e9e se conclut par un d\u00eener traditionnel et de la musique en direct, mettant en valeur l&rsquo;hospitalit\u00e9 locale.<\/p>\n<p>Le troisi\u00e8me jour d\u00e9bute par un lever de soleil dans le d\u00e9sert, suivi du retour \u00e0 Marrakech \u00e0 travers les paysages de la vall\u00e9e du Dr\u00e2a et des montagnes de l&rsquo;Anti-Atlas. Tout au long du parcours, vous d\u00e9couvrirez des villes historiques comme Rissani et traverserez des paysages d\u00e9sertiques qui t\u00e9moignent de la diversit\u00e9 du sud marocain. Enfin, apr\u00e8s avoir franchi une nouvelle fois le Haut Atlas, le voyage s&rsquo;ach\u00e8ve dans la vibrante ville de Marrakech, concluant ainsi une aventure qui allie nature, culture et authenticit\u00e9 du Sahara.<\/p>\n","protected":false},"excerpt":{"rendered":"<p>Aper\u00e7u: Ce circuit de 3 jours au d\u00e9part de Marrakech et \u00e0 destination du d\u00e9sert de Merzouga est une exp\u00e9rience unique qui allie paysages spectaculaires, histoire mill\u00e9naire et la magie du Sahara. En chemin, les voyageurs d\u00e9couvriront la beaut\u00e9 des montagnes du Haut Atlas et leur c\u00e9l\u00e8bre col de Tizi n&rsquo;Tichka, ainsi que la renomm\u00e9e [&hellip;]<\/p>\n","protected":false},"featured_media":10647,"comment_status":"open","ping_status":"closed","template":"","meta":{"_joinchat":[]},"product_brand":[],"product_cat":[99,95],"product_tag":[],"class_list":{"0":"post-10646","1":"product","2":"type-product","3":"status-publish","4":"has-post-thumbnail","6":"product_cat-circuit-au-depart-de-marrakech","7":"product_cat-visites-et-circuits","9":"first","10":"instock","11":"shipping-taxable","12":"product-type-ovabrw_car_rental"},"yoast_head":"<!-- This site is optimized with the Yoast SEO Premium plugin v26.0 (Yoast SEO v26.0) - https:\/\/yoast.com\/wordpress\/plugins\/seo\/ -->\n<title>3 jours de Marrakech au d\u00e9sert de Merzouga - Excursion al desierto<\/title>\n<meta name=\"robots\" content=\"index, follow, max-snippet:-1, max-image-preview:large, max-video-preview:-1\" \/>\n<link rel=\"canonical\" href=\"https:\/\/www.excursionaldesierto.com\/fr\/tour\/3-jours-de-marrakech-au-desert-de-merzouga\/\" \/>\n<meta property=\"og:locale\" content=\"fr_FR\" \/>\n<meta property=\"og:type\" content=\"article\" \/>\n<meta property=\"og:title\" content=\"3 jours de Marrakech au d\u00e9sert de Merzouga\" \/>\n<meta property=\"og:description\" content=\"Aper\u00e7u: Ce circuit de 3 jours au d\u00e9part de Marrakech et \u00e0 destination du d\u00e9sert de Merzouga est une exp\u00e9rience unique qui allie paysages spectaculaires, histoire mill\u00e9naire et la magie du Sahara. En chemin, les voyageurs d\u00e9couvriront la beaut\u00e9 des montagnes du Haut Atlas et leur c\u00e9l\u00e8bre col de Tizi n&rsquo;Tichka, ainsi que la renomm\u00e9e [&hellip;]\" \/>\n<meta property=\"og:url\" content=\"https:\/\/www.excursionaldesierto.com\/fr\/tour\/3-jours-de-marrakech-au-desert-de-merzouga\/\" \/>\n<meta property=\"og:site_name\" content=\"Excursion al desierto\" \/>\n<meta property=\"article:modified_time\" content=\"2025-11-23T13:25:55+00:00\" \/>\n<meta property=\"og:image\" content=\"https:\/\/www.excursionaldesierto.com\/wp-content\/uploads\/2025\/09\/44.webp\" \/>\n\t<meta property=\"og:image:width\" content=\"800\" \/>\n\t<meta property=\"og:image:height\" content=\"450\" \/>\n\t<meta property=\"og:image:type\" content=\"image\/webp\" \/>\n<meta name=\"twitter:card\" content=\"summary_large_image\" \/>\n<meta name=\"twitter:label1\" content=\"Dur\u00e9e de lecture estim\u00e9e\" \/>\n\t<meta name=\"twitter:data1\" content=\"2 minutes\" \/>\n<script type=\"application\/ld+json\" class=\"yoast-schema-graph\">{\"@context\":\"https:\/\/schema.org\",\"@graph\":[{\"@type\":\"WebPage\",\"@id\":\"https:\/\/www.excursionaldesierto.com\/fr\/tour\/3-jours-de-marrakech-au-desert-de-merzouga\/\",\"url\":\"https:\/\/www.excursionaldesierto.com\/fr\/tour\/3-jours-de-marrakech-au-desert-de-merzouga\/\",\"name\":\"3 jours de Marrakech au d\u00e9sert de Merzouga - Excursion al desierto\",\"isPartOf\":{\"@id\":\"https:\/\/www.excursionaldesierto.com\/fr\/#website\"},\"primaryImageOfPage\":{\"@id\":\"https:\/\/www.excursionaldesierto.com\/fr\/tour\/3-jours-de-marrakech-au-desert-de-merzouga\/#primaryimage\"},\"image\":{\"@id\":\"https:\/\/www.excursionaldesierto.com\/fr\/tour\/3-jours-de-marrakech-au-desert-de-merzouga\/#primaryimage\"},\"thumbnailUrl\":\"https:\/\/www.excursionaldesierto.com\/wp-content\/uploads\/2025\/09\/44.webp\",\"datePublished\":\"2025-09-28T18:50:53+00:00\",\"dateModified\":\"2025-11-23T13:25:55+00:00\",\"breadcrumb\":{\"@id\":\"https:\/\/www.excursionaldesierto.com\/fr\/tour\/3-jours-de-marrakech-au-desert-de-merzouga\/#breadcrumb\"},\"inLanguage\":\"fr-FR\",\"potentialAction\":[{\"@type\":\"ReadAction\",\"target\":[\"https:\/\/www.excursionaldesierto.com\/fr\/tour\/3-jours-de-marrakech-au-desert-de-merzouga\/\"]}]},{\"@type\":\"ImageObject\",\"inLanguage\":\"fr-FR\",\"@id\":\"https:\/\/www.excursionaldesierto.com\/fr\/tour\/3-jours-de-marrakech-au-desert-de-merzouga\/#primaryimage\",\"url\":\"https:\/\/www.excursionaldesierto.com\/wp-content\/uploads\/2025\/09\/44.webp\",\"contentUrl\":\"https:\/\/www.excursionaldesierto.com\/wp-content\/uploads\/2025\/09\/44.webp\",\"width\":800,\"height\":450},{\"@type\":\"BreadcrumbList\",\"@id\":\"https:\/\/www.excursionaldesierto.com\/fr\/tour\/3-jours-de-marrakech-au-desert-de-merzouga\/#breadcrumb\",\"itemListElement\":[{\"@type\":\"ListItem\",\"position\":1,\"name\":\"Home\",\"item\":\"https:\/\/www.excursionaldesierto.com\/fr\/\"},{\"@type\":\"ListItem\",\"position\":2,\"name\":\"Tienda\",\"item\":\"https:\/\/www.excursionaldesierto.com\/tienda\/\"},{\"@type\":\"ListItem\",\"position\":3,\"name\":\"3 jours de Marrakech au d\u00e9sert de Merzouga\"}]},{\"@type\":\"WebSite\",\"@id\":\"https:\/\/www.excursionaldesierto.com\/fr\/#website\",\"url\":\"https:\/\/www.excursionaldesierto.com\/fr\/\",\"name\":\"Excursion al desierto\",\"description\":\"\",\"potentialAction\":[{\"@type\":\"SearchAction\",\"target\":{\"@type\":\"EntryPoint\",\"urlTemplate\":\"https:\/\/www.excursionaldesierto.com\/fr\/?s={search_term_string}\"},\"query-input\":{\"@type\":\"PropertyValueSpecification\",\"valueRequired\":true,\"valueName\":\"search_term_string\"}}],\"inLanguage\":\"fr-FR\"}]}<\/script>\n<!-- \/ Yoast SEO Premium plugin. -->","yoast_head_json":{"title":"3 jours de Marrakech au d\u00e9sert de Merzouga - Excursion al desierto","robots":{"index":"index","follow":"follow","max-snippet":"max-snippet:-1","max-image-preview":"max-image-preview:large","max-video-preview":"max-video-preview:-1"},"canonical":"https:\/\/www.excursionaldesierto.com\/fr\/tour\/3-jours-de-marrakech-au-desert-de-merzouga\/","og_locale":"fr_FR","og_type":"article","og_title":"3 jours de Marrakech au d\u00e9sert de Merzouga","og_description":"Aper\u00e7u: Ce circuit de 3 jours au d\u00e9part de Marrakech et \u00e0 destination du d\u00e9sert de Merzouga est une exp\u00e9rience unique qui allie paysages spectaculaires, histoire mill\u00e9naire et la magie du Sahara. En chemin, les voyageurs d\u00e9couvriront la beaut\u00e9 des montagnes du Haut Atlas et leur c\u00e9l\u00e8bre col de Tizi n&rsquo;Tichka, ainsi que la renomm\u00e9e [&hellip;]","og_url":"https:\/\/www.excursionaldesierto.com\/fr\/tour\/3-jours-de-marrakech-au-desert-de-merzouga\/","og_site_name":"Excursion al desierto","article_modified_time":"2025-11-23T13:25:55+00:00","og_image":[{"width":800,"height":450,"url":"https:\/\/www.excursionaldesierto.com\/wp-content\/uploads\/2025\/09\/44.webp","type":"image\/webp"}],"twitter_card":"summary_large_image","twitter_misc":{"Dur\u00e9e de lecture estim\u00e9e":"2 minutes"},"schema":{"@context":"https:\/\/schema.org","@graph":[{"@type":"WebPage","@id":"https:\/\/www.excursionaldesierto.com\/fr\/tour\/3-jours-de-marrakech-au-desert-de-merzouga\/","url":"https:\/\/www.excursionaldesierto.com\/fr\/tour\/3-jours-de-marrakech-au-desert-de-merzouga\/","name":"3 jours de Marrakech au d\u00e9sert de Merzouga - Excursion al desierto","isPartOf":{"@id":"https:\/\/www.excursionaldesierto.com\/fr\/#website"},"primaryImageOfPage":{"@id":"https:\/\/www.excursionaldesierto.com\/fr\/tour\/3-jours-de-marrakech-au-desert-de-merzouga\/#primaryimage"},"image":{"@id":"https:\/\/www.excursionaldesierto.com\/fr\/tour\/3-jours-de-marrakech-au-desert-de-merzouga\/#primaryimage"},"thumbnailUrl":"https:\/\/www.excursionaldesierto.com\/wp-content\/uploads\/2025\/09\/44.webp","datePublished":"2025-09-28T18:50:53+00:00","dateModified":"2025-11-23T13:25:55+00:00","breadcrumb":{"@id":"https:\/\/www.excursionaldesierto.com\/fr\/tour\/3-jours-de-marrakech-au-desert-de-merzouga\/#breadcrumb"},"inLanguage":"fr-FR","potentialAction":[{"@type":"ReadAction","target":["https:\/\/www.excursionaldesierto.com\/fr\/tour\/3-jours-de-marrakech-au-desert-de-merzouga\/"]}]},{"@type":"ImageObject","inLanguage":"fr-FR","@id":"https:\/\/www.excursionaldesierto.com\/fr\/tour\/3-jours-de-marrakech-au-desert-de-merzouga\/#primaryimage","url":"https:\/\/www.excursionaldesierto.com\/wp-content\/uploads\/2025\/09\/44.webp","contentUrl":"https:\/\/www.excursionaldesierto.com\/wp-content\/uploads\/2025\/09\/44.webp","width":800,"height":450},{"@type":"BreadcrumbList","@id":"https:\/\/www.excursionaldesierto.com\/fr\/tour\/3-jours-de-marrakech-au-desert-de-merzouga\/#breadcrumb","itemListElement":[{"@type":"ListItem","position":1,"name":"Home","item":"https:\/\/www.excursionaldesierto.com\/fr\/"},{"@type":"ListItem","position":2,"name":"Tienda","item":"https:\/\/www.excursionaldesierto.com\/tienda\/"},{"@type":"ListItem","position":3,"name":"3 jours de Marrakech au d\u00e9sert de Merzouga"}]},{"@type":"WebSite","@id":"https:\/\/www.excursionaldesierto.com\/fr\/#website","url":"https:\/\/www.excursionaldesierto.com\/fr\/","name":"Excursion al desierto","description":"","potentialAction":[{"@type":"SearchAction","target":{"@type":"EntryPoint","urlTemplate":"https:\/\/www.excursionaldesierto.com\/fr\/?s={search_term_string}"},"query-input":{"@type":"PropertyValueSpecification","valueRequired":true,"valueName":"search_term_string"}}],"inLanguage":"fr-FR"}]}},"_links":{"self":[{"href":"https:\/\/www.excursionaldesierto.com\/fr\/wp-json\/wp\/v2\/product\/10646","targetHints":{"allow":["GET"]}}],"collection":[{"href":"https:\/\/www.excursionaldesierto.com\/fr\/wp-json\/wp\/v2\/product"}],"about":[{"href":"https:\/\/www.excursionaldesierto.com\/fr\/wp-json\/wp\/v2\/types\/product"}],"replies":[{"embeddable":true,"href":"https:\/\/www.excursionaldesierto.com\/fr\/wp-json\/wp\/v2\/comments?post=10646"}],"wp:featuredmedia":[{"embeddable":true,"href":"https:\/\/www.excursionaldesierto.com\/fr\/wp-json\/wp\/v2\/media\/10647"}],"wp:attachment":[{"href":"https:\/\/www.excursionaldesierto.com\/fr\/wp-json\/wp\/v2\/media?parent=10646"}],"wp:term":[{"taxonomy":"product_brand","embeddable":true,"href":"https:\/\/www.excursionaldesierto.com\/fr\/wp-json\/wp\/v2\/product_brand?post=10646"},{"taxonomy":"product_cat","embeddable":true,"href":"https:\/\/www.excursionaldesierto.com\/fr\/wp-json\/wp\/v2\/product_cat?post=10646"},{"taxonomy":"product_tag","embeddable":true,"href":"https:\/\/www.excursionaldesierto.com\/fr\/wp-json\/wp\/v2\/product_tag?post=10646"}],"curies":[{"name":"wp","href":"https:\/\/api.w.org\/{rel}","templated":true}]}}