{"id":10651,"date":"2025-09-28T18:03:05","date_gmt":"2025-09-28T18:03:05","guid":{"rendered":"https:\/\/www.excursionaldesierto.com\/tour\/2-days-from-marrakech-to-the-zagora-desert\/"},"modified":"2025-11-23T13:30:03","modified_gmt":"2025-11-23T13:30:03","slug":"2-jours-de-marrakech-au-desert-de-zagora","status":"publish","type":"product","link":"https:\/\/www.excursionaldesierto.com\/fr\/tour\/2-jours-de-marrakech-au-desert-de-zagora\/","title":{"rendered":"2 jours de Marrakech au d\u00e9sert de Zagora"},"content":{"rendered":"<h2>Aper\u00e7u:<\/h2>\n<p>Cette excursion de deux jours dans le d\u00e9sert au d\u00e9part de Zagora est l&rsquo;aventure id\u00e9ale pour les voyageurs disposant de peu de temps et d\u00e9sireux de vivre la magie authentique du Sahara marocain. Ce circuit offre une introduction parfaite au d\u00e9sert et constitue l&rsquo;option la plus proche de Marrakech pour d\u00e9couvrir le Sahara en seulement deux jours.<\/p>\n<p>La premi\u00e8re journ\u00e9e comprend la travers\u00e9e spectaculaire du Haut Atlas par le col de Tizi-n-Tichka (2\u00a0260 m\u00e8tres d&rsquo;altitude), offrant des panoramas \u00e0 couper le souffle et la rencontre avec d&rsquo;authentiques villages berb\u00e8res traditionnels. La visite incontournable de la kasbah d&rsquo;A\u00eft-Ben-Haddou, class\u00e9e au patrimoine mondial de l&rsquo;UNESCO, vous permettra d&rsquo;explorer ce complexe architectural qui a servi de d\u00e9cor \u00e0 des films c\u00e9l\u00e8bres tels que Gladiator, Lawrence d&rsquo;Arabie et Game of Thrones.<\/p>\n<p>L&rsquo;aventure se poursuit \u00e0 travers la luxuriante vall\u00e9e du Dr\u00e2a, o\u00f9 coule le plus long fleuve du Maroc, avec ses vastes palmeraies et ses kasbahs traditionnelles. \u00c0 leur arriv\u00e9e \u00e0 Zagora, les visiteurs profiteront d&rsquo;une balade \u00e0 dos de chameau au coucher du soleil, suivie d&rsquo;une nuit magique dans un campement berb\u00e8re traditionnel sous le ciel \u00e9toil\u00e9 du d\u00e9sert.<\/p>\n","protected":false},"excerpt":{"rendered":"<p>Aper\u00e7u: Cette excursion de deux jours dans le d\u00e9sert au d\u00e9part de Zagora est l&rsquo;aventure id\u00e9ale pour les voyageurs disposant de peu de temps et d\u00e9sireux de vivre la magie authentique du Sahara marocain. Ce circuit offre une introduction parfaite au d\u00e9sert et constitue l&rsquo;option la plus proche de Marrakech pour d\u00e9couvrir le Sahara en [&hellip;]<\/p>\n","protected":false},"featured_media":10648,"comment_status":"open","ping_status":"closed","template":"","meta":{"_joinchat":[]},"product_brand":[],"product_cat":[99,95],"product_tag":[],"class_list":{"0":"post-10651","1":"product","2":"type-product","3":"status-publish","4":"has-post-thumbnail","6":"product_cat-circuit-au-depart-de-marrakech","7":"product_cat-visites-et-circuits","9":"first","10":"instock","11":"shipping-taxable","12":"product-type-ovabrw_car_rental"},"yoast_head":"<!-- This site is optimized with the Yoast SEO Premium plugin v26.0 (Yoast SEO v26.0) - https:\/\/yoast.com\/wordpress\/plugins\/seo\/ -->\n<title>2 jours de Marrakech au d\u00e9sert de Zagora - Excursion al desierto<\/title>\n<meta name=\"robots\" content=\"index, follow, max-snippet:-1, max-image-preview:large, max-video-preview:-1\" \/>\n<link rel=\"canonical\" href=\"https:\/\/www.excursionaldesierto.com\/fr\/tour\/2-jours-de-marrakech-au-desert-de-zagora\/\" \/>\n<meta property=\"og:locale\" content=\"fr_FR\" \/>\n<meta property=\"og:type\" content=\"article\" \/>\n<meta property=\"og:title\" content=\"2 jours de Marrakech au d\u00e9sert de Zagora\" \/>\n<meta property=\"og:description\" content=\"Aper\u00e7u: Cette excursion de deux jours dans le d\u00e9sert au d\u00e9part de Zagora est l&rsquo;aventure id\u00e9ale pour les voyageurs disposant de peu de temps et d\u00e9sireux de vivre la magie authentique du Sahara marocain. Ce circuit offre une introduction parfaite au d\u00e9sert et constitue l&rsquo;option la plus proche de Marrakech pour d\u00e9couvrir le Sahara en [&hellip;]\" \/>\n<meta property=\"og:url\" content=\"https:\/\/www.excursionaldesierto.com\/fr\/tour\/2-jours-de-marrakech-au-desert-de-zagora\/\" \/>\n<meta property=\"og:site_name\" content=\"Excursion al desierto\" \/>\n<meta property=\"article:modified_time\" content=\"2025-11-23T13:30:03+00:00\" \/>\n<meta property=\"og:image\" content=\"https:\/\/www.excursionaldesierto.com\/wp-content\/uploads\/2025\/09\/37.webp\" \/>\n\t<meta property=\"og:image:width\" content=\"800\" \/>\n\t<meta property=\"og:image:height\" content=\"450\" \/>\n\t<meta property=\"og:image:type\" content=\"image\/webp\" \/>\n<meta name=\"twitter:card\" content=\"summary_large_image\" \/>\n<meta name=\"twitter:label1\" content=\"Dur\u00e9e de lecture estim\u00e9e\" \/>\n\t<meta name=\"twitter:data1\" content=\"2 minutes\" \/>\n<script type=\"application\/ld+json\" class=\"yoast-schema-graph\">{\"@context\":\"https:\/\/schema.org\",\"@graph\":[{\"@type\":\"WebPage\",\"@id\":\"https:\/\/www.excursionaldesierto.com\/fr\/tour\/2-jours-de-marrakech-au-desert-de-zagora\/\",\"url\":\"https:\/\/www.excursionaldesierto.com\/fr\/tour\/2-jours-de-marrakech-au-desert-de-zagora\/\",\"name\":\"2 jours de Marrakech au d\u00e9sert de Zagora - Excursion al desierto\",\"isPartOf\":{\"@id\":\"https:\/\/www.excursionaldesierto.com\/fr\/#website\"},\"primaryImageOfPage\":{\"@id\":\"https:\/\/www.excursionaldesierto.com\/fr\/tour\/2-jours-de-marrakech-au-desert-de-zagora\/#primaryimage\"},\"image\":{\"@id\":\"https:\/\/www.excursionaldesierto.com\/fr\/tour\/2-jours-de-marrakech-au-desert-de-zagora\/#primaryimage\"},\"thumbnailUrl\":\"https:\/\/www.excursionaldesierto.com\/wp-content\/uploads\/2025\/09\/37.webp\",\"datePublished\":\"2025-09-28T18:03:05+00:00\",\"dateModified\":\"2025-11-23T13:30:03+00:00\",\"breadcrumb\":{\"@id\":\"https:\/\/www.excursionaldesierto.com\/fr\/tour\/2-jours-de-marrakech-au-desert-de-zagora\/#breadcrumb\"},\"inLanguage\":\"fr-FR\",\"potentialAction\":[{\"@type\":\"ReadAction\",\"target\":[\"https:\/\/www.excursionaldesierto.com\/fr\/tour\/2-jours-de-marrakech-au-desert-de-zagora\/\"]}]},{\"@type\":\"ImageObject\",\"inLanguage\":\"fr-FR\",\"@id\":\"https:\/\/www.excursionaldesierto.com\/fr\/tour\/2-jours-de-marrakech-au-desert-de-zagora\/#primaryimage\",\"url\":\"https:\/\/www.excursionaldesierto.com\/wp-content\/uploads\/2025\/09\/37.webp\",\"contentUrl\":\"https:\/\/www.excursionaldesierto.com\/wp-content\/uploads\/2025\/09\/37.webp\",\"width\":800,\"height\":450},{\"@type\":\"BreadcrumbList\",\"@id\":\"https:\/\/www.excursionaldesierto.com\/fr\/tour\/2-jours-de-marrakech-au-desert-de-zagora\/#breadcrumb\",\"itemListElement\":[{\"@type\":\"ListItem\",\"position\":1,\"name\":\"Home\",\"item\":\"https:\/\/www.excursionaldesierto.com\/fr\/\"},{\"@type\":\"ListItem\",\"position\":2,\"name\":\"Tienda\",\"item\":\"https:\/\/www.excursionaldesierto.com\/tienda\/\"},{\"@type\":\"ListItem\",\"position\":3,\"name\":\"2 jours de Marrakech au d\u00e9sert de Zagora\"}]},{\"@type\":\"WebSite\",\"@id\":\"https:\/\/www.excursionaldesierto.com\/fr\/#website\",\"url\":\"https:\/\/www.excursionaldesierto.com\/fr\/\",\"name\":\"Excursion al desierto\",\"description\":\"\",\"potentialAction\":[{\"@type\":\"SearchAction\",\"target\":{\"@type\":\"EntryPoint\",\"urlTemplate\":\"https:\/\/www.excursionaldesierto.com\/fr\/?s={search_term_string}\"},\"query-input\":{\"@type\":\"PropertyValueSpecification\",\"valueRequired\":true,\"valueName\":\"search_term_string\"}}],\"inLanguage\":\"fr-FR\"}]}<\/script>\n<!-- \/ Yoast SEO Premium plugin. -->","yoast_head_json":{"title":"2 jours de Marrakech au d\u00e9sert de Zagora - Excursion al desierto","robots":{"index":"index","follow":"follow","max-snippet":"max-snippet:-1","max-image-preview":"max-image-preview:large","max-video-preview":"max-video-preview:-1"},"canonical":"https:\/\/www.excursionaldesierto.com\/fr\/tour\/2-jours-de-marrakech-au-desert-de-zagora\/","og_locale":"fr_FR","og_type":"article","og_title":"2 jours de Marrakech au d\u00e9sert de Zagora","og_description":"Aper\u00e7u: Cette excursion de deux jours dans le d\u00e9sert au d\u00e9part de Zagora est l&rsquo;aventure id\u00e9ale pour les voyageurs disposant de peu de temps et d\u00e9sireux de vivre la magie authentique du Sahara marocain. Ce circuit offre une introduction parfaite au d\u00e9sert et constitue l&rsquo;option la plus proche de Marrakech pour d\u00e9couvrir le Sahara en [&hellip;]","og_url":"https:\/\/www.excursionaldesierto.com\/fr\/tour\/2-jours-de-marrakech-au-desert-de-zagora\/","og_site_name":"Excursion al desierto","article_modified_time":"2025-11-23T13:30:03+00:00","og_image":[{"width":800,"height":450,"url":"https:\/\/www.excursionaldesierto.com\/wp-content\/uploads\/2025\/09\/37.webp","type":"image\/webp"}],"twitter_card":"summary_large_image","twitter_misc":{"Dur\u00e9e de lecture estim\u00e9e":"2 minutes"},"schema":{"@context":"https:\/\/schema.org","@graph":[{"@type":"WebPage","@id":"https:\/\/www.excursionaldesierto.com\/fr\/tour\/2-jours-de-marrakech-au-desert-de-zagora\/","url":"https:\/\/www.excursionaldesierto.com\/fr\/tour\/2-jours-de-marrakech-au-desert-de-zagora\/","name":"2 jours de Marrakech au d\u00e9sert de Zagora - Excursion al desierto","isPartOf":{"@id":"https:\/\/www.excursionaldesierto.com\/fr\/#website"},"primaryImageOfPage":{"@id":"https:\/\/www.excursionaldesierto.com\/fr\/tour\/2-jours-de-marrakech-au-desert-de-zagora\/#primaryimage"},"image":{"@id":"https:\/\/www.excursionaldesierto.com\/fr\/tour\/2-jours-de-marrakech-au-desert-de-zagora\/#primaryimage"},"thumbnailUrl":"https:\/\/www.excursionaldesierto.com\/wp-content\/uploads\/2025\/09\/37.webp","datePublished":"2025-09-28T18:03:05+00:00","dateModified":"2025-11-23T13:30:03+00:00","breadcrumb":{"@id":"https:\/\/www.excursionaldesierto.com\/fr\/tour\/2-jours-de-marrakech-au-desert-de-zagora\/#breadcrumb"},"inLanguage":"fr-FR","potentialAction":[{"@type":"ReadAction","target":["https:\/\/www.excursionaldesierto.com\/fr\/tour\/2-jours-de-marrakech-au-desert-de-zagora\/"]}]},{"@type":"ImageObject","inLanguage":"fr-FR","@id":"https:\/\/www.excursionaldesierto.com\/fr\/tour\/2-jours-de-marrakech-au-desert-de-zagora\/#primaryimage","url":"https:\/\/www.excursionaldesierto.com\/wp-content\/uploads\/2025\/09\/37.webp","contentUrl":"https:\/\/www.excursionaldesierto.com\/wp-content\/uploads\/2025\/09\/37.webp","width":800,"height":450},{"@type":"BreadcrumbList","@id":"https:\/\/www.excursionaldesierto.com\/fr\/tour\/2-jours-de-marrakech-au-desert-de-zagora\/#breadcrumb","itemListElement":[{"@type":"ListItem","position":1,"name":"Home","item":"https:\/\/www.excursionaldesierto.com\/fr\/"},{"@type":"ListItem","position":2,"name":"Tienda","item":"https:\/\/www.excursionaldesierto.com\/tienda\/"},{"@type":"ListItem","position":3,"name":"2 jours de Marrakech au d\u00e9sert de Zagora"}]},{"@type":"WebSite","@id":"https:\/\/www.excursionaldesierto.com\/fr\/#website","url":"https:\/\/www.excursionaldesierto.com\/fr\/","name":"Excursion al desierto","description":"","potentialAction":[{"@type":"SearchAction","target":{"@type":"EntryPoint","urlTemplate":"https:\/\/www.excursionaldesierto.com\/fr\/?s={search_term_string}"},"query-input":{"@type":"PropertyValueSpecification","valueRequired":true,"valueName":"search_term_string"}}],"inLanguage":"fr-FR"}]}},"_links":{"self":[{"href":"https:\/\/www.excursionaldesierto.com\/fr\/wp-json\/wp\/v2\/product\/10651","targetHints":{"allow":["GET"]}}],"collection":[{"href":"https:\/\/www.excursionaldesierto.com\/fr\/wp-json\/wp\/v2\/product"}],"about":[{"href":"https:\/\/www.excursionaldesierto.com\/fr\/wp-json\/wp\/v2\/types\/product"}],"replies":[{"embeddable":true,"href":"https:\/\/www.excursionaldesierto.com\/fr\/wp-json\/wp\/v2\/comments?post=10651"}],"wp:featuredmedia":[{"embeddable":true,"href":"https:\/\/www.excursionaldesierto.com\/fr\/wp-json\/wp\/v2\/media\/10648"}],"wp:attachment":[{"href":"https:\/\/www.excursionaldesierto.com\/fr\/wp-json\/wp\/v2\/media?parent=10651"}],"wp:term":[{"taxonomy":"product_brand","embeddable":true,"href":"https:\/\/www.excursionaldesierto.com\/fr\/wp-json\/wp\/v2\/product_brand?post=10651"},{"taxonomy":"product_cat","embeddable":true,"href":"https:\/\/www.excursionaldesierto.com\/fr\/wp-json\/wp\/v2\/product_cat?post=10651"},{"taxonomy":"product_tag","embeddable":true,"href":"https:\/\/www.excursionaldesierto.com\/fr\/wp-json\/wp\/v2\/product_tag?post=10651"}],"curies":[{"name":"wp","href":"https:\/\/api.w.org\/{rel}","templated":true}]}}