{"id":11465,"date":"2025-12-02T19:30:58","date_gmt":"2025-12-02T19:30:58","guid":{"rendered":"https:\/\/www.excursionaldesierto.com\/excursions\/"},"modified":"2025-12-02T23:11:16","modified_gmt":"2025-12-02T23:11:16","slug":"escursioni","status":"publish","type":"page","link":"https:\/\/www.excursionaldesierto.com\/it\/escursioni\/","title":{"rendered":"Escursioni"},"content":{"rendered":"\t\t<div data-elementor-type=\"wp-page\" data-elementor-id=\"11465\" class=\"elementor elementor-11465 elementor-11338\" data-elementor-post-type=\"page\">\n\t\t\t\t<div class=\"elementor-element elementor-element-d2502b9 e-flex e-con-boxed e-con e-parent\" data-id=\"d2502b9\" data-element_type=\"container\">\n\t\t\t\t\t<div class=\"e-con-inner\">\n\t\t\t\t<div class=\"elementor-element elementor-element-fceb950 elementor-widget elementor-widget-text-editor\" data-id=\"fceb950\" data-element_type=\"widget\" data-widget_type=\"text-editor.default\">\n\t\t\t\t\t\t\t\t\t<p>Esplora la nostra ampia selezione di escursioni in Marocco, pensate per offrirti esperienze autentiche e memorabili.<\/p><p><br \/>Dai paesaggi desertici alle citt\u00e0 storiche, le nostre escursioni ti consentono di scoprire la diversit\u00e0 culturale e naturale del Paese con guide esperte. Approfitta di itinerari personalizzati e attivit\u00e0 uniche che rendono ogni escursione in Marocco un&#8217;avventura indimenticabile.<\/p><p>Prenota oggi stesso e inizia il tuo viaggio attraverso l&#8217;affascinante mondo marocchino.<\/p>\t\t\t\t\t\t\t\t<\/div>\n\t\t\t\t\t<\/div>\n\t\t\t\t<\/div>\n\t\t<div class=\"elementor-element elementor-element-1d38088 e-flex e-con-boxed e-con e-parent\" data-id=\"1d38088\" data-element_type=\"container\">\n\t\t\t\t\t<div class=\"e-con-inner\">\n\t\t\t\t<div class=\"elementor-element elementor-element-e4b01c8 elementor-widget elementor-widget-ovabrw_product_category_ajax\" data-id=\"e4b01c8\" data-element_type=\"widget\" data-widget_type=\"ovabrw_product_category_ajax.default\">\n\t\t\t\t<div class=\"elementor-widget-container\">\n\t\t\t\t\t\n<div class=\"ovabrw-category-ajax\">\n\t<ul class=\"ovabrw-category-list\">\n\t\t\t\t\t\t\t\t\t<li class=\"category-item active\" data-term-id=\"54\">\n\t\t\t\t\tExcursiones\t\t\t\t<\/li>\n\t\t\t\t\t\t<\/ul>\n\t<div class=\"ovabrw-category-products\"><\/div>\n\t<!-- Load more -->\n\t<div class=\"wrap-load-more\">\n\t\t<svg class=\"loader\" width=\"50\" height=\"50\">\n\t\t\t<circle cx=\"25\" cy=\"25\" r=\"10\" \/>\n\t\t\t<circle cx=\"25\" cy=\"25\" r=\"20\" \/>\n\t\t<\/svg>\n\t<\/div>\n\t<input\n\t\ttype=\"hidden\"\n\t\tname=\"category-ajax-input\"\n\t\tdata-posts-per-page=\"6\"\n\t\tdata-paged=\"1\"\n\t\tdata-order=\"ASC\"\n\t\tdata-orderby=\"date\"\n\t\tdata-layout=\"grid\"\n\t\tdata-grid_template=\"template_1\"\n\t\tdata-column=\"column3\"\n\t\tdata-thumbnail-type=\"image\"\n\t\tdata-pagination=\"yes\"\n\t\/>\n<\/div>\t\t\t\t<\/div>\n\t\t\t\t<\/div>\n\t\t\t\t\t<\/div>\n\t\t\t\t<\/div>\n\t\t\t\t<\/div>\n\t\t","protected":false},"excerpt":{"rendered":"<p>Esplora la nostra ampia selezione di escursioni in Marocco, pensate per offrirti esperienze autentiche e memorabili. Dai paesaggi desertici alle citt\u00e0 storiche, le nostre escursioni ti consentono di scoprire la diversit\u00e0 culturale e naturale del Paese con guide esperte. Approfitta di itinerari personalizzati e attivit\u00e0 uniche che rendono ogni escursione in Marocco un&#8217;avventura indimenticabile. Prenota [&hellip;]<\/p>\n","protected":false},"author":1,"featured_media":0,"parent":0,"menu_order":0,"comment_status":"closed","ping_status":"closed","template":"","meta":{"_joinchat":[],"footnotes":""},"class_list":["post-11465","page","type-page","status-publish","hentry"],"yoast_head":"<!-- This site is optimized with the Yoast SEO Premium plugin v26.0 (Yoast SEO v26.0) - https:\/\/yoast.com\/wordpress\/plugins\/seo\/ -->\n<title>Escursioni in Marocco - Avventure e cultura autentica<\/title>\n<meta name=\"description\" content=\"Scoprite le migliori escursioni in Marocco con guide esperte. Esplorate paesaggi, cultura e tradizioni uniche durante esperienze indimenticabili. Prenotate subito.\" \/>\n<meta name=\"robots\" content=\"index, follow, max-snippet:-1, max-image-preview:large, max-video-preview:-1\" \/>\n<link rel=\"canonical\" href=\"https:\/\/www.excursionaldesierto.com\/it\/escursioni\/\" \/>\n<meta property=\"og:locale\" content=\"it_IT\" \/>\n<meta property=\"og:type\" content=\"article\" \/>\n<meta property=\"og:title\" content=\"Escursioni\" \/>\n<meta property=\"og:description\" content=\"Scoprite le migliori escursioni in Marocco con guide esperte. Esplorate paesaggi, cultura e tradizioni uniche durante esperienze indimenticabili. Prenotate subito.\" \/>\n<meta property=\"og:url\" content=\"https:\/\/www.excursionaldesierto.com\/it\/escursioni\/\" \/>\n<meta property=\"og:site_name\" content=\"Excursion al desierto\" \/>\n<meta property=\"article:modified_time\" content=\"2025-12-02T23:11:16+00:00\" \/>\n<meta name=\"twitter:card\" content=\"summary_large_image\" \/>\n<meta name=\"twitter:label1\" content=\"Tempo di lettura stimato\" \/>\n\t<meta name=\"twitter:data1\" content=\"2 minuti\" \/>\n<script type=\"application\/ld+json\" class=\"yoast-schema-graph\">{\"@context\":\"https:\/\/schema.org\",\"@graph\":[{\"@type\":\"WebPage\",\"@id\":\"https:\/\/www.excursionaldesierto.com\/it\/escursioni\/\",\"url\":\"https:\/\/www.excursionaldesierto.com\/it\/escursioni\/\",\"name\":\"Escursioni in Marocco - Avventure e cultura autentica\",\"isPartOf\":{\"@id\":\"https:\/\/www.excursionaldesierto.com\/it\/#website\"},\"datePublished\":\"2025-12-02T19:30:58+00:00\",\"dateModified\":\"2025-12-02T23:11:16+00:00\",\"description\":\"Scoprite le migliori escursioni in Marocco con guide esperte. Esplorate paesaggi, cultura e tradizioni uniche durante esperienze indimenticabili. Prenotate subito.\",\"breadcrumb\":{\"@id\":\"https:\/\/www.excursionaldesierto.com\/it\/escursioni\/#breadcrumb\"},\"inLanguage\":\"it-IT\",\"potentialAction\":[{\"@type\":\"ReadAction\",\"target\":[\"https:\/\/www.excursionaldesierto.com\/it\/escursioni\/\"]}]},{\"@type\":\"BreadcrumbList\",\"@id\":\"https:\/\/www.excursionaldesierto.com\/it\/escursioni\/#breadcrumb\",\"itemListElement\":[{\"@type\":\"ListItem\",\"position\":1,\"name\":\"Home\",\"item\":\"https:\/\/www.excursionaldesierto.com\/it\/\"},{\"@type\":\"ListItem\",\"position\":2,\"name\":\"Escursioni\"}]},{\"@type\":\"WebSite\",\"@id\":\"https:\/\/www.excursionaldesierto.com\/it\/#website\",\"url\":\"https:\/\/www.excursionaldesierto.com\/it\/\",\"name\":\"Excursion al desierto\",\"description\":\"\",\"potentialAction\":[{\"@type\":\"SearchAction\",\"target\":{\"@type\":\"EntryPoint\",\"urlTemplate\":\"https:\/\/www.excursionaldesierto.com\/it\/?s={search_term_string}\"},\"query-input\":{\"@type\":\"PropertyValueSpecification\",\"valueRequired\":true,\"valueName\":\"search_term_string\"}}],\"inLanguage\":\"it-IT\"}]}<\/script>\n<!-- \/ Yoast SEO Premium plugin. -->","yoast_head_json":{"title":"Escursioni in Marocco - Avventure e cultura autentica","description":"Scoprite le migliori escursioni in Marocco con guide esperte. Esplorate paesaggi, cultura e tradizioni uniche durante esperienze indimenticabili. Prenotate subito.","robots":{"index":"index","follow":"follow","max-snippet":"max-snippet:-1","max-image-preview":"max-image-preview:large","max-video-preview":"max-video-preview:-1"},"canonical":"https:\/\/www.excursionaldesierto.com\/it\/escursioni\/","og_locale":"it_IT","og_type":"article","og_title":"Escursioni","og_description":"Scoprite le migliori escursioni in Marocco con guide esperte. Esplorate paesaggi, cultura e tradizioni uniche durante esperienze indimenticabili. Prenotate subito.","og_url":"https:\/\/www.excursionaldesierto.com\/it\/escursioni\/","og_site_name":"Excursion al desierto","article_modified_time":"2025-12-02T23:11:16+00:00","twitter_card":"summary_large_image","twitter_misc":{"Tempo di lettura stimato":"2 minuti"},"schema":{"@context":"https:\/\/schema.org","@graph":[{"@type":"WebPage","@id":"https:\/\/www.excursionaldesierto.com\/it\/escursioni\/","url":"https:\/\/www.excursionaldesierto.com\/it\/escursioni\/","name":"Escursioni in Marocco - Avventure e cultura autentica","isPartOf":{"@id":"https:\/\/www.excursionaldesierto.com\/it\/#website"},"datePublished":"2025-12-02T19:30:58+00:00","dateModified":"2025-12-02T23:11:16+00:00","description":"Scoprite le migliori escursioni in Marocco con guide esperte. Esplorate paesaggi, cultura e tradizioni uniche durante esperienze indimenticabili. Prenotate subito.","breadcrumb":{"@id":"https:\/\/www.excursionaldesierto.com\/it\/escursioni\/#breadcrumb"},"inLanguage":"it-IT","potentialAction":[{"@type":"ReadAction","target":["https:\/\/www.excursionaldesierto.com\/it\/escursioni\/"]}]},{"@type":"BreadcrumbList","@id":"https:\/\/www.excursionaldesierto.com\/it\/escursioni\/#breadcrumb","itemListElement":[{"@type":"ListItem","position":1,"name":"Home","item":"https:\/\/www.excursionaldesierto.com\/it\/"},{"@type":"ListItem","position":2,"name":"Escursioni"}]},{"@type":"WebSite","@id":"https:\/\/www.excursionaldesierto.com\/it\/#website","url":"https:\/\/www.excursionaldesierto.com\/it\/","name":"Excursion al desierto","description":"","potentialAction":[{"@type":"SearchAction","target":{"@type":"EntryPoint","urlTemplate":"https:\/\/www.excursionaldesierto.com\/it\/?s={search_term_string}"},"query-input":{"@type":"PropertyValueSpecification","valueRequired":true,"valueName":"search_term_string"}}],"inLanguage":"it-IT"}]}},"_links":{"self":[{"href":"https:\/\/www.excursionaldesierto.com\/it\/wp-json\/wp\/v2\/pages\/11465","targetHints":{"allow":["GET"]}}],"collection":[{"href":"https:\/\/www.excursionaldesierto.com\/it\/wp-json\/wp\/v2\/pages"}],"about":[{"href":"https:\/\/www.excursionaldesierto.com\/it\/wp-json\/wp\/v2\/types\/page"}],"author":[{"embeddable":true,"href":"https:\/\/www.excursionaldesierto.com\/it\/wp-json\/wp\/v2\/users\/1"}],"replies":[{"embeddable":true,"href":"https:\/\/www.excursionaldesierto.com\/it\/wp-json\/wp\/v2\/comments?post=11465"}],"version-history":[{"count":4,"href":"https:\/\/www.excursionaldesierto.com\/it\/wp-json\/wp\/v2\/pages\/11465\/revisions"}],"predecessor-version":[{"id":11473,"href":"https:\/\/www.excursionaldesierto.com\/it\/wp-json\/wp\/v2\/pages\/11465\/revisions\/11473"}],"wp:attachment":[{"href":"https:\/\/www.excursionaldesierto.com\/it\/wp-json\/wp\/v2\/media?parent=11465"}],"curies":[{"name":"wp","href":"https:\/\/api.w.org\/{rel}","templated":true}]}}