{"id":10739,"date":"2025-09-28T21:26:25","date_gmt":"2025-09-28T21:26:25","guid":{"rendered":"https:\/\/www.excursionaldesierto.com\/tour\/1-day-excursion-to-the-ourika-valley-from-marrakech\/"},"modified":"2025-12-02T23:07:14","modified_gmt":"2025-12-02T23:07:14","slug":"escursione-di-1-giorno-nella-valle-dellourika-da-marrakech","status":"publish","type":"product","link":"https:\/\/www.excursionaldesierto.com\/it\/tour\/escursione-di-1-giorno-nella-valle-dellourika-da-marrakech\/","title":{"rendered":"Escursione di 1 giorno nella valle dell&#8217;Ourika da Marrakech"},"content":{"rendered":"<h2>Panoramica:<\/h2>\n<p>Dopo la colazione, partenza alle 9:30 per un&#8217;escursione nella Valle dell&#8217;Ourika da Marrakech. Lasceremo Marrakech alle spalle e ci dirigeremo in auto verso le montagne dell&#8217;Atlante, verso la Valle dell&#8217;Ourika, una regione tipica dell&#8217;Alto Atlante. Faremo la nostra prima tappa per visitare un tradizionale mercato berbero a Ghmat (venerd\u00ec) o a TNINE OURIKA (luned\u00ec). Prima di proseguire il viaggio, visiteremo una tradizionale casa berbera e scopriremo la vita delle trib\u00f9 indigene berbere del Marocco (XVI e XVII secolo). Dal tetto della casa potrete ammirare una vista mozzafiato sul villaggio e sulla valle.<\/p>\n<p>La famiglia della casa eseguir\u00e0 una cerimonia del t\u00e8 e mostrer\u00e0 come preparare il t\u00e8 alla menta, servito con una tradizionale colazione contadina (pane, burro, miele, olio d&#8217;oliva e t\u00e8).<\/p>\n<p>Dopo aver lasciato la casa berbera, proseguiremo verso il punto pi\u00f9 lontano, Setti Fatma, 65 chilometri a sud di Marrakech. \u00c8 un grazioso villaggio dove \u00e8 possibile fare numerose passeggiate. L&#8217;escursione in montagna pi\u00f9 tipica da fare \u00e8 quella che conduce a una cascata con sette salti.<\/p>\n<p>Pranzo in un grazioso ristorante con splendida vista sulla valle, che serve una variet\u00e0 di piatti della cucina tradizionale marocchina.<\/p>\n<p>Dopo pranzo, torneremo a Marrakech, lasciandovi dove desiderate o dove possiamo raggiungere in auto, concludendo il nostro servizio di escursione di un giorno da Marrakech alla Valle dell&#8217;Ourika.<\/p>\n","protected":false},"excerpt":{"rendered":"<p>Panoramica: Dopo la colazione, partenza alle 9:30 per un&#8217;escursione nella Valle dell&#8217;Ourika da Marrakech. Lasceremo Marrakech alle spalle e ci dirigeremo in auto verso le montagne dell&#8217;Atlante, verso la Valle dell&#8217;Ourika, una regione tipica dell&#8217;Alto Atlante. Faremo la nostra prima tappa per visitare un tradizionale mercato berbero a Ghmat (venerd\u00ec) o a TNINE OURIKA (luned\u00ec). [&hellip;]<\/p>\n","protected":false},"featured_media":11139,"comment_status":"open","ping_status":"closed","template":"","meta":{"_joinchat":[]},"product_brand":[],"product_cat":[101],"product_tag":[],"class_list":{"0":"post-10739","1":"product","2":"type-product","3":"status-publish","4":"has-post-thumbnail","6":"product_cat-escursioni","8":"first","9":"instock","10":"shipping-taxable","11":"product-type-ovabrw_car_rental"},"yoast_head":"<!-- This site is optimized with the Yoast SEO Premium plugin v26.0 (Yoast SEO v26.0) - https:\/\/yoast.com\/wordpress\/plugins\/seo\/ -->\n<title>Escursione di 1 giorno nella valle dell&#039;Ourika da Marrakech - Excursion al desierto<\/title>\n<meta name=\"robots\" content=\"index, follow, max-snippet:-1, max-image-preview:large, max-video-preview:-1\" \/>\n<link rel=\"canonical\" href=\"https:\/\/www.excursionaldesierto.com\/it\/tour\/escursione-di-1-giorno-nella-valle-dellourika-da-marrakech\/\" \/>\n<meta property=\"og:locale\" content=\"it_IT\" \/>\n<meta property=\"og:type\" content=\"article\" \/>\n<meta property=\"og:title\" content=\"Escursione di 1 giorno nella valle dell&#039;Ourika da Marrakech\" \/>\n<meta property=\"og:description\" content=\"Panoramica: Dopo la colazione, partenza alle 9:30 per un&#8217;escursione nella Valle dell&#8217;Ourika da Marrakech. Lasceremo Marrakech alle spalle e ci dirigeremo in auto verso le montagne dell&#8217;Atlante, verso la Valle dell&#8217;Ourika, una regione tipica dell&#8217;Alto Atlante. Faremo la nostra prima tappa per visitare un tradizionale mercato berbero a Ghmat (venerd\u00ec) o a TNINE OURIKA (luned\u00ec). [&hellip;]\" \/>\n<meta property=\"og:url\" content=\"https:\/\/www.excursionaldesierto.com\/it\/tour\/escursione-di-1-giorno-nella-valle-dellourika-da-marrakech\/\" \/>\n<meta property=\"og:site_name\" content=\"Excursion al desierto\" \/>\n<meta property=\"article:modified_time\" content=\"2025-12-02T23:07:14+00:00\" \/>\n<meta property=\"og:image\" content=\"https:\/\/www.excursionaldesierto.com\/wp-content\/uploads\/2025\/09\/6-2.webp\" \/>\n\t<meta property=\"og:image:width\" content=\"800\" \/>\n\t<meta property=\"og:image:height\" content=\"450\" \/>\n\t<meta property=\"og:image:type\" content=\"image\/webp\" \/>\n<meta name=\"twitter:card\" content=\"summary_large_image\" \/>\n<meta name=\"twitter:label1\" content=\"Tempo di lettura stimato\" \/>\n\t<meta name=\"twitter:data1\" content=\"1 minuto\" \/>\n<script type=\"application\/ld+json\" class=\"yoast-schema-graph\">{\"@context\":\"https:\/\/schema.org\",\"@graph\":[{\"@type\":\"WebPage\",\"@id\":\"https:\/\/www.excursionaldesierto.com\/it\/tour\/escursione-di-1-giorno-nella-valle-dellourika-da-marrakech\/\",\"url\":\"https:\/\/www.excursionaldesierto.com\/it\/tour\/escursione-di-1-giorno-nella-valle-dellourika-da-marrakech\/\",\"name\":\"Escursione di 1 giorno nella valle dell'Ourika da Marrakech - Excursion al desierto\",\"isPartOf\":{\"@id\":\"https:\/\/www.excursionaldesierto.com\/it\/#website\"},\"primaryImageOfPage\":{\"@id\":\"https:\/\/www.excursionaldesierto.com\/it\/tour\/escursione-di-1-giorno-nella-valle-dellourika-da-marrakech\/#primaryimage\"},\"image\":{\"@id\":\"https:\/\/www.excursionaldesierto.com\/it\/tour\/escursione-di-1-giorno-nella-valle-dellourika-da-marrakech\/#primaryimage\"},\"thumbnailUrl\":\"https:\/\/www.excursionaldesierto.com\/wp-content\/uploads\/2025\/09\/6-2.webp\",\"datePublished\":\"2025-09-28T21:26:25+00:00\",\"dateModified\":\"2025-12-02T23:07:14+00:00\",\"breadcrumb\":{\"@id\":\"https:\/\/www.excursionaldesierto.com\/it\/tour\/escursione-di-1-giorno-nella-valle-dellourika-da-marrakech\/#breadcrumb\"},\"inLanguage\":\"it-IT\",\"potentialAction\":[{\"@type\":\"ReadAction\",\"target\":[\"https:\/\/www.excursionaldesierto.com\/it\/tour\/escursione-di-1-giorno-nella-valle-dellourika-da-marrakech\/\"]}]},{\"@type\":\"ImageObject\",\"inLanguage\":\"it-IT\",\"@id\":\"https:\/\/www.excursionaldesierto.com\/it\/tour\/escursione-di-1-giorno-nella-valle-dellourika-da-marrakech\/#primaryimage\",\"url\":\"https:\/\/www.excursionaldesierto.com\/wp-content\/uploads\/2025\/09\/6-2.webp\",\"contentUrl\":\"https:\/\/www.excursionaldesierto.com\/wp-content\/uploads\/2025\/09\/6-2.webp\",\"width\":800,\"height\":450},{\"@type\":\"BreadcrumbList\",\"@id\":\"https:\/\/www.excursionaldesierto.com\/it\/tour\/escursione-di-1-giorno-nella-valle-dellourika-da-marrakech\/#breadcrumb\",\"itemListElement\":[{\"@type\":\"ListItem\",\"position\":1,\"name\":\"Home\",\"item\":\"https:\/\/www.excursionaldesierto.com\/it\/\"},{\"@type\":\"ListItem\",\"position\":2,\"name\":\"Tienda\",\"item\":\"https:\/\/www.excursionaldesierto.com\/tienda\/\"},{\"@type\":\"ListItem\",\"position\":3,\"name\":\"Escursione di 1 giorno nella valle dell&#8217;Ourika da Marrakech\"}]},{\"@type\":\"WebSite\",\"@id\":\"https:\/\/www.excursionaldesierto.com\/it\/#website\",\"url\":\"https:\/\/www.excursionaldesierto.com\/it\/\",\"name\":\"Excursion al desierto\",\"description\":\"\",\"potentialAction\":[{\"@type\":\"SearchAction\",\"target\":{\"@type\":\"EntryPoint\",\"urlTemplate\":\"https:\/\/www.excursionaldesierto.com\/it\/?s={search_term_string}\"},\"query-input\":{\"@type\":\"PropertyValueSpecification\",\"valueRequired\":true,\"valueName\":\"search_term_string\"}}],\"inLanguage\":\"it-IT\"}]}<\/script>\n<!-- \/ Yoast SEO Premium plugin. -->","yoast_head_json":{"title":"Escursione di 1 giorno nella valle dell'Ourika da Marrakech - Excursion al desierto","robots":{"index":"index","follow":"follow","max-snippet":"max-snippet:-1","max-image-preview":"max-image-preview:large","max-video-preview":"max-video-preview:-1"},"canonical":"https:\/\/www.excursionaldesierto.com\/it\/tour\/escursione-di-1-giorno-nella-valle-dellourika-da-marrakech\/","og_locale":"it_IT","og_type":"article","og_title":"Escursione di 1 giorno nella valle dell'Ourika da Marrakech","og_description":"Panoramica: Dopo la colazione, partenza alle 9:30 per un&#8217;escursione nella Valle dell&#8217;Ourika da Marrakech. Lasceremo Marrakech alle spalle e ci dirigeremo in auto verso le montagne dell&#8217;Atlante, verso la Valle dell&#8217;Ourika, una regione tipica dell&#8217;Alto Atlante. Faremo la nostra prima tappa per visitare un tradizionale mercato berbero a Ghmat (venerd\u00ec) o a TNINE OURIKA (luned\u00ec). [&hellip;]","og_url":"https:\/\/www.excursionaldesierto.com\/it\/tour\/escursione-di-1-giorno-nella-valle-dellourika-da-marrakech\/","og_site_name":"Excursion al desierto","article_modified_time":"2025-12-02T23:07:14+00:00","og_image":[{"width":800,"height":450,"url":"https:\/\/www.excursionaldesierto.com\/wp-content\/uploads\/2025\/09\/6-2.webp","type":"image\/webp"}],"twitter_card":"summary_large_image","twitter_misc":{"Tempo di lettura stimato":"1 minuto"},"schema":{"@context":"https:\/\/schema.org","@graph":[{"@type":"WebPage","@id":"https:\/\/www.excursionaldesierto.com\/it\/tour\/escursione-di-1-giorno-nella-valle-dellourika-da-marrakech\/","url":"https:\/\/www.excursionaldesierto.com\/it\/tour\/escursione-di-1-giorno-nella-valle-dellourika-da-marrakech\/","name":"Escursione di 1 giorno nella valle dell'Ourika da Marrakech - Excursion al desierto","isPartOf":{"@id":"https:\/\/www.excursionaldesierto.com\/it\/#website"},"primaryImageOfPage":{"@id":"https:\/\/www.excursionaldesierto.com\/it\/tour\/escursione-di-1-giorno-nella-valle-dellourika-da-marrakech\/#primaryimage"},"image":{"@id":"https:\/\/www.excursionaldesierto.com\/it\/tour\/escursione-di-1-giorno-nella-valle-dellourika-da-marrakech\/#primaryimage"},"thumbnailUrl":"https:\/\/www.excursionaldesierto.com\/wp-content\/uploads\/2025\/09\/6-2.webp","datePublished":"2025-09-28T21:26:25+00:00","dateModified":"2025-12-02T23:07:14+00:00","breadcrumb":{"@id":"https:\/\/www.excursionaldesierto.com\/it\/tour\/escursione-di-1-giorno-nella-valle-dellourika-da-marrakech\/#breadcrumb"},"inLanguage":"it-IT","potentialAction":[{"@type":"ReadAction","target":["https:\/\/www.excursionaldesierto.com\/it\/tour\/escursione-di-1-giorno-nella-valle-dellourika-da-marrakech\/"]}]},{"@type":"ImageObject","inLanguage":"it-IT","@id":"https:\/\/www.excursionaldesierto.com\/it\/tour\/escursione-di-1-giorno-nella-valle-dellourika-da-marrakech\/#primaryimage","url":"https:\/\/www.excursionaldesierto.com\/wp-content\/uploads\/2025\/09\/6-2.webp","contentUrl":"https:\/\/www.excursionaldesierto.com\/wp-content\/uploads\/2025\/09\/6-2.webp","width":800,"height":450},{"@type":"BreadcrumbList","@id":"https:\/\/www.excursionaldesierto.com\/it\/tour\/escursione-di-1-giorno-nella-valle-dellourika-da-marrakech\/#breadcrumb","itemListElement":[{"@type":"ListItem","position":1,"name":"Home","item":"https:\/\/www.excursionaldesierto.com\/it\/"},{"@type":"ListItem","position":2,"name":"Tienda","item":"https:\/\/www.excursionaldesierto.com\/tienda\/"},{"@type":"ListItem","position":3,"name":"Escursione di 1 giorno nella valle dell&#8217;Ourika da Marrakech"}]},{"@type":"WebSite","@id":"https:\/\/www.excursionaldesierto.com\/it\/#website","url":"https:\/\/www.excursionaldesierto.com\/it\/","name":"Excursion al desierto","description":"","potentialAction":[{"@type":"SearchAction","target":{"@type":"EntryPoint","urlTemplate":"https:\/\/www.excursionaldesierto.com\/it\/?s={search_term_string}"},"query-input":{"@type":"PropertyValueSpecification","valueRequired":true,"valueName":"search_term_string"}}],"inLanguage":"it-IT"}]}},"_links":{"self":[{"href":"https:\/\/www.excursionaldesierto.com\/it\/wp-json\/wp\/v2\/product\/10739","targetHints":{"allow":["GET"]}}],"collection":[{"href":"https:\/\/www.excursionaldesierto.com\/it\/wp-json\/wp\/v2\/product"}],"about":[{"href":"https:\/\/www.excursionaldesierto.com\/it\/wp-json\/wp\/v2\/types\/product"}],"replies":[{"embeddable":true,"href":"https:\/\/www.excursionaldesierto.com\/it\/wp-json\/wp\/v2\/comments?post=10739"}],"wp:featuredmedia":[{"embeddable":true,"href":"https:\/\/www.excursionaldesierto.com\/it\/wp-json\/wp\/v2\/media\/11139"}],"wp:attachment":[{"href":"https:\/\/www.excursionaldesierto.com\/it\/wp-json\/wp\/v2\/media?parent=10739"}],"wp:term":[{"taxonomy":"product_brand","embeddable":true,"href":"https:\/\/www.excursionaldesierto.com\/it\/wp-json\/wp\/v2\/product_brand?post=10739"},{"taxonomy":"product_cat","embeddable":true,"href":"https:\/\/www.excursionaldesierto.com\/it\/wp-json\/wp\/v2\/product_cat?post=10739"},{"taxonomy":"product_tag","embeddable":true,"href":"https:\/\/www.excursionaldesierto.com\/it\/wp-json\/wp\/v2\/product_tag?post=10739"}],"curies":[{"name":"wp","href":"https:\/\/api.w.org\/{rel}","templated":true}]}}