{"id":10749,"date":"2025-09-28T21:22:13","date_gmt":"2025-09-28T21:22:13","guid":{"rendered":"https:\/\/www.excursionaldesierto.com\/tour\/excursion-de-1-dia-desde-marrakech-a-las-cascadas-de-ouzoud\/"},"modified":"2025-12-02T23:06:33","modified_gmt":"2025-12-02T23:06:33","slug":"escursione-di-1-giorno-da-marrakech-alle-cascate-di-ouzoud","status":"publish","type":"product","link":"https:\/\/www.excursionaldesierto.com\/it\/tour\/escursione-di-1-giorno-da-marrakech-alle-cascate-di-ouzoud\/","title":{"rendered":"Escursione di 1 giorno da Marrakech alle cascate di Ouzoud"},"content":{"rendered":"<h2>Panoramica:<\/h2>\n<p>Dopo la colazione, partenza alle 8:00 per un&#8217;escursione alle cascate di Ouzoud da Marrakech, a 2 ore e mezza di auto (110 metri), situate nel mezzo di una zona mozzafiato. Sono incredibili in un paese spesso colpito dalla siccit\u00e0. A pi\u00f9 di 140 km da Marrakech, il terreno \u00e8 rosso mattone, saturo di ossido di ferro, in contrasto con il tappeto verde di migliaia di ulivi piantati sull&#8217;altopiano. Olivo si traduce in &#8220;cascate di Ouzoud&#8221; nella lingua locale, da cui il nome di queste cascate&#8230; Scoprirete le cascate fin dall&#8217;inizio.<\/p>\n<p>Per godere appieno del panorama, consigliamo di prendere il sentiero sulla sinistra per raggiungere il primo livello. Da l\u00ec, la vista \u00e8 semplicemente mozzafiato! Non uno, ma sei ruscelli coronati da un doppio arcobaleno che scrosciano sulle rocce in una nuvola di goccioline. Le pareti di questo circo sono ricoperte di vegetazione verde muschio, scintillante al sole. Potete ammirare la piscina naturale circa 100 metri pi\u00f9 in basso. Se siete fortunati e al mattino, potrete anche avvistare i macachi che vivono nel loro habitat naturale.<\/p>\n<p>\u00c8 possibile proseguire la passeggiata fino alla base della cascata salendo alcuni gradini in pietra. La visita pu\u00f2 anche essere seguita da un giro ad anello dietro il wadi. (Sebbene sia preferibile farsi accompagnare da una guida per visitare alcune piccole grotte, se non siete interessati ad andare con la guida, potete andare da soli perch\u00e9 sono facili da trovare).<\/p>\n<p>Un tipico pranzo marocchino, un delizioso brodo vegetale, pu\u00f2 essere gustato in un ristorante con vista sulla cascata. Dopo pranzo, torneremo a Marrakech e vi riaccompagneremo dove desiderate o dove possiamo raggiungere in auto, concludendo la nostra escursione di un giorno da Marrakech alle cascate di Ouzoud.<\/p>\n","protected":false},"excerpt":{"rendered":"<p>Panoramica: Dopo la colazione, partenza alle 8:00 per un&#8217;escursione alle cascate di Ouzoud da Marrakech, a 2 ore e mezza di auto (110 metri), situate nel mezzo di una zona mozzafiato. Sono incredibili in un paese spesso colpito dalla siccit\u00e0. A pi\u00f9 di 140 km da Marrakech, il terreno \u00e8 rosso mattone, saturo di ossido [&hellip;]<\/p>\n","protected":false},"featured_media":11140,"comment_status":"open","ping_status":"closed","template":"","meta":{"_joinchat":[]},"product_brand":[],"product_cat":[101],"product_tag":[],"class_list":{"0":"post-10749","1":"product","2":"type-product","3":"status-publish","4":"has-post-thumbnail","6":"product_cat-escursioni","8":"first","9":"instock","10":"shipping-taxable","11":"product-type-ovabrw_car_rental"},"yoast_head":"<!-- This site is optimized with the Yoast SEO Premium plugin v26.0 (Yoast SEO v26.0) - https:\/\/yoast.com\/wordpress\/plugins\/seo\/ -->\n<title>Escursione di 1 giorno da Marrakech alle cascate di Ouzoud - Excursion al desierto<\/title>\n<meta name=\"robots\" content=\"index, follow, max-snippet:-1, max-image-preview:large, max-video-preview:-1\" \/>\n<link rel=\"canonical\" href=\"https:\/\/www.excursionaldesierto.com\/it\/tour\/escursione-di-1-giorno-da-marrakech-alle-cascate-di-ouzoud\/\" \/>\n<meta property=\"og:locale\" content=\"it_IT\" \/>\n<meta property=\"og:type\" content=\"article\" \/>\n<meta property=\"og:title\" content=\"Escursione di 1 giorno da Marrakech alle cascate di Ouzoud\" \/>\n<meta property=\"og:description\" content=\"Panoramica: Dopo la colazione, partenza alle 8:00 per un&#8217;escursione alle cascate di Ouzoud da Marrakech, a 2 ore e mezza di auto (110 metri), situate nel mezzo di una zona mozzafiato. Sono incredibili in un paese spesso colpito dalla siccit\u00e0. A pi\u00f9 di 140 km da Marrakech, il terreno \u00e8 rosso mattone, saturo di ossido [&hellip;]\" \/>\n<meta property=\"og:url\" content=\"https:\/\/www.excursionaldesierto.com\/it\/tour\/escursione-di-1-giorno-da-marrakech-alle-cascate-di-ouzoud\/\" \/>\n<meta property=\"og:site_name\" content=\"Excursion al desierto\" \/>\n<meta property=\"article:modified_time\" content=\"2025-12-02T23:06:33+00:00\" \/>\n<meta property=\"og:image\" content=\"https:\/\/www.excursionaldesierto.com\/wp-content\/uploads\/2025\/09\/35-2.webp\" \/>\n\t<meta property=\"og:image:width\" content=\"800\" \/>\n\t<meta property=\"og:image:height\" content=\"450\" \/>\n\t<meta property=\"og:image:type\" content=\"image\/webp\" \/>\n<meta name=\"twitter:card\" content=\"summary_large_image\" \/>\n<meta name=\"twitter:label1\" content=\"Tempo di lettura stimato\" \/>\n\t<meta name=\"twitter:data1\" content=\"2 minuti\" \/>\n<script type=\"application\/ld+json\" class=\"yoast-schema-graph\">{\"@context\":\"https:\/\/schema.org\",\"@graph\":[{\"@type\":\"WebPage\",\"@id\":\"https:\/\/www.excursionaldesierto.com\/it\/tour\/escursione-di-1-giorno-da-marrakech-alle-cascate-di-ouzoud\/\",\"url\":\"https:\/\/www.excursionaldesierto.com\/it\/tour\/escursione-di-1-giorno-da-marrakech-alle-cascate-di-ouzoud\/\",\"name\":\"Escursione di 1 giorno da Marrakech alle cascate di Ouzoud - Excursion al desierto\",\"isPartOf\":{\"@id\":\"https:\/\/www.excursionaldesierto.com\/it\/#website\"},\"primaryImageOfPage\":{\"@id\":\"https:\/\/www.excursionaldesierto.com\/it\/tour\/escursione-di-1-giorno-da-marrakech-alle-cascate-di-ouzoud\/#primaryimage\"},\"image\":{\"@id\":\"https:\/\/www.excursionaldesierto.com\/it\/tour\/escursione-di-1-giorno-da-marrakech-alle-cascate-di-ouzoud\/#primaryimage\"},\"thumbnailUrl\":\"https:\/\/www.excursionaldesierto.com\/wp-content\/uploads\/2025\/09\/35-2.webp\",\"datePublished\":\"2025-09-28T21:22:13+00:00\",\"dateModified\":\"2025-12-02T23:06:33+00:00\",\"breadcrumb\":{\"@id\":\"https:\/\/www.excursionaldesierto.com\/it\/tour\/escursione-di-1-giorno-da-marrakech-alle-cascate-di-ouzoud\/#breadcrumb\"},\"inLanguage\":\"it-IT\",\"potentialAction\":[{\"@type\":\"ReadAction\",\"target\":[\"https:\/\/www.excursionaldesierto.com\/it\/tour\/escursione-di-1-giorno-da-marrakech-alle-cascate-di-ouzoud\/\"]}]},{\"@type\":\"ImageObject\",\"inLanguage\":\"it-IT\",\"@id\":\"https:\/\/www.excursionaldesierto.com\/it\/tour\/escursione-di-1-giorno-da-marrakech-alle-cascate-di-ouzoud\/#primaryimage\",\"url\":\"https:\/\/www.excursionaldesierto.com\/wp-content\/uploads\/2025\/09\/35-2.webp\",\"contentUrl\":\"https:\/\/www.excursionaldesierto.com\/wp-content\/uploads\/2025\/09\/35-2.webp\",\"width\":800,\"height\":450},{\"@type\":\"BreadcrumbList\",\"@id\":\"https:\/\/www.excursionaldesierto.com\/it\/tour\/escursione-di-1-giorno-da-marrakech-alle-cascate-di-ouzoud\/#breadcrumb\",\"itemListElement\":[{\"@type\":\"ListItem\",\"position\":1,\"name\":\"Home\",\"item\":\"https:\/\/www.excursionaldesierto.com\/it\/\"},{\"@type\":\"ListItem\",\"position\":2,\"name\":\"Tienda\",\"item\":\"https:\/\/www.excursionaldesierto.com\/tienda\/\"},{\"@type\":\"ListItem\",\"position\":3,\"name\":\"Escursione di 1 giorno da Marrakech alle cascate di Ouzoud\"}]},{\"@type\":\"WebSite\",\"@id\":\"https:\/\/www.excursionaldesierto.com\/it\/#website\",\"url\":\"https:\/\/www.excursionaldesierto.com\/it\/\",\"name\":\"Excursion al desierto\",\"description\":\"\",\"potentialAction\":[{\"@type\":\"SearchAction\",\"target\":{\"@type\":\"EntryPoint\",\"urlTemplate\":\"https:\/\/www.excursionaldesierto.com\/it\/?s={search_term_string}\"},\"query-input\":{\"@type\":\"PropertyValueSpecification\",\"valueRequired\":true,\"valueName\":\"search_term_string\"}}],\"inLanguage\":\"it-IT\"}]}<\/script>\n<!-- \/ Yoast SEO Premium plugin. -->","yoast_head_json":{"title":"Escursione di 1 giorno da Marrakech alle cascate di Ouzoud - Excursion al desierto","robots":{"index":"index","follow":"follow","max-snippet":"max-snippet:-1","max-image-preview":"max-image-preview:large","max-video-preview":"max-video-preview:-1"},"canonical":"https:\/\/www.excursionaldesierto.com\/it\/tour\/escursione-di-1-giorno-da-marrakech-alle-cascate-di-ouzoud\/","og_locale":"it_IT","og_type":"article","og_title":"Escursione di 1 giorno da Marrakech alle cascate di Ouzoud","og_description":"Panoramica: Dopo la colazione, partenza alle 8:00 per un&#8217;escursione alle cascate di Ouzoud da Marrakech, a 2 ore e mezza di auto (110 metri), situate nel mezzo di una zona mozzafiato. Sono incredibili in un paese spesso colpito dalla siccit\u00e0. A pi\u00f9 di 140 km da Marrakech, il terreno \u00e8 rosso mattone, saturo di ossido [&hellip;]","og_url":"https:\/\/www.excursionaldesierto.com\/it\/tour\/escursione-di-1-giorno-da-marrakech-alle-cascate-di-ouzoud\/","og_site_name":"Excursion al desierto","article_modified_time":"2025-12-02T23:06:33+00:00","og_image":[{"width":800,"height":450,"url":"https:\/\/www.excursionaldesierto.com\/wp-content\/uploads\/2025\/09\/35-2.webp","type":"image\/webp"}],"twitter_card":"summary_large_image","twitter_misc":{"Tempo di lettura stimato":"2 minuti"},"schema":{"@context":"https:\/\/schema.org","@graph":[{"@type":"WebPage","@id":"https:\/\/www.excursionaldesierto.com\/it\/tour\/escursione-di-1-giorno-da-marrakech-alle-cascate-di-ouzoud\/","url":"https:\/\/www.excursionaldesierto.com\/it\/tour\/escursione-di-1-giorno-da-marrakech-alle-cascate-di-ouzoud\/","name":"Escursione di 1 giorno da Marrakech alle cascate di Ouzoud - Excursion al desierto","isPartOf":{"@id":"https:\/\/www.excursionaldesierto.com\/it\/#website"},"primaryImageOfPage":{"@id":"https:\/\/www.excursionaldesierto.com\/it\/tour\/escursione-di-1-giorno-da-marrakech-alle-cascate-di-ouzoud\/#primaryimage"},"image":{"@id":"https:\/\/www.excursionaldesierto.com\/it\/tour\/escursione-di-1-giorno-da-marrakech-alle-cascate-di-ouzoud\/#primaryimage"},"thumbnailUrl":"https:\/\/www.excursionaldesierto.com\/wp-content\/uploads\/2025\/09\/35-2.webp","datePublished":"2025-09-28T21:22:13+00:00","dateModified":"2025-12-02T23:06:33+00:00","breadcrumb":{"@id":"https:\/\/www.excursionaldesierto.com\/it\/tour\/escursione-di-1-giorno-da-marrakech-alle-cascate-di-ouzoud\/#breadcrumb"},"inLanguage":"it-IT","potentialAction":[{"@type":"ReadAction","target":["https:\/\/www.excursionaldesierto.com\/it\/tour\/escursione-di-1-giorno-da-marrakech-alle-cascate-di-ouzoud\/"]}]},{"@type":"ImageObject","inLanguage":"it-IT","@id":"https:\/\/www.excursionaldesierto.com\/it\/tour\/escursione-di-1-giorno-da-marrakech-alle-cascate-di-ouzoud\/#primaryimage","url":"https:\/\/www.excursionaldesierto.com\/wp-content\/uploads\/2025\/09\/35-2.webp","contentUrl":"https:\/\/www.excursionaldesierto.com\/wp-content\/uploads\/2025\/09\/35-2.webp","width":800,"height":450},{"@type":"BreadcrumbList","@id":"https:\/\/www.excursionaldesierto.com\/it\/tour\/escursione-di-1-giorno-da-marrakech-alle-cascate-di-ouzoud\/#breadcrumb","itemListElement":[{"@type":"ListItem","position":1,"name":"Home","item":"https:\/\/www.excursionaldesierto.com\/it\/"},{"@type":"ListItem","position":2,"name":"Tienda","item":"https:\/\/www.excursionaldesierto.com\/tienda\/"},{"@type":"ListItem","position":3,"name":"Escursione di 1 giorno da Marrakech alle cascate di Ouzoud"}]},{"@type":"WebSite","@id":"https:\/\/www.excursionaldesierto.com\/it\/#website","url":"https:\/\/www.excursionaldesierto.com\/it\/","name":"Excursion al desierto","description":"","potentialAction":[{"@type":"SearchAction","target":{"@type":"EntryPoint","urlTemplate":"https:\/\/www.excursionaldesierto.com\/it\/?s={search_term_string}"},"query-input":{"@type":"PropertyValueSpecification","valueRequired":true,"valueName":"search_term_string"}}],"inLanguage":"it-IT"}]}},"_links":{"self":[{"href":"https:\/\/www.excursionaldesierto.com\/it\/wp-json\/wp\/v2\/product\/10749","targetHints":{"allow":["GET"]}}],"collection":[{"href":"https:\/\/www.excursionaldesierto.com\/it\/wp-json\/wp\/v2\/product"}],"about":[{"href":"https:\/\/www.excursionaldesierto.com\/it\/wp-json\/wp\/v2\/types\/product"}],"replies":[{"embeddable":true,"href":"https:\/\/www.excursionaldesierto.com\/it\/wp-json\/wp\/v2\/comments?post=10749"}],"wp:featuredmedia":[{"embeddable":true,"href":"https:\/\/www.excursionaldesierto.com\/it\/wp-json\/wp\/v2\/media\/11140"}],"wp:attachment":[{"href":"https:\/\/www.excursionaldesierto.com\/it\/wp-json\/wp\/v2\/media?parent=10749"}],"wp:term":[{"taxonomy":"product_brand","embeddable":true,"href":"https:\/\/www.excursionaldesierto.com\/it\/wp-json\/wp\/v2\/product_brand?post=10749"},{"taxonomy":"product_cat","embeddable":true,"href":"https:\/\/www.excursionaldesierto.com\/it\/wp-json\/wp\/v2\/product_cat?post=10749"},{"taxonomy":"product_tag","embeddable":true,"href":"https:\/\/www.excursionaldesierto.com\/it\/wp-json\/wp\/v2\/product_tag?post=10749"}],"curies":[{"name":"wp","href":"https:\/\/api.w.org\/{rel}","templated":true}]}}