{"id":10811,"date":"2025-09-28T20:12:56","date_gmt":"2025-09-28T20:12:56","guid":{"rendered":"https:\/\/www.excursionaldesierto.com\/tour\/6-days-from-casablanca-to-marrakech-via-the-sahara-desert\/"},"modified":"2025-11-24T12:40:23","modified_gmt":"2025-11-24T12:40:23","slug":"6-giorni-da-casablanca-a-marrakech-passando-per-il-deserto-del-sahara","status":"publish","type":"product","link":"https:\/\/www.excursionaldesierto.com\/it\/tour\/6-giorni-da-casablanca-a-marrakech-passando-per-il-deserto-del-sahara\/","title":{"rendered":"6 giorni da Casablanca a Marrakech passando per il deserto del Sahara"},"content":{"rendered":"<h2>Panoramica:<\/h2>\n<p>Questo viaggio di 6 giorni da Casablanca a Marrakech unisce storia, cultura e paesaggi unici del Marocco. Inizia nella moderna Casablanca, dove scoprirai la maestosa Moschea di Hassan II, e prosegue verso la capitale Rabat prima di raggiungere F\u00e8s, una citt\u00e0 imperiale piena di vita. Qui, godrai di una visita guidata attraverso la medina medievale di F\u00e8s el Bali, patrimonio dell&#8217;umanit\u00e0, esplorando i suoi souk, le madrase e il famoso quartiere delle concerie, un&#8217;esperienza culturale indimenticabile che mette in mostra l&#8217;essenza dell&#8217;artigianato marocchino.<\/p>\n<p>Da F\u00e8s, il percorso si avventura nella natura, attraversando il Medio Atlante, le foreste di Azrou e la valle dello Ziz fino a raggiungere le dune dorate di Merzouga. Qui vivrai la magia del deserto con un giro in cammello al tramonto e una notte in un accampamento nel deserto sotto un cielo stellato, accompagnati dalla musica tradizionale berbera. L&#8217;avventura prosegue verso il deserto di Ouzina, passando per Khamlia con la sua musica Gnawa, le incisioni rupestri di Taouz e un pranzo autentico con una famiglia berbera. Il tramonto tra le dune dell&#8217;Erg Ouzina offre un momento di pace e disconnessione in uno dei paesaggi pi\u00f9 selvaggi del Sahara.<\/p>\n<p>Nel tratto finale, attraverserete gli impressionanti paesaggi del Marocco meridionale: le Gole del Todra, la Valle del Dades e la famosa Strada delle Mille Kasbah. Scoprirete la Valle delle Rose, il palmeto di Skoura e la citt\u00e0 cinematografica di Ouarzazate, prima di raggiungere la leggendaria Kasbah di Ait Ben Haddou, dichiarata Patrimonio dell&#8217;Umanit\u00e0. Attraversando l&#8217;Alto Atlante attraverso il passo del Tizi-n-Tichka, raggiungerete infine la vivace citt\u00e0 di Marrakech, dove il viaggio culminer\u00e0 nel perfetto contrasto tra tradizione e modernit\u00e0.<\/p>\n","protected":false},"excerpt":{"rendered":"<p>Panoramica: Questo viaggio di 6 giorni da Casablanca a Marrakech unisce storia, cultura e paesaggi unici del Marocco. Inizia nella moderna Casablanca, dove scoprirai la maestosa Moschea di Hassan II, e prosegue verso la capitale Rabat prima di raggiungere F\u00e8s, una citt\u00e0 imperiale piena di vita. Qui, godrai di una visita guidata attraverso la medina [&hellip;]<\/p>\n","protected":false},"featured_media":10801,"comment_status":"open","ping_status":"closed","template":"","meta":{"_joinchat":[]},"product_brand":[],"product_cat":[103,107],"product_tag":[],"class_list":{"0":"post-10811","1":"product","2":"type-product","3":"status-publish","4":"has-post-thumbnail","6":"product_cat-tour-da-casablanca","7":"product_cat-tour-e-circuiti","9":"first","10":"instock","11":"shipping-taxable","12":"product-type-ovabrw_car_rental"},"yoast_head":"<!-- This site is optimized with the Yoast SEO Premium plugin v26.0 (Yoast SEO v26.0) - https:\/\/yoast.com\/wordpress\/plugins\/seo\/ -->\n<title>6 giorni da Casablanca a Marrakech passando per il deserto del Sahara - Excursion al desierto<\/title>\n<meta name=\"robots\" content=\"index, follow, max-snippet:-1, max-image-preview:large, max-video-preview:-1\" \/>\n<link rel=\"canonical\" href=\"https:\/\/www.excursionaldesierto.com\/it\/tour\/6-giorni-da-casablanca-a-marrakech-passando-per-il-deserto-del-sahara\/\" \/>\n<meta property=\"og:locale\" content=\"it_IT\" \/>\n<meta property=\"og:type\" content=\"article\" \/>\n<meta property=\"og:title\" content=\"6 giorni da Casablanca a Marrakech passando per il deserto del Sahara\" \/>\n<meta property=\"og:description\" content=\"Panoramica: Questo viaggio di 6 giorni da Casablanca a Marrakech unisce storia, cultura e paesaggi unici del Marocco. Inizia nella moderna Casablanca, dove scoprirai la maestosa Moschea di Hassan II, e prosegue verso la capitale Rabat prima di raggiungere F\u00e8s, una citt\u00e0 imperiale piena di vita. Qui, godrai di una visita guidata attraverso la medina [&hellip;]\" \/>\n<meta property=\"og:url\" content=\"https:\/\/www.excursionaldesierto.com\/it\/tour\/6-giorni-da-casablanca-a-marrakech-passando-per-il-deserto-del-sahara\/\" \/>\n<meta property=\"og:site_name\" content=\"Excursion al desierto\" \/>\n<meta property=\"article:modified_time\" content=\"2025-11-24T12:40:23+00:00\" \/>\n<meta property=\"og:image\" content=\"https:\/\/www.excursionaldesierto.com\/wp-content\/uploads\/2025\/09\/47.webp\" \/>\n\t<meta property=\"og:image:width\" content=\"800\" \/>\n\t<meta property=\"og:image:height\" content=\"450\" \/>\n\t<meta property=\"og:image:type\" content=\"image\/webp\" \/>\n<meta name=\"twitter:card\" content=\"summary_large_image\" \/>\n<meta name=\"twitter:label1\" content=\"Tempo di lettura stimato\" \/>\n\t<meta name=\"twitter:data1\" content=\"2 minuti\" \/>\n<script type=\"application\/ld+json\" class=\"yoast-schema-graph\">{\"@context\":\"https:\/\/schema.org\",\"@graph\":[{\"@type\":\"WebPage\",\"@id\":\"https:\/\/www.excursionaldesierto.com\/it\/tour\/6-giorni-da-casablanca-a-marrakech-passando-per-il-deserto-del-sahara\/\",\"url\":\"https:\/\/www.excursionaldesierto.com\/it\/tour\/6-giorni-da-casablanca-a-marrakech-passando-per-il-deserto-del-sahara\/\",\"name\":\"6 giorni da Casablanca a Marrakech passando per il deserto del Sahara - Excursion al desierto\",\"isPartOf\":{\"@id\":\"https:\/\/www.excursionaldesierto.com\/it\/#website\"},\"primaryImageOfPage\":{\"@id\":\"https:\/\/www.excursionaldesierto.com\/it\/tour\/6-giorni-da-casablanca-a-marrakech-passando-per-il-deserto-del-sahara\/#primaryimage\"},\"image\":{\"@id\":\"https:\/\/www.excursionaldesierto.com\/it\/tour\/6-giorni-da-casablanca-a-marrakech-passando-per-il-deserto-del-sahara\/#primaryimage\"},\"thumbnailUrl\":\"https:\/\/www.excursionaldesierto.com\/wp-content\/uploads\/2025\/09\/47.webp\",\"datePublished\":\"2025-09-28T20:12:56+00:00\",\"dateModified\":\"2025-11-24T12:40:23+00:00\",\"breadcrumb\":{\"@id\":\"https:\/\/www.excursionaldesierto.com\/it\/tour\/6-giorni-da-casablanca-a-marrakech-passando-per-il-deserto-del-sahara\/#breadcrumb\"},\"inLanguage\":\"it-IT\",\"potentialAction\":[{\"@type\":\"ReadAction\",\"target\":[\"https:\/\/www.excursionaldesierto.com\/it\/tour\/6-giorni-da-casablanca-a-marrakech-passando-per-il-deserto-del-sahara\/\"]}]},{\"@type\":\"ImageObject\",\"inLanguage\":\"it-IT\",\"@id\":\"https:\/\/www.excursionaldesierto.com\/it\/tour\/6-giorni-da-casablanca-a-marrakech-passando-per-il-deserto-del-sahara\/#primaryimage\",\"url\":\"https:\/\/www.excursionaldesierto.com\/wp-content\/uploads\/2025\/09\/47.webp\",\"contentUrl\":\"https:\/\/www.excursionaldesierto.com\/wp-content\/uploads\/2025\/09\/47.webp\",\"width\":800,\"height\":450},{\"@type\":\"BreadcrumbList\",\"@id\":\"https:\/\/www.excursionaldesierto.com\/it\/tour\/6-giorni-da-casablanca-a-marrakech-passando-per-il-deserto-del-sahara\/#breadcrumb\",\"itemListElement\":[{\"@type\":\"ListItem\",\"position\":1,\"name\":\"Home\",\"item\":\"https:\/\/www.excursionaldesierto.com\/it\/\"},{\"@type\":\"ListItem\",\"position\":2,\"name\":\"Tienda\",\"item\":\"https:\/\/www.excursionaldesierto.com\/tienda\/\"},{\"@type\":\"ListItem\",\"position\":3,\"name\":\"6 giorni da Casablanca a Marrakech passando per il deserto del Sahara\"}]},{\"@type\":\"WebSite\",\"@id\":\"https:\/\/www.excursionaldesierto.com\/it\/#website\",\"url\":\"https:\/\/www.excursionaldesierto.com\/it\/\",\"name\":\"Excursion al desierto\",\"description\":\"\",\"potentialAction\":[{\"@type\":\"SearchAction\",\"target\":{\"@type\":\"EntryPoint\",\"urlTemplate\":\"https:\/\/www.excursionaldesierto.com\/it\/?s={search_term_string}\"},\"query-input\":{\"@type\":\"PropertyValueSpecification\",\"valueRequired\":true,\"valueName\":\"search_term_string\"}}],\"inLanguage\":\"it-IT\"}]}<\/script>\n<!-- \/ Yoast SEO Premium plugin. -->","yoast_head_json":{"title":"6 giorni da Casablanca a Marrakech passando per il deserto del Sahara - Excursion al desierto","robots":{"index":"index","follow":"follow","max-snippet":"max-snippet:-1","max-image-preview":"max-image-preview:large","max-video-preview":"max-video-preview:-1"},"canonical":"https:\/\/www.excursionaldesierto.com\/it\/tour\/6-giorni-da-casablanca-a-marrakech-passando-per-il-deserto-del-sahara\/","og_locale":"it_IT","og_type":"article","og_title":"6 giorni da Casablanca a Marrakech passando per il deserto del Sahara","og_description":"Panoramica: Questo viaggio di 6 giorni da Casablanca a Marrakech unisce storia, cultura e paesaggi unici del Marocco. Inizia nella moderna Casablanca, dove scoprirai la maestosa Moschea di Hassan II, e prosegue verso la capitale Rabat prima di raggiungere F\u00e8s, una citt\u00e0 imperiale piena di vita. Qui, godrai di una visita guidata attraverso la medina [&hellip;]","og_url":"https:\/\/www.excursionaldesierto.com\/it\/tour\/6-giorni-da-casablanca-a-marrakech-passando-per-il-deserto-del-sahara\/","og_site_name":"Excursion al desierto","article_modified_time":"2025-11-24T12:40:23+00:00","og_image":[{"width":800,"height":450,"url":"https:\/\/www.excursionaldesierto.com\/wp-content\/uploads\/2025\/09\/47.webp","type":"image\/webp"}],"twitter_card":"summary_large_image","twitter_misc":{"Tempo di lettura stimato":"2 minuti"},"schema":{"@context":"https:\/\/schema.org","@graph":[{"@type":"WebPage","@id":"https:\/\/www.excursionaldesierto.com\/it\/tour\/6-giorni-da-casablanca-a-marrakech-passando-per-il-deserto-del-sahara\/","url":"https:\/\/www.excursionaldesierto.com\/it\/tour\/6-giorni-da-casablanca-a-marrakech-passando-per-il-deserto-del-sahara\/","name":"6 giorni da Casablanca a Marrakech passando per il deserto del Sahara - Excursion al desierto","isPartOf":{"@id":"https:\/\/www.excursionaldesierto.com\/it\/#website"},"primaryImageOfPage":{"@id":"https:\/\/www.excursionaldesierto.com\/it\/tour\/6-giorni-da-casablanca-a-marrakech-passando-per-il-deserto-del-sahara\/#primaryimage"},"image":{"@id":"https:\/\/www.excursionaldesierto.com\/it\/tour\/6-giorni-da-casablanca-a-marrakech-passando-per-il-deserto-del-sahara\/#primaryimage"},"thumbnailUrl":"https:\/\/www.excursionaldesierto.com\/wp-content\/uploads\/2025\/09\/47.webp","datePublished":"2025-09-28T20:12:56+00:00","dateModified":"2025-11-24T12:40:23+00:00","breadcrumb":{"@id":"https:\/\/www.excursionaldesierto.com\/it\/tour\/6-giorni-da-casablanca-a-marrakech-passando-per-il-deserto-del-sahara\/#breadcrumb"},"inLanguage":"it-IT","potentialAction":[{"@type":"ReadAction","target":["https:\/\/www.excursionaldesierto.com\/it\/tour\/6-giorni-da-casablanca-a-marrakech-passando-per-il-deserto-del-sahara\/"]}]},{"@type":"ImageObject","inLanguage":"it-IT","@id":"https:\/\/www.excursionaldesierto.com\/it\/tour\/6-giorni-da-casablanca-a-marrakech-passando-per-il-deserto-del-sahara\/#primaryimage","url":"https:\/\/www.excursionaldesierto.com\/wp-content\/uploads\/2025\/09\/47.webp","contentUrl":"https:\/\/www.excursionaldesierto.com\/wp-content\/uploads\/2025\/09\/47.webp","width":800,"height":450},{"@type":"BreadcrumbList","@id":"https:\/\/www.excursionaldesierto.com\/it\/tour\/6-giorni-da-casablanca-a-marrakech-passando-per-il-deserto-del-sahara\/#breadcrumb","itemListElement":[{"@type":"ListItem","position":1,"name":"Home","item":"https:\/\/www.excursionaldesierto.com\/it\/"},{"@type":"ListItem","position":2,"name":"Tienda","item":"https:\/\/www.excursionaldesierto.com\/tienda\/"},{"@type":"ListItem","position":3,"name":"6 giorni da Casablanca a Marrakech passando per il deserto del Sahara"}]},{"@type":"WebSite","@id":"https:\/\/www.excursionaldesierto.com\/it\/#website","url":"https:\/\/www.excursionaldesierto.com\/it\/","name":"Excursion al desierto","description":"","potentialAction":[{"@type":"SearchAction","target":{"@type":"EntryPoint","urlTemplate":"https:\/\/www.excursionaldesierto.com\/it\/?s={search_term_string}"},"query-input":{"@type":"PropertyValueSpecification","valueRequired":true,"valueName":"search_term_string"}}],"inLanguage":"it-IT"}]}},"_links":{"self":[{"href":"https:\/\/www.excursionaldesierto.com\/it\/wp-json\/wp\/v2\/product\/10811","targetHints":{"allow":["GET"]}}],"collection":[{"href":"https:\/\/www.excursionaldesierto.com\/it\/wp-json\/wp\/v2\/product"}],"about":[{"href":"https:\/\/www.excursionaldesierto.com\/it\/wp-json\/wp\/v2\/types\/product"}],"replies":[{"embeddable":true,"href":"https:\/\/www.excursionaldesierto.com\/it\/wp-json\/wp\/v2\/comments?post=10811"}],"wp:featuredmedia":[{"embeddable":true,"href":"https:\/\/www.excursionaldesierto.com\/it\/wp-json\/wp\/v2\/media\/10801"}],"wp:attachment":[{"href":"https:\/\/www.excursionaldesierto.com\/it\/wp-json\/wp\/v2\/media?parent=10811"}],"wp:term":[{"taxonomy":"product_brand","embeddable":true,"href":"https:\/\/www.excursionaldesierto.com\/it\/wp-json\/wp\/v2\/product_brand?post=10811"},{"taxonomy":"product_cat","embeddable":true,"href":"https:\/\/www.excursionaldesierto.com\/it\/wp-json\/wp\/v2\/product_cat?post=10811"},{"taxonomy":"product_tag","embeddable":true,"href":"https:\/\/www.excursionaldesierto.com\/it\/wp-json\/wp\/v2\/product_tag?post=10811"}],"curies":[{"name":"wp","href":"https:\/\/api.w.org\/{rel}","templated":true}]}}